{"id":17769,"date":"2025-09-19T08:18:33","date_gmt":"2025-09-19T06:18:33","guid":{"rendered":"https:\/\/platyphoto.com\/?post_type=product&#038;p=17769"},"modified":"2025-11-22T15:14:42","modified_gmt":"2025-11-22T14:14:42","slug":"bw-49mm-filtre-49es-kr-1-5-1-1x-skylight","status":"publish","type":"product","link":"https:\/\/platyphoto.com\/en\/product\/bw-49mm-filtre-49es-kr-1-5-1-1x-skylight\/","title":{"rendered":"B+W 49mm filtre 49ES KR 1.5 1.1x (skylight)"},"content":{"rendered":"<p>Le filtre circulaire B+W 49ES KR 1.5 1.1x (49mm) est con\u00e7u pour r\u00e9chauffer subtilement les tons de vos photos en r\u00e9duisant les dominantes bleues, particuli\u00e8rement lors de prises de vue en ext\u00e9rieur sous un ciel clair. Ce filtre est id\u00e9al pour les paysages et les portraits, offrant des couleurs plus naturelles et agr\u00e9ables \u00e0 l&rsquo;\u0153il. Il am\u00e9liore la saturation des couleurs tout en prot\u00e9geant votre objectif contre les rayures, la poussi\u00e8re et les l\u00e9gers impacts.<\/p>\n<p>Bel \u00e9tat g\u00e9n\u00e9ral.<\/p>","protected":false},"excerpt":{"rendered":"<p>Le filtre circulaire B+W 49ES KR 1.5 1.1x (49mm) est con\u00e7u pour r\u00e9chauffer subtilement les tons de vos photos en r\u00e9duisant les dominantes bleues, particuli\u00e8rement lors de prises de vue en ext\u00e9rieur sous un ciel clair. Ce filtre est id\u00e9al pour les paysages et les portraits, offrant des couleurs plus naturelles et agr\u00e9ables \u00e0 l&rsquo;\u0153il. [&hellip;]<\/p>\n","protected":false},"featured_media":17771,"template":"","meta":{"_coblocks_attr":"","_coblocks_dimensions":"","_coblocks_responsive_height":"","_coblocks_accordion_ie_support":"","_crdt_document":"","jetpack_publicize_message":"","jetpack_publicize_feature_enabled":true,"jetpack_social_post_already_shared":true,"jetpack_social_options":{"image_generator_settings":{"template":"highway","default_image_id":0,"font":"","enabled":false},"version":2},"_wpas_customize_per_network":false},"product_brand":[],"product_cat":[6691,6376,6531],"product_tag":[],"class_list":{"0":"post-17769","1":"product","2":"type-product","3":"status-publish","4":"has-post-thumbnail","6":"product_cat-49mm","7":"product_cat-accessoires-fr","8":"product_cat-filtres","10":"first","11":"outofstock","12":"shipping-taxable","13":"purchasable","14":"product-type-simple"},"yoast_head":"<!-- This site is optimized with the Yoast SEO plugin v27.4 - https:\/\/yoast.com\/product\/yoast-seo-wordpress\/ -->\n<title>B+W 49mm filtre 49ES KR 1.5 1.1x (skylight) - Platyphoto<\/title>\n<meta name=\"description\" content=\"Le filtre circulaire B+W 49ES KR 1.5 1.1x (49mm) est con\u00e7u pour r\u00e9chauffer subtilement les tons de vos photos en r\u00e9duisant les dominantes bleues, particuli\u00e8rement lors de prises de vue en ext\u00e9rieur sous un ciel clair.\" \/>\n<meta name=\"robots\" content=\"index, follow, max-snippet:-1, max-image-preview:large, max-video-preview:-1\" \/>\n<link rel=\"canonical\" href=\"https:\/\/platyphoto.com\/en\/product\/bw-49mm-filtre-49es-kr-1-5-1-1x-skylight\/\" \/>\n<meta property=\"og:locale\" content=\"en_US\" \/>\n<meta property=\"og:type\" content=\"article\" \/>\n<meta property=\"og:title\" content=\"B+W 49mm filtre 49ES KR 1.5 1.1x (skylight) - Platyphoto\" \/>\n<meta property=\"og:description\" content=\"Le filtre circulaire B+W 49ES KR 1.5 1.1x (49mm) est con\u00e7u pour r\u00e9chauffer subtilement les tons de vos photos en r\u00e9duisant les dominantes bleues, particuli\u00e8rement lors de prises de vue en ext\u00e9rieur sous un ciel clair.\" \/>\n<meta property=\"og:url\" content=\"https:\/\/platyphoto.com\/en\/product\/bw-49mm-filtre-49es-kr-1-5-1-1x-skylight\/\" \/>\n<meta property=\"og:site_name\" content=\"Platyphoto\" \/>\n<meta property=\"article:modified_time\" content=\"2025-11-22T14:14:42+00:00\" \/>\n<meta property=\"og:image\" content=\"https:\/\/platyphoto.com\/wp-content\/uploads\/2025\/09\/BW-49-sky.jpg\" \/>\n\t<meta property=\"og:image:width\" content=\"3512\" \/>\n\t<meta property=\"og:image:height\" content=\"2334\" \/>\n\t<meta property=\"og:image:type\" content=\"image\/jpeg\" \/>\n<meta name=\"twitter:card\" content=\"summary_large_image\" \/>\n<meta name=\"twitter:label1\" content=\"Est. reading time\" \/>\n\t<meta name=\"twitter:data1\" content=\"1 minute\" \/>\n<script type=\"application\/ld+json\" class=\"yoast-schema-graph\">{\"@context\":\"https:\\\/\\\/schema.org\",\"@graph\":[{\"@type\":\"WebPage\",\"@id\":\"https:\\\/\\\/platyphoto.com\\\/produit\\\/bw-49mm-filtre-49es-kr-1-5-1-1x-skylight\\\/\",\"url\":\"https:\\\/\\\/platyphoto.com\\\/produit\\\/bw-49mm-filtre-49es-kr-1-5-1-1x-skylight\\\/\",\"name\":\"B+W 49mm filtre 49ES KR 1.5 1.1x (skylight) - Platyphoto\",\"isPartOf\":{\"@id\":\"https:\\\/\\\/platyphoto.com\\\/#website\"},\"primaryImageOfPage\":{\"@id\":\"https:\\\/\\\/platyphoto.com\\\/produit\\\/bw-49mm-filtre-49es-kr-1-5-1-1x-skylight\\\/#primaryimage\"},\"image\":{\"@id\":\"https:\\\/\\\/platyphoto.com\\\/produit\\\/bw-49mm-filtre-49es-kr-1-5-1-1x-skylight\\\/#primaryimage\"},\"thumbnailUrl\":\"https:\\\/\\\/i0.wp.com\\\/platyphoto.com\\\/wp-content\\\/uploads\\\/2025\\\/09\\\/BW-49-sky.jpg?fit=3512%2C2334&ssl=1\",\"datePublished\":\"2025-09-19T06:18:33+00:00\",\"dateModified\":\"2025-11-22T14:14:42+00:00\",\"description\":\"Le filtre circulaire B+W 49ES KR 1.5 1.1x (49mm) est con\u00e7u pour r\u00e9chauffer subtilement les tons de vos photos en r\u00e9duisant les dominantes bleues, particuli\u00e8rement lors de prises de vue en ext\u00e9rieur sous un ciel clair.\",\"breadcrumb\":{\"@id\":\"https:\\\/\\\/platyphoto.com\\\/produit\\\/bw-49mm-filtre-49es-kr-1-5-1-1x-skylight\\\/#breadcrumb\"},\"inLanguage\":\"en-US\",\"potentialAction\":[{\"@type\":\"ReadAction\",\"target\":[\"https:\\\/\\\/platyphoto.com\\\/produit\\\/bw-49mm-filtre-49es-kr-1-5-1-1x-skylight\\\/\"]}]},{\"@type\":\"ImageObject\",\"inLanguage\":\"en-US\",\"@id\":\"https:\\\/\\\/platyphoto.com\\\/produit\\\/bw-49mm-filtre-49es-kr-1-5-1-1x-skylight\\\/#primaryimage\",\"url\":\"https:\\\/\\\/i0.wp.com\\\/platyphoto.com\\\/wp-content\\\/uploads\\\/2025\\\/09\\\/BW-49-sky.jpg?fit=3512%2C2334&ssl=1\",\"contentUrl\":\"https:\\\/\\\/i0.wp.com\\\/platyphoto.com\\\/wp-content\\\/uploads\\\/2025\\\/09\\\/BW-49-sky.jpg?fit=3512%2C2334&ssl=1\",\"width\":3512,\"height\":2334,\"caption\":\"B+W 49mm filtre 49ES KR 1.5 1.1x (skylight)\"},{\"@type\":\"BreadcrumbList\",\"@id\":\"https:\\\/\\\/platyphoto.com\\\/produit\\\/bw-49mm-filtre-49es-kr-1-5-1-1x-skylight\\\/#breadcrumb\",\"itemListElement\":[{\"@type\":\"ListItem\",\"position\":1,\"name\":\"Accueil\",\"item\":\"https:\\\/\\\/platyphoto.com\\\/\"},{\"@type\":\"ListItem\",\"position\":2,\"name\":\"Boutique\",\"item\":\"https:\\\/\\\/platyphoto.com\\\/boutique\\\/\"},{\"@type\":\"ListItem\",\"position\":3,\"name\":\"B+W 49mm filtre 49ES KR 1.5 1.1x (skylight)\"}]},{\"@type\":\"WebSite\",\"@id\":\"https:\\\/\\\/platyphoto.com\\\/#website\",\"url\":\"https:\\\/\\\/platyphoto.com\\\/\",\"name\":\"Platyphoto\",\"description\":\"Appareils photos argentiques, objectifs et accessoires de qualit\u00e9.\",\"publisher\":{\"@id\":\"https:\\\/\\\/platyphoto.com\\\/#organization\"},\"potentialAction\":[{\"@type\":\"SearchAction\",\"target\":{\"@type\":\"EntryPoint\",\"urlTemplate\":\"https:\\\/\\\/platyphoto.com\\\/?s={search_term_string}\"},\"query-input\":{\"@type\":\"PropertyValueSpecification\",\"valueRequired\":true,\"valueName\":\"search_term_string\"}}],\"inLanguage\":\"en-US\"},{\"@type\":\"Organization\",\"@id\":\"https:\\\/\\\/platyphoto.com\\\/#organization\",\"name\":\"Platyphoto\",\"alternateName\":\"Platyphoto\",\"url\":\"https:\\\/\\\/platyphoto.com\\\/\",\"logo\":{\"@type\":\"ImageObject\",\"inLanguage\":\"en-US\",\"@id\":\"https:\\\/\\\/platyphoto.com\\\/#\\\/schema\\\/logo\\\/image\\\/\",\"url\":\"https:\\\/\\\/i0.wp.com\\\/platyphoto.com\\\/wp-content\\\/uploads\\\/2020\\\/11\\\/cropped-header.jpg?fit=1500%2C282&ssl=1\",\"contentUrl\":\"https:\\\/\\\/i0.wp.com\\\/platyphoto.com\\\/wp-content\\\/uploads\\\/2020\\\/11\\\/cropped-header.jpg?fit=1500%2C282&ssl=1\",\"width\":1500,\"height\":282,\"caption\":\"Platyphoto\"},\"image\":{\"@id\":\"https:\\\/\\\/platyphoto.com\\\/#\\\/schema\\\/logo\\\/image\\\/\"},\"sameAs\":[\"https:\\\/\\\/www.instagram.com\\\/platyphoto\\\/\"]}]}<\/script>\n<!-- \/ Yoast SEO plugin. -->","yoast_head_json":{"title":"B+W 49mm filtre 49ES KR 1.5 1.1x (skylight) - Platyphoto","description":"Le filtre circulaire B+W 49ES KR 1.5 1.1x (49mm) est con\u00e7u pour r\u00e9chauffer subtilement les tons de vos photos en r\u00e9duisant les dominantes bleues, particuli\u00e8rement lors de prises de vue en ext\u00e9rieur sous un ciel clair.","robots":{"index":"index","follow":"follow","max-snippet":"max-snippet:-1","max-image-preview":"max-image-preview:large","max-video-preview":"max-video-preview:-1"},"canonical":"https:\/\/platyphoto.com\/en\/product\/bw-49mm-filtre-49es-kr-1-5-1-1x-skylight\/","og_locale":"en_US","og_type":"article","og_title":"B+W 49mm filtre 49ES KR 1.5 1.1x (skylight) - Platyphoto","og_description":"Le filtre circulaire B+W 49ES KR 1.5 1.1x (49mm) est con\u00e7u pour r\u00e9chauffer subtilement les tons de vos photos en r\u00e9duisant les dominantes bleues, particuli\u00e8rement lors de prises de vue en ext\u00e9rieur sous un ciel clair.","og_url":"https:\/\/platyphoto.com\/en\/product\/bw-49mm-filtre-49es-kr-1-5-1-1x-skylight\/","og_site_name":"Platyphoto","article_modified_time":"2025-11-22T14:14:42+00:00","og_image":[{"width":3512,"height":2334,"url":"https:\/\/platyphoto.com\/wp-content\/uploads\/2025\/09\/BW-49-sky.jpg","type":"image\/jpeg"}],"twitter_card":"summary_large_image","twitter_misc":{"Est. reading time":"1 minute"},"schema":{"@context":"https:\/\/schema.org","@graph":[{"@type":"WebPage","@id":"https:\/\/platyphoto.com\/produit\/bw-49mm-filtre-49es-kr-1-5-1-1x-skylight\/","url":"https:\/\/platyphoto.com\/produit\/bw-49mm-filtre-49es-kr-1-5-1-1x-skylight\/","name":"B+W 49mm filtre 49ES KR 1.5 1.1x (skylight) - Platyphoto","isPartOf":{"@id":"https:\/\/platyphoto.com\/#website"},"primaryImageOfPage":{"@id":"https:\/\/platyphoto.com\/produit\/bw-49mm-filtre-49es-kr-1-5-1-1x-skylight\/#primaryimage"},"image":{"@id":"https:\/\/platyphoto.com\/produit\/bw-49mm-filtre-49es-kr-1-5-1-1x-skylight\/#primaryimage"},"thumbnailUrl":"https:\/\/i0.wp.com\/platyphoto.com\/wp-content\/uploads\/2025\/09\/BW-49-sky.jpg?fit=3512%2C2334&ssl=1","datePublished":"2025-09-19T06:18:33+00:00","dateModified":"2025-11-22T14:14:42+00:00","description":"Le filtre circulaire B+W 49ES KR 1.5 1.1x (49mm) est con\u00e7u pour r\u00e9chauffer subtilement les tons de vos photos en r\u00e9duisant les dominantes bleues, particuli\u00e8rement lors de prises de vue en ext\u00e9rieur sous un ciel clair.","breadcrumb":{"@id":"https:\/\/platyphoto.com\/produit\/bw-49mm-filtre-49es-kr-1-5-1-1x-skylight\/#breadcrumb"},"inLanguage":"en-US","potentialAction":[{"@type":"ReadAction","target":["https:\/\/platyphoto.com\/produit\/bw-49mm-filtre-49es-kr-1-5-1-1x-skylight\/"]}]},{"@type":"ImageObject","inLanguage":"en-US","@id":"https:\/\/platyphoto.com\/produit\/bw-49mm-filtre-49es-kr-1-5-1-1x-skylight\/#primaryimage","url":"https:\/\/i0.wp.com\/platyphoto.com\/wp-content\/uploads\/2025\/09\/BW-49-sky.jpg?fit=3512%2C2334&ssl=1","contentUrl":"https:\/\/i0.wp.com\/platyphoto.com\/wp-content\/uploads\/2025\/09\/BW-49-sky.jpg?fit=3512%2C2334&ssl=1","width":3512,"height":2334,"caption":"B+W 49mm filtre 49ES KR 1.5 1.1x (skylight)"},{"@type":"BreadcrumbList","@id":"https:\/\/platyphoto.com\/produit\/bw-49mm-filtre-49es-kr-1-5-1-1x-skylight\/#breadcrumb","itemListElement":[{"@type":"ListItem","position":1,"name":"Accueil","item":"https:\/\/platyphoto.com\/"},{"@type":"ListItem","position":2,"name":"Boutique","item":"https:\/\/platyphoto.com\/boutique\/"},{"@type":"ListItem","position":3,"name":"B+W 49mm filtre 49ES KR 1.5 1.1x (skylight)"}]},{"@type":"WebSite","@id":"https:\/\/platyphoto.com\/#website","url":"https:\/\/platyphoto.com\/","name":"Platyphoto","description":"Appareils photos argentiques, objectifs et accessoires de qualit\u00e9.","publisher":{"@id":"https:\/\/platyphoto.com\/#organization"},"potentialAction":[{"@type":"SearchAction","target":{"@type":"EntryPoint","urlTemplate":"https:\/\/platyphoto.com\/?s={search_term_string}"},"query-input":{"@type":"PropertyValueSpecification","valueRequired":true,"valueName":"search_term_string"}}],"inLanguage":"en-US"},{"@type":"Organization","@id":"https:\/\/platyphoto.com\/#organization","name":"Platyphoto","alternateName":"Platyphoto","url":"https:\/\/platyphoto.com\/","logo":{"@type":"ImageObject","inLanguage":"en-US","@id":"https:\/\/platyphoto.com\/#\/schema\/logo\/image\/","url":"https:\/\/i0.wp.com\/platyphoto.com\/wp-content\/uploads\/2020\/11\/cropped-header.jpg?fit=1500%2C282&ssl=1","contentUrl":"https:\/\/i0.wp.com\/platyphoto.com\/wp-content\/uploads\/2020\/11\/cropped-header.jpg?fit=1500%2C282&ssl=1","width":1500,"height":282,"caption":"Platyphoto"},"image":{"@id":"https:\/\/platyphoto.com\/#\/schema\/logo\/image\/"},"sameAs":["https:\/\/www.instagram.com\/platyphoto\/"]}]}},"jetpack_publicize_connections":[],"jetpack_likes_enabled":false,"jetpack_sharing_enabled":true,"_links":{"self":[{"href":"https:\/\/platyphoto.com\/en\/wp-json\/wp\/v2\/product\/17769","targetHints":{"allow":["GET"]}}],"collection":[{"href":"https:\/\/platyphoto.com\/en\/wp-json\/wp\/v2\/product"}],"about":[{"href":"https:\/\/platyphoto.com\/en\/wp-json\/wp\/v2\/types\/product"}],"wp:featuredmedia":[{"embeddable":true,"href":"https:\/\/platyphoto.com\/en\/wp-json\/wp\/v2\/media\/17771"}],"wp:attachment":[{"href":"https:\/\/platyphoto.com\/en\/wp-json\/wp\/v2\/media?parent=17769"}],"wp:term":[{"taxonomy":"product_brand","embeddable":true,"href":"https:\/\/platyphoto.com\/en\/wp-json\/wp\/v2\/product_brand?post=17769"},{"taxonomy":"product_cat","embeddable":true,"href":"https:\/\/platyphoto.com\/en\/wp-json\/wp\/v2\/product_cat?post=17769"},{"taxonomy":"product_tag","embeddable":true,"href":"https:\/\/platyphoto.com\/en\/wp-json\/wp\/v2\/product_tag?post=17769"}],"curies":[{"name":"wp","href":"https:\/\/api.w.org\/{rel}","templated":true}]}}