{"id":17779,"date":"2025-09-19T10:09:04","date_gmt":"2025-09-19T08:09:04","guid":{"rendered":"https:\/\/platyphoto.com\/?post_type=product&#038;p=17779"},"modified":"2025-09-19T10:10:23","modified_gmt":"2025-09-19T08:10:23","slug":"hoya-72mm-filtre-circular-polarisant","status":"publish","type":"product","link":"https:\/\/platyphoto.com\/en\/product\/hoya-72mm-filtre-circular-polarisant\/","title":{"rendered":"Hoya 72mm filtre Circular polarisant"},"content":{"rendered":"<p><span style=\"font-size: large;\"><span style=\"font-family: Arial;\">Hoya 72mm filtre CIRCULAR POLA, filtre polarisant pour appareil photo argentique ou num\u00e9rique, l<span class=\"ILfuVd\" lang=\"fr\"><span class=\"hgKElc\">e <b>filtre polarisant<\/b> permet d&rsquo;att\u00e9nuer les reflets caus\u00e9s par les surfaces r\u00e9fl\u00e9chissantes (vitrages et \u00e9tendues d&rsquo;eau) \u00e0 l&rsquo;exception des surfaces m\u00e9talliques, ce qui a pour effet d&rsquo;accro\u00eetre les contrastes et la saturation des couleurs. Un mod\u00e8le haut de gamme est m\u00eame capable de supprimer enti\u00e8rement les reflets.<\/span><\/span> <\/span><\/span><\/p>\n<p>Ce mod\u00e8le poss\u00e8de une fonction \u00ab\u00a0circulaire\u00a0\u00bb, vous pouvez tourner le filtre afin d&rsquo;att\u00e9nuer ou non l&rsquo;effet polarisant.<\/p>\n<div><span style=\"font-size: large;\"><span style=\"font-family: Arial;\">Bon \u00e9tat g\u00e9n\u00e9ral, avec boite.<br \/>\n<\/span><\/span><\/div>","protected":false},"excerpt":{"rendered":"<p>Hoya 72mm filtre CIRCULAR POLA, filtre polarisant pour appareil photo argentique ou num\u00e9rique, le filtre polarisant permet d&rsquo;att\u00e9nuer les reflets caus\u00e9s par les surfaces r\u00e9fl\u00e9chissantes (vitrages et \u00e9tendues d&rsquo;eau) \u00e0 l&rsquo;exception des surfaces m\u00e9talliques, ce qui a pour effet d&rsquo;accro\u00eetre les contrastes et la saturation des couleurs. Un mod\u00e8le haut de gamme est m\u00eame capable [&hellip;]<\/p>\n","protected":false},"featured_media":17780,"template":"","meta":{"_coblocks_attr":"","_coblocks_dimensions":"","_coblocks_responsive_height":"","_coblocks_accordion_ie_support":"","_crdt_document":"","jetpack_post_was_ever_published":false,"jetpack_publicize_message":"","jetpack_publicize_feature_enabled":true,"jetpack_social_post_already_shared":true,"jetpack_social_options":{"image_generator_settings":{"template":"highway","default_image_id":0,"font":"","enabled":false},"version":2},"_wpas_customize_per_network":false},"product_brand":[],"product_cat":[6687,6376,6531],"product_tag":[],"class_list":{"0":"post-17779","1":"product","2":"type-product","3":"status-publish","4":"has-post-thumbnail","6":"product_cat-72mm","7":"product_cat-accessoires-fr","8":"product_cat-filtres","10":"first","11":"instock","12":"shipping-taxable","13":"purchasable","14":"product-type-simple"},"yoast_head":"<!-- This site is optimized with the Yoast SEO plugin v27.3 - https:\/\/yoast.com\/product\/yoast-seo-wordpress\/ -->\n<title>Hoya 72mm filtre Circular polarisant - Platyphoto<\/title>\n<meta name=\"description\" content=\"Hoya 72mm filtre Circular polarisant, filtre polarisant pour appareil photo argentique ou num\u00e9rique, le filtre polarisant permet d&#039;att\u00e9nuer les reflets caus\u00e9s par les surfaces r\u00e9fl\u00e9chissantes (vitrages et \u00e9tendues d&#039;eau)\" \/>\n<meta name=\"robots\" content=\"index, follow, max-snippet:-1, max-image-preview:large, max-video-preview:-1\" \/>\n<link rel=\"canonical\" href=\"https:\/\/platyphoto.com\/en\/product\/hoya-72mm-filtre-circular-polarisant\/\" \/>\n<meta property=\"og:locale\" content=\"en_US\" \/>\n<meta property=\"og:type\" content=\"article\" \/>\n<meta property=\"og:title\" content=\"Hoya 72mm filtre Circular polarisant - Platyphoto\" \/>\n<meta property=\"og:description\" content=\"Hoya 72mm filtre Circular polarisant, filtre polarisant pour appareil photo argentique ou num\u00e9rique, le filtre polarisant permet d&#039;att\u00e9nuer les reflets caus\u00e9s par les surfaces r\u00e9fl\u00e9chissantes (vitrages et \u00e9tendues d&#039;eau)\" \/>\n<meta property=\"og:url\" content=\"https:\/\/platyphoto.com\/en\/product\/hoya-72mm-filtre-circular-polarisant\/\" \/>\n<meta property=\"og:site_name\" content=\"Platyphoto\" \/>\n<meta property=\"article:modified_time\" content=\"2025-09-19T08:10:23+00:00\" \/>\n<meta property=\"og:image\" content=\"https:\/\/platyphoto.com\/wp-content\/uploads\/2025\/09\/Hoya-72-PL-cir.jpg\" \/>\n\t<meta property=\"og:image:width\" content=\"4153\" \/>\n\t<meta property=\"og:image:height\" content=\"2760\" \/>\n\t<meta property=\"og:image:type\" content=\"image\/jpeg\" \/>\n<meta name=\"twitter:card\" content=\"summary_large_image\" \/>\n<meta name=\"twitter:label1\" content=\"Est. reading time\" \/>\n\t<meta name=\"twitter:data1\" content=\"1 minute\" \/>\n<script type=\"application\/ld+json\" class=\"yoast-schema-graph\">{\"@context\":\"https:\\\/\\\/schema.org\",\"@graph\":[{\"@type\":\"WebPage\",\"@id\":\"https:\\\/\\\/platyphoto.com\\\/produit\\\/hoya-72mm-filtre-circular-polarisant\\\/\",\"url\":\"https:\\\/\\\/platyphoto.com\\\/produit\\\/hoya-72mm-filtre-circular-polarisant\\\/\",\"name\":\"Hoya 72mm filtre Circular polarisant - Platyphoto\",\"isPartOf\":{\"@id\":\"https:\\\/\\\/platyphoto.com\\\/#website\"},\"primaryImageOfPage\":{\"@id\":\"https:\\\/\\\/platyphoto.com\\\/produit\\\/hoya-72mm-filtre-circular-polarisant\\\/#primaryimage\"},\"image\":{\"@id\":\"https:\\\/\\\/platyphoto.com\\\/produit\\\/hoya-72mm-filtre-circular-polarisant\\\/#primaryimage\"},\"thumbnailUrl\":\"https:\\\/\\\/i0.wp.com\\\/platyphoto.com\\\/wp-content\\\/uploads\\\/2025\\\/09\\\/Hoya-72-PL-cir.jpg?fit=4153%2C2760&ssl=1\",\"datePublished\":\"2025-09-19T08:09:04+00:00\",\"dateModified\":\"2025-09-19T08:10:23+00:00\",\"description\":\"Hoya 72mm filtre Circular polarisant, filtre polarisant pour appareil photo argentique ou num\u00e9rique, le filtre polarisant permet d'att\u00e9nuer les reflets caus\u00e9s par les surfaces r\u00e9fl\u00e9chissantes (vitrages et \u00e9tendues d'eau)\",\"breadcrumb\":{\"@id\":\"https:\\\/\\\/platyphoto.com\\\/produit\\\/hoya-72mm-filtre-circular-polarisant\\\/#breadcrumb\"},\"inLanguage\":\"en-US\",\"potentialAction\":[{\"@type\":\"ReadAction\",\"target\":[\"https:\\\/\\\/platyphoto.com\\\/produit\\\/hoya-72mm-filtre-circular-polarisant\\\/\"]}]},{\"@type\":\"ImageObject\",\"inLanguage\":\"en-US\",\"@id\":\"https:\\\/\\\/platyphoto.com\\\/produit\\\/hoya-72mm-filtre-circular-polarisant\\\/#primaryimage\",\"url\":\"https:\\\/\\\/i0.wp.com\\\/platyphoto.com\\\/wp-content\\\/uploads\\\/2025\\\/09\\\/Hoya-72-PL-cir.jpg?fit=4153%2C2760&ssl=1\",\"contentUrl\":\"https:\\\/\\\/i0.wp.com\\\/platyphoto.com\\\/wp-content\\\/uploads\\\/2025\\\/09\\\/Hoya-72-PL-cir.jpg?fit=4153%2C2760&ssl=1\",\"width\":4153,\"height\":2760,\"caption\":\"Hoya 72mm filtre Circular polarisant\"},{\"@type\":\"BreadcrumbList\",\"@id\":\"https:\\\/\\\/platyphoto.com\\\/produit\\\/hoya-72mm-filtre-circular-polarisant\\\/#breadcrumb\",\"itemListElement\":[{\"@type\":\"ListItem\",\"position\":1,\"name\":\"Accueil\",\"item\":\"https:\\\/\\\/platyphoto.com\\\/\"},{\"@type\":\"ListItem\",\"position\":2,\"name\":\"Boutique\",\"item\":\"https:\\\/\\\/platyphoto.com\\\/boutique\\\/\"},{\"@type\":\"ListItem\",\"position\":3,\"name\":\"Hoya 72mm filtre Circular polarisant\"}]},{\"@type\":\"WebSite\",\"@id\":\"https:\\\/\\\/platyphoto.com\\\/#website\",\"url\":\"https:\\\/\\\/platyphoto.com\\\/\",\"name\":\"Platyphoto\",\"description\":\"Appareils photos argentiques, objectifs et accessoires de qualit\u00e9.\",\"publisher\":{\"@id\":\"https:\\\/\\\/platyphoto.com\\\/#organization\"},\"potentialAction\":[{\"@type\":\"SearchAction\",\"target\":{\"@type\":\"EntryPoint\",\"urlTemplate\":\"https:\\\/\\\/platyphoto.com\\\/?s={search_term_string}\"},\"query-input\":{\"@type\":\"PropertyValueSpecification\",\"valueRequired\":true,\"valueName\":\"search_term_string\"}}],\"inLanguage\":\"en-US\"},{\"@type\":\"Organization\",\"@id\":\"https:\\\/\\\/platyphoto.com\\\/#organization\",\"name\":\"Platyphoto\",\"alternateName\":\"Platyphoto\",\"url\":\"https:\\\/\\\/platyphoto.com\\\/\",\"logo\":{\"@type\":\"ImageObject\",\"inLanguage\":\"en-US\",\"@id\":\"https:\\\/\\\/platyphoto.com\\\/#\\\/schema\\\/logo\\\/image\\\/\",\"url\":\"https:\\\/\\\/i0.wp.com\\\/platyphoto.com\\\/wp-content\\\/uploads\\\/2020\\\/11\\\/cropped-header.jpg?fit=1500%2C282&ssl=1\",\"contentUrl\":\"https:\\\/\\\/i0.wp.com\\\/platyphoto.com\\\/wp-content\\\/uploads\\\/2020\\\/11\\\/cropped-header.jpg?fit=1500%2C282&ssl=1\",\"width\":1500,\"height\":282,\"caption\":\"Platyphoto\"},\"image\":{\"@id\":\"https:\\\/\\\/platyphoto.com\\\/#\\\/schema\\\/logo\\\/image\\\/\"},\"sameAs\":[\"https:\\\/\\\/www.instagram.com\\\/platyphoto\\\/\"]}]}<\/script>\n<!-- \/ Yoast SEO plugin. -->","yoast_head_json":{"title":"Hoya 72mm filtre Circular polarisant - Platyphoto","description":"Hoya 72mm filtre Circular polarisant, filtre polarisant pour appareil photo argentique ou num\u00e9rique, le filtre polarisant permet d'att\u00e9nuer les reflets caus\u00e9s par les surfaces r\u00e9fl\u00e9chissantes (vitrages et \u00e9tendues d'eau)","robots":{"index":"index","follow":"follow","max-snippet":"max-snippet:-1","max-image-preview":"max-image-preview:large","max-video-preview":"max-video-preview:-1"},"canonical":"https:\/\/platyphoto.com\/en\/product\/hoya-72mm-filtre-circular-polarisant\/","og_locale":"en_US","og_type":"article","og_title":"Hoya 72mm filtre Circular polarisant - Platyphoto","og_description":"Hoya 72mm filtre Circular polarisant, filtre polarisant pour appareil photo argentique ou num\u00e9rique, le filtre polarisant permet d'att\u00e9nuer les reflets caus\u00e9s par les surfaces r\u00e9fl\u00e9chissantes (vitrages et \u00e9tendues d'eau)","og_url":"https:\/\/platyphoto.com\/en\/product\/hoya-72mm-filtre-circular-polarisant\/","og_site_name":"Platyphoto","article_modified_time":"2025-09-19T08:10:23+00:00","og_image":[{"width":4153,"height":2760,"url":"https:\/\/platyphoto.com\/wp-content\/uploads\/2025\/09\/Hoya-72-PL-cir.jpg","type":"image\/jpeg"}],"twitter_card":"summary_large_image","twitter_misc":{"Est. reading time":"1 minute"},"schema":{"@context":"https:\/\/schema.org","@graph":[{"@type":"WebPage","@id":"https:\/\/platyphoto.com\/produit\/hoya-72mm-filtre-circular-polarisant\/","url":"https:\/\/platyphoto.com\/produit\/hoya-72mm-filtre-circular-polarisant\/","name":"Hoya 72mm filtre Circular polarisant - Platyphoto","isPartOf":{"@id":"https:\/\/platyphoto.com\/#website"},"primaryImageOfPage":{"@id":"https:\/\/platyphoto.com\/produit\/hoya-72mm-filtre-circular-polarisant\/#primaryimage"},"image":{"@id":"https:\/\/platyphoto.com\/produit\/hoya-72mm-filtre-circular-polarisant\/#primaryimage"},"thumbnailUrl":"https:\/\/i0.wp.com\/platyphoto.com\/wp-content\/uploads\/2025\/09\/Hoya-72-PL-cir.jpg?fit=4153%2C2760&ssl=1","datePublished":"2025-09-19T08:09:04+00:00","dateModified":"2025-09-19T08:10:23+00:00","description":"Hoya 72mm filtre Circular polarisant, filtre polarisant pour appareil photo argentique ou num\u00e9rique, le filtre polarisant permet d'att\u00e9nuer les reflets caus\u00e9s par les surfaces r\u00e9fl\u00e9chissantes (vitrages et \u00e9tendues d'eau)","breadcrumb":{"@id":"https:\/\/platyphoto.com\/produit\/hoya-72mm-filtre-circular-polarisant\/#breadcrumb"},"inLanguage":"en-US","potentialAction":[{"@type":"ReadAction","target":["https:\/\/platyphoto.com\/produit\/hoya-72mm-filtre-circular-polarisant\/"]}]},{"@type":"ImageObject","inLanguage":"en-US","@id":"https:\/\/platyphoto.com\/produit\/hoya-72mm-filtre-circular-polarisant\/#primaryimage","url":"https:\/\/i0.wp.com\/platyphoto.com\/wp-content\/uploads\/2025\/09\/Hoya-72-PL-cir.jpg?fit=4153%2C2760&ssl=1","contentUrl":"https:\/\/i0.wp.com\/platyphoto.com\/wp-content\/uploads\/2025\/09\/Hoya-72-PL-cir.jpg?fit=4153%2C2760&ssl=1","width":4153,"height":2760,"caption":"Hoya 72mm filtre Circular polarisant"},{"@type":"BreadcrumbList","@id":"https:\/\/platyphoto.com\/produit\/hoya-72mm-filtre-circular-polarisant\/#breadcrumb","itemListElement":[{"@type":"ListItem","position":1,"name":"Accueil","item":"https:\/\/platyphoto.com\/"},{"@type":"ListItem","position":2,"name":"Boutique","item":"https:\/\/platyphoto.com\/boutique\/"},{"@type":"ListItem","position":3,"name":"Hoya 72mm filtre Circular polarisant"}]},{"@type":"WebSite","@id":"https:\/\/platyphoto.com\/#website","url":"https:\/\/platyphoto.com\/","name":"Platyphoto","description":"Appareils photos argentiques, objectifs et accessoires de qualit\u00e9.","publisher":{"@id":"https:\/\/platyphoto.com\/#organization"},"potentialAction":[{"@type":"SearchAction","target":{"@type":"EntryPoint","urlTemplate":"https:\/\/platyphoto.com\/?s={search_term_string}"},"query-input":{"@type":"PropertyValueSpecification","valueRequired":true,"valueName":"search_term_string"}}],"inLanguage":"en-US"},{"@type":"Organization","@id":"https:\/\/platyphoto.com\/#organization","name":"Platyphoto","alternateName":"Platyphoto","url":"https:\/\/platyphoto.com\/","logo":{"@type":"ImageObject","inLanguage":"en-US","@id":"https:\/\/platyphoto.com\/#\/schema\/logo\/image\/","url":"https:\/\/i0.wp.com\/platyphoto.com\/wp-content\/uploads\/2020\/11\/cropped-header.jpg?fit=1500%2C282&ssl=1","contentUrl":"https:\/\/i0.wp.com\/platyphoto.com\/wp-content\/uploads\/2020\/11\/cropped-header.jpg?fit=1500%2C282&ssl=1","width":1500,"height":282,"caption":"Platyphoto"},"image":{"@id":"https:\/\/platyphoto.com\/#\/schema\/logo\/image\/"},"sameAs":["https:\/\/www.instagram.com\/platyphoto\/"]}]}},"jetpack_publicize_connections":[],"jetpack_likes_enabled":false,"jetpack_sharing_enabled":true,"_links":{"self":[{"href":"https:\/\/platyphoto.com\/en\/wp-json\/wp\/v2\/product\/17779","targetHints":{"allow":["GET"]}}],"collection":[{"href":"https:\/\/platyphoto.com\/en\/wp-json\/wp\/v2\/product"}],"about":[{"href":"https:\/\/platyphoto.com\/en\/wp-json\/wp\/v2\/types\/product"}],"wp:featuredmedia":[{"embeddable":true,"href":"https:\/\/platyphoto.com\/en\/wp-json\/wp\/v2\/media\/17780"}],"wp:attachment":[{"href":"https:\/\/platyphoto.com\/en\/wp-json\/wp\/v2\/media?parent=17779"}],"wp:term":[{"taxonomy":"product_brand","embeddable":true,"href":"https:\/\/platyphoto.com\/en\/wp-json\/wp\/v2\/product_brand?post=17779"},{"taxonomy":"product_cat","embeddable":true,"href":"https:\/\/platyphoto.com\/en\/wp-json\/wp\/v2\/product_cat?post=17779"},{"taxonomy":"product_tag","embeddable":true,"href":"https:\/\/platyphoto.com\/en\/wp-json\/wp\/v2\/product_tag?post=17779"}],"curies":[{"name":"wp","href":"https:\/\/api.w.org\/{rel}","templated":true}]}}