{"id":17785,"date":"2025-09-19T10:35:55","date_gmt":"2025-09-19T08:35:55","guid":{"rendered":"https:\/\/platyphoto.com\/?post_type=product&#038;p=17785"},"modified":"2025-09-19T10:38:02","modified_gmt":"2025-09-19T08:38:02","slug":"hoya-27mm-filtre-skylight","status":"publish","type":"product","link":"https:\/\/platyphoto.com\/en\/product\/hoya-27mm-filtre-skylight\/","title":{"rendered":"Hoya 27mm filtre skylight"},"content":{"rendered":"<p>Hoya 27mm filtre skylight\u00a0est con\u00e7u pour r\u00e9chauffer subtilement les tons de vos photos en r\u00e9duisant les dominantes bleues, particuli\u00e8rement lors de prises de vue en ext\u00e9rieur sous un ciel clair. Ce filtre est id\u00e9al pour les paysages et les portraits, offrant des couleurs plus naturelles et agr\u00e9ables \u00e0 l&rsquo;\u0153il. Il am\u00e9liore la saturation des couleurs tout en prot\u00e9geant votre objectif contre les rayures, la poussi\u00e8re et les l\u00e9gers impacts.<\/p>\n<p>Bel \u00e9tat g\u00e9n\u00e9ral.<\/p>","protected":false},"excerpt":{"rendered":"<p>Hoya 27mm filtre skylight\u00a0est con\u00e7u pour r\u00e9chauffer subtilement les tons de vos photos en r\u00e9duisant les dominantes bleues, particuli\u00e8rement lors de prises de vue en ext\u00e9rieur sous un ciel clair. Ce filtre est id\u00e9al pour les paysages et les portraits, offrant des couleurs plus naturelles et agr\u00e9ables \u00e0 l&rsquo;\u0153il. Il am\u00e9liore la saturation des couleurs [&hellip;]<\/p>\n","protected":false},"featured_media":17786,"template":"","meta":{"_coblocks_attr":"","_coblocks_dimensions":"","_coblocks_responsive_height":"","_coblocks_accordion_ie_support":"","_crdt_document":"","jetpack_publicize_message":"","jetpack_publicize_feature_enabled":true,"jetpack_social_post_already_shared":true,"jetpack_social_options":{"image_generator_settings":{"template":"highway","default_image_id":0,"font":"","enabled":false},"version":2},"_wpas_customize_per_network":false},"product_brand":[],"product_cat":[6715,6376,6531],"product_tag":[],"class_list":{"0":"post-17785","1":"product","2":"type-product","3":"status-publish","4":"has-post-thumbnail","6":"product_cat-27mm","7":"product_cat-accessoires-fr","8":"product_cat-filtres","10":"first","11":"instock","12":"shipping-taxable","13":"purchasable","14":"product-type-simple"},"yoast_head":"<!-- This site is optimized with the Yoast SEO plugin v27.4 - https:\/\/yoast.com\/product\/yoast-seo-wordpress\/ -->\n<title>Hoya 27mm filtre skylight - Platyphoto<\/title>\n<meta name=\"description\" content=\"Hoya 27mm filtre skylight est con\u00e7u pour r\u00e9chauffer subtilement les tons de vos photos en r\u00e9duisant les dominantes bleues, particuli\u00e8rement lors de prises de vue en ext\u00e9rieur sous un ciel clair\" \/>\n<meta name=\"robots\" content=\"index, follow, max-snippet:-1, max-image-preview:large, max-video-preview:-1\" \/>\n<link rel=\"canonical\" href=\"https:\/\/platyphoto.com\/en\/product\/hoya-27mm-filtre-skylight\/\" \/>\n<meta property=\"og:locale\" content=\"en_US\" \/>\n<meta property=\"og:type\" content=\"article\" \/>\n<meta property=\"og:title\" content=\"Hoya 27mm filtre skylight - Platyphoto\" \/>\n<meta property=\"og:description\" content=\"Hoya 27mm filtre skylight est con\u00e7u pour r\u00e9chauffer subtilement les tons de vos photos en r\u00e9duisant les dominantes bleues, particuli\u00e8rement lors de prises de vue en ext\u00e9rieur sous un ciel clair\" \/>\n<meta property=\"og:url\" content=\"https:\/\/platyphoto.com\/en\/product\/hoya-27mm-filtre-skylight\/\" \/>\n<meta property=\"og:site_name\" content=\"Platyphoto\" \/>\n<meta property=\"article:modified_time\" content=\"2025-09-19T08:38:02+00:00\" \/>\n<meta property=\"og:image\" content=\"https:\/\/platyphoto.com\/wp-content\/uploads\/2025\/09\/hoya-27mm-sky.jpg\" \/>\n\t<meta property=\"og:image:width\" content=\"2223\" \/>\n\t<meta property=\"og:image:height\" content=\"1477\" \/>\n\t<meta property=\"og:image:type\" content=\"image\/jpeg\" \/>\n<meta name=\"twitter:card\" content=\"summary_large_image\" \/>\n<meta name=\"twitter:label1\" content=\"Est. reading time\" \/>\n\t<meta name=\"twitter:data1\" content=\"1 minute\" \/>\n<script type=\"application\/ld+json\" class=\"yoast-schema-graph\">{\"@context\":\"https:\\\/\\\/schema.org\",\"@graph\":[{\"@type\":\"WebPage\",\"@id\":\"https:\\\/\\\/platyphoto.com\\\/produit\\\/hoya-27mm-filtre-skylight\\\/\",\"url\":\"https:\\\/\\\/platyphoto.com\\\/produit\\\/hoya-27mm-filtre-skylight\\\/\",\"name\":\"Hoya 27mm filtre skylight - Platyphoto\",\"isPartOf\":{\"@id\":\"https:\\\/\\\/platyphoto.com\\\/#website\"},\"primaryImageOfPage\":{\"@id\":\"https:\\\/\\\/platyphoto.com\\\/produit\\\/hoya-27mm-filtre-skylight\\\/#primaryimage\"},\"image\":{\"@id\":\"https:\\\/\\\/platyphoto.com\\\/produit\\\/hoya-27mm-filtre-skylight\\\/#primaryimage\"},\"thumbnailUrl\":\"https:\\\/\\\/i0.wp.com\\\/platyphoto.com\\\/wp-content\\\/uploads\\\/2025\\\/09\\\/hoya-27mm-sky.jpg?fit=2223%2C1477&ssl=1\",\"datePublished\":\"2025-09-19T08:35:55+00:00\",\"dateModified\":\"2025-09-19T08:38:02+00:00\",\"description\":\"Hoya 27mm filtre skylight est con\u00e7u pour r\u00e9chauffer subtilement les tons de vos photos en r\u00e9duisant les dominantes bleues, particuli\u00e8rement lors de prises de vue en ext\u00e9rieur sous un ciel clair\",\"breadcrumb\":{\"@id\":\"https:\\\/\\\/platyphoto.com\\\/produit\\\/hoya-27mm-filtre-skylight\\\/#breadcrumb\"},\"inLanguage\":\"en-US\",\"potentialAction\":[{\"@type\":\"ReadAction\",\"target\":[\"https:\\\/\\\/platyphoto.com\\\/produit\\\/hoya-27mm-filtre-skylight\\\/\"]}]},{\"@type\":\"ImageObject\",\"inLanguage\":\"en-US\",\"@id\":\"https:\\\/\\\/platyphoto.com\\\/produit\\\/hoya-27mm-filtre-skylight\\\/#primaryimage\",\"url\":\"https:\\\/\\\/i0.wp.com\\\/platyphoto.com\\\/wp-content\\\/uploads\\\/2025\\\/09\\\/hoya-27mm-sky.jpg?fit=2223%2C1477&ssl=1\",\"contentUrl\":\"https:\\\/\\\/i0.wp.com\\\/platyphoto.com\\\/wp-content\\\/uploads\\\/2025\\\/09\\\/hoya-27mm-sky.jpg?fit=2223%2C1477&ssl=1\",\"width\":2223,\"height\":1477,\"caption\":\"Hoya 27mm filtre skylight\"},{\"@type\":\"BreadcrumbList\",\"@id\":\"https:\\\/\\\/platyphoto.com\\\/produit\\\/hoya-27mm-filtre-skylight\\\/#breadcrumb\",\"itemListElement\":[{\"@type\":\"ListItem\",\"position\":1,\"name\":\"Accueil\",\"item\":\"https:\\\/\\\/platyphoto.com\\\/\"},{\"@type\":\"ListItem\",\"position\":2,\"name\":\"Boutique\",\"item\":\"https:\\\/\\\/platyphoto.com\\\/boutique\\\/\"},{\"@type\":\"ListItem\",\"position\":3,\"name\":\"Hoya 27mm filtre skylight\"}]},{\"@type\":\"WebSite\",\"@id\":\"https:\\\/\\\/platyphoto.com\\\/#website\",\"url\":\"https:\\\/\\\/platyphoto.com\\\/\",\"name\":\"Platyphoto\",\"description\":\"Appareils photos argentiques, objectifs et accessoires de qualit\u00e9.\",\"publisher\":{\"@id\":\"https:\\\/\\\/platyphoto.com\\\/#organization\"},\"potentialAction\":[{\"@type\":\"SearchAction\",\"target\":{\"@type\":\"EntryPoint\",\"urlTemplate\":\"https:\\\/\\\/platyphoto.com\\\/?s={search_term_string}\"},\"query-input\":{\"@type\":\"PropertyValueSpecification\",\"valueRequired\":true,\"valueName\":\"search_term_string\"}}],\"inLanguage\":\"en-US\"},{\"@type\":\"Organization\",\"@id\":\"https:\\\/\\\/platyphoto.com\\\/#organization\",\"name\":\"Platyphoto\",\"alternateName\":\"Platyphoto\",\"url\":\"https:\\\/\\\/platyphoto.com\\\/\",\"logo\":{\"@type\":\"ImageObject\",\"inLanguage\":\"en-US\",\"@id\":\"https:\\\/\\\/platyphoto.com\\\/#\\\/schema\\\/logo\\\/image\\\/\",\"url\":\"https:\\\/\\\/i0.wp.com\\\/platyphoto.com\\\/wp-content\\\/uploads\\\/2020\\\/11\\\/cropped-header.jpg?fit=1500%2C282&ssl=1\",\"contentUrl\":\"https:\\\/\\\/i0.wp.com\\\/platyphoto.com\\\/wp-content\\\/uploads\\\/2020\\\/11\\\/cropped-header.jpg?fit=1500%2C282&ssl=1\",\"width\":1500,\"height\":282,\"caption\":\"Platyphoto\"},\"image\":{\"@id\":\"https:\\\/\\\/platyphoto.com\\\/#\\\/schema\\\/logo\\\/image\\\/\"},\"sameAs\":[\"https:\\\/\\\/www.instagram.com\\\/platyphoto\\\/\"]}]}<\/script>\n<!-- \/ Yoast SEO plugin. -->","yoast_head_json":{"title":"Hoya 27mm filtre skylight - Platyphoto","description":"Hoya 27mm filtre skylight est con\u00e7u pour r\u00e9chauffer subtilement les tons de vos photos en r\u00e9duisant les dominantes bleues, particuli\u00e8rement lors de prises de vue en ext\u00e9rieur sous un ciel clair","robots":{"index":"index","follow":"follow","max-snippet":"max-snippet:-1","max-image-preview":"max-image-preview:large","max-video-preview":"max-video-preview:-1"},"canonical":"https:\/\/platyphoto.com\/en\/product\/hoya-27mm-filtre-skylight\/","og_locale":"en_US","og_type":"article","og_title":"Hoya 27mm filtre skylight - Platyphoto","og_description":"Hoya 27mm filtre skylight est con\u00e7u pour r\u00e9chauffer subtilement les tons de vos photos en r\u00e9duisant les dominantes bleues, particuli\u00e8rement lors de prises de vue en ext\u00e9rieur sous un ciel clair","og_url":"https:\/\/platyphoto.com\/en\/product\/hoya-27mm-filtre-skylight\/","og_site_name":"Platyphoto","article_modified_time":"2025-09-19T08:38:02+00:00","og_image":[{"width":2223,"height":1477,"url":"https:\/\/platyphoto.com\/wp-content\/uploads\/2025\/09\/hoya-27mm-sky.jpg","type":"image\/jpeg"}],"twitter_card":"summary_large_image","twitter_misc":{"Est. reading time":"1 minute"},"schema":{"@context":"https:\/\/schema.org","@graph":[{"@type":"WebPage","@id":"https:\/\/platyphoto.com\/produit\/hoya-27mm-filtre-skylight\/","url":"https:\/\/platyphoto.com\/produit\/hoya-27mm-filtre-skylight\/","name":"Hoya 27mm filtre skylight - Platyphoto","isPartOf":{"@id":"https:\/\/platyphoto.com\/#website"},"primaryImageOfPage":{"@id":"https:\/\/platyphoto.com\/produit\/hoya-27mm-filtre-skylight\/#primaryimage"},"image":{"@id":"https:\/\/platyphoto.com\/produit\/hoya-27mm-filtre-skylight\/#primaryimage"},"thumbnailUrl":"https:\/\/i0.wp.com\/platyphoto.com\/wp-content\/uploads\/2025\/09\/hoya-27mm-sky.jpg?fit=2223%2C1477&ssl=1","datePublished":"2025-09-19T08:35:55+00:00","dateModified":"2025-09-19T08:38:02+00:00","description":"Hoya 27mm filtre skylight est con\u00e7u pour r\u00e9chauffer subtilement les tons de vos photos en r\u00e9duisant les dominantes bleues, particuli\u00e8rement lors de prises de vue en ext\u00e9rieur sous un ciel clair","breadcrumb":{"@id":"https:\/\/platyphoto.com\/produit\/hoya-27mm-filtre-skylight\/#breadcrumb"},"inLanguage":"en-US","potentialAction":[{"@type":"ReadAction","target":["https:\/\/platyphoto.com\/produit\/hoya-27mm-filtre-skylight\/"]}]},{"@type":"ImageObject","inLanguage":"en-US","@id":"https:\/\/platyphoto.com\/produit\/hoya-27mm-filtre-skylight\/#primaryimage","url":"https:\/\/i0.wp.com\/platyphoto.com\/wp-content\/uploads\/2025\/09\/hoya-27mm-sky.jpg?fit=2223%2C1477&ssl=1","contentUrl":"https:\/\/i0.wp.com\/platyphoto.com\/wp-content\/uploads\/2025\/09\/hoya-27mm-sky.jpg?fit=2223%2C1477&ssl=1","width":2223,"height":1477,"caption":"Hoya 27mm filtre skylight"},{"@type":"BreadcrumbList","@id":"https:\/\/platyphoto.com\/produit\/hoya-27mm-filtre-skylight\/#breadcrumb","itemListElement":[{"@type":"ListItem","position":1,"name":"Accueil","item":"https:\/\/platyphoto.com\/"},{"@type":"ListItem","position":2,"name":"Boutique","item":"https:\/\/platyphoto.com\/boutique\/"},{"@type":"ListItem","position":3,"name":"Hoya 27mm filtre skylight"}]},{"@type":"WebSite","@id":"https:\/\/platyphoto.com\/#website","url":"https:\/\/platyphoto.com\/","name":"Platyphoto","description":"Appareils photos argentiques, objectifs et accessoires de qualit\u00e9.","publisher":{"@id":"https:\/\/platyphoto.com\/#organization"},"potentialAction":[{"@type":"SearchAction","target":{"@type":"EntryPoint","urlTemplate":"https:\/\/platyphoto.com\/?s={search_term_string}"},"query-input":{"@type":"PropertyValueSpecification","valueRequired":true,"valueName":"search_term_string"}}],"inLanguage":"en-US"},{"@type":"Organization","@id":"https:\/\/platyphoto.com\/#organization","name":"Platyphoto","alternateName":"Platyphoto","url":"https:\/\/platyphoto.com\/","logo":{"@type":"ImageObject","inLanguage":"en-US","@id":"https:\/\/platyphoto.com\/#\/schema\/logo\/image\/","url":"https:\/\/i0.wp.com\/platyphoto.com\/wp-content\/uploads\/2020\/11\/cropped-header.jpg?fit=1500%2C282&ssl=1","contentUrl":"https:\/\/i0.wp.com\/platyphoto.com\/wp-content\/uploads\/2020\/11\/cropped-header.jpg?fit=1500%2C282&ssl=1","width":1500,"height":282,"caption":"Platyphoto"},"image":{"@id":"https:\/\/platyphoto.com\/#\/schema\/logo\/image\/"},"sameAs":["https:\/\/www.instagram.com\/platyphoto\/"]}]}},"jetpack_publicize_connections":[],"jetpack_likes_enabled":false,"jetpack_sharing_enabled":true,"_links":{"self":[{"href":"https:\/\/platyphoto.com\/en\/wp-json\/wp\/v2\/product\/17785","targetHints":{"allow":["GET"]}}],"collection":[{"href":"https:\/\/platyphoto.com\/en\/wp-json\/wp\/v2\/product"}],"about":[{"href":"https:\/\/platyphoto.com\/en\/wp-json\/wp\/v2\/types\/product"}],"wp:featuredmedia":[{"embeddable":true,"href":"https:\/\/platyphoto.com\/en\/wp-json\/wp\/v2\/media\/17786"}],"wp:attachment":[{"href":"https:\/\/platyphoto.com\/en\/wp-json\/wp\/v2\/media?parent=17785"}],"wp:term":[{"taxonomy":"product_brand","embeddable":true,"href":"https:\/\/platyphoto.com\/en\/wp-json\/wp\/v2\/product_brand?post=17785"},{"taxonomy":"product_cat","embeddable":true,"href":"https:\/\/platyphoto.com\/en\/wp-json\/wp\/v2\/product_cat?post=17785"},{"taxonomy":"product_tag","embeddable":true,"href":"https:\/\/platyphoto.com\/en\/wp-json\/wp\/v2\/product_tag?post=17785"}],"curies":[{"name":"wp","href":"https:\/\/api.w.org\/{rel}","templated":true}]}}