{"id":18071,"date":"2025-10-15T08:50:43","date_gmt":"2025-10-15T06:50:43","guid":{"rendered":"https:\/\/platyphoto.com\/?post_type=product&#038;p=18071"},"modified":"2025-11-30T11:44:03","modified_gmt":"2025-11-30T10:44:03","slug":"revise-cla-canon-canonet-28-40mm-f2-8-9","status":"publish","type":"product","link":"https:\/\/platyphoto.com\/en\/product\/revise-cla-canon-canonet-28-40mm-f2-8-9\/","title":{"rendered":"REVISE  (CLA)- Canon Canonet 28 40mm F:2.8"},"content":{"rendered":"<p>Boitier : Canon Canonet 28<\/p>\n<p>Objectif (fixe) : 40mm F:2.8<\/p>\n<p>Ann\u00e9e de production : A partir de 1971<\/p>\n<p>Cellule : Oui<\/p>\n<p>Piles : 1 x type PX625 1.5v<\/p>\n<p>Indice de raret\u00e9 : Courant<\/p>\n<p>Un classique dans le domaine, un Best-Seller chez Platyphoto ! Et pour cause ! Ce petit appareil photo argentique t\u00e9l\u00e9m\u00e9trique \u00e0 tout de l\u2019appareil parfait pour ne pas se prendre la t\u00eate et shooter des images de qualit\u00e9s.<\/p>\n<p>Il fonctionne en full auto, l\u2019appareil vous dit dans le viseur quelle vitesse il choisit. Un mode flash est pr\u00e9sent o\u00f9 vous pourrez choisir la valeur du diaphragme, la vitesse sera alors bloqu\u00e9e \u00e0 1\/30e (vitesse synchro flash), attention, ce n\u2019est pas un mode manuel !<\/p>\n<p><strong>L\u2019appareil a \u00e9t\u00e9 enti\u00e8rement r\u00e9vis\u00e9 :<\/strong><\/p>\n<p>-Mousses chang\u00e9es<\/p>\n<p>-viseur nettoy\u00e9, lubrification syst\u00e8me t\u00e9l\u00e9m\u00e8tre, ajustement.<\/p>\n<p>-lubrification vitesses &amp; retardateur<\/p>\n<p>-cellule convertie 1.5v<\/p>\n<p>-mise au point enti\u00e8rement d\u00e9mont\u00e9e, nettoy\u00e9e et lubrifi\u00e9e<\/p>\n<p>-objectif nettoy\u00e9, mise au point contr\u00f4l\u00e9e et ajust\u00e9e<\/p>\n<p>-Nettoyage interne et externe divers..<\/p>\n<p>100% fonctionnel, vendu avec 1 an de garantie, <strong>vendu sans pile<\/strong>. Quelques traces d&rsquo;usages voir photos.<\/p>\n<p>Iso max 400.<\/p>\n<p><strong>Concernant l&rsquo;\u00e9tat :<\/strong><\/p>\n<p>Boitier : 8,5\/10, l\u00e9g\u00e8res traces d&rsquo;usages sur le boitier<\/p>\n<p>Optique : 9\/10, pr\u00e9sence de quelques micro poussi\u00e8res<\/p>\n<p>M\u00e9canique : 10\/10, appareil r\u00e9vis\u00e9, 100% fonctionnel.<\/p>","protected":false},"excerpt":{"rendered":"<p>Boitier : Canon Canonet 28 Objectif (fixe) : 40mm F:2.8 Ann\u00e9e de production : A partir de 1971 Cellule : Oui Piles : 1 x type PX625 1.5v Indice de raret\u00e9 : Courant Un classique dans le domaine, un Best-Seller chez Platyphoto ! Et pour cause ! Ce petit appareil photo argentique t\u00e9l\u00e9m\u00e9trique \u00e0 tout [&hellip;]<\/p>\n","protected":false},"featured_media":18075,"template":"","meta":{"_coblocks_attr":"","_coblocks_dimensions":"","_coblocks_responsive_height":"","_coblocks_accordion_ie_support":"","_crdt_document":"","jetpack_post_was_ever_published":false,"jetpack_publicize_message":"","jetpack_publicize_feature_enabled":true,"jetpack_social_post_already_shared":true,"jetpack_social_options":{"image_generator_settings":{"template":"highway","default_image_id":0,"font":"","enabled":false},"version":2},"_wpas_customize_per_network":false},"product_brand":[],"product_cat":[6353,6349,6357],"product_tag":[],"class_list":{"0":"post-18071","1":"product","2":"type-product","3":"status-publish","4":"has-post-thumbnail","6":"product_cat-24x36","7":"product_cat-appareils","8":"product_cat-telemetriques","10":"first","11":"outofstock","12":"shipping-taxable","13":"purchasable","14":"product-type-simple"},"yoast_head":"<!-- This site is optimized with the Yoast SEO plugin v27.3 - https:\/\/yoast.com\/product\/yoast-seo-wordpress\/ -->\n<title>REVISE (CLA)- Canon Canonet 28 40mm F:2.8 - Platyphoto<\/title>\n<meta name=\"description\" content=\"Un classique dans le domaine, Canonet 28 ! Et pour cause ! Ce petit appareil photo argentique t\u00e9l\u00e9m\u00e9trique \u00e0 tout de l\u2019appareil parfait pour ne pas se prendre la t\u00eate et shooter des images de qualit\u00e9s.\" \/>\n<meta name=\"robots\" content=\"index, follow, max-snippet:-1, max-image-preview:large, max-video-preview:-1\" \/>\n<link rel=\"canonical\" href=\"https:\/\/platyphoto.com\/en\/product\/revise-cla-canon-canonet-28-40mm-f2-8-9\/\" \/>\n<meta property=\"og:locale\" content=\"en_US\" \/>\n<meta property=\"og:type\" content=\"article\" \/>\n<meta property=\"og:title\" content=\"REVISE (CLA)- Canon Canonet 28 40mm F:2.8 - Platyphoto\" \/>\n<meta property=\"og:description\" content=\"Un classique dans le domaine, Canonet 28 ! Et pour cause ! Ce petit appareil photo argentique t\u00e9l\u00e9m\u00e9trique \u00e0 tout de l\u2019appareil parfait pour ne pas se prendre la t\u00eate et shooter des images de qualit\u00e9s.\" \/>\n<meta property=\"og:url\" content=\"https:\/\/platyphoto.com\/en\/product\/revise-cla-canon-canonet-28-40mm-f2-8-9\/\" \/>\n<meta property=\"og:site_name\" content=\"Platyphoto\" \/>\n<meta property=\"article:modified_time\" content=\"2025-11-30T10:44:03+00:00\" \/>\n<meta property=\"og:image\" content=\"https:\/\/platyphoto.com\/wp-content\/uploads\/2025\/10\/Canonet-28-12-1024x680.jpg\" \/>\n\t<meta property=\"og:image:width\" content=\"1024\" \/>\n\t<meta property=\"og:image:height\" content=\"680\" \/>\n\t<meta property=\"og:image:type\" content=\"image\/jpeg\" \/>\n<meta name=\"twitter:card\" content=\"summary_large_image\" \/>\n<meta name=\"twitter:label1\" content=\"Est. reading time\" \/>\n\t<meta name=\"twitter:data1\" content=\"2 minutes\" \/>\n<script type=\"application\/ld+json\" class=\"yoast-schema-graph\">{\"@context\":\"https:\\\/\\\/schema.org\",\"@graph\":[{\"@type\":\"WebPage\",\"@id\":\"https:\\\/\\\/platyphoto.com\\\/produit\\\/revise-cla-canon-canonet-28-40mm-f2-8-9\\\/\",\"url\":\"https:\\\/\\\/platyphoto.com\\\/produit\\\/revise-cla-canon-canonet-28-40mm-f2-8-9\\\/\",\"name\":\"REVISE (CLA)- Canon Canonet 28 40mm F:2.8 - Platyphoto\",\"isPartOf\":{\"@id\":\"https:\\\/\\\/platyphoto.com\\\/#website\"},\"primaryImageOfPage\":{\"@id\":\"https:\\\/\\\/platyphoto.com\\\/produit\\\/revise-cla-canon-canonet-28-40mm-f2-8-9\\\/#primaryimage\"},\"image\":{\"@id\":\"https:\\\/\\\/platyphoto.com\\\/produit\\\/revise-cla-canon-canonet-28-40mm-f2-8-9\\\/#primaryimage\"},\"thumbnailUrl\":\"https:\\\/\\\/i0.wp.com\\\/platyphoto.com\\\/wp-content\\\/uploads\\\/2025\\\/10\\\/Canonet-28-12.jpg?fit=3719%2C2471&ssl=1\",\"datePublished\":\"2025-10-15T06:50:43+00:00\",\"dateModified\":\"2025-11-30T10:44:03+00:00\",\"description\":\"Un classique dans le domaine, Canonet 28 ! Et pour cause ! Ce petit appareil photo argentique t\u00e9l\u00e9m\u00e9trique \u00e0 tout de l\u2019appareil parfait pour ne pas se prendre la t\u00eate et shooter des images de qualit\u00e9s.\",\"breadcrumb\":{\"@id\":\"https:\\\/\\\/platyphoto.com\\\/produit\\\/revise-cla-canon-canonet-28-40mm-f2-8-9\\\/#breadcrumb\"},\"inLanguage\":\"en-US\",\"potentialAction\":[{\"@type\":\"ReadAction\",\"target\":[\"https:\\\/\\\/platyphoto.com\\\/produit\\\/revise-cla-canon-canonet-28-40mm-f2-8-9\\\/\"]}]},{\"@type\":\"ImageObject\",\"inLanguage\":\"en-US\",\"@id\":\"https:\\\/\\\/platyphoto.com\\\/produit\\\/revise-cla-canon-canonet-28-40mm-f2-8-9\\\/#primaryimage\",\"url\":\"https:\\\/\\\/i0.wp.com\\\/platyphoto.com\\\/wp-content\\\/uploads\\\/2025\\\/10\\\/Canonet-28-12.jpg?fit=3719%2C2471&ssl=1\",\"contentUrl\":\"https:\\\/\\\/i0.wp.com\\\/platyphoto.com\\\/wp-content\\\/uploads\\\/2025\\\/10\\\/Canonet-28-12.jpg?fit=3719%2C2471&ssl=1\",\"width\":3719,\"height\":2471,\"caption\":\"REVISE (CLA)- Canon Canonet 28 40mm F:2.8\"},{\"@type\":\"BreadcrumbList\",\"@id\":\"https:\\\/\\\/platyphoto.com\\\/produit\\\/revise-cla-canon-canonet-28-40mm-f2-8-9\\\/#breadcrumb\",\"itemListElement\":[{\"@type\":\"ListItem\",\"position\":1,\"name\":\"Accueil\",\"item\":\"https:\\\/\\\/platyphoto.com\\\/\"},{\"@type\":\"ListItem\",\"position\":2,\"name\":\"Boutique\",\"item\":\"https:\\\/\\\/platyphoto.com\\\/boutique\\\/\"},{\"@type\":\"ListItem\",\"position\":3,\"name\":\"REVISE (CLA)- Canon Canonet 28 40mm F:2.8\"}]},{\"@type\":\"WebSite\",\"@id\":\"https:\\\/\\\/platyphoto.com\\\/#website\",\"url\":\"https:\\\/\\\/platyphoto.com\\\/\",\"name\":\"Platyphoto\",\"description\":\"Appareils photos argentiques, objectifs et accessoires de qualit\u00e9.\",\"publisher\":{\"@id\":\"https:\\\/\\\/platyphoto.com\\\/#organization\"},\"potentialAction\":[{\"@type\":\"SearchAction\",\"target\":{\"@type\":\"EntryPoint\",\"urlTemplate\":\"https:\\\/\\\/platyphoto.com\\\/?s={search_term_string}\"},\"query-input\":{\"@type\":\"PropertyValueSpecification\",\"valueRequired\":true,\"valueName\":\"search_term_string\"}}],\"inLanguage\":\"en-US\"},{\"@type\":\"Organization\",\"@id\":\"https:\\\/\\\/platyphoto.com\\\/#organization\",\"name\":\"Platyphoto\",\"alternateName\":\"Platyphoto\",\"url\":\"https:\\\/\\\/platyphoto.com\\\/\",\"logo\":{\"@type\":\"ImageObject\",\"inLanguage\":\"en-US\",\"@id\":\"https:\\\/\\\/platyphoto.com\\\/#\\\/schema\\\/logo\\\/image\\\/\",\"url\":\"https:\\\/\\\/i0.wp.com\\\/platyphoto.com\\\/wp-content\\\/uploads\\\/2020\\\/11\\\/cropped-header.jpg?fit=1500%2C282&ssl=1\",\"contentUrl\":\"https:\\\/\\\/i0.wp.com\\\/platyphoto.com\\\/wp-content\\\/uploads\\\/2020\\\/11\\\/cropped-header.jpg?fit=1500%2C282&ssl=1\",\"width\":1500,\"height\":282,\"caption\":\"Platyphoto\"},\"image\":{\"@id\":\"https:\\\/\\\/platyphoto.com\\\/#\\\/schema\\\/logo\\\/image\\\/\"},\"sameAs\":[\"https:\\\/\\\/www.instagram.com\\\/platyphoto\\\/\"]}]}<\/script>\n<!-- \/ Yoast SEO plugin. -->","yoast_head_json":{"title":"REVISE (CLA)- Canon Canonet 28 40mm F:2.8 - Platyphoto","description":"Un classique dans le domaine, Canonet 28 ! Et pour cause ! Ce petit appareil photo argentique t\u00e9l\u00e9m\u00e9trique \u00e0 tout de l\u2019appareil parfait pour ne pas se prendre la t\u00eate et shooter des images de qualit\u00e9s.","robots":{"index":"index","follow":"follow","max-snippet":"max-snippet:-1","max-image-preview":"max-image-preview:large","max-video-preview":"max-video-preview:-1"},"canonical":"https:\/\/platyphoto.com\/en\/product\/revise-cla-canon-canonet-28-40mm-f2-8-9\/","og_locale":"en_US","og_type":"article","og_title":"REVISE (CLA)- Canon Canonet 28 40mm F:2.8 - Platyphoto","og_description":"Un classique dans le domaine, Canonet 28 ! Et pour cause ! Ce petit appareil photo argentique t\u00e9l\u00e9m\u00e9trique \u00e0 tout de l\u2019appareil parfait pour ne pas se prendre la t\u00eate et shooter des images de qualit\u00e9s.","og_url":"https:\/\/platyphoto.com\/en\/product\/revise-cla-canon-canonet-28-40mm-f2-8-9\/","og_site_name":"Platyphoto","article_modified_time":"2025-11-30T10:44:03+00:00","og_image":[{"width":1024,"height":680,"url":"https:\/\/platyphoto.com\/wp-content\/uploads\/2025\/10\/Canonet-28-12-1024x680.jpg","type":"image\/jpeg"}],"twitter_card":"summary_large_image","twitter_misc":{"Est. reading time":"2 minutes"},"schema":{"@context":"https:\/\/schema.org","@graph":[{"@type":"WebPage","@id":"https:\/\/platyphoto.com\/produit\/revise-cla-canon-canonet-28-40mm-f2-8-9\/","url":"https:\/\/platyphoto.com\/produit\/revise-cla-canon-canonet-28-40mm-f2-8-9\/","name":"REVISE (CLA)- Canon Canonet 28 40mm F:2.8 - Platyphoto","isPartOf":{"@id":"https:\/\/platyphoto.com\/#website"},"primaryImageOfPage":{"@id":"https:\/\/platyphoto.com\/produit\/revise-cla-canon-canonet-28-40mm-f2-8-9\/#primaryimage"},"image":{"@id":"https:\/\/platyphoto.com\/produit\/revise-cla-canon-canonet-28-40mm-f2-8-9\/#primaryimage"},"thumbnailUrl":"https:\/\/i0.wp.com\/platyphoto.com\/wp-content\/uploads\/2025\/10\/Canonet-28-12.jpg?fit=3719%2C2471&ssl=1","datePublished":"2025-10-15T06:50:43+00:00","dateModified":"2025-11-30T10:44:03+00:00","description":"Un classique dans le domaine, Canonet 28 ! Et pour cause ! Ce petit appareil photo argentique t\u00e9l\u00e9m\u00e9trique \u00e0 tout de l\u2019appareil parfait pour ne pas se prendre la t\u00eate et shooter des images de qualit\u00e9s.","breadcrumb":{"@id":"https:\/\/platyphoto.com\/produit\/revise-cla-canon-canonet-28-40mm-f2-8-9\/#breadcrumb"},"inLanguage":"en-US","potentialAction":[{"@type":"ReadAction","target":["https:\/\/platyphoto.com\/produit\/revise-cla-canon-canonet-28-40mm-f2-8-9\/"]}]},{"@type":"ImageObject","inLanguage":"en-US","@id":"https:\/\/platyphoto.com\/produit\/revise-cla-canon-canonet-28-40mm-f2-8-9\/#primaryimage","url":"https:\/\/i0.wp.com\/platyphoto.com\/wp-content\/uploads\/2025\/10\/Canonet-28-12.jpg?fit=3719%2C2471&ssl=1","contentUrl":"https:\/\/i0.wp.com\/platyphoto.com\/wp-content\/uploads\/2025\/10\/Canonet-28-12.jpg?fit=3719%2C2471&ssl=1","width":3719,"height":2471,"caption":"REVISE (CLA)- Canon Canonet 28 40mm F:2.8"},{"@type":"BreadcrumbList","@id":"https:\/\/platyphoto.com\/produit\/revise-cla-canon-canonet-28-40mm-f2-8-9\/#breadcrumb","itemListElement":[{"@type":"ListItem","position":1,"name":"Accueil","item":"https:\/\/platyphoto.com\/"},{"@type":"ListItem","position":2,"name":"Boutique","item":"https:\/\/platyphoto.com\/boutique\/"},{"@type":"ListItem","position":3,"name":"REVISE (CLA)- Canon Canonet 28 40mm F:2.8"}]},{"@type":"WebSite","@id":"https:\/\/platyphoto.com\/#website","url":"https:\/\/platyphoto.com\/","name":"Platyphoto","description":"Appareils photos argentiques, objectifs et accessoires de qualit\u00e9.","publisher":{"@id":"https:\/\/platyphoto.com\/#organization"},"potentialAction":[{"@type":"SearchAction","target":{"@type":"EntryPoint","urlTemplate":"https:\/\/platyphoto.com\/?s={search_term_string}"},"query-input":{"@type":"PropertyValueSpecification","valueRequired":true,"valueName":"search_term_string"}}],"inLanguage":"en-US"},{"@type":"Organization","@id":"https:\/\/platyphoto.com\/#organization","name":"Platyphoto","alternateName":"Platyphoto","url":"https:\/\/platyphoto.com\/","logo":{"@type":"ImageObject","inLanguage":"en-US","@id":"https:\/\/platyphoto.com\/#\/schema\/logo\/image\/","url":"https:\/\/i0.wp.com\/platyphoto.com\/wp-content\/uploads\/2020\/11\/cropped-header.jpg?fit=1500%2C282&ssl=1","contentUrl":"https:\/\/i0.wp.com\/platyphoto.com\/wp-content\/uploads\/2020\/11\/cropped-header.jpg?fit=1500%2C282&ssl=1","width":1500,"height":282,"caption":"Platyphoto"},"image":{"@id":"https:\/\/platyphoto.com\/#\/schema\/logo\/image\/"},"sameAs":["https:\/\/www.instagram.com\/platyphoto\/"]}]}},"jetpack_publicize_connections":[],"jetpack_likes_enabled":false,"jetpack_sharing_enabled":true,"_links":{"self":[{"href":"https:\/\/platyphoto.com\/en\/wp-json\/wp\/v2\/product\/18071","targetHints":{"allow":["GET"]}}],"collection":[{"href":"https:\/\/platyphoto.com\/en\/wp-json\/wp\/v2\/product"}],"about":[{"href":"https:\/\/platyphoto.com\/en\/wp-json\/wp\/v2\/types\/product"}],"wp:featuredmedia":[{"embeddable":true,"href":"https:\/\/platyphoto.com\/en\/wp-json\/wp\/v2\/media\/18075"}],"wp:attachment":[{"href":"https:\/\/platyphoto.com\/en\/wp-json\/wp\/v2\/media?parent=18071"}],"wp:term":[{"taxonomy":"product_brand","embeddable":true,"href":"https:\/\/platyphoto.com\/en\/wp-json\/wp\/v2\/product_brand?post=18071"},{"taxonomy":"product_cat","embeddable":true,"href":"https:\/\/platyphoto.com\/en\/wp-json\/wp\/v2\/product_cat?post=18071"},{"taxonomy":"product_tag","embeddable":true,"href":"https:\/\/platyphoto.com\/en\/wp-json\/wp\/v2\/product_tag?post=18071"}],"curies":[{"name":"wp","href":"https:\/\/api.w.org\/{rel}","templated":true}]}}