{"id":18093,"date":"2025-10-16T08:17:05","date_gmt":"2025-10-16T06:17:05","guid":{"rendered":"https:\/\/platyphoto.com\/?post_type=product&#038;p=18093"},"modified":"2025-10-16T08:19:55","modified_gmt":"2025-10-16T06:19:55","slug":"m42-pentax-super-takumar-20mm-f4-5","status":"publish","type":"product","link":"https:\/\/platyphoto.com\/en\/product\/m42-pentax-super-takumar-20mm-f4-5\/","title":{"rendered":"M42 Pentax Super-Takumar 20mm F:4.5"},"content":{"rendered":"<p><strong>Marque<\/strong> : Asahi Pentax<\/p>\n<p><strong>Mod\u00e8le<\/strong> : Super-Takumar 20mm F:4.5<\/p>\n<p><strong>Monture :<\/strong> M42<\/p>\n<div id=\"ds_div\">\n<div><span style=\"font-size: large;\"><span style=\"font-family: Arial;\">Objectif tr\u00e8s grand angle en monture M42 Super-Takumar 20mm F:4.5, optique de qualit\u00e9.<\/span><\/span><\/div>\n<div><\/div>\n<div><\/div>\n<\/div>\n<div>\n<p><strong>Concernant l\u2019\u00e9tat :<\/strong><\/p>\n<p>Exterieur : 8,5\/10, traces d\u2019usages<\/p>\n<p>Optique : 6,5\/10, pr\u00e9sence de quelques micro poussi\u00e8res, sans incidence sur la qualit\u00e9 des images, pr\u00e9sence de quelques rayures et traces d&rsquo;usages sur la lentille frontale.<\/p>\n<p>M\u00e9canique : 10\/10, 100% fonctionnel, mise au point fluide, diaphragme ok.<\/p>\n<\/div>\n<p>&nbsp;<\/p>\n<p>&nbsp;<\/p>","protected":false},"excerpt":{"rendered":"<p>Marque : Asahi Pentax Mod\u00e8le : Super-Takumar 20mm F:4.5 Monture : M42 Objectif tr\u00e8s grand angle en monture M42 Super-Takumar 20mm F:4.5, optique de qualit\u00e9. Concernant l\u2019\u00e9tat : Exterieur : 8,5\/10, traces d\u2019usages Optique : 6,5\/10, pr\u00e9sence de quelques micro poussi\u00e8res, sans incidence sur la qualit\u00e9 des images, pr\u00e9sence de quelques rayures et traces d&rsquo;usages [&hellip;]<\/p>\n","protected":false},"featured_media":18097,"template":"","meta":{"_coblocks_attr":"","_coblocks_dimensions":"","_coblocks_responsive_height":"","_coblocks_accordion_ie_support":"","_crdt_document":"","jetpack_post_was_ever_published":false,"jetpack_publicize_message":"","jetpack_publicize_feature_enabled":true,"jetpack_social_post_already_shared":true,"jetpack_social_options":{"image_generator_settings":{"template":"highway","default_image_id":0,"font":"","enabled":false},"version":2},"_wpas_customize_per_network":false},"product_brand":[],"product_cat":[6367,6366],"product_tag":[],"class_list":{"0":"post-18093","1":"product","2":"type-product","3":"status-publish","4":"has-post-thumbnail","6":"product_cat-m42","7":"product_cat-objectifs","9":"first","10":"instock","11":"shipping-taxable","12":"purchasable","13":"product-type-simple"},"yoast_head":"<!-- This site is optimized with the Yoast SEO plugin v27.3 - https:\/\/yoast.com\/product\/yoast-seo-wordpress\/ -->\n<title>M42 Pentax Super-Takumar 20mm F:4.5 - Platyphoto<\/title>\n<meta name=\"description\" content=\"Objectif tr\u00e8s grand angle en monture M42 Super-Takumar 20mm F:4.5, optique de qualit\u00e9.\" \/>\n<meta name=\"robots\" content=\"index, follow, max-snippet:-1, max-image-preview:large, max-video-preview:-1\" \/>\n<link rel=\"canonical\" href=\"https:\/\/platyphoto.com\/en\/product\/m42-pentax-super-takumar-20mm-f4-5\/\" \/>\n<meta property=\"og:locale\" content=\"en_US\" \/>\n<meta property=\"og:type\" content=\"article\" \/>\n<meta property=\"og:title\" content=\"M42 Pentax Super-Takumar 20mm F:4.5 - Platyphoto\" \/>\n<meta property=\"og:description\" content=\"Objectif tr\u00e8s grand angle en monture M42 Super-Takumar 20mm F:4.5, optique de qualit\u00e9.\" \/>\n<meta property=\"og:url\" content=\"https:\/\/platyphoto.com\/en\/product\/m42-pentax-super-takumar-20mm-f4-5\/\" \/>\n<meta property=\"og:site_name\" content=\"Platyphoto\" \/>\n<meta property=\"article:modified_time\" content=\"2025-10-16T06:19:55+00:00\" \/>\n<meta property=\"og:image\" content=\"https:\/\/platyphoto.com\/wp-content\/uploads\/2025\/10\/Takumar-20mm-1024x680.jpg\" \/>\n\t<meta property=\"og:image:width\" content=\"1024\" \/>\n\t<meta property=\"og:image:height\" content=\"680\" \/>\n\t<meta property=\"og:image:type\" content=\"image\/jpeg\" \/>\n<meta name=\"twitter:card\" content=\"summary_large_image\" \/>\n<meta name=\"twitter:label1\" content=\"Est. reading time\" \/>\n\t<meta name=\"twitter:data1\" content=\"1 minute\" \/>\n<script type=\"application\/ld+json\" class=\"yoast-schema-graph\">{\"@context\":\"https:\\\/\\\/schema.org\",\"@graph\":[{\"@type\":\"WebPage\",\"@id\":\"https:\\\/\\\/platyphoto.com\\\/produit\\\/m42-pentax-super-takumar-20mm-f4-5\\\/\",\"url\":\"https:\\\/\\\/platyphoto.com\\\/produit\\\/m42-pentax-super-takumar-20mm-f4-5\\\/\",\"name\":\"M42 Pentax Super-Takumar 20mm F:4.5 - Platyphoto\",\"isPartOf\":{\"@id\":\"https:\\\/\\\/platyphoto.com\\\/#website\"},\"primaryImageOfPage\":{\"@id\":\"https:\\\/\\\/platyphoto.com\\\/produit\\\/m42-pentax-super-takumar-20mm-f4-5\\\/#primaryimage\"},\"image\":{\"@id\":\"https:\\\/\\\/platyphoto.com\\\/produit\\\/m42-pentax-super-takumar-20mm-f4-5\\\/#primaryimage\"},\"thumbnailUrl\":\"https:\\\/\\\/i0.wp.com\\\/platyphoto.com\\\/wp-content\\\/uploads\\\/2025\\\/10\\\/Takumar-20mm.jpg?fit=4075%2C2708&ssl=1\",\"datePublished\":\"2025-10-16T06:17:05+00:00\",\"dateModified\":\"2025-10-16T06:19:55+00:00\",\"description\":\"Objectif tr\u00e8s grand angle en monture M42 Super-Takumar 20mm F:4.5, optique de qualit\u00e9.\",\"breadcrumb\":{\"@id\":\"https:\\\/\\\/platyphoto.com\\\/produit\\\/m42-pentax-super-takumar-20mm-f4-5\\\/#breadcrumb\"},\"inLanguage\":\"en-US\",\"potentialAction\":[{\"@type\":\"ReadAction\",\"target\":[\"https:\\\/\\\/platyphoto.com\\\/produit\\\/m42-pentax-super-takumar-20mm-f4-5\\\/\"]}]},{\"@type\":\"ImageObject\",\"inLanguage\":\"en-US\",\"@id\":\"https:\\\/\\\/platyphoto.com\\\/produit\\\/m42-pentax-super-takumar-20mm-f4-5\\\/#primaryimage\",\"url\":\"https:\\\/\\\/i0.wp.com\\\/platyphoto.com\\\/wp-content\\\/uploads\\\/2025\\\/10\\\/Takumar-20mm.jpg?fit=4075%2C2708&ssl=1\",\"contentUrl\":\"https:\\\/\\\/i0.wp.com\\\/platyphoto.com\\\/wp-content\\\/uploads\\\/2025\\\/10\\\/Takumar-20mm.jpg?fit=4075%2C2708&ssl=1\",\"width\":4075,\"height\":2708,\"caption\":\"M42 Pentax Super-Takumar 20mm F:4.5\"},{\"@type\":\"BreadcrumbList\",\"@id\":\"https:\\\/\\\/platyphoto.com\\\/produit\\\/m42-pentax-super-takumar-20mm-f4-5\\\/#breadcrumb\",\"itemListElement\":[{\"@type\":\"ListItem\",\"position\":1,\"name\":\"Accueil\",\"item\":\"https:\\\/\\\/platyphoto.com\\\/\"},{\"@type\":\"ListItem\",\"position\":2,\"name\":\"Boutique\",\"item\":\"https:\\\/\\\/platyphoto.com\\\/boutique\\\/\"},{\"@type\":\"ListItem\",\"position\":3,\"name\":\"M42 Pentax Super-Takumar 20mm F:4.5\"}]},{\"@type\":\"WebSite\",\"@id\":\"https:\\\/\\\/platyphoto.com\\\/#website\",\"url\":\"https:\\\/\\\/platyphoto.com\\\/\",\"name\":\"Platyphoto\",\"description\":\"Appareils photos argentiques, objectifs et accessoires de qualit\u00e9.\",\"publisher\":{\"@id\":\"https:\\\/\\\/platyphoto.com\\\/#organization\"},\"potentialAction\":[{\"@type\":\"SearchAction\",\"target\":{\"@type\":\"EntryPoint\",\"urlTemplate\":\"https:\\\/\\\/platyphoto.com\\\/?s={search_term_string}\"},\"query-input\":{\"@type\":\"PropertyValueSpecification\",\"valueRequired\":true,\"valueName\":\"search_term_string\"}}],\"inLanguage\":\"en-US\"},{\"@type\":\"Organization\",\"@id\":\"https:\\\/\\\/platyphoto.com\\\/#organization\",\"name\":\"Platyphoto\",\"alternateName\":\"Platyphoto\",\"url\":\"https:\\\/\\\/platyphoto.com\\\/\",\"logo\":{\"@type\":\"ImageObject\",\"inLanguage\":\"en-US\",\"@id\":\"https:\\\/\\\/platyphoto.com\\\/#\\\/schema\\\/logo\\\/image\\\/\",\"url\":\"https:\\\/\\\/i0.wp.com\\\/platyphoto.com\\\/wp-content\\\/uploads\\\/2020\\\/11\\\/cropped-header.jpg?fit=1500%2C282&ssl=1\",\"contentUrl\":\"https:\\\/\\\/i0.wp.com\\\/platyphoto.com\\\/wp-content\\\/uploads\\\/2020\\\/11\\\/cropped-header.jpg?fit=1500%2C282&ssl=1\",\"width\":1500,\"height\":282,\"caption\":\"Platyphoto\"},\"image\":{\"@id\":\"https:\\\/\\\/platyphoto.com\\\/#\\\/schema\\\/logo\\\/image\\\/\"},\"sameAs\":[\"https:\\\/\\\/www.instagram.com\\\/platyphoto\\\/\"]}]}<\/script>\n<!-- \/ Yoast SEO plugin. -->","yoast_head_json":{"title":"M42 Pentax Super-Takumar 20mm F:4.5 - Platyphoto","description":"Objectif tr\u00e8s grand angle en monture M42 Super-Takumar 20mm F:4.5, optique de qualit\u00e9.","robots":{"index":"index","follow":"follow","max-snippet":"max-snippet:-1","max-image-preview":"max-image-preview:large","max-video-preview":"max-video-preview:-1"},"canonical":"https:\/\/platyphoto.com\/en\/product\/m42-pentax-super-takumar-20mm-f4-5\/","og_locale":"en_US","og_type":"article","og_title":"M42 Pentax Super-Takumar 20mm F:4.5 - Platyphoto","og_description":"Objectif tr\u00e8s grand angle en monture M42 Super-Takumar 20mm F:4.5, optique de qualit\u00e9.","og_url":"https:\/\/platyphoto.com\/en\/product\/m42-pentax-super-takumar-20mm-f4-5\/","og_site_name":"Platyphoto","article_modified_time":"2025-10-16T06:19:55+00:00","og_image":[{"width":1024,"height":680,"url":"https:\/\/platyphoto.com\/wp-content\/uploads\/2025\/10\/Takumar-20mm-1024x680.jpg","type":"image\/jpeg"}],"twitter_card":"summary_large_image","twitter_misc":{"Est. reading time":"1 minute"},"schema":{"@context":"https:\/\/schema.org","@graph":[{"@type":"WebPage","@id":"https:\/\/platyphoto.com\/produit\/m42-pentax-super-takumar-20mm-f4-5\/","url":"https:\/\/platyphoto.com\/produit\/m42-pentax-super-takumar-20mm-f4-5\/","name":"M42 Pentax Super-Takumar 20mm F:4.5 - Platyphoto","isPartOf":{"@id":"https:\/\/platyphoto.com\/#website"},"primaryImageOfPage":{"@id":"https:\/\/platyphoto.com\/produit\/m42-pentax-super-takumar-20mm-f4-5\/#primaryimage"},"image":{"@id":"https:\/\/platyphoto.com\/produit\/m42-pentax-super-takumar-20mm-f4-5\/#primaryimage"},"thumbnailUrl":"https:\/\/i0.wp.com\/platyphoto.com\/wp-content\/uploads\/2025\/10\/Takumar-20mm.jpg?fit=4075%2C2708&ssl=1","datePublished":"2025-10-16T06:17:05+00:00","dateModified":"2025-10-16T06:19:55+00:00","description":"Objectif tr\u00e8s grand angle en monture M42 Super-Takumar 20mm F:4.5, optique de qualit\u00e9.","breadcrumb":{"@id":"https:\/\/platyphoto.com\/produit\/m42-pentax-super-takumar-20mm-f4-5\/#breadcrumb"},"inLanguage":"en-US","potentialAction":[{"@type":"ReadAction","target":["https:\/\/platyphoto.com\/produit\/m42-pentax-super-takumar-20mm-f4-5\/"]}]},{"@type":"ImageObject","inLanguage":"en-US","@id":"https:\/\/platyphoto.com\/produit\/m42-pentax-super-takumar-20mm-f4-5\/#primaryimage","url":"https:\/\/i0.wp.com\/platyphoto.com\/wp-content\/uploads\/2025\/10\/Takumar-20mm.jpg?fit=4075%2C2708&ssl=1","contentUrl":"https:\/\/i0.wp.com\/platyphoto.com\/wp-content\/uploads\/2025\/10\/Takumar-20mm.jpg?fit=4075%2C2708&ssl=1","width":4075,"height":2708,"caption":"M42 Pentax Super-Takumar 20mm F:4.5"},{"@type":"BreadcrumbList","@id":"https:\/\/platyphoto.com\/produit\/m42-pentax-super-takumar-20mm-f4-5\/#breadcrumb","itemListElement":[{"@type":"ListItem","position":1,"name":"Accueil","item":"https:\/\/platyphoto.com\/"},{"@type":"ListItem","position":2,"name":"Boutique","item":"https:\/\/platyphoto.com\/boutique\/"},{"@type":"ListItem","position":3,"name":"M42 Pentax Super-Takumar 20mm F:4.5"}]},{"@type":"WebSite","@id":"https:\/\/platyphoto.com\/#website","url":"https:\/\/platyphoto.com\/","name":"Platyphoto","description":"Appareils photos argentiques, objectifs et accessoires de qualit\u00e9.","publisher":{"@id":"https:\/\/platyphoto.com\/#organization"},"potentialAction":[{"@type":"SearchAction","target":{"@type":"EntryPoint","urlTemplate":"https:\/\/platyphoto.com\/?s={search_term_string}"},"query-input":{"@type":"PropertyValueSpecification","valueRequired":true,"valueName":"search_term_string"}}],"inLanguage":"en-US"},{"@type":"Organization","@id":"https:\/\/platyphoto.com\/#organization","name":"Platyphoto","alternateName":"Platyphoto","url":"https:\/\/platyphoto.com\/","logo":{"@type":"ImageObject","inLanguage":"en-US","@id":"https:\/\/platyphoto.com\/#\/schema\/logo\/image\/","url":"https:\/\/i0.wp.com\/platyphoto.com\/wp-content\/uploads\/2020\/11\/cropped-header.jpg?fit=1500%2C282&ssl=1","contentUrl":"https:\/\/i0.wp.com\/platyphoto.com\/wp-content\/uploads\/2020\/11\/cropped-header.jpg?fit=1500%2C282&ssl=1","width":1500,"height":282,"caption":"Platyphoto"},"image":{"@id":"https:\/\/platyphoto.com\/#\/schema\/logo\/image\/"},"sameAs":["https:\/\/www.instagram.com\/platyphoto\/"]}]}},"jetpack_publicize_connections":[],"jetpack_likes_enabled":false,"jetpack_sharing_enabled":true,"_links":{"self":[{"href":"https:\/\/platyphoto.com\/en\/wp-json\/wp\/v2\/product\/18093","targetHints":{"allow":["GET"]}}],"collection":[{"href":"https:\/\/platyphoto.com\/en\/wp-json\/wp\/v2\/product"}],"about":[{"href":"https:\/\/platyphoto.com\/en\/wp-json\/wp\/v2\/types\/product"}],"wp:featuredmedia":[{"embeddable":true,"href":"https:\/\/platyphoto.com\/en\/wp-json\/wp\/v2\/media\/18097"}],"wp:attachment":[{"href":"https:\/\/platyphoto.com\/en\/wp-json\/wp\/v2\/media?parent=18093"}],"wp:term":[{"taxonomy":"product_brand","embeddable":true,"href":"https:\/\/platyphoto.com\/en\/wp-json\/wp\/v2\/product_brand?post=18093"},{"taxonomy":"product_cat","embeddable":true,"href":"https:\/\/platyphoto.com\/en\/wp-json\/wp\/v2\/product_cat?post=18093"},{"taxonomy":"product_tag","embeddable":true,"href":"https:\/\/platyphoto.com\/en\/wp-json\/wp\/v2\/product_tag?post=18093"}],"curies":[{"name":"wp","href":"https:\/\/api.w.org\/{rel}","templated":true}]}}