{"id":18123,"date":"2025-10-19T14:22:04","date_gmt":"2025-10-19T12:22:04","guid":{"rendered":"https:\/\/platyphoto.com\/?post_type=product&#038;p=18123"},"modified":"2025-11-18T22:37:28","modified_gmt":"2025-11-18T21:37:28","slug":"helios-44m-58mm-f2-1978","status":"publish","type":"product","link":"https:\/\/platyphoto.com\/en\/product\/helios-44m-58mm-f2-1978\/","title":{"rendered":"Helios 44M 58mm F:2 1978"},"content":{"rendered":"<p>Marque : Helios<\/p>\n<p>Mod\u00e8le : 44M 58mm F:2 1978 KMZ<\/p>\n<p>Monture : M42<\/p>\n<p>Un classique ! Appr\u00e9ci\u00e9 par les portraitistes pour son bokeh tournant caract\u00e9ristique, cet exemplaire est en bel \u00e9tat, lentilles propres sans champignons, quelques tr\u00e8s l\u00e9g\u00e8res micro poussi\u00e8res pr\u00e9sentes, sans incidence sur la qualit\u00e9 des images. Mod\u00e8le de 1978<\/p>\n<p>Vendu sans bouchon arri\u00e8re.<\/p>\n<p>Concernant l\u2019\u00e9tat :<\/p>\n<p>Exterieur : 7\/10, traces d\u2019usages<\/p>\n<p>Optique : 8\/10, pr\u00e9sence de quelques micro poussi\u00e8res, quelques micro rayures sur la lentille arri\u00e8re<\/p>\n<p>M\u00e9canique : 8,5\/10, 100% fonctionnel, mise au point fluide, tr\u00e8s l\u00e9ger point dur vers la map mini.<\/p>","protected":false},"excerpt":{"rendered":"<p>Marque : Helios Mod\u00e8le : 44M 58mm F:2 1978 KMZ Monture : M42 Un classique ! Appr\u00e9ci\u00e9 par les portraitistes pour son bokeh tournant caract\u00e9ristique, cet exemplaire est en bel \u00e9tat, lentilles propres sans champignons, quelques tr\u00e8s l\u00e9g\u00e8res micro poussi\u00e8res pr\u00e9sentes, sans incidence sur la qualit\u00e9 des images. Mod\u00e8le de 1978 Vendu sans bouchon arri\u00e8re. [&hellip;]<\/p>\n","protected":false},"featured_media":18126,"template":"","meta":{"_coblocks_attr":"","_coblocks_dimensions":"","_coblocks_responsive_height":"","_coblocks_accordion_ie_support":"","_crdt_document":"","jetpack_publicize_message":"","jetpack_publicize_feature_enabled":true,"jetpack_social_post_already_shared":true,"jetpack_social_options":{"image_generator_settings":{"template":"highway","default_image_id":0,"font":"","enabled":false},"version":2},"_wpas_customize_per_network":false},"product_brand":[],"product_cat":[6367,6366],"product_tag":[],"class_list":{"0":"post-18123","1":"product","2":"type-product","3":"status-publish","4":"has-post-thumbnail","6":"product_cat-m42","7":"product_cat-objectifs","9":"first","10":"outofstock","11":"shipping-taxable","12":"purchasable","13":"product-type-simple"},"yoast_head":"<!-- This site is optimized with the Yoast SEO plugin v27.4 - https:\/\/yoast.com\/product\/yoast-seo-wordpress\/ -->\n<title>Helios 44M 58mm F:2 1978 - Platyphoto<\/title>\n<meta name=\"description\" content=\"Helios 44M 58mm F:2 1978, Un classique ! Appr\u00e9ci\u00e9 par les portraitistes pour son bokeh tournant caract\u00e9ristique, cet exemplaire est en bel \u00e9tat, lentilles propres sans champignons, quelques tr\u00e8s l\u00e9g\u00e8res micro poussi\u00e8res pr\u00e9sentes.\" \/>\n<meta name=\"robots\" content=\"index, follow, max-snippet:-1, max-image-preview:large, max-video-preview:-1\" \/>\n<link rel=\"canonical\" href=\"https:\/\/platyphoto.com\/en\/product\/helios-44m-58mm-f2-1978\/\" \/>\n<meta property=\"og:locale\" content=\"en_US\" \/>\n<meta property=\"og:type\" content=\"article\" \/>\n<meta property=\"og:title\" content=\"Helios 44M 58mm F:2 1978 - Platyphoto\" \/>\n<meta property=\"og:description\" content=\"Helios 44M 58mm F:2 1978, Un classique ! Appr\u00e9ci\u00e9 par les portraitistes pour son bokeh tournant caract\u00e9ristique, cet exemplaire est en bel \u00e9tat, lentilles propres sans champignons, quelques tr\u00e8s l\u00e9g\u00e8res micro poussi\u00e8res pr\u00e9sentes.\" \/>\n<meta property=\"og:url\" content=\"https:\/\/platyphoto.com\/en\/product\/helios-44m-58mm-f2-1978\/\" \/>\n<meta property=\"og:site_name\" content=\"Platyphoto\" \/>\n<meta property=\"article:modified_time\" content=\"2025-11-18T21:37:28+00:00\" \/>\n<meta property=\"og:image\" content=\"https:\/\/platyphoto.com\/wp-content\/uploads\/2025\/10\/Helios-44M-78-1024x680.jpg\" \/>\n\t<meta property=\"og:image:width\" content=\"1024\" \/>\n\t<meta property=\"og:image:height\" content=\"680\" \/>\n\t<meta property=\"og:image:type\" content=\"image\/jpeg\" \/>\n<meta name=\"twitter:card\" content=\"summary_large_image\" \/>\n<meta name=\"twitter:label1\" content=\"Est. reading time\" \/>\n\t<meta name=\"twitter:data1\" content=\"1 minute\" \/>\n<script type=\"application\/ld+json\" class=\"yoast-schema-graph\">{\"@context\":\"https:\\\/\\\/schema.org\",\"@graph\":[{\"@type\":\"WebPage\",\"@id\":\"https:\\\/\\\/platyphoto.com\\\/produit\\\/helios-44m-58mm-f2-1978\\\/\",\"url\":\"https:\\\/\\\/platyphoto.com\\\/produit\\\/helios-44m-58mm-f2-1978\\\/\",\"name\":\"Helios 44M 58mm F:2 1978 - Platyphoto\",\"isPartOf\":{\"@id\":\"https:\\\/\\\/platyphoto.com\\\/#website\"},\"primaryImageOfPage\":{\"@id\":\"https:\\\/\\\/platyphoto.com\\\/produit\\\/helios-44m-58mm-f2-1978\\\/#primaryimage\"},\"image\":{\"@id\":\"https:\\\/\\\/platyphoto.com\\\/produit\\\/helios-44m-58mm-f2-1978\\\/#primaryimage\"},\"thumbnailUrl\":\"https:\\\/\\\/i0.wp.com\\\/platyphoto.com\\\/wp-content\\\/uploads\\\/2025\\\/10\\\/Helios-44M-78.jpg?fit=3296%2C2190&ssl=1\",\"datePublished\":\"2025-10-19T12:22:04+00:00\",\"dateModified\":\"2025-11-18T21:37:28+00:00\",\"description\":\"Helios 44M 58mm F:2 1978, Un classique ! Appr\u00e9ci\u00e9 par les portraitistes pour son bokeh tournant caract\u00e9ristique, cet exemplaire est en bel \u00e9tat, lentilles propres sans champignons, quelques tr\u00e8s l\u00e9g\u00e8res micro poussi\u00e8res pr\u00e9sentes.\",\"breadcrumb\":{\"@id\":\"https:\\\/\\\/platyphoto.com\\\/produit\\\/helios-44m-58mm-f2-1978\\\/#breadcrumb\"},\"inLanguage\":\"en-US\",\"potentialAction\":[{\"@type\":\"ReadAction\",\"target\":[\"https:\\\/\\\/platyphoto.com\\\/produit\\\/helios-44m-58mm-f2-1978\\\/\"]}]},{\"@type\":\"ImageObject\",\"inLanguage\":\"en-US\",\"@id\":\"https:\\\/\\\/platyphoto.com\\\/produit\\\/helios-44m-58mm-f2-1978\\\/#primaryimage\",\"url\":\"https:\\\/\\\/i0.wp.com\\\/platyphoto.com\\\/wp-content\\\/uploads\\\/2025\\\/10\\\/Helios-44M-78.jpg?fit=3296%2C2190&ssl=1\",\"contentUrl\":\"https:\\\/\\\/i0.wp.com\\\/platyphoto.com\\\/wp-content\\\/uploads\\\/2025\\\/10\\\/Helios-44M-78.jpg?fit=3296%2C2190&ssl=1\",\"width\":3296,\"height\":2190,\"caption\":\"Helios 44M 58mm F:2 1978\"},{\"@type\":\"BreadcrumbList\",\"@id\":\"https:\\\/\\\/platyphoto.com\\\/produit\\\/helios-44m-58mm-f2-1978\\\/#breadcrumb\",\"itemListElement\":[{\"@type\":\"ListItem\",\"position\":1,\"name\":\"Accueil\",\"item\":\"https:\\\/\\\/platyphoto.com\\\/\"},{\"@type\":\"ListItem\",\"position\":2,\"name\":\"Boutique\",\"item\":\"https:\\\/\\\/platyphoto.com\\\/boutique\\\/\"},{\"@type\":\"ListItem\",\"position\":3,\"name\":\"Helios 44M 58mm F:2 1978\"}]},{\"@type\":\"WebSite\",\"@id\":\"https:\\\/\\\/platyphoto.com\\\/#website\",\"url\":\"https:\\\/\\\/platyphoto.com\\\/\",\"name\":\"Platyphoto\",\"description\":\"Appareils photos argentiques, objectifs et accessoires de qualit\u00e9.\",\"publisher\":{\"@id\":\"https:\\\/\\\/platyphoto.com\\\/#organization\"},\"potentialAction\":[{\"@type\":\"SearchAction\",\"target\":{\"@type\":\"EntryPoint\",\"urlTemplate\":\"https:\\\/\\\/platyphoto.com\\\/?s={search_term_string}\"},\"query-input\":{\"@type\":\"PropertyValueSpecification\",\"valueRequired\":true,\"valueName\":\"search_term_string\"}}],\"inLanguage\":\"en-US\"},{\"@type\":\"Organization\",\"@id\":\"https:\\\/\\\/platyphoto.com\\\/#organization\",\"name\":\"Platyphoto\",\"alternateName\":\"Platyphoto\",\"url\":\"https:\\\/\\\/platyphoto.com\\\/\",\"logo\":{\"@type\":\"ImageObject\",\"inLanguage\":\"en-US\",\"@id\":\"https:\\\/\\\/platyphoto.com\\\/#\\\/schema\\\/logo\\\/image\\\/\",\"url\":\"https:\\\/\\\/i0.wp.com\\\/platyphoto.com\\\/wp-content\\\/uploads\\\/2020\\\/11\\\/cropped-header.jpg?fit=1500%2C282&ssl=1\",\"contentUrl\":\"https:\\\/\\\/i0.wp.com\\\/platyphoto.com\\\/wp-content\\\/uploads\\\/2020\\\/11\\\/cropped-header.jpg?fit=1500%2C282&ssl=1\",\"width\":1500,\"height\":282,\"caption\":\"Platyphoto\"},\"image\":{\"@id\":\"https:\\\/\\\/platyphoto.com\\\/#\\\/schema\\\/logo\\\/image\\\/\"},\"sameAs\":[\"https:\\\/\\\/www.instagram.com\\\/platyphoto\\\/\"]}]}<\/script>\n<!-- \/ Yoast SEO plugin. -->","yoast_head_json":{"title":"Helios 44M 58mm F:2 1978 - Platyphoto","description":"Helios 44M 58mm F:2 1978, Un classique ! Appr\u00e9ci\u00e9 par les portraitistes pour son bokeh tournant caract\u00e9ristique, cet exemplaire est en bel \u00e9tat, lentilles propres sans champignons, quelques tr\u00e8s l\u00e9g\u00e8res micro poussi\u00e8res pr\u00e9sentes.","robots":{"index":"index","follow":"follow","max-snippet":"max-snippet:-1","max-image-preview":"max-image-preview:large","max-video-preview":"max-video-preview:-1"},"canonical":"https:\/\/platyphoto.com\/en\/product\/helios-44m-58mm-f2-1978\/","og_locale":"en_US","og_type":"article","og_title":"Helios 44M 58mm F:2 1978 - Platyphoto","og_description":"Helios 44M 58mm F:2 1978, Un classique ! Appr\u00e9ci\u00e9 par les portraitistes pour son bokeh tournant caract\u00e9ristique, cet exemplaire est en bel \u00e9tat, lentilles propres sans champignons, quelques tr\u00e8s l\u00e9g\u00e8res micro poussi\u00e8res pr\u00e9sentes.","og_url":"https:\/\/platyphoto.com\/en\/product\/helios-44m-58mm-f2-1978\/","og_site_name":"Platyphoto","article_modified_time":"2025-11-18T21:37:28+00:00","og_image":[{"width":1024,"height":680,"url":"https:\/\/platyphoto.com\/wp-content\/uploads\/2025\/10\/Helios-44M-78-1024x680.jpg","type":"image\/jpeg"}],"twitter_card":"summary_large_image","twitter_misc":{"Est. reading time":"1 minute"},"schema":{"@context":"https:\/\/schema.org","@graph":[{"@type":"WebPage","@id":"https:\/\/platyphoto.com\/produit\/helios-44m-58mm-f2-1978\/","url":"https:\/\/platyphoto.com\/produit\/helios-44m-58mm-f2-1978\/","name":"Helios 44M 58mm F:2 1978 - Platyphoto","isPartOf":{"@id":"https:\/\/platyphoto.com\/#website"},"primaryImageOfPage":{"@id":"https:\/\/platyphoto.com\/produit\/helios-44m-58mm-f2-1978\/#primaryimage"},"image":{"@id":"https:\/\/platyphoto.com\/produit\/helios-44m-58mm-f2-1978\/#primaryimage"},"thumbnailUrl":"https:\/\/i0.wp.com\/platyphoto.com\/wp-content\/uploads\/2025\/10\/Helios-44M-78.jpg?fit=3296%2C2190&ssl=1","datePublished":"2025-10-19T12:22:04+00:00","dateModified":"2025-11-18T21:37:28+00:00","description":"Helios 44M 58mm F:2 1978, Un classique ! Appr\u00e9ci\u00e9 par les portraitistes pour son bokeh tournant caract\u00e9ristique, cet exemplaire est en bel \u00e9tat, lentilles propres sans champignons, quelques tr\u00e8s l\u00e9g\u00e8res micro poussi\u00e8res pr\u00e9sentes.","breadcrumb":{"@id":"https:\/\/platyphoto.com\/produit\/helios-44m-58mm-f2-1978\/#breadcrumb"},"inLanguage":"en-US","potentialAction":[{"@type":"ReadAction","target":["https:\/\/platyphoto.com\/produit\/helios-44m-58mm-f2-1978\/"]}]},{"@type":"ImageObject","inLanguage":"en-US","@id":"https:\/\/platyphoto.com\/produit\/helios-44m-58mm-f2-1978\/#primaryimage","url":"https:\/\/i0.wp.com\/platyphoto.com\/wp-content\/uploads\/2025\/10\/Helios-44M-78.jpg?fit=3296%2C2190&ssl=1","contentUrl":"https:\/\/i0.wp.com\/platyphoto.com\/wp-content\/uploads\/2025\/10\/Helios-44M-78.jpg?fit=3296%2C2190&ssl=1","width":3296,"height":2190,"caption":"Helios 44M 58mm F:2 1978"},{"@type":"BreadcrumbList","@id":"https:\/\/platyphoto.com\/produit\/helios-44m-58mm-f2-1978\/#breadcrumb","itemListElement":[{"@type":"ListItem","position":1,"name":"Accueil","item":"https:\/\/platyphoto.com\/"},{"@type":"ListItem","position":2,"name":"Boutique","item":"https:\/\/platyphoto.com\/boutique\/"},{"@type":"ListItem","position":3,"name":"Helios 44M 58mm F:2 1978"}]},{"@type":"WebSite","@id":"https:\/\/platyphoto.com\/#website","url":"https:\/\/platyphoto.com\/","name":"Platyphoto","description":"Appareils photos argentiques, objectifs et accessoires de qualit\u00e9.","publisher":{"@id":"https:\/\/platyphoto.com\/#organization"},"potentialAction":[{"@type":"SearchAction","target":{"@type":"EntryPoint","urlTemplate":"https:\/\/platyphoto.com\/?s={search_term_string}"},"query-input":{"@type":"PropertyValueSpecification","valueRequired":true,"valueName":"search_term_string"}}],"inLanguage":"en-US"},{"@type":"Organization","@id":"https:\/\/platyphoto.com\/#organization","name":"Platyphoto","alternateName":"Platyphoto","url":"https:\/\/platyphoto.com\/","logo":{"@type":"ImageObject","inLanguage":"en-US","@id":"https:\/\/platyphoto.com\/#\/schema\/logo\/image\/","url":"https:\/\/i0.wp.com\/platyphoto.com\/wp-content\/uploads\/2020\/11\/cropped-header.jpg?fit=1500%2C282&ssl=1","contentUrl":"https:\/\/i0.wp.com\/platyphoto.com\/wp-content\/uploads\/2020\/11\/cropped-header.jpg?fit=1500%2C282&ssl=1","width":1500,"height":282,"caption":"Platyphoto"},"image":{"@id":"https:\/\/platyphoto.com\/#\/schema\/logo\/image\/"},"sameAs":["https:\/\/www.instagram.com\/platyphoto\/"]}]}},"jetpack_publicize_connections":[],"jetpack_likes_enabled":false,"jetpack_sharing_enabled":true,"_links":{"self":[{"href":"https:\/\/platyphoto.com\/en\/wp-json\/wp\/v2\/product\/18123","targetHints":{"allow":["GET"]}}],"collection":[{"href":"https:\/\/platyphoto.com\/en\/wp-json\/wp\/v2\/product"}],"about":[{"href":"https:\/\/platyphoto.com\/en\/wp-json\/wp\/v2\/types\/product"}],"wp:featuredmedia":[{"embeddable":true,"href":"https:\/\/platyphoto.com\/en\/wp-json\/wp\/v2\/media\/18126"}],"wp:attachment":[{"href":"https:\/\/platyphoto.com\/en\/wp-json\/wp\/v2\/media?parent=18123"}],"wp:term":[{"taxonomy":"product_brand","embeddable":true,"href":"https:\/\/platyphoto.com\/en\/wp-json\/wp\/v2\/product_brand?post=18123"},{"taxonomy":"product_cat","embeddable":true,"href":"https:\/\/platyphoto.com\/en\/wp-json\/wp\/v2\/product_cat?post=18123"},{"taxonomy":"product_tag","embeddable":true,"href":"https:\/\/platyphoto.com\/en\/wp-json\/wp\/v2\/product_tag?post=18123"}],"curies":[{"name":"wp","href":"https:\/\/api.w.org\/{rel}","templated":true}]}}