{"id":18544,"date":"2025-11-18T17:22:54","date_gmt":"2025-11-18T16:22:54","guid":{"rendered":"https:\/\/platyphoto.com\/?post_type=product&#038;p=18544"},"modified":"2025-11-18T23:58:26","modified_gmt":"2025-11-18T22:58:26","slug":"revise-konica-hexanon-ar-35mm-f2","status":"publish","type":"product","link":"https:\/\/platyphoto.com\/en\/product\/revise-konica-hexanon-ar-35mm-f2\/","title":{"rendered":"Konica Hexanon AR 35mm F:2"},"content":{"rendered":"<p>Marque : Konica<\/p>\n<p>Mod\u00e8le : Hexanon AR 35mm F:2<\/p>\n<p>Monture : Konica AR<\/p>\n<p>Objectif l\u00e9ger grand angle de qualit\u00e9 Konica Hexanon AR 35mm F:2, \u00e0 grande ouverture. Objectif r\u00e9put\u00e9 et appr\u00e9ci\u00e9.<\/p>\n<p>Mise au point tr\u00e8s l\u00e9g\u00e8rement ferme, diaphragme ok, lentille avant avec l\u00e9g\u00e8res traces d&rsquo;usages, quelques micro poussi\u00e8res et tr\u00e8s l\u00e9g\u00e8res traces internes, sans incidence sur la qualit\u00e9 des images.<\/p>\n<p>Vendu avec bouchons.<\/p>\n<p>Concernant l\u2019\u00e9tat :<\/p>\n<p>Exterieur : 8,5\/10, traces d\u2019usages<\/p>\n<p>Optique : 8\/10, lentille avant avec l\u00e9g\u00e8res traces d&rsquo;usages, quelques micro poussi\u00e8res et tr\u00e8s l\u00e9g\u00e8res traces internes, sans incidence sur la qualit\u00e9 des images.<\/p>\n<p>M\u00e9canique : 8,5\/10, mise au point l\u00e9g\u00e8rement ferme, diaphragme ok.<\/p>\n<p>&nbsp;<\/p>","protected":false},"excerpt":{"rendered":"<p>Marque : Konica Mod\u00e8le : Hexanon AR 35mm F:2 Monture : Konica AR Objectif l\u00e9ger grand angle de qualit\u00e9 Konica Hexanon AR 35mm F:2, \u00e0 grande ouverture. Objectif r\u00e9put\u00e9 et appr\u00e9ci\u00e9. Mise au point tr\u00e8s l\u00e9g\u00e8rement ferme, diaphragme ok, lentille avant avec l\u00e9g\u00e8res traces d&rsquo;usages, quelques micro poussi\u00e8res et tr\u00e8s l\u00e9g\u00e8res traces internes, sans incidence [&hellip;]<\/p>\n","protected":false},"featured_media":18548,"template":"","meta":{"_coblocks_attr":"","_coblocks_dimensions":"","_coblocks_responsive_height":"","_coblocks_accordion_ie_support":"","_crdt_document":"","jetpack_post_was_ever_published":false,"jetpack_publicize_message":"","jetpack_publicize_feature_enabled":true,"jetpack_social_post_already_shared":true,"jetpack_social_options":{"image_generator_settings":{"template":"highway","default_image_id":0,"font":"","enabled":false},"version":2},"_wpas_customize_per_network":false},"product_brand":[],"product_cat":[6419,6366],"product_tag":[],"class_list":{"0":"post-18544","1":"product","2":"type-product","3":"status-publish","4":"has-post-thumbnail","6":"product_cat-konica","7":"product_cat-objectifs","9":"first","10":"outofstock","11":"shipping-taxable","12":"purchasable","13":"product-type-simple"},"yoast_head":"<!-- This site is optimized with the Yoast SEO plugin v27.3 - https:\/\/yoast.com\/product\/yoast-seo-wordpress\/ -->\n<title>Konica Hexanon AR 35mm F:2 - Platyphoto<\/title>\n<meta name=\"description\" content=\"Objectif l\u00e9ger grand angle de qualit\u00e9 Konica Hexanon AR 35mm F:2, \u00e0 grande ouverture. Objectif r\u00e9put\u00e9 et appr\u00e9ci\u00e9.\" \/>\n<meta name=\"robots\" content=\"index, follow, max-snippet:-1, max-image-preview:large, max-video-preview:-1\" \/>\n<link rel=\"canonical\" href=\"https:\/\/platyphoto.com\/en\/product\/revise-konica-hexanon-ar-35mm-f2\/\" \/>\n<meta property=\"og:locale\" content=\"en_US\" \/>\n<meta property=\"og:type\" content=\"article\" \/>\n<meta property=\"og:title\" content=\"Konica Hexanon AR 35mm F:2 - Platyphoto\" \/>\n<meta property=\"og:description\" content=\"Objectif l\u00e9ger grand angle de qualit\u00e9 Konica Hexanon AR 35mm F:2, \u00e0 grande ouverture. Objectif r\u00e9put\u00e9 et appr\u00e9ci\u00e9.\" \/>\n<meta property=\"og:url\" content=\"https:\/\/platyphoto.com\/en\/product\/revise-konica-hexanon-ar-35mm-f2\/\" \/>\n<meta property=\"og:site_name\" content=\"Platyphoto\" \/>\n<meta property=\"article:modified_time\" content=\"2025-11-18T22:58:26+00:00\" \/>\n<meta property=\"og:image\" content=\"https:\/\/platyphoto.com\/wp-content\/uploads\/2025\/11\/Hexanon-35mm-F2-1024x683.jpg\" \/>\n\t<meta property=\"og:image:width\" content=\"1024\" \/>\n\t<meta property=\"og:image:height\" content=\"683\" \/>\n\t<meta property=\"og:image:type\" content=\"image\/jpeg\" \/>\n<meta name=\"twitter:card\" content=\"summary_large_image\" \/>\n<meta name=\"twitter:label1\" content=\"Est. reading time\" \/>\n\t<meta name=\"twitter:data1\" content=\"1 minute\" \/>\n<script type=\"application\/ld+json\" class=\"yoast-schema-graph\">{\"@context\":\"https:\\\/\\\/schema.org\",\"@graph\":[{\"@type\":\"WebPage\",\"@id\":\"https:\\\/\\\/platyphoto.com\\\/produit\\\/revise-konica-hexanon-ar-35mm-f2\\\/\",\"url\":\"https:\\\/\\\/platyphoto.com\\\/produit\\\/revise-konica-hexanon-ar-35mm-f2\\\/\",\"name\":\"Konica Hexanon AR 35mm F:2 - Platyphoto\",\"isPartOf\":{\"@id\":\"https:\\\/\\\/platyphoto.com\\\/#website\"},\"primaryImageOfPage\":{\"@id\":\"https:\\\/\\\/platyphoto.com\\\/produit\\\/revise-konica-hexanon-ar-35mm-f2\\\/#primaryimage\"},\"image\":{\"@id\":\"https:\\\/\\\/platyphoto.com\\\/produit\\\/revise-konica-hexanon-ar-35mm-f2\\\/#primaryimage\"},\"thumbnailUrl\":\"https:\\\/\\\/i0.wp.com\\\/platyphoto.com\\\/wp-content\\\/uploads\\\/2025\\\/11\\\/Hexanon-35mm-F2.jpg?fit=5430%2C3620&ssl=1\",\"datePublished\":\"2025-11-18T16:22:54+00:00\",\"dateModified\":\"2025-11-18T22:58:26+00:00\",\"description\":\"Objectif l\u00e9ger grand angle de qualit\u00e9 Konica Hexanon AR 35mm F:2, \u00e0 grande ouverture. Objectif r\u00e9put\u00e9 et appr\u00e9ci\u00e9.\",\"breadcrumb\":{\"@id\":\"https:\\\/\\\/platyphoto.com\\\/produit\\\/revise-konica-hexanon-ar-35mm-f2\\\/#breadcrumb\"},\"inLanguage\":\"en-US\",\"potentialAction\":[{\"@type\":\"ReadAction\",\"target\":[\"https:\\\/\\\/platyphoto.com\\\/produit\\\/revise-konica-hexanon-ar-35mm-f2\\\/\"]}]},{\"@type\":\"ImageObject\",\"inLanguage\":\"en-US\",\"@id\":\"https:\\\/\\\/platyphoto.com\\\/produit\\\/revise-konica-hexanon-ar-35mm-f2\\\/#primaryimage\",\"url\":\"https:\\\/\\\/i0.wp.com\\\/platyphoto.com\\\/wp-content\\\/uploads\\\/2025\\\/11\\\/Hexanon-35mm-F2.jpg?fit=5430%2C3620&ssl=1\",\"contentUrl\":\"https:\\\/\\\/i0.wp.com\\\/platyphoto.com\\\/wp-content\\\/uploads\\\/2025\\\/11\\\/Hexanon-35mm-F2.jpg?fit=5430%2C3620&ssl=1\",\"width\":5430,\"height\":3620,\"caption\":\"R\u00e9vis\u00e9 - Konica Hexanon AR 35mm F:2\"},{\"@type\":\"BreadcrumbList\",\"@id\":\"https:\\\/\\\/platyphoto.com\\\/produit\\\/revise-konica-hexanon-ar-35mm-f2\\\/#breadcrumb\",\"itemListElement\":[{\"@type\":\"ListItem\",\"position\":1,\"name\":\"Accueil\",\"item\":\"https:\\\/\\\/platyphoto.com\\\/\"},{\"@type\":\"ListItem\",\"position\":2,\"name\":\"Boutique\",\"item\":\"https:\\\/\\\/platyphoto.com\\\/boutique\\\/\"},{\"@type\":\"ListItem\",\"position\":3,\"name\":\"Konica Hexanon AR 35mm F:2\"}]},{\"@type\":\"WebSite\",\"@id\":\"https:\\\/\\\/platyphoto.com\\\/#website\",\"url\":\"https:\\\/\\\/platyphoto.com\\\/\",\"name\":\"Platyphoto\",\"description\":\"Appareils photos argentiques, objectifs et accessoires de qualit\u00e9.\",\"publisher\":{\"@id\":\"https:\\\/\\\/platyphoto.com\\\/#organization\"},\"potentialAction\":[{\"@type\":\"SearchAction\",\"target\":{\"@type\":\"EntryPoint\",\"urlTemplate\":\"https:\\\/\\\/platyphoto.com\\\/?s={search_term_string}\"},\"query-input\":{\"@type\":\"PropertyValueSpecification\",\"valueRequired\":true,\"valueName\":\"search_term_string\"}}],\"inLanguage\":\"en-US\"},{\"@type\":\"Organization\",\"@id\":\"https:\\\/\\\/platyphoto.com\\\/#organization\",\"name\":\"Platyphoto\",\"alternateName\":\"Platyphoto\",\"url\":\"https:\\\/\\\/platyphoto.com\\\/\",\"logo\":{\"@type\":\"ImageObject\",\"inLanguage\":\"en-US\",\"@id\":\"https:\\\/\\\/platyphoto.com\\\/#\\\/schema\\\/logo\\\/image\\\/\",\"url\":\"https:\\\/\\\/i0.wp.com\\\/platyphoto.com\\\/wp-content\\\/uploads\\\/2020\\\/11\\\/cropped-header.jpg?fit=1500%2C282&ssl=1\",\"contentUrl\":\"https:\\\/\\\/i0.wp.com\\\/platyphoto.com\\\/wp-content\\\/uploads\\\/2020\\\/11\\\/cropped-header.jpg?fit=1500%2C282&ssl=1\",\"width\":1500,\"height\":282,\"caption\":\"Platyphoto\"},\"image\":{\"@id\":\"https:\\\/\\\/platyphoto.com\\\/#\\\/schema\\\/logo\\\/image\\\/\"},\"sameAs\":[\"https:\\\/\\\/www.instagram.com\\\/platyphoto\\\/\"]}]}<\/script>\n<!-- \/ Yoast SEO plugin. -->","yoast_head_json":{"title":"Konica Hexanon AR 35mm F:2 - Platyphoto","description":"Objectif l\u00e9ger grand angle de qualit\u00e9 Konica Hexanon AR 35mm F:2, \u00e0 grande ouverture. Objectif r\u00e9put\u00e9 et appr\u00e9ci\u00e9.","robots":{"index":"index","follow":"follow","max-snippet":"max-snippet:-1","max-image-preview":"max-image-preview:large","max-video-preview":"max-video-preview:-1"},"canonical":"https:\/\/platyphoto.com\/en\/product\/revise-konica-hexanon-ar-35mm-f2\/","og_locale":"en_US","og_type":"article","og_title":"Konica Hexanon AR 35mm F:2 - Platyphoto","og_description":"Objectif l\u00e9ger grand angle de qualit\u00e9 Konica Hexanon AR 35mm F:2, \u00e0 grande ouverture. Objectif r\u00e9put\u00e9 et appr\u00e9ci\u00e9.","og_url":"https:\/\/platyphoto.com\/en\/product\/revise-konica-hexanon-ar-35mm-f2\/","og_site_name":"Platyphoto","article_modified_time":"2025-11-18T22:58:26+00:00","og_image":[{"width":1024,"height":683,"url":"https:\/\/platyphoto.com\/wp-content\/uploads\/2025\/11\/Hexanon-35mm-F2-1024x683.jpg","type":"image\/jpeg"}],"twitter_card":"summary_large_image","twitter_misc":{"Est. reading time":"1 minute"},"schema":{"@context":"https:\/\/schema.org","@graph":[{"@type":"WebPage","@id":"https:\/\/platyphoto.com\/produit\/revise-konica-hexanon-ar-35mm-f2\/","url":"https:\/\/platyphoto.com\/produit\/revise-konica-hexanon-ar-35mm-f2\/","name":"Konica Hexanon AR 35mm F:2 - Platyphoto","isPartOf":{"@id":"https:\/\/platyphoto.com\/#website"},"primaryImageOfPage":{"@id":"https:\/\/platyphoto.com\/produit\/revise-konica-hexanon-ar-35mm-f2\/#primaryimage"},"image":{"@id":"https:\/\/platyphoto.com\/produit\/revise-konica-hexanon-ar-35mm-f2\/#primaryimage"},"thumbnailUrl":"https:\/\/i0.wp.com\/platyphoto.com\/wp-content\/uploads\/2025\/11\/Hexanon-35mm-F2.jpg?fit=5430%2C3620&ssl=1","datePublished":"2025-11-18T16:22:54+00:00","dateModified":"2025-11-18T22:58:26+00:00","description":"Objectif l\u00e9ger grand angle de qualit\u00e9 Konica Hexanon AR 35mm F:2, \u00e0 grande ouverture. Objectif r\u00e9put\u00e9 et appr\u00e9ci\u00e9.","breadcrumb":{"@id":"https:\/\/platyphoto.com\/produit\/revise-konica-hexanon-ar-35mm-f2\/#breadcrumb"},"inLanguage":"en-US","potentialAction":[{"@type":"ReadAction","target":["https:\/\/platyphoto.com\/produit\/revise-konica-hexanon-ar-35mm-f2\/"]}]},{"@type":"ImageObject","inLanguage":"en-US","@id":"https:\/\/platyphoto.com\/produit\/revise-konica-hexanon-ar-35mm-f2\/#primaryimage","url":"https:\/\/i0.wp.com\/platyphoto.com\/wp-content\/uploads\/2025\/11\/Hexanon-35mm-F2.jpg?fit=5430%2C3620&ssl=1","contentUrl":"https:\/\/i0.wp.com\/platyphoto.com\/wp-content\/uploads\/2025\/11\/Hexanon-35mm-F2.jpg?fit=5430%2C3620&ssl=1","width":5430,"height":3620,"caption":"R\u00e9vis\u00e9 - Konica Hexanon AR 35mm F:2"},{"@type":"BreadcrumbList","@id":"https:\/\/platyphoto.com\/produit\/revise-konica-hexanon-ar-35mm-f2\/#breadcrumb","itemListElement":[{"@type":"ListItem","position":1,"name":"Accueil","item":"https:\/\/platyphoto.com\/"},{"@type":"ListItem","position":2,"name":"Boutique","item":"https:\/\/platyphoto.com\/boutique\/"},{"@type":"ListItem","position":3,"name":"Konica Hexanon AR 35mm F:2"}]},{"@type":"WebSite","@id":"https:\/\/platyphoto.com\/#website","url":"https:\/\/platyphoto.com\/","name":"Platyphoto","description":"Appareils photos argentiques, objectifs et accessoires de qualit\u00e9.","publisher":{"@id":"https:\/\/platyphoto.com\/#organization"},"potentialAction":[{"@type":"SearchAction","target":{"@type":"EntryPoint","urlTemplate":"https:\/\/platyphoto.com\/?s={search_term_string}"},"query-input":{"@type":"PropertyValueSpecification","valueRequired":true,"valueName":"search_term_string"}}],"inLanguage":"en-US"},{"@type":"Organization","@id":"https:\/\/platyphoto.com\/#organization","name":"Platyphoto","alternateName":"Platyphoto","url":"https:\/\/platyphoto.com\/","logo":{"@type":"ImageObject","inLanguage":"en-US","@id":"https:\/\/platyphoto.com\/#\/schema\/logo\/image\/","url":"https:\/\/i0.wp.com\/platyphoto.com\/wp-content\/uploads\/2020\/11\/cropped-header.jpg?fit=1500%2C282&ssl=1","contentUrl":"https:\/\/i0.wp.com\/platyphoto.com\/wp-content\/uploads\/2020\/11\/cropped-header.jpg?fit=1500%2C282&ssl=1","width":1500,"height":282,"caption":"Platyphoto"},"image":{"@id":"https:\/\/platyphoto.com\/#\/schema\/logo\/image\/"},"sameAs":["https:\/\/www.instagram.com\/platyphoto\/"]}]}},"jetpack_publicize_connections":[],"jetpack_likes_enabled":false,"jetpack_sharing_enabled":true,"_links":{"self":[{"href":"https:\/\/platyphoto.com\/en\/wp-json\/wp\/v2\/product\/18544","targetHints":{"allow":["GET"]}}],"collection":[{"href":"https:\/\/platyphoto.com\/en\/wp-json\/wp\/v2\/product"}],"about":[{"href":"https:\/\/platyphoto.com\/en\/wp-json\/wp\/v2\/types\/product"}],"wp:featuredmedia":[{"embeddable":true,"href":"https:\/\/platyphoto.com\/en\/wp-json\/wp\/v2\/media\/18548"}],"wp:attachment":[{"href":"https:\/\/platyphoto.com\/en\/wp-json\/wp\/v2\/media?parent=18544"}],"wp:term":[{"taxonomy":"product_brand","embeddable":true,"href":"https:\/\/platyphoto.com\/en\/wp-json\/wp\/v2\/product_brand?post=18544"},{"taxonomy":"product_cat","embeddable":true,"href":"https:\/\/platyphoto.com\/en\/wp-json\/wp\/v2\/product_cat?post=18544"},{"taxonomy":"product_tag","embeddable":true,"href":"https:\/\/platyphoto.com\/en\/wp-json\/wp\/v2\/product_tag?post=18544"}],"curies":[{"name":"wp","href":"https:\/\/api.w.org\/{rel}","templated":true}]}}