{"id":1855,"date":"2021-03-06T21:10:51","date_gmt":"2021-03-06T20:10:51","guid":{"rendered":"https:\/\/platyphoto.com\/?post_type=product&#038;p=1855"},"modified":"2021-03-08T09:58:17","modified_gmt":"2021-03-08T08:58:17","slug":"magazine-cyclope-n6","status":"publish","type":"product","link":"https:\/\/platyphoto.com\/en\/product\/magazine-cyclope-n6\/","title":{"rendered":"Magazine Cyclope N\u00b06"},"content":{"rendered":"<p><strong>Titre : <\/strong>Cyclope N\u00b06<\/p>\n<p><strong>Nombres de pages : <\/strong>92<\/p>\n<p><strong>Ann\u00e9e de publication : <\/strong>1991<\/p>\n<p><span class=\"d2edcug0 hpfvmrgz qv66sw1b c1et5uql gk29lw5a a8c37x1j keod5gw0 nxhoafnm aigsh9s9 d9wwppkn fe6kdd0r mau55g9w c8b282yb hrzyx87i jq4qci2q a3bd9o3v knj5qynh oo9gr5id\" dir=\"auto\">Tr\u00e8s belle revue int\u00e9ressante et abordant de divers sujets sur les appareils argentiques.<br \/>\n<\/span><\/p>\n<p><span class=\"d2edcug0 hpfvmrgz qv66sw1b c1et5uql gk29lw5a a8c37x1j keod5gw0 nxhoafnm aigsh9s9 d9wwppkn fe6kdd0r mau55g9w c8b282yb hrzyx87i jq4qci2q a3bd9o3v knj5qynh oo9gr5id\" dir=\"auto\">Bon \u00e9tat g\u00e9n\u00e9ral. L\u00e9g\u00e8res usures.<br \/>\n<\/span><\/p>","protected":false},"excerpt":{"rendered":"<p>Titre : Cyclope N\u00b06 Nombres de pages : 92 Ann\u00e9e de publication : 1991 Tr\u00e8s belle revue int\u00e9ressante et abordant de divers sujets sur les appareils argentiques. Bon \u00e9tat g\u00e9n\u00e9ral. L\u00e9g\u00e8res usures.<\/p>","protected":false},"featured_media":1858,"template":"","meta":{"_coblocks_attr":"","_coblocks_dimensions":"","_coblocks_responsive_height":"","_coblocks_accordion_ie_support":"","_crdt_document":"","jetpack_post_was_ever_published":false,"jetpack_publicize_message":"","jetpack_publicize_feature_enabled":true,"jetpack_social_post_already_shared":true,"jetpack_social_options":{"image_generator_settings":{"template":"highway","default_image_id":0,"font":"","enabled":false},"version":2},"_wpas_customize_per_network":false},"product_brand":[],"product_cat":[6399],"product_tag":[],"class_list":{"0":"post-1855","1":"product","2":"type-product","3":"status-publish","4":"has-post-thumbnail","6":"product_cat-bibliotheque","8":"first","9":"instock","10":"shipping-taxable","11":"purchasable","12":"product-type-simple"},"yoast_head":"<!-- This site is optimized with the Yoast SEO plugin v27.3 - https:\/\/yoast.com\/product\/yoast-seo-wordpress\/ -->\n<title>Magazine Cyclope N\u00b06 - Platyphoto<\/title>\n<meta name=\"robots\" content=\"index, follow, max-snippet:-1, max-image-preview:large, max-video-preview:-1\" \/>\n<link rel=\"canonical\" href=\"https:\/\/platyphoto.com\/en\/product\/magazine-cyclope-n6\/\" \/>\n<meta property=\"og:locale\" content=\"en_US\" \/>\n<meta property=\"og:type\" content=\"article\" \/>\n<meta property=\"og:title\" content=\"Magazine Cyclope N\u00b06 - Platyphoto\" \/>\n<meta property=\"og:description\" content=\"Titre : Cyclope N\u00b06 Nombres de pages : 92 Ann\u00e9e de publication : 1991 Tr\u00e8s belle revue int\u00e9ressante et abordant de divers sujets sur les appareils argentiques. Bon \u00e9tat g\u00e9n\u00e9ral. L\u00e9g\u00e8res usures.\" \/>\n<meta property=\"og:url\" content=\"https:\/\/platyphoto.com\/en\/product\/magazine-cyclope-n6\/\" \/>\n<meta property=\"og:site_name\" content=\"Platyphoto\" \/>\n<meta property=\"article:modified_time\" content=\"2021-03-08T08:58:17+00:00\" \/>\n<meta property=\"og:image\" content=\"https:\/\/platyphoto.com\/wp-content\/uploads\/2021\/03\/Cyclope-N6.jpg\" \/>\n\t<meta property=\"og:image:width\" content=\"2626\" \/>\n\t<meta property=\"og:image:height\" content=\"1744\" \/>\n\t<meta property=\"og:image:type\" content=\"image\/jpeg\" \/>\n<meta name=\"twitter:card\" content=\"summary_large_image\" \/>\n<script type=\"application\/ld+json\" class=\"yoast-schema-graph\">{\"@context\":\"https:\\\/\\\/schema.org\",\"@graph\":[{\"@type\":\"WebPage\",\"@id\":\"https:\\\/\\\/platyphoto.com\\\/produit\\\/magazine-cyclope-n6\\\/\",\"url\":\"https:\\\/\\\/platyphoto.com\\\/produit\\\/magazine-cyclope-n6\\\/\",\"name\":\"Magazine Cyclope N\u00b06 - Platyphoto\",\"isPartOf\":{\"@id\":\"https:\\\/\\\/platyphoto.com\\\/#website\"},\"primaryImageOfPage\":{\"@id\":\"https:\\\/\\\/platyphoto.com\\\/produit\\\/magazine-cyclope-n6\\\/#primaryimage\"},\"image\":{\"@id\":\"https:\\\/\\\/platyphoto.com\\\/produit\\\/magazine-cyclope-n6\\\/#primaryimage\"},\"thumbnailUrl\":\"https:\\\/\\\/i0.wp.com\\\/platyphoto.com\\\/wp-content\\\/uploads\\\/2021\\\/03\\\/Cyclope-N6.jpg?fit=2626%2C1744&ssl=1\",\"datePublished\":\"2021-03-06T20:10:51+00:00\",\"dateModified\":\"2021-03-08T08:58:17+00:00\",\"breadcrumb\":{\"@id\":\"https:\\\/\\\/platyphoto.com\\\/produit\\\/magazine-cyclope-n6\\\/#breadcrumb\"},\"inLanguage\":\"en-US\",\"potentialAction\":[{\"@type\":\"ReadAction\",\"target\":[\"https:\\\/\\\/platyphoto.com\\\/produit\\\/magazine-cyclope-n6\\\/\"]}]},{\"@type\":\"ImageObject\",\"inLanguage\":\"en-US\",\"@id\":\"https:\\\/\\\/platyphoto.com\\\/produit\\\/magazine-cyclope-n6\\\/#primaryimage\",\"url\":\"https:\\\/\\\/i0.wp.com\\\/platyphoto.com\\\/wp-content\\\/uploads\\\/2021\\\/03\\\/Cyclope-N6.jpg?fit=2626%2C1744&ssl=1\",\"contentUrl\":\"https:\\\/\\\/i0.wp.com\\\/platyphoto.com\\\/wp-content\\\/uploads\\\/2021\\\/03\\\/Cyclope-N6.jpg?fit=2626%2C1744&ssl=1\",\"width\":2626,\"height\":1744,\"caption\":\"Magazine Cyclope N\u00b06\"},{\"@type\":\"BreadcrumbList\",\"@id\":\"https:\\\/\\\/platyphoto.com\\\/produit\\\/magazine-cyclope-n6\\\/#breadcrumb\",\"itemListElement\":[{\"@type\":\"ListItem\",\"position\":1,\"name\":\"Accueil\",\"item\":\"https:\\\/\\\/platyphoto.com\\\/\"},{\"@type\":\"ListItem\",\"position\":2,\"name\":\"Boutique\",\"item\":\"https:\\\/\\\/platyphoto.com\\\/boutique\\\/\"},{\"@type\":\"ListItem\",\"position\":3,\"name\":\"Magazine Cyclope N\u00b06\"}]},{\"@type\":\"WebSite\",\"@id\":\"https:\\\/\\\/platyphoto.com\\\/#website\",\"url\":\"https:\\\/\\\/platyphoto.com\\\/\",\"name\":\"Platyphoto\",\"description\":\"Appareils photos argentiques, objectifs et accessoires de qualit\u00e9.\",\"publisher\":{\"@id\":\"https:\\\/\\\/platyphoto.com\\\/#organization\"},\"potentialAction\":[{\"@type\":\"SearchAction\",\"target\":{\"@type\":\"EntryPoint\",\"urlTemplate\":\"https:\\\/\\\/platyphoto.com\\\/?s={search_term_string}\"},\"query-input\":{\"@type\":\"PropertyValueSpecification\",\"valueRequired\":true,\"valueName\":\"search_term_string\"}}],\"inLanguage\":\"en-US\"},{\"@type\":\"Organization\",\"@id\":\"https:\\\/\\\/platyphoto.com\\\/#organization\",\"name\":\"Platyphoto\",\"alternateName\":\"Platyphoto\",\"url\":\"https:\\\/\\\/platyphoto.com\\\/\",\"logo\":{\"@type\":\"ImageObject\",\"inLanguage\":\"en-US\",\"@id\":\"https:\\\/\\\/platyphoto.com\\\/#\\\/schema\\\/logo\\\/image\\\/\",\"url\":\"https:\\\/\\\/i0.wp.com\\\/platyphoto.com\\\/wp-content\\\/uploads\\\/2020\\\/11\\\/cropped-header.jpg?fit=1500%2C282&ssl=1\",\"contentUrl\":\"https:\\\/\\\/i0.wp.com\\\/platyphoto.com\\\/wp-content\\\/uploads\\\/2020\\\/11\\\/cropped-header.jpg?fit=1500%2C282&ssl=1\",\"width\":1500,\"height\":282,\"caption\":\"Platyphoto\"},\"image\":{\"@id\":\"https:\\\/\\\/platyphoto.com\\\/#\\\/schema\\\/logo\\\/image\\\/\"},\"sameAs\":[\"https:\\\/\\\/www.instagram.com\\\/platyphoto\\\/\"]}]}<\/script>\n<!-- \/ Yoast SEO plugin. -->","yoast_head_json":{"title":"Magazine Cyclope N\u00b06 - Platyphoto","robots":{"index":"index","follow":"follow","max-snippet":"max-snippet:-1","max-image-preview":"max-image-preview:large","max-video-preview":"max-video-preview:-1"},"canonical":"https:\/\/platyphoto.com\/en\/product\/magazine-cyclope-n6\/","og_locale":"en_US","og_type":"article","og_title":"Magazine Cyclope N\u00b06 - Platyphoto","og_description":"Titre : Cyclope N\u00b06 Nombres de pages : 92 Ann\u00e9e de publication : 1991 Tr\u00e8s belle revue int\u00e9ressante et abordant de divers sujets sur les appareils argentiques. Bon \u00e9tat g\u00e9n\u00e9ral. L\u00e9g\u00e8res usures.","og_url":"https:\/\/platyphoto.com\/en\/product\/magazine-cyclope-n6\/","og_site_name":"Platyphoto","article_modified_time":"2021-03-08T08:58:17+00:00","og_image":[{"width":2626,"height":1744,"url":"https:\/\/platyphoto.com\/wp-content\/uploads\/2021\/03\/Cyclope-N6.jpg","type":"image\/jpeg"}],"twitter_card":"summary_large_image","schema":{"@context":"https:\/\/schema.org","@graph":[{"@type":"WebPage","@id":"https:\/\/platyphoto.com\/produit\/magazine-cyclope-n6\/","url":"https:\/\/platyphoto.com\/produit\/magazine-cyclope-n6\/","name":"Magazine Cyclope N\u00b06 - Platyphoto","isPartOf":{"@id":"https:\/\/platyphoto.com\/#website"},"primaryImageOfPage":{"@id":"https:\/\/platyphoto.com\/produit\/magazine-cyclope-n6\/#primaryimage"},"image":{"@id":"https:\/\/platyphoto.com\/produit\/magazine-cyclope-n6\/#primaryimage"},"thumbnailUrl":"https:\/\/i0.wp.com\/platyphoto.com\/wp-content\/uploads\/2021\/03\/Cyclope-N6.jpg?fit=2626%2C1744&ssl=1","datePublished":"2021-03-06T20:10:51+00:00","dateModified":"2021-03-08T08:58:17+00:00","breadcrumb":{"@id":"https:\/\/platyphoto.com\/produit\/magazine-cyclope-n6\/#breadcrumb"},"inLanguage":"en-US","potentialAction":[{"@type":"ReadAction","target":["https:\/\/platyphoto.com\/produit\/magazine-cyclope-n6\/"]}]},{"@type":"ImageObject","inLanguage":"en-US","@id":"https:\/\/platyphoto.com\/produit\/magazine-cyclope-n6\/#primaryimage","url":"https:\/\/i0.wp.com\/platyphoto.com\/wp-content\/uploads\/2021\/03\/Cyclope-N6.jpg?fit=2626%2C1744&ssl=1","contentUrl":"https:\/\/i0.wp.com\/platyphoto.com\/wp-content\/uploads\/2021\/03\/Cyclope-N6.jpg?fit=2626%2C1744&ssl=1","width":2626,"height":1744,"caption":"Magazine Cyclope N\u00b06"},{"@type":"BreadcrumbList","@id":"https:\/\/platyphoto.com\/produit\/magazine-cyclope-n6\/#breadcrumb","itemListElement":[{"@type":"ListItem","position":1,"name":"Accueil","item":"https:\/\/platyphoto.com\/"},{"@type":"ListItem","position":2,"name":"Boutique","item":"https:\/\/platyphoto.com\/boutique\/"},{"@type":"ListItem","position":3,"name":"Magazine Cyclope N\u00b06"}]},{"@type":"WebSite","@id":"https:\/\/platyphoto.com\/#website","url":"https:\/\/platyphoto.com\/","name":"Platyphoto","description":"Appareils photos argentiques, objectifs et accessoires de qualit\u00e9.","publisher":{"@id":"https:\/\/platyphoto.com\/#organization"},"potentialAction":[{"@type":"SearchAction","target":{"@type":"EntryPoint","urlTemplate":"https:\/\/platyphoto.com\/?s={search_term_string}"},"query-input":{"@type":"PropertyValueSpecification","valueRequired":true,"valueName":"search_term_string"}}],"inLanguage":"en-US"},{"@type":"Organization","@id":"https:\/\/platyphoto.com\/#organization","name":"Platyphoto","alternateName":"Platyphoto","url":"https:\/\/platyphoto.com\/","logo":{"@type":"ImageObject","inLanguage":"en-US","@id":"https:\/\/platyphoto.com\/#\/schema\/logo\/image\/","url":"https:\/\/i0.wp.com\/platyphoto.com\/wp-content\/uploads\/2020\/11\/cropped-header.jpg?fit=1500%2C282&ssl=1","contentUrl":"https:\/\/i0.wp.com\/platyphoto.com\/wp-content\/uploads\/2020\/11\/cropped-header.jpg?fit=1500%2C282&ssl=1","width":1500,"height":282,"caption":"Platyphoto"},"image":{"@id":"https:\/\/platyphoto.com\/#\/schema\/logo\/image\/"},"sameAs":["https:\/\/www.instagram.com\/platyphoto\/"]}]}},"jetpack_publicize_connections":[],"jetpack_likes_enabled":false,"jetpack_sharing_enabled":true,"_links":{"self":[{"href":"https:\/\/platyphoto.com\/en\/wp-json\/wp\/v2\/product\/1855","targetHints":{"allow":["GET"]}}],"collection":[{"href":"https:\/\/platyphoto.com\/en\/wp-json\/wp\/v2\/product"}],"about":[{"href":"https:\/\/platyphoto.com\/en\/wp-json\/wp\/v2\/types\/product"}],"wp:featuredmedia":[{"embeddable":true,"href":"https:\/\/platyphoto.com\/en\/wp-json\/wp\/v2\/media\/1858"}],"wp:attachment":[{"href":"https:\/\/platyphoto.com\/en\/wp-json\/wp\/v2\/media?parent=1855"}],"wp:term":[{"taxonomy":"product_brand","embeddable":true,"href":"https:\/\/platyphoto.com\/en\/wp-json\/wp\/v2\/product_brand?post=1855"},{"taxonomy":"product_cat","embeddable":true,"href":"https:\/\/platyphoto.com\/en\/wp-json\/wp\/v2\/product_cat?post=1855"},{"taxonomy":"product_tag","embeddable":true,"href":"https:\/\/platyphoto.com\/en\/wp-json\/wp\/v2\/product_tag?post=1855"}],"curies":[{"name":"wp","href":"https:\/\/api.w.org\/{rel}","templated":true}]}}