{"id":18567,"date":"2025-11-18T23:50:44","date_gmt":"2025-11-18T22:50:44","guid":{"rendered":"https:\/\/platyphoto.com\/?post_type=product&#038;p=18567"},"modified":"2025-11-19T00:03:45","modified_gmt":"2025-11-18T23:03:45","slug":"m42-helios-44m-6-58mm-f2-1991","status":"publish","type":"product","link":"https:\/\/platyphoto.com\/en\/product\/m42-helios-44m-6-58mm-f2-1991\/","title":{"rendered":"M42 Helios 44M-6 58mm F:2 1991 VALDAI"},"content":{"rendered":"<p><strong>Marque<\/strong> : Helios<\/p>\n<p><strong>Mod\u00e8le<\/strong> : 44M-6 58mm F:2 1991<\/p>\n<p><strong>Monture :<\/strong> M42<\/p>\n<div id=\"ds_div\">Un classique ! Appr\u00e9ci\u00e9 par les portraitistes, cet exemplaire est en \u00e9tat correct, lentilles sans champignons, pr\u00e9sence de quelques petits points sur la lentille frontale, quelques rayures et quelques traces internes. Prix en cons\u00e9quence. Usine Valdai.<\/div>\n<div><\/div>\n<p>Vendu avec bouchons. 6 lames de diaphragme.<\/p>\n<p><strong>Concernant l\u2019\u00e9tat :<\/strong><\/p>\n<p>Exterieur : 7\/10, traces d\u2019usages<\/p>\n<p>Optique : 6,5\/10, pr\u00e9sence de quelques micro poussi\u00e8res, pr\u00e9sence de quelques petits points sur la lentille frontale, quelques rayures et quelques traces interne<\/p>\n<p>M\u00e9canique : 10\/10, 100% fonctionnel, mise au point fluide et agr\u00e9able, enti\u00e8rement r\u00e9vis\u00e9, mise au point nettoy\u00e9e, graiss\u00e9e, maintenant fluide et agr\u00e9able.<\/p>\n<p>Garanti 1 an !<\/p>","protected":false},"excerpt":{"rendered":"<p>Marque : Helios Mod\u00e8le : 44M-6 58mm F:2 1991 Monture : M42 Un classique ! Appr\u00e9ci\u00e9 par les portraitistes, cet exemplaire est en \u00e9tat correct, lentilles sans champignons, pr\u00e9sence de quelques petits points sur la lentille frontale, quelques rayures et quelques traces internes. Prix en cons\u00e9quence. Usine Valdai. Vendu avec bouchons. 6 lames de diaphragme. [&hellip;]<\/p>\n","protected":false},"featured_media":18572,"template":"","meta":{"_coblocks_attr":"","_coblocks_dimensions":"","_coblocks_responsive_height":"","_coblocks_accordion_ie_support":"","_crdt_document":"","jetpack_publicize_message":"","jetpack_publicize_feature_enabled":true,"jetpack_social_post_already_shared":true,"jetpack_social_options":{"image_generator_settings":{"template":"highway","default_image_id":0,"font":"","enabled":false},"version":2},"_wpas_customize_per_network":false},"product_brand":[],"product_cat":[6367,6366],"product_tag":[],"class_list":{"0":"post-18567","1":"product","2":"type-product","3":"status-publish","4":"has-post-thumbnail","6":"product_cat-m42","7":"product_cat-objectifs","9":"first","10":"instock","11":"shipping-taxable","12":"purchasable","13":"product-type-simple"},"yoast_head":"<!-- This site is optimized with the Yoast SEO plugin v27.4 - https:\/\/yoast.com\/product\/yoast-seo-wordpress\/ -->\n<title>M42 Helios 44M-6 58mm F:2 1991 VALDAI - Platyphoto<\/title>\n<meta name=\"description\" content=\"M42 Helios 44M-6 58mm F:2 1994, Appr\u00e9ci\u00e9 par les portraitistes pour son bokeh tournant caract\u00e9ristique, cet exemplaire est en tr\u00e8s bel \u00e9tat, lentilles propres sans champignons\" \/>\n<meta name=\"robots\" content=\"index, follow, max-snippet:-1, max-image-preview:large, max-video-preview:-1\" \/>\n<link rel=\"canonical\" href=\"https:\/\/platyphoto.com\/en\/product\/m42-helios-44m-6-58mm-f2-1991\/\" \/>\n<meta property=\"og:locale\" content=\"en_US\" \/>\n<meta property=\"og:type\" content=\"article\" \/>\n<meta property=\"og:title\" content=\"M42 Helios 44M-6 58mm F:2 1991 VALDAI - Platyphoto\" \/>\n<meta property=\"og:description\" content=\"M42 Helios 44M-6 58mm F:2 1994, Appr\u00e9ci\u00e9 par les portraitistes pour son bokeh tournant caract\u00e9ristique, cet exemplaire est en tr\u00e8s bel \u00e9tat, lentilles propres sans champignons\" \/>\n<meta property=\"og:url\" content=\"https:\/\/platyphoto.com\/en\/product\/m42-helios-44m-6-58mm-f2-1991\/\" \/>\n<meta property=\"og:site_name\" content=\"Platyphoto\" \/>\n<meta property=\"article:modified_time\" content=\"2025-11-18T23:03:45+00:00\" \/>\n<meta property=\"og:image\" content=\"https:\/\/platyphoto.com\/wp-content\/uploads\/2025\/11\/Helios-44M6-91-1024x683.jpg\" \/>\n\t<meta property=\"og:image:width\" content=\"1024\" \/>\n\t<meta property=\"og:image:height\" content=\"683\" \/>\n\t<meta property=\"og:image:type\" content=\"image\/jpeg\" \/>\n<meta name=\"twitter:card\" content=\"summary_large_image\" \/>\n<meta name=\"twitter:label1\" content=\"Est. reading time\" \/>\n\t<meta name=\"twitter:data1\" content=\"1 minute\" \/>\n<script type=\"application\/ld+json\" class=\"yoast-schema-graph\">{\"@context\":\"https:\\\/\\\/schema.org\",\"@graph\":[{\"@type\":\"WebPage\",\"@id\":\"https:\\\/\\\/platyphoto.com\\\/produit\\\/m42-helios-44m-6-58mm-f2-1991\\\/\",\"url\":\"https:\\\/\\\/platyphoto.com\\\/produit\\\/m42-helios-44m-6-58mm-f2-1991\\\/\",\"name\":\"M42 Helios 44M-6 58mm F:2 1991 VALDAI - Platyphoto\",\"isPartOf\":{\"@id\":\"https:\\\/\\\/platyphoto.com\\\/#website\"},\"primaryImageOfPage\":{\"@id\":\"https:\\\/\\\/platyphoto.com\\\/produit\\\/m42-helios-44m-6-58mm-f2-1991\\\/#primaryimage\"},\"image\":{\"@id\":\"https:\\\/\\\/platyphoto.com\\\/produit\\\/m42-helios-44m-6-58mm-f2-1991\\\/#primaryimage\"},\"thumbnailUrl\":\"https:\\\/\\\/i0.wp.com\\\/platyphoto.com\\\/wp-content\\\/uploads\\\/2025\\\/11\\\/Helios-44M6-91.jpg?fit=4195%2C2797&ssl=1\",\"datePublished\":\"2025-11-18T22:50:44+00:00\",\"dateModified\":\"2025-11-18T23:03:45+00:00\",\"description\":\"M42 Helios 44M-6 58mm F:2 1994, Appr\u00e9ci\u00e9 par les portraitistes pour son bokeh tournant caract\u00e9ristique, cet exemplaire est en tr\u00e8s bel \u00e9tat, lentilles propres sans champignons\",\"breadcrumb\":{\"@id\":\"https:\\\/\\\/platyphoto.com\\\/produit\\\/m42-helios-44m-6-58mm-f2-1991\\\/#breadcrumb\"},\"inLanguage\":\"en-US\",\"potentialAction\":[{\"@type\":\"ReadAction\",\"target\":[\"https:\\\/\\\/platyphoto.com\\\/produit\\\/m42-helios-44m-6-58mm-f2-1991\\\/\"]}]},{\"@type\":\"ImageObject\",\"inLanguage\":\"en-US\",\"@id\":\"https:\\\/\\\/platyphoto.com\\\/produit\\\/m42-helios-44m-6-58mm-f2-1991\\\/#primaryimage\",\"url\":\"https:\\\/\\\/i0.wp.com\\\/platyphoto.com\\\/wp-content\\\/uploads\\\/2025\\\/11\\\/Helios-44M6-91.jpg?fit=4195%2C2797&ssl=1\",\"contentUrl\":\"https:\\\/\\\/i0.wp.com\\\/platyphoto.com\\\/wp-content\\\/uploads\\\/2025\\\/11\\\/Helios-44M6-91.jpg?fit=4195%2C2797&ssl=1\",\"width\":4195,\"height\":2797,\"caption\":\"M42 Helios 44M-6 58mm F:2 1991 VALDAI\"},{\"@type\":\"BreadcrumbList\",\"@id\":\"https:\\\/\\\/platyphoto.com\\\/produit\\\/m42-helios-44m-6-58mm-f2-1991\\\/#breadcrumb\",\"itemListElement\":[{\"@type\":\"ListItem\",\"position\":1,\"name\":\"Accueil\",\"item\":\"https:\\\/\\\/platyphoto.com\\\/\"},{\"@type\":\"ListItem\",\"position\":2,\"name\":\"Boutique\",\"item\":\"https:\\\/\\\/platyphoto.com\\\/boutique\\\/\"},{\"@type\":\"ListItem\",\"position\":3,\"name\":\"M42 Helios 44M-6 58mm F:2 1991 VALDAI\"}]},{\"@type\":\"WebSite\",\"@id\":\"https:\\\/\\\/platyphoto.com\\\/#website\",\"url\":\"https:\\\/\\\/platyphoto.com\\\/\",\"name\":\"Platyphoto\",\"description\":\"Appareils photos argentiques, objectifs et accessoires de qualit\u00e9.\",\"publisher\":{\"@id\":\"https:\\\/\\\/platyphoto.com\\\/#organization\"},\"potentialAction\":[{\"@type\":\"SearchAction\",\"target\":{\"@type\":\"EntryPoint\",\"urlTemplate\":\"https:\\\/\\\/platyphoto.com\\\/?s={search_term_string}\"},\"query-input\":{\"@type\":\"PropertyValueSpecification\",\"valueRequired\":true,\"valueName\":\"search_term_string\"}}],\"inLanguage\":\"en-US\"},{\"@type\":\"Organization\",\"@id\":\"https:\\\/\\\/platyphoto.com\\\/#organization\",\"name\":\"Platyphoto\",\"alternateName\":\"Platyphoto\",\"url\":\"https:\\\/\\\/platyphoto.com\\\/\",\"logo\":{\"@type\":\"ImageObject\",\"inLanguage\":\"en-US\",\"@id\":\"https:\\\/\\\/platyphoto.com\\\/#\\\/schema\\\/logo\\\/image\\\/\",\"url\":\"https:\\\/\\\/i0.wp.com\\\/platyphoto.com\\\/wp-content\\\/uploads\\\/2020\\\/11\\\/cropped-header.jpg?fit=1500%2C282&ssl=1\",\"contentUrl\":\"https:\\\/\\\/i0.wp.com\\\/platyphoto.com\\\/wp-content\\\/uploads\\\/2020\\\/11\\\/cropped-header.jpg?fit=1500%2C282&ssl=1\",\"width\":1500,\"height\":282,\"caption\":\"Platyphoto\"},\"image\":{\"@id\":\"https:\\\/\\\/platyphoto.com\\\/#\\\/schema\\\/logo\\\/image\\\/\"},\"sameAs\":[\"https:\\\/\\\/www.instagram.com\\\/platyphoto\\\/\"]}]}<\/script>\n<!-- \/ Yoast SEO plugin. -->","yoast_head_json":{"title":"M42 Helios 44M-6 58mm F:2 1991 VALDAI - Platyphoto","description":"M42 Helios 44M-6 58mm F:2 1994, Appr\u00e9ci\u00e9 par les portraitistes pour son bokeh tournant caract\u00e9ristique, cet exemplaire est en tr\u00e8s bel \u00e9tat, lentilles propres sans champignons","robots":{"index":"index","follow":"follow","max-snippet":"max-snippet:-1","max-image-preview":"max-image-preview:large","max-video-preview":"max-video-preview:-1"},"canonical":"https:\/\/platyphoto.com\/en\/product\/m42-helios-44m-6-58mm-f2-1991\/","og_locale":"en_US","og_type":"article","og_title":"M42 Helios 44M-6 58mm F:2 1991 VALDAI - Platyphoto","og_description":"M42 Helios 44M-6 58mm F:2 1994, Appr\u00e9ci\u00e9 par les portraitistes pour son bokeh tournant caract\u00e9ristique, cet exemplaire est en tr\u00e8s bel \u00e9tat, lentilles propres sans champignons","og_url":"https:\/\/platyphoto.com\/en\/product\/m42-helios-44m-6-58mm-f2-1991\/","og_site_name":"Platyphoto","article_modified_time":"2025-11-18T23:03:45+00:00","og_image":[{"width":1024,"height":683,"url":"https:\/\/platyphoto.com\/wp-content\/uploads\/2025\/11\/Helios-44M6-91-1024x683.jpg","type":"image\/jpeg"}],"twitter_card":"summary_large_image","twitter_misc":{"Est. reading time":"1 minute"},"schema":{"@context":"https:\/\/schema.org","@graph":[{"@type":"WebPage","@id":"https:\/\/platyphoto.com\/produit\/m42-helios-44m-6-58mm-f2-1991\/","url":"https:\/\/platyphoto.com\/produit\/m42-helios-44m-6-58mm-f2-1991\/","name":"M42 Helios 44M-6 58mm F:2 1991 VALDAI - Platyphoto","isPartOf":{"@id":"https:\/\/platyphoto.com\/#website"},"primaryImageOfPage":{"@id":"https:\/\/platyphoto.com\/produit\/m42-helios-44m-6-58mm-f2-1991\/#primaryimage"},"image":{"@id":"https:\/\/platyphoto.com\/produit\/m42-helios-44m-6-58mm-f2-1991\/#primaryimage"},"thumbnailUrl":"https:\/\/i0.wp.com\/platyphoto.com\/wp-content\/uploads\/2025\/11\/Helios-44M6-91.jpg?fit=4195%2C2797&ssl=1","datePublished":"2025-11-18T22:50:44+00:00","dateModified":"2025-11-18T23:03:45+00:00","description":"M42 Helios 44M-6 58mm F:2 1994, Appr\u00e9ci\u00e9 par les portraitistes pour son bokeh tournant caract\u00e9ristique, cet exemplaire est en tr\u00e8s bel \u00e9tat, lentilles propres sans champignons","breadcrumb":{"@id":"https:\/\/platyphoto.com\/produit\/m42-helios-44m-6-58mm-f2-1991\/#breadcrumb"},"inLanguage":"en-US","potentialAction":[{"@type":"ReadAction","target":["https:\/\/platyphoto.com\/produit\/m42-helios-44m-6-58mm-f2-1991\/"]}]},{"@type":"ImageObject","inLanguage":"en-US","@id":"https:\/\/platyphoto.com\/produit\/m42-helios-44m-6-58mm-f2-1991\/#primaryimage","url":"https:\/\/i0.wp.com\/platyphoto.com\/wp-content\/uploads\/2025\/11\/Helios-44M6-91.jpg?fit=4195%2C2797&ssl=1","contentUrl":"https:\/\/i0.wp.com\/platyphoto.com\/wp-content\/uploads\/2025\/11\/Helios-44M6-91.jpg?fit=4195%2C2797&ssl=1","width":4195,"height":2797,"caption":"M42 Helios 44M-6 58mm F:2 1991 VALDAI"},{"@type":"BreadcrumbList","@id":"https:\/\/platyphoto.com\/produit\/m42-helios-44m-6-58mm-f2-1991\/#breadcrumb","itemListElement":[{"@type":"ListItem","position":1,"name":"Accueil","item":"https:\/\/platyphoto.com\/"},{"@type":"ListItem","position":2,"name":"Boutique","item":"https:\/\/platyphoto.com\/boutique\/"},{"@type":"ListItem","position":3,"name":"M42 Helios 44M-6 58mm F:2 1991 VALDAI"}]},{"@type":"WebSite","@id":"https:\/\/platyphoto.com\/#website","url":"https:\/\/platyphoto.com\/","name":"Platyphoto","description":"Appareils photos argentiques, objectifs et accessoires de qualit\u00e9.","publisher":{"@id":"https:\/\/platyphoto.com\/#organization"},"potentialAction":[{"@type":"SearchAction","target":{"@type":"EntryPoint","urlTemplate":"https:\/\/platyphoto.com\/?s={search_term_string}"},"query-input":{"@type":"PropertyValueSpecification","valueRequired":true,"valueName":"search_term_string"}}],"inLanguage":"en-US"},{"@type":"Organization","@id":"https:\/\/platyphoto.com\/#organization","name":"Platyphoto","alternateName":"Platyphoto","url":"https:\/\/platyphoto.com\/","logo":{"@type":"ImageObject","inLanguage":"en-US","@id":"https:\/\/platyphoto.com\/#\/schema\/logo\/image\/","url":"https:\/\/i0.wp.com\/platyphoto.com\/wp-content\/uploads\/2020\/11\/cropped-header.jpg?fit=1500%2C282&ssl=1","contentUrl":"https:\/\/i0.wp.com\/platyphoto.com\/wp-content\/uploads\/2020\/11\/cropped-header.jpg?fit=1500%2C282&ssl=1","width":1500,"height":282,"caption":"Platyphoto"},"image":{"@id":"https:\/\/platyphoto.com\/#\/schema\/logo\/image\/"},"sameAs":["https:\/\/www.instagram.com\/platyphoto\/"]}]}},"jetpack_publicize_connections":[],"jetpack_likes_enabled":false,"jetpack_sharing_enabled":true,"_links":{"self":[{"href":"https:\/\/platyphoto.com\/en\/wp-json\/wp\/v2\/product\/18567","targetHints":{"allow":["GET"]}}],"collection":[{"href":"https:\/\/platyphoto.com\/en\/wp-json\/wp\/v2\/product"}],"about":[{"href":"https:\/\/platyphoto.com\/en\/wp-json\/wp\/v2\/types\/product"}],"wp:featuredmedia":[{"embeddable":true,"href":"https:\/\/platyphoto.com\/en\/wp-json\/wp\/v2\/media\/18572"}],"wp:attachment":[{"href":"https:\/\/platyphoto.com\/en\/wp-json\/wp\/v2\/media?parent=18567"}],"wp:term":[{"taxonomy":"product_brand","embeddable":true,"href":"https:\/\/platyphoto.com\/en\/wp-json\/wp\/v2\/product_brand?post=18567"},{"taxonomy":"product_cat","embeddable":true,"href":"https:\/\/platyphoto.com\/en\/wp-json\/wp\/v2\/product_cat?post=18567"},{"taxonomy":"product_tag","embeddable":true,"href":"https:\/\/platyphoto.com\/en\/wp-json\/wp\/v2\/product_tag?post=18567"}],"curies":[{"name":"wp","href":"https:\/\/api.w.org\/{rel}","templated":true}]}}