{"id":18619,"date":"2025-11-20T14:18:49","date_gmt":"2025-11-20T13:18:49","guid":{"rendered":"https:\/\/platyphoto.com\/?post_type=product&#038;p=18619"},"modified":"2025-11-20T14:56:36","modified_gmt":"2025-11-20T13:56:36","slug":"kenko-fish-eye-180-complement-optique-55mm","status":"publish","type":"product","link":"https:\/\/platyphoto.com\/en\/product\/kenko-fish-eye-180-complement-optique-55mm\/","title":{"rendered":"Kenko Fish-eye 180\u00b0 complement optique 55mm"},"content":{"rendered":"<p><strong>Marque<\/strong> : Kenko<\/p>\n<p><strong>Mod\u00e8le<\/strong> : Fish-eye 180\u00b0<\/p>\n<p><strong>Monture :<\/strong> 55mm<\/p>\n<p>Etonnant compl\u00e9ment optique Fish-Eye 180\u00b0 de chez Kenko, se monte \u00e0 l&rsquo;avant d&rsquo;un objectif en filetage 55mm et produit une image de 180\u00b0, pratique pour avoir un objectif ultra grand angle pour pas cher ! Diaphragme int\u00e9gr\u00e9. Exemple photo mont\u00e9 sur un 50mm.<\/p>\n<p>100% fonctionnel.<\/p>\n<p><strong>Concernant l\u2019\u00e9tat :<\/strong><\/p>\n<p>Exterieur : 8,5\/10, bel \u00e9tat<\/p>\n<p>Optique : 7\/10, pr\u00e9sence de quelques micro poussi\u00e8res, rayure au centre de la lentille frontale.<\/p>\n<p>M\u00e9canique : 10\/10, 100% fonctionnel<\/p>\n<p>Garanti 1 an !<\/p>","protected":false},"excerpt":{"rendered":"<p>Marque : Kenko Mod\u00e8le : Fish-eye 180\u00b0 Monture : 55mm Etonnant compl\u00e9ment optique Fish-Eye 180\u00b0 de chez Kenko, se monte \u00e0 l&rsquo;avant d&rsquo;un objectif en filetage 55mm et produit une image de 180\u00b0, pratique pour avoir un objectif ultra grand angle pour pas cher ! Diaphragme int\u00e9gr\u00e9. Exemple photo mont\u00e9 sur un 50mm. 100% fonctionnel. [&hellip;]<\/p>\n","protected":false},"featured_media":18622,"template":"","meta":{"_coblocks_attr":"","_coblocks_dimensions":"","_coblocks_responsive_height":"","_coblocks_accordion_ie_support":"","_crdt_document":"","jetpack_post_was_ever_published":false,"jetpack_publicize_message":"","jetpack_publicize_feature_enabled":true,"jetpack_social_post_already_shared":true,"jetpack_social_options":{"image_generator_settings":{"template":"highway","default_image_id":0,"font":"","enabled":false},"version":2},"_wpas_customize_per_network":false},"product_brand":[],"product_cat":[6680,6376,6531],"product_tag":[],"class_list":{"0":"post-18619","1":"product","2":"type-product","3":"status-publish","4":"has-post-thumbnail","6":"product_cat-55mm","7":"product_cat-accessoires-fr","8":"product_cat-filtres","10":"first","11":"outofstock","12":"shipping-taxable","13":"purchasable","14":"product-type-simple"},"yoast_head":"<!-- This site is optimized with the Yoast SEO plugin v27.3 - https:\/\/yoast.com\/product\/yoast-seo-wordpress\/ -->\n<title>Kenko Fish-eye 180\u00b0 complement optique 55mm - Platyphoto<\/title>\n<meta name=\"description\" content=\"Etonnant compl\u00e9ment optique Fish-Eye 180\u00b0 de chez Kenko, se monte \u00e0 l&#039;avant d&#039;un objectif en filetage 55mm et produit une image de 180\u00b0, pratique pour avoir un objectif ultra grand angle pour pas cher ! Diaphragme int\u00e9gr\u00e9. Exemple photo mont\u00e9 sur un 50mm.\" \/>\n<meta name=\"robots\" content=\"index, follow, max-snippet:-1, max-image-preview:large, max-video-preview:-1\" \/>\n<link rel=\"canonical\" href=\"https:\/\/platyphoto.com\/en\/product\/kenko-fish-eye-180-complement-optique-55mm\/\" \/>\n<meta property=\"og:locale\" content=\"en_US\" \/>\n<meta property=\"og:type\" content=\"article\" \/>\n<meta property=\"og:title\" content=\"Kenko Fish-eye 180\u00b0 complement optique 55mm - Platyphoto\" \/>\n<meta property=\"og:description\" content=\"Etonnant compl\u00e9ment optique Fish-Eye 180\u00b0 de chez Kenko, se monte \u00e0 l&#039;avant d&#039;un objectif en filetage 55mm et produit une image de 180\u00b0, pratique pour avoir un objectif ultra grand angle pour pas cher ! Diaphragme int\u00e9gr\u00e9. Exemple photo mont\u00e9 sur un 50mm.\" \/>\n<meta property=\"og:url\" content=\"https:\/\/platyphoto.com\/en\/product\/kenko-fish-eye-180-complement-optique-55mm\/\" \/>\n<meta property=\"og:site_name\" content=\"Platyphoto\" \/>\n<meta property=\"article:modified_time\" content=\"2025-11-20T13:56:36+00:00\" \/>\n<meta property=\"og:image\" content=\"https:\/\/platyphoto.com\/wp-content\/uploads\/2025\/11\/Kenko-2-1024x683.jpg\" \/>\n\t<meta property=\"og:image:width\" content=\"1024\" \/>\n\t<meta property=\"og:image:height\" content=\"683\" \/>\n\t<meta property=\"og:image:type\" content=\"image\/jpeg\" \/>\n<meta name=\"twitter:card\" content=\"summary_large_image\" \/>\n<meta name=\"twitter:label1\" content=\"Est. reading time\" \/>\n\t<meta name=\"twitter:data1\" content=\"1 minute\" \/>\n<script type=\"application\/ld+json\" class=\"yoast-schema-graph\">{\"@context\":\"https:\\\/\\\/schema.org\",\"@graph\":[{\"@type\":\"WebPage\",\"@id\":\"https:\\\/\\\/platyphoto.com\\\/produit\\\/kenko-fish-eye-180-complement-optique-55mm\\\/\",\"url\":\"https:\\\/\\\/platyphoto.com\\\/produit\\\/kenko-fish-eye-180-complement-optique-55mm\\\/\",\"name\":\"Kenko Fish-eye 180\u00b0 complement optique 55mm - Platyphoto\",\"isPartOf\":{\"@id\":\"https:\\\/\\\/platyphoto.com\\\/#website\"},\"primaryImageOfPage\":{\"@id\":\"https:\\\/\\\/platyphoto.com\\\/produit\\\/kenko-fish-eye-180-complement-optique-55mm\\\/#primaryimage\"},\"image\":{\"@id\":\"https:\\\/\\\/platyphoto.com\\\/produit\\\/kenko-fish-eye-180-complement-optique-55mm\\\/#primaryimage\"},\"thumbnailUrl\":\"https:\\\/\\\/i0.wp.com\\\/platyphoto.com\\\/wp-content\\\/uploads\\\/2025\\\/11\\\/Kenko-2.jpg?fit=5231%2C3487&ssl=1\",\"datePublished\":\"2025-11-20T13:18:49+00:00\",\"dateModified\":\"2025-11-20T13:56:36+00:00\",\"description\":\"Etonnant compl\u00e9ment optique Fish-Eye 180\u00b0 de chez Kenko, se monte \u00e0 l'avant d'un objectif en filetage 55mm et produit une image de 180\u00b0, pratique pour avoir un objectif ultra grand angle pour pas cher ! Diaphragme int\u00e9gr\u00e9. Exemple photo mont\u00e9 sur un 50mm.\",\"breadcrumb\":{\"@id\":\"https:\\\/\\\/platyphoto.com\\\/produit\\\/kenko-fish-eye-180-complement-optique-55mm\\\/#breadcrumb\"},\"inLanguage\":\"en-US\",\"potentialAction\":[{\"@type\":\"ReadAction\",\"target\":[\"https:\\\/\\\/platyphoto.com\\\/produit\\\/kenko-fish-eye-180-complement-optique-55mm\\\/\"]}]},{\"@type\":\"ImageObject\",\"inLanguage\":\"en-US\",\"@id\":\"https:\\\/\\\/platyphoto.com\\\/produit\\\/kenko-fish-eye-180-complement-optique-55mm\\\/#primaryimage\",\"url\":\"https:\\\/\\\/i0.wp.com\\\/platyphoto.com\\\/wp-content\\\/uploads\\\/2025\\\/11\\\/Kenko-2.jpg?fit=5231%2C3487&ssl=1\",\"contentUrl\":\"https:\\\/\\\/i0.wp.com\\\/platyphoto.com\\\/wp-content\\\/uploads\\\/2025\\\/11\\\/Kenko-2.jpg?fit=5231%2C3487&ssl=1\",\"width\":5231,\"height\":3487,\"caption\":\"Kenko Fish-eye 180\u00b0 complement optique 55mm\"},{\"@type\":\"BreadcrumbList\",\"@id\":\"https:\\\/\\\/platyphoto.com\\\/produit\\\/kenko-fish-eye-180-complement-optique-55mm\\\/#breadcrumb\",\"itemListElement\":[{\"@type\":\"ListItem\",\"position\":1,\"name\":\"Accueil\",\"item\":\"https:\\\/\\\/platyphoto.com\\\/\"},{\"@type\":\"ListItem\",\"position\":2,\"name\":\"Boutique\",\"item\":\"https:\\\/\\\/platyphoto.com\\\/boutique\\\/\"},{\"@type\":\"ListItem\",\"position\":3,\"name\":\"Kenko Fish-eye 180\u00b0 complement optique 55mm\"}]},{\"@type\":\"WebSite\",\"@id\":\"https:\\\/\\\/platyphoto.com\\\/#website\",\"url\":\"https:\\\/\\\/platyphoto.com\\\/\",\"name\":\"Platyphoto\",\"description\":\"Appareils photos argentiques, objectifs et accessoires de qualit\u00e9.\",\"publisher\":{\"@id\":\"https:\\\/\\\/platyphoto.com\\\/#organization\"},\"potentialAction\":[{\"@type\":\"SearchAction\",\"target\":{\"@type\":\"EntryPoint\",\"urlTemplate\":\"https:\\\/\\\/platyphoto.com\\\/?s={search_term_string}\"},\"query-input\":{\"@type\":\"PropertyValueSpecification\",\"valueRequired\":true,\"valueName\":\"search_term_string\"}}],\"inLanguage\":\"en-US\"},{\"@type\":\"Organization\",\"@id\":\"https:\\\/\\\/platyphoto.com\\\/#organization\",\"name\":\"Platyphoto\",\"alternateName\":\"Platyphoto\",\"url\":\"https:\\\/\\\/platyphoto.com\\\/\",\"logo\":{\"@type\":\"ImageObject\",\"inLanguage\":\"en-US\",\"@id\":\"https:\\\/\\\/platyphoto.com\\\/#\\\/schema\\\/logo\\\/image\\\/\",\"url\":\"https:\\\/\\\/i0.wp.com\\\/platyphoto.com\\\/wp-content\\\/uploads\\\/2020\\\/11\\\/cropped-header.jpg?fit=1500%2C282&ssl=1\",\"contentUrl\":\"https:\\\/\\\/i0.wp.com\\\/platyphoto.com\\\/wp-content\\\/uploads\\\/2020\\\/11\\\/cropped-header.jpg?fit=1500%2C282&ssl=1\",\"width\":1500,\"height\":282,\"caption\":\"Platyphoto\"},\"image\":{\"@id\":\"https:\\\/\\\/platyphoto.com\\\/#\\\/schema\\\/logo\\\/image\\\/\"},\"sameAs\":[\"https:\\\/\\\/www.instagram.com\\\/platyphoto\\\/\"]}]}<\/script>\n<!-- \/ Yoast SEO plugin. -->","yoast_head_json":{"title":"Kenko Fish-eye 180\u00b0 complement optique 55mm - Platyphoto","description":"Etonnant compl\u00e9ment optique Fish-Eye 180\u00b0 de chez Kenko, se monte \u00e0 l'avant d'un objectif en filetage 55mm et produit une image de 180\u00b0, pratique pour avoir un objectif ultra grand angle pour pas cher ! Diaphragme int\u00e9gr\u00e9. Exemple photo mont\u00e9 sur un 50mm.","robots":{"index":"index","follow":"follow","max-snippet":"max-snippet:-1","max-image-preview":"max-image-preview:large","max-video-preview":"max-video-preview:-1"},"canonical":"https:\/\/platyphoto.com\/en\/product\/kenko-fish-eye-180-complement-optique-55mm\/","og_locale":"en_US","og_type":"article","og_title":"Kenko Fish-eye 180\u00b0 complement optique 55mm - Platyphoto","og_description":"Etonnant compl\u00e9ment optique Fish-Eye 180\u00b0 de chez Kenko, se monte \u00e0 l'avant d'un objectif en filetage 55mm et produit une image de 180\u00b0, pratique pour avoir un objectif ultra grand angle pour pas cher ! Diaphragme int\u00e9gr\u00e9. Exemple photo mont\u00e9 sur un 50mm.","og_url":"https:\/\/platyphoto.com\/en\/product\/kenko-fish-eye-180-complement-optique-55mm\/","og_site_name":"Platyphoto","article_modified_time":"2025-11-20T13:56:36+00:00","og_image":[{"width":1024,"height":683,"url":"https:\/\/platyphoto.com\/wp-content\/uploads\/2025\/11\/Kenko-2-1024x683.jpg","type":"image\/jpeg"}],"twitter_card":"summary_large_image","twitter_misc":{"Est. reading time":"1 minute"},"schema":{"@context":"https:\/\/schema.org","@graph":[{"@type":"WebPage","@id":"https:\/\/platyphoto.com\/produit\/kenko-fish-eye-180-complement-optique-55mm\/","url":"https:\/\/platyphoto.com\/produit\/kenko-fish-eye-180-complement-optique-55mm\/","name":"Kenko Fish-eye 180\u00b0 complement optique 55mm - Platyphoto","isPartOf":{"@id":"https:\/\/platyphoto.com\/#website"},"primaryImageOfPage":{"@id":"https:\/\/platyphoto.com\/produit\/kenko-fish-eye-180-complement-optique-55mm\/#primaryimage"},"image":{"@id":"https:\/\/platyphoto.com\/produit\/kenko-fish-eye-180-complement-optique-55mm\/#primaryimage"},"thumbnailUrl":"https:\/\/i0.wp.com\/platyphoto.com\/wp-content\/uploads\/2025\/11\/Kenko-2.jpg?fit=5231%2C3487&ssl=1","datePublished":"2025-11-20T13:18:49+00:00","dateModified":"2025-11-20T13:56:36+00:00","description":"Etonnant compl\u00e9ment optique Fish-Eye 180\u00b0 de chez Kenko, se monte \u00e0 l'avant d'un objectif en filetage 55mm et produit une image de 180\u00b0, pratique pour avoir un objectif ultra grand angle pour pas cher ! Diaphragme int\u00e9gr\u00e9. Exemple photo mont\u00e9 sur un 50mm.","breadcrumb":{"@id":"https:\/\/platyphoto.com\/produit\/kenko-fish-eye-180-complement-optique-55mm\/#breadcrumb"},"inLanguage":"en-US","potentialAction":[{"@type":"ReadAction","target":["https:\/\/platyphoto.com\/produit\/kenko-fish-eye-180-complement-optique-55mm\/"]}]},{"@type":"ImageObject","inLanguage":"en-US","@id":"https:\/\/platyphoto.com\/produit\/kenko-fish-eye-180-complement-optique-55mm\/#primaryimage","url":"https:\/\/i0.wp.com\/platyphoto.com\/wp-content\/uploads\/2025\/11\/Kenko-2.jpg?fit=5231%2C3487&ssl=1","contentUrl":"https:\/\/i0.wp.com\/platyphoto.com\/wp-content\/uploads\/2025\/11\/Kenko-2.jpg?fit=5231%2C3487&ssl=1","width":5231,"height":3487,"caption":"Kenko Fish-eye 180\u00b0 complement optique 55mm"},{"@type":"BreadcrumbList","@id":"https:\/\/platyphoto.com\/produit\/kenko-fish-eye-180-complement-optique-55mm\/#breadcrumb","itemListElement":[{"@type":"ListItem","position":1,"name":"Accueil","item":"https:\/\/platyphoto.com\/"},{"@type":"ListItem","position":2,"name":"Boutique","item":"https:\/\/platyphoto.com\/boutique\/"},{"@type":"ListItem","position":3,"name":"Kenko Fish-eye 180\u00b0 complement optique 55mm"}]},{"@type":"WebSite","@id":"https:\/\/platyphoto.com\/#website","url":"https:\/\/platyphoto.com\/","name":"Platyphoto","description":"Appareils photos argentiques, objectifs et accessoires de qualit\u00e9.","publisher":{"@id":"https:\/\/platyphoto.com\/#organization"},"potentialAction":[{"@type":"SearchAction","target":{"@type":"EntryPoint","urlTemplate":"https:\/\/platyphoto.com\/?s={search_term_string}"},"query-input":{"@type":"PropertyValueSpecification","valueRequired":true,"valueName":"search_term_string"}}],"inLanguage":"en-US"},{"@type":"Organization","@id":"https:\/\/platyphoto.com\/#organization","name":"Platyphoto","alternateName":"Platyphoto","url":"https:\/\/platyphoto.com\/","logo":{"@type":"ImageObject","inLanguage":"en-US","@id":"https:\/\/platyphoto.com\/#\/schema\/logo\/image\/","url":"https:\/\/i0.wp.com\/platyphoto.com\/wp-content\/uploads\/2020\/11\/cropped-header.jpg?fit=1500%2C282&ssl=1","contentUrl":"https:\/\/i0.wp.com\/platyphoto.com\/wp-content\/uploads\/2020\/11\/cropped-header.jpg?fit=1500%2C282&ssl=1","width":1500,"height":282,"caption":"Platyphoto"},"image":{"@id":"https:\/\/platyphoto.com\/#\/schema\/logo\/image\/"},"sameAs":["https:\/\/www.instagram.com\/platyphoto\/"]}]}},"jetpack_publicize_connections":[],"jetpack_likes_enabled":false,"jetpack_sharing_enabled":true,"_links":{"self":[{"href":"https:\/\/platyphoto.com\/en\/wp-json\/wp\/v2\/product\/18619","targetHints":{"allow":["GET"]}}],"collection":[{"href":"https:\/\/platyphoto.com\/en\/wp-json\/wp\/v2\/product"}],"about":[{"href":"https:\/\/platyphoto.com\/en\/wp-json\/wp\/v2\/types\/product"}],"wp:featuredmedia":[{"embeddable":true,"href":"https:\/\/platyphoto.com\/en\/wp-json\/wp\/v2\/media\/18622"}],"wp:attachment":[{"href":"https:\/\/platyphoto.com\/en\/wp-json\/wp\/v2\/media?parent=18619"}],"wp:term":[{"taxonomy":"product_brand","embeddable":true,"href":"https:\/\/platyphoto.com\/en\/wp-json\/wp\/v2\/product_brand?post=18619"},{"taxonomy":"product_cat","embeddable":true,"href":"https:\/\/platyphoto.com\/en\/wp-json\/wp\/v2\/product_cat?post=18619"},{"taxonomy":"product_tag","embeddable":true,"href":"https:\/\/platyphoto.com\/en\/wp-json\/wp\/v2\/product_tag?post=18619"}],"curies":[{"name":"wp","href":"https:\/\/api.w.org\/{rel}","templated":true}]}}