{"id":18636,"date":"2025-11-22T11:24:35","date_gmt":"2025-11-22T10:24:35","guid":{"rendered":"https:\/\/platyphoto.com\/?post_type=product&#038;p=18636"},"modified":"2026-02-25T08:20:24","modified_gmt":"2026-02-25T07:20:24","slug":"revise-m39-mir-1-37mm-f2-8-1964","status":"publish","type":"product","link":"https:\/\/platyphoto.com\/en\/product\/revise-m39-mir-1-37mm-f2-8-1964\/","title":{"rendered":"REVISE M39 Mir-1 37mm F:2.8 1964"},"content":{"rendered":"<p>Marque : Mir<\/p>\n<p>Mod\u00e8le : Mir-1 37mm F:2.8 1964<\/p>\n<p>Monture : M39 (reflex)<\/p>\n<p>Grand angle tr\u00e8s appr\u00e9ci\u00e9, Mir 1 37mm F:2.8 en monture M39, attention ce n&rsquo;est pas le M39 classique type Leica \u00e0 vis mais le M39 des reflex de chez Zenit (comme le 3M par exemple). La photo sera donc floue si vous le montez sur un appareil t\u00e9l\u00e9metrique. A utiliser donc sur un Zenit d\u00e9di\u00e9 ou sur un num\u00e9rique avec diverses bagues d&rsquo;adaptations.<\/p>\n<p>Vendu avec bouchon arri\u00e8re.<\/p>\n<p>Concernant l\u2019\u00e9tat :<\/p>\n<p>Exterieur : 6\/10, l\u00e9g\u00e8res traces d\u2019usages<\/p>\n<p>Optique : 7,5\/10, l\u00e9g\u00e8res micro rayures sur la lentille arri\u00e8re, pr\u00e9sence de micro poussi\u00e8res et tr\u00e8s l\u00e9g\u00e8res traces d&rsquo;usages sur les bords de lentilles internes.<\/p>\n<p>M\u00e9canique : 10\/10, 100% fonctionnel, mise au point fluide, graisses chang\u00e9es, diaphragme ok.<\/p>\n<p>Garanti 1 an.<\/p>","protected":false},"excerpt":{"rendered":"<p>Marque : Mir Mod\u00e8le : Mir-1 37mm F:2.8 1964 Monture : M39 (reflex) Grand angle tr\u00e8s appr\u00e9ci\u00e9, Mir 1 37mm F:2.8 en monture M39, attention ce n&rsquo;est pas le M39 classique type Leica \u00e0 vis mais le M39 des reflex de chez Zenit (comme le 3M par exemple). La photo sera donc floue si vous [&hellip;]<\/p>\n","protected":false},"featured_media":18640,"template":"","meta":{"_coblocks_attr":"","_coblocks_dimensions":"","_coblocks_responsive_height":"","_coblocks_accordion_ie_support":"","_crdt_document":"","jetpack_post_was_ever_published":false,"jetpack_publicize_message":"","jetpack_publicize_feature_enabled":true,"jetpack_social_post_already_shared":true,"jetpack_social_options":{"image_generator_settings":{"template":"highway","default_image_id":0,"font":"","enabled":false},"version":2},"_wpas_customize_per_network":false},"product_brand":[],"product_cat":[6372,6366],"product_tag":[],"class_list":{"0":"post-18636","1":"product","2":"type-product","3":"status-publish","4":"has-post-thumbnail","6":"product_cat-m39-l39","7":"product_cat-objectifs","9":"first","10":"instock","11":"shipping-taxable","12":"purchasable","13":"product-type-simple"},"yoast_head":"<!-- This site is optimized with the Yoast SEO plugin v27.3 - https:\/\/yoast.com\/product\/yoast-seo-wordpress\/ -->\n<title>REVISE M39 Mir-1 37mm F:2.8 1964 - Platyphoto<\/title>\n<meta name=\"description\" content=\"Grand angle tr\u00e8s appr\u00e9ci\u00e9, Mir 1 37mm F:2.8 en monture M39, attention ce n&#039;est pas le M39 classique type Leica \u00e0 vis mais le M39 des reflex de chez Zenit (comme le 3M par exemple).\" \/>\n<meta name=\"robots\" content=\"index, follow, max-snippet:-1, max-image-preview:large, max-video-preview:-1\" \/>\n<link rel=\"canonical\" href=\"https:\/\/platyphoto.com\/en\/product\/revise-m39-mir-1-37mm-f2-8-1964\/\" \/>\n<meta property=\"og:locale\" content=\"en_US\" \/>\n<meta property=\"og:type\" content=\"article\" \/>\n<meta property=\"og:title\" content=\"REVISE M39 Mir-1 37mm F:2.8 1964 - Platyphoto\" \/>\n<meta property=\"og:description\" content=\"Grand angle tr\u00e8s appr\u00e9ci\u00e9, Mir 1 37mm F:2.8 en monture M39, attention ce n&#039;est pas le M39 classique type Leica \u00e0 vis mais le M39 des reflex de chez Zenit (comme le 3M par exemple).\" \/>\n<meta property=\"og:url\" content=\"https:\/\/platyphoto.com\/en\/product\/revise-m39-mir-1-37mm-f2-8-1964\/\" \/>\n<meta property=\"og:site_name\" content=\"Platyphoto\" \/>\n<meta property=\"article:modified_time\" content=\"2026-02-25T07:20:24+00:00\" \/>\n<meta property=\"og:image\" content=\"https:\/\/platyphoto.com\/wp-content\/uploads\/2025\/11\/Mir-1-37mm-1024x681.jpg\" \/>\n\t<meta property=\"og:image:width\" content=\"1024\" \/>\n\t<meta property=\"og:image:height\" content=\"681\" \/>\n\t<meta property=\"og:image:type\" content=\"image\/jpeg\" \/>\n<meta name=\"twitter:card\" content=\"summary_large_image\" \/>\n<meta name=\"twitter:label1\" content=\"Est. reading time\" \/>\n\t<meta name=\"twitter:data1\" content=\"1 minute\" \/>\n<script type=\"application\/ld+json\" class=\"yoast-schema-graph\">{\"@context\":\"https:\\\/\\\/schema.org\",\"@graph\":[{\"@type\":\"WebPage\",\"@id\":\"https:\\\/\\\/platyphoto.com\\\/produit\\\/revise-m39-mir-1-37mm-f2-8-1964\\\/\",\"url\":\"https:\\\/\\\/platyphoto.com\\\/produit\\\/revise-m39-mir-1-37mm-f2-8-1964\\\/\",\"name\":\"REVISE M39 Mir-1 37mm F:2.8 1964 - Platyphoto\",\"isPartOf\":{\"@id\":\"https:\\\/\\\/platyphoto.com\\\/#website\"},\"primaryImageOfPage\":{\"@id\":\"https:\\\/\\\/platyphoto.com\\\/produit\\\/revise-m39-mir-1-37mm-f2-8-1964\\\/#primaryimage\"},\"image\":{\"@id\":\"https:\\\/\\\/platyphoto.com\\\/produit\\\/revise-m39-mir-1-37mm-f2-8-1964\\\/#primaryimage\"},\"thumbnailUrl\":\"https:\\\/\\\/i0.wp.com\\\/platyphoto.com\\\/wp-content\\\/uploads\\\/2025\\\/11\\\/Mir-1-37mm.jpg?fit=3786%2C2516&ssl=1\",\"datePublished\":\"2025-11-22T10:24:35+00:00\",\"dateModified\":\"2026-02-25T07:20:24+00:00\",\"description\":\"Grand angle tr\u00e8s appr\u00e9ci\u00e9, Mir 1 37mm F:2.8 en monture M39, attention ce n'est pas le M39 classique type Leica \u00e0 vis mais le M39 des reflex de chez Zenit (comme le 3M par exemple).\",\"breadcrumb\":{\"@id\":\"https:\\\/\\\/platyphoto.com\\\/produit\\\/revise-m39-mir-1-37mm-f2-8-1964\\\/#breadcrumb\"},\"inLanguage\":\"en-US\",\"potentialAction\":[{\"@type\":\"ReadAction\",\"target\":[\"https:\\\/\\\/platyphoto.com\\\/produit\\\/revise-m39-mir-1-37mm-f2-8-1964\\\/\"]}]},{\"@type\":\"ImageObject\",\"inLanguage\":\"en-US\",\"@id\":\"https:\\\/\\\/platyphoto.com\\\/produit\\\/revise-m39-mir-1-37mm-f2-8-1964\\\/#primaryimage\",\"url\":\"https:\\\/\\\/i0.wp.com\\\/platyphoto.com\\\/wp-content\\\/uploads\\\/2025\\\/11\\\/Mir-1-37mm.jpg?fit=3786%2C2516&ssl=1\",\"contentUrl\":\"https:\\\/\\\/i0.wp.com\\\/platyphoto.com\\\/wp-content\\\/uploads\\\/2025\\\/11\\\/Mir-1-37mm.jpg?fit=3786%2C2516&ssl=1\",\"width\":3786,\"height\":2516,\"caption\":\"REVISE M39 Mir-1 37mm F:2.8 1964\"},{\"@type\":\"BreadcrumbList\",\"@id\":\"https:\\\/\\\/platyphoto.com\\\/produit\\\/revise-m39-mir-1-37mm-f2-8-1964\\\/#breadcrumb\",\"itemListElement\":[{\"@type\":\"ListItem\",\"position\":1,\"name\":\"Accueil\",\"item\":\"https:\\\/\\\/platyphoto.com\\\/\"},{\"@type\":\"ListItem\",\"position\":2,\"name\":\"Boutique\",\"item\":\"https:\\\/\\\/platyphoto.com\\\/boutique\\\/\"},{\"@type\":\"ListItem\",\"position\":3,\"name\":\"REVISE M39 Mir-1 37mm F:2.8 1964\"}]},{\"@type\":\"WebSite\",\"@id\":\"https:\\\/\\\/platyphoto.com\\\/#website\",\"url\":\"https:\\\/\\\/platyphoto.com\\\/\",\"name\":\"Platyphoto\",\"description\":\"Appareils photos argentiques, objectifs et accessoires de qualit\u00e9.\",\"publisher\":{\"@id\":\"https:\\\/\\\/platyphoto.com\\\/#organization\"},\"potentialAction\":[{\"@type\":\"SearchAction\",\"target\":{\"@type\":\"EntryPoint\",\"urlTemplate\":\"https:\\\/\\\/platyphoto.com\\\/?s={search_term_string}\"},\"query-input\":{\"@type\":\"PropertyValueSpecification\",\"valueRequired\":true,\"valueName\":\"search_term_string\"}}],\"inLanguage\":\"en-US\"},{\"@type\":\"Organization\",\"@id\":\"https:\\\/\\\/platyphoto.com\\\/#organization\",\"name\":\"Platyphoto\",\"alternateName\":\"Platyphoto\",\"url\":\"https:\\\/\\\/platyphoto.com\\\/\",\"logo\":{\"@type\":\"ImageObject\",\"inLanguage\":\"en-US\",\"@id\":\"https:\\\/\\\/platyphoto.com\\\/#\\\/schema\\\/logo\\\/image\\\/\",\"url\":\"https:\\\/\\\/i0.wp.com\\\/platyphoto.com\\\/wp-content\\\/uploads\\\/2020\\\/11\\\/cropped-header.jpg?fit=1500%2C282&ssl=1\",\"contentUrl\":\"https:\\\/\\\/i0.wp.com\\\/platyphoto.com\\\/wp-content\\\/uploads\\\/2020\\\/11\\\/cropped-header.jpg?fit=1500%2C282&ssl=1\",\"width\":1500,\"height\":282,\"caption\":\"Platyphoto\"},\"image\":{\"@id\":\"https:\\\/\\\/platyphoto.com\\\/#\\\/schema\\\/logo\\\/image\\\/\"},\"sameAs\":[\"https:\\\/\\\/www.instagram.com\\\/platyphoto\\\/\"]}]}<\/script>\n<!-- \/ Yoast SEO plugin. -->","yoast_head_json":{"title":"REVISE M39 Mir-1 37mm F:2.8 1964 - Platyphoto","description":"Grand angle tr\u00e8s appr\u00e9ci\u00e9, Mir 1 37mm F:2.8 en monture M39, attention ce n'est pas le M39 classique type Leica \u00e0 vis mais le M39 des reflex de chez Zenit (comme le 3M par exemple).","robots":{"index":"index","follow":"follow","max-snippet":"max-snippet:-1","max-image-preview":"max-image-preview:large","max-video-preview":"max-video-preview:-1"},"canonical":"https:\/\/platyphoto.com\/en\/product\/revise-m39-mir-1-37mm-f2-8-1964\/","og_locale":"en_US","og_type":"article","og_title":"REVISE M39 Mir-1 37mm F:2.8 1964 - Platyphoto","og_description":"Grand angle tr\u00e8s appr\u00e9ci\u00e9, Mir 1 37mm F:2.8 en monture M39, attention ce n'est pas le M39 classique type Leica \u00e0 vis mais le M39 des reflex de chez Zenit (comme le 3M par exemple).","og_url":"https:\/\/platyphoto.com\/en\/product\/revise-m39-mir-1-37mm-f2-8-1964\/","og_site_name":"Platyphoto","article_modified_time":"2026-02-25T07:20:24+00:00","og_image":[{"width":1024,"height":681,"url":"https:\/\/platyphoto.com\/wp-content\/uploads\/2025\/11\/Mir-1-37mm-1024x681.jpg","type":"image\/jpeg"}],"twitter_card":"summary_large_image","twitter_misc":{"Est. reading time":"1 minute"},"schema":{"@context":"https:\/\/schema.org","@graph":[{"@type":"WebPage","@id":"https:\/\/platyphoto.com\/produit\/revise-m39-mir-1-37mm-f2-8-1964\/","url":"https:\/\/platyphoto.com\/produit\/revise-m39-mir-1-37mm-f2-8-1964\/","name":"REVISE M39 Mir-1 37mm F:2.8 1964 - Platyphoto","isPartOf":{"@id":"https:\/\/platyphoto.com\/#website"},"primaryImageOfPage":{"@id":"https:\/\/platyphoto.com\/produit\/revise-m39-mir-1-37mm-f2-8-1964\/#primaryimage"},"image":{"@id":"https:\/\/platyphoto.com\/produit\/revise-m39-mir-1-37mm-f2-8-1964\/#primaryimage"},"thumbnailUrl":"https:\/\/i0.wp.com\/platyphoto.com\/wp-content\/uploads\/2025\/11\/Mir-1-37mm.jpg?fit=3786%2C2516&ssl=1","datePublished":"2025-11-22T10:24:35+00:00","dateModified":"2026-02-25T07:20:24+00:00","description":"Grand angle tr\u00e8s appr\u00e9ci\u00e9, Mir 1 37mm F:2.8 en monture M39, attention ce n'est pas le M39 classique type Leica \u00e0 vis mais le M39 des reflex de chez Zenit (comme le 3M par exemple).","breadcrumb":{"@id":"https:\/\/platyphoto.com\/produit\/revise-m39-mir-1-37mm-f2-8-1964\/#breadcrumb"},"inLanguage":"en-US","potentialAction":[{"@type":"ReadAction","target":["https:\/\/platyphoto.com\/produit\/revise-m39-mir-1-37mm-f2-8-1964\/"]}]},{"@type":"ImageObject","inLanguage":"en-US","@id":"https:\/\/platyphoto.com\/produit\/revise-m39-mir-1-37mm-f2-8-1964\/#primaryimage","url":"https:\/\/i0.wp.com\/platyphoto.com\/wp-content\/uploads\/2025\/11\/Mir-1-37mm.jpg?fit=3786%2C2516&ssl=1","contentUrl":"https:\/\/i0.wp.com\/platyphoto.com\/wp-content\/uploads\/2025\/11\/Mir-1-37mm.jpg?fit=3786%2C2516&ssl=1","width":3786,"height":2516,"caption":"REVISE M39 Mir-1 37mm F:2.8 1964"},{"@type":"BreadcrumbList","@id":"https:\/\/platyphoto.com\/produit\/revise-m39-mir-1-37mm-f2-8-1964\/#breadcrumb","itemListElement":[{"@type":"ListItem","position":1,"name":"Accueil","item":"https:\/\/platyphoto.com\/"},{"@type":"ListItem","position":2,"name":"Boutique","item":"https:\/\/platyphoto.com\/boutique\/"},{"@type":"ListItem","position":3,"name":"REVISE M39 Mir-1 37mm F:2.8 1964"}]},{"@type":"WebSite","@id":"https:\/\/platyphoto.com\/#website","url":"https:\/\/platyphoto.com\/","name":"Platyphoto","description":"Appareils photos argentiques, objectifs et accessoires de qualit\u00e9.","publisher":{"@id":"https:\/\/platyphoto.com\/#organization"},"potentialAction":[{"@type":"SearchAction","target":{"@type":"EntryPoint","urlTemplate":"https:\/\/platyphoto.com\/?s={search_term_string}"},"query-input":{"@type":"PropertyValueSpecification","valueRequired":true,"valueName":"search_term_string"}}],"inLanguage":"en-US"},{"@type":"Organization","@id":"https:\/\/platyphoto.com\/#organization","name":"Platyphoto","alternateName":"Platyphoto","url":"https:\/\/platyphoto.com\/","logo":{"@type":"ImageObject","inLanguage":"en-US","@id":"https:\/\/platyphoto.com\/#\/schema\/logo\/image\/","url":"https:\/\/i0.wp.com\/platyphoto.com\/wp-content\/uploads\/2020\/11\/cropped-header.jpg?fit=1500%2C282&ssl=1","contentUrl":"https:\/\/i0.wp.com\/platyphoto.com\/wp-content\/uploads\/2020\/11\/cropped-header.jpg?fit=1500%2C282&ssl=1","width":1500,"height":282,"caption":"Platyphoto"},"image":{"@id":"https:\/\/platyphoto.com\/#\/schema\/logo\/image\/"},"sameAs":["https:\/\/www.instagram.com\/platyphoto\/"]}]}},"jetpack_publicize_connections":[],"jetpack_likes_enabled":false,"jetpack_sharing_enabled":true,"_links":{"self":[{"href":"https:\/\/platyphoto.com\/en\/wp-json\/wp\/v2\/product\/18636","targetHints":{"allow":["GET"]}}],"collection":[{"href":"https:\/\/platyphoto.com\/en\/wp-json\/wp\/v2\/product"}],"about":[{"href":"https:\/\/platyphoto.com\/en\/wp-json\/wp\/v2\/types\/product"}],"wp:featuredmedia":[{"embeddable":true,"href":"https:\/\/platyphoto.com\/en\/wp-json\/wp\/v2\/media\/18640"}],"wp:attachment":[{"href":"https:\/\/platyphoto.com\/en\/wp-json\/wp\/v2\/media?parent=18636"}],"wp:term":[{"taxonomy":"product_brand","embeddable":true,"href":"https:\/\/platyphoto.com\/en\/wp-json\/wp\/v2\/product_brand?post=18636"},{"taxonomy":"product_cat","embeddable":true,"href":"https:\/\/platyphoto.com\/en\/wp-json\/wp\/v2\/product_cat?post=18636"},{"taxonomy":"product_tag","embeddable":true,"href":"https:\/\/platyphoto.com\/en\/wp-json\/wp\/v2\/product_tag?post=18636"}],"curies":[{"name":"wp","href":"https:\/\/api.w.org\/{rel}","templated":true}]}}