{"id":18751,"date":"2025-12-01T17:11:42","date_gmt":"2025-12-01T16:11:42","guid":{"rendered":"https:\/\/platyphoto.com\/?post_type=product&#038;p=18751"},"modified":"2025-12-13T17:25:17","modified_gmt":"2025-12-13T16:25:17","slug":"polaroid-636-close-up-600","status":"publish","type":"product","link":"https:\/\/platyphoto.com\/en\/product\/polaroid-636-close-up-600\/","title":{"rendered":"Polaroid 636 Close Up (600)"},"content":{"rendered":"<p><strong>Marque<\/strong> : Polaroid<\/p>\n<p><strong>Mod\u00e8le<\/strong> : 636 Close Up<\/p>\n<p><strong>Film utilis\u00e9\u00a0<\/strong>: 600<\/p>\n<p>Polaroid de qualit\u00e9, ce mod\u00e8le 636 Close Up est un classique de la marque, flash int\u00e9gr\u00e9, l&rsquo;appareil peut \u00eatre d\u00e9clench\u00e9 sans le flash \u00e0 l&rsquo;aide d&rsquo;un second d\u00e9clencheur juste en dessous du 1er.<\/p>\n<p>Le mode Close Up permet de r\u00e9duire la mise au point minimale entre 0.6m et 1.2m contre 1.2m-infini. Pratique pour faire des portraits !<\/p>\n<p>Appareil non test\u00e9 avec une pellicule mais l&rsquo;\u00e9jection du film, l&rsquo;obturateur, le flash et la lumi\u00e8re t\u00e9moin de celui-ci fonctionne sans probl\u00e8mes.<\/p>\n<p>Vendu avec tr\u00e8s belle housse d\u00e9di\u00e9e.<\/p>","protected":false},"excerpt":{"rendered":"<p>Marque : Polaroid Mod\u00e8le : 636 Close Up Film utilis\u00e9\u00a0: 600 Polaroid de qualit\u00e9, ce mod\u00e8le 636 Close Up est un classique de la marque, flash int\u00e9gr\u00e9, l&rsquo;appareil peut \u00eatre d\u00e9clench\u00e9 sans le flash \u00e0 l&rsquo;aide d&rsquo;un second d\u00e9clencheur juste en dessous du 1er. Le mode Close Up permet de r\u00e9duire la mise au point [&hellip;]<\/p>\n","protected":false},"featured_media":18756,"template":"","meta":{"_coblocks_attr":"","_coblocks_dimensions":"","_coblocks_responsive_height":"","_coblocks_accordion_ie_support":"","_crdt_document":"","jetpack_post_was_ever_published":false,"jetpack_publicize_message":"","jetpack_publicize_feature_enabled":true,"jetpack_social_post_already_shared":true,"jetpack_social_options":{"image_generator_settings":{"template":"highway","default_image_id":0,"font":"","enabled":false},"version":2},"_wpas_customize_per_network":false},"product_brand":[],"product_cat":[6349,6361,6365],"product_tag":[],"class_list":{"0":"post-18751","1":"product","2":"type-product","3":"status-publish","4":"has-post-thumbnail","6":"product_cat-appareils","7":"product_cat-collection-deco","8":"product_cat-special","10":"first","11":"outofstock","12":"shipping-taxable","13":"purchasable","14":"product-type-simple"},"yoast_head":"<!-- This site is optimized with the Yoast SEO plugin v27.3 - https:\/\/yoast.com\/product\/yoast-seo-wordpress\/ -->\n<title>Polaroid 636 Close Up (600) - Platyphoto<\/title>\n<meta name=\"description\" content=\"Polaroid de qualit\u00e9, ce mod\u00e8le 636 Close Up est un classique de la marque, flash int\u00e9gr\u00e9, l&#039;appareil peut \u00eatre d\u00e9clench\u00e9 sans le flash \u00e0 l&#039;aide d&#039;un second d\u00e9clencheur juste en dessous du 1er.\" \/>\n<meta name=\"robots\" content=\"index, follow, max-snippet:-1, max-image-preview:large, max-video-preview:-1\" \/>\n<link rel=\"canonical\" href=\"https:\/\/platyphoto.com\/en\/product\/polaroid-636-close-up-600\/\" \/>\n<meta property=\"og:locale\" content=\"en_US\" \/>\n<meta property=\"og:type\" content=\"article\" \/>\n<meta property=\"og:title\" content=\"Polaroid 636 Close Up (600) - Platyphoto\" \/>\n<meta property=\"og:description\" content=\"Polaroid de qualit\u00e9, ce mod\u00e8le 636 Close Up est un classique de la marque, flash int\u00e9gr\u00e9, l&#039;appareil peut \u00eatre d\u00e9clench\u00e9 sans le flash \u00e0 l&#039;aide d&#039;un second d\u00e9clencheur juste en dessous du 1er.\" \/>\n<meta property=\"og:url\" content=\"https:\/\/platyphoto.com\/en\/product\/polaroid-636-close-up-600\/\" \/>\n<meta property=\"og:site_name\" content=\"Platyphoto\" \/>\n<meta property=\"article:modified_time\" content=\"2025-12-13T16:25:17+00:00\" \/>\n<meta property=\"og:image\" content=\"https:\/\/platyphoto.com\/wp-content\/uploads\/2025\/12\/Polaroid-636-1024x683.jpg\" \/>\n\t<meta property=\"og:image:width\" content=\"1024\" \/>\n\t<meta property=\"og:image:height\" content=\"683\" \/>\n\t<meta property=\"og:image:type\" content=\"image\/jpeg\" \/>\n<meta name=\"twitter:card\" content=\"summary_large_image\" \/>\n<meta name=\"twitter:label1\" content=\"Est. reading time\" \/>\n\t<meta name=\"twitter:data1\" content=\"1 minute\" \/>\n<script type=\"application\/ld+json\" class=\"yoast-schema-graph\">{\"@context\":\"https:\\\/\\\/schema.org\",\"@graph\":[{\"@type\":\"WebPage\",\"@id\":\"https:\\\/\\\/platyphoto.com\\\/produit\\\/polaroid-636-close-up-600\\\/\",\"url\":\"https:\\\/\\\/platyphoto.com\\\/produit\\\/polaroid-636-close-up-600\\\/\",\"name\":\"Polaroid 636 Close Up (600) - Platyphoto\",\"isPartOf\":{\"@id\":\"https:\\\/\\\/platyphoto.com\\\/#website\"},\"primaryImageOfPage\":{\"@id\":\"https:\\\/\\\/platyphoto.com\\\/produit\\\/polaroid-636-close-up-600\\\/#primaryimage\"},\"image\":{\"@id\":\"https:\\\/\\\/platyphoto.com\\\/produit\\\/polaroid-636-close-up-600\\\/#primaryimage\"},\"thumbnailUrl\":\"https:\\\/\\\/i0.wp.com\\\/platyphoto.com\\\/wp-content\\\/uploads\\\/2025\\\/12\\\/Polaroid-636.jpg?fit=5392%2C3595&ssl=1\",\"datePublished\":\"2025-12-01T16:11:42+00:00\",\"dateModified\":\"2025-12-13T16:25:17+00:00\",\"description\":\"Polaroid de qualit\u00e9, ce mod\u00e8le 636 Close Up est un classique de la marque, flash int\u00e9gr\u00e9, l'appareil peut \u00eatre d\u00e9clench\u00e9 sans le flash \u00e0 l'aide d'un second d\u00e9clencheur juste en dessous du 1er.\",\"breadcrumb\":{\"@id\":\"https:\\\/\\\/platyphoto.com\\\/produit\\\/polaroid-636-close-up-600\\\/#breadcrumb\"},\"inLanguage\":\"en-US\",\"potentialAction\":[{\"@type\":\"ReadAction\",\"target\":[\"https:\\\/\\\/platyphoto.com\\\/produit\\\/polaroid-636-close-up-600\\\/\"]}]},{\"@type\":\"ImageObject\",\"inLanguage\":\"en-US\",\"@id\":\"https:\\\/\\\/platyphoto.com\\\/produit\\\/polaroid-636-close-up-600\\\/#primaryimage\",\"url\":\"https:\\\/\\\/i0.wp.com\\\/platyphoto.com\\\/wp-content\\\/uploads\\\/2025\\\/12\\\/Polaroid-636.jpg?fit=5392%2C3595&ssl=1\",\"contentUrl\":\"https:\\\/\\\/i0.wp.com\\\/platyphoto.com\\\/wp-content\\\/uploads\\\/2025\\\/12\\\/Polaroid-636.jpg?fit=5392%2C3595&ssl=1\",\"width\":5392,\"height\":3595,\"caption\":\"Polaroid 636 Close Up (600)\"},{\"@type\":\"BreadcrumbList\",\"@id\":\"https:\\\/\\\/platyphoto.com\\\/produit\\\/polaroid-636-close-up-600\\\/#breadcrumb\",\"itemListElement\":[{\"@type\":\"ListItem\",\"position\":1,\"name\":\"Accueil\",\"item\":\"https:\\\/\\\/platyphoto.com\\\/\"},{\"@type\":\"ListItem\",\"position\":2,\"name\":\"Boutique\",\"item\":\"https:\\\/\\\/platyphoto.com\\\/boutique\\\/\"},{\"@type\":\"ListItem\",\"position\":3,\"name\":\"Polaroid 636 Close Up (600)\"}]},{\"@type\":\"WebSite\",\"@id\":\"https:\\\/\\\/platyphoto.com\\\/#website\",\"url\":\"https:\\\/\\\/platyphoto.com\\\/\",\"name\":\"Platyphoto\",\"description\":\"Appareils photos argentiques, objectifs et accessoires de qualit\u00e9.\",\"publisher\":{\"@id\":\"https:\\\/\\\/platyphoto.com\\\/#organization\"},\"potentialAction\":[{\"@type\":\"SearchAction\",\"target\":{\"@type\":\"EntryPoint\",\"urlTemplate\":\"https:\\\/\\\/platyphoto.com\\\/?s={search_term_string}\"},\"query-input\":{\"@type\":\"PropertyValueSpecification\",\"valueRequired\":true,\"valueName\":\"search_term_string\"}}],\"inLanguage\":\"en-US\"},{\"@type\":\"Organization\",\"@id\":\"https:\\\/\\\/platyphoto.com\\\/#organization\",\"name\":\"Platyphoto\",\"alternateName\":\"Platyphoto\",\"url\":\"https:\\\/\\\/platyphoto.com\\\/\",\"logo\":{\"@type\":\"ImageObject\",\"inLanguage\":\"en-US\",\"@id\":\"https:\\\/\\\/platyphoto.com\\\/#\\\/schema\\\/logo\\\/image\\\/\",\"url\":\"https:\\\/\\\/i0.wp.com\\\/platyphoto.com\\\/wp-content\\\/uploads\\\/2020\\\/11\\\/cropped-header.jpg?fit=1500%2C282&ssl=1\",\"contentUrl\":\"https:\\\/\\\/i0.wp.com\\\/platyphoto.com\\\/wp-content\\\/uploads\\\/2020\\\/11\\\/cropped-header.jpg?fit=1500%2C282&ssl=1\",\"width\":1500,\"height\":282,\"caption\":\"Platyphoto\"},\"image\":{\"@id\":\"https:\\\/\\\/platyphoto.com\\\/#\\\/schema\\\/logo\\\/image\\\/\"},\"sameAs\":[\"https:\\\/\\\/www.instagram.com\\\/platyphoto\\\/\"]}]}<\/script>\n<!-- \/ Yoast SEO plugin. -->","yoast_head_json":{"title":"Polaroid 636 Close Up (600) - Platyphoto","description":"Polaroid de qualit\u00e9, ce mod\u00e8le 636 Close Up est un classique de la marque, flash int\u00e9gr\u00e9, l'appareil peut \u00eatre d\u00e9clench\u00e9 sans le flash \u00e0 l'aide d'un second d\u00e9clencheur juste en dessous du 1er.","robots":{"index":"index","follow":"follow","max-snippet":"max-snippet:-1","max-image-preview":"max-image-preview:large","max-video-preview":"max-video-preview:-1"},"canonical":"https:\/\/platyphoto.com\/en\/product\/polaroid-636-close-up-600\/","og_locale":"en_US","og_type":"article","og_title":"Polaroid 636 Close Up (600) - Platyphoto","og_description":"Polaroid de qualit\u00e9, ce mod\u00e8le 636 Close Up est un classique de la marque, flash int\u00e9gr\u00e9, l'appareil peut \u00eatre d\u00e9clench\u00e9 sans le flash \u00e0 l'aide d'un second d\u00e9clencheur juste en dessous du 1er.","og_url":"https:\/\/platyphoto.com\/en\/product\/polaroid-636-close-up-600\/","og_site_name":"Platyphoto","article_modified_time":"2025-12-13T16:25:17+00:00","og_image":[{"width":1024,"height":683,"url":"https:\/\/platyphoto.com\/wp-content\/uploads\/2025\/12\/Polaroid-636-1024x683.jpg","type":"image\/jpeg"}],"twitter_card":"summary_large_image","twitter_misc":{"Est. reading time":"1 minute"},"schema":{"@context":"https:\/\/schema.org","@graph":[{"@type":"WebPage","@id":"https:\/\/platyphoto.com\/produit\/polaroid-636-close-up-600\/","url":"https:\/\/platyphoto.com\/produit\/polaroid-636-close-up-600\/","name":"Polaroid 636 Close Up (600) - Platyphoto","isPartOf":{"@id":"https:\/\/platyphoto.com\/#website"},"primaryImageOfPage":{"@id":"https:\/\/platyphoto.com\/produit\/polaroid-636-close-up-600\/#primaryimage"},"image":{"@id":"https:\/\/platyphoto.com\/produit\/polaroid-636-close-up-600\/#primaryimage"},"thumbnailUrl":"https:\/\/i0.wp.com\/platyphoto.com\/wp-content\/uploads\/2025\/12\/Polaroid-636.jpg?fit=5392%2C3595&ssl=1","datePublished":"2025-12-01T16:11:42+00:00","dateModified":"2025-12-13T16:25:17+00:00","description":"Polaroid de qualit\u00e9, ce mod\u00e8le 636 Close Up est un classique de la marque, flash int\u00e9gr\u00e9, l'appareil peut \u00eatre d\u00e9clench\u00e9 sans le flash \u00e0 l'aide d'un second d\u00e9clencheur juste en dessous du 1er.","breadcrumb":{"@id":"https:\/\/platyphoto.com\/produit\/polaroid-636-close-up-600\/#breadcrumb"},"inLanguage":"en-US","potentialAction":[{"@type":"ReadAction","target":["https:\/\/platyphoto.com\/produit\/polaroid-636-close-up-600\/"]}]},{"@type":"ImageObject","inLanguage":"en-US","@id":"https:\/\/platyphoto.com\/produit\/polaroid-636-close-up-600\/#primaryimage","url":"https:\/\/i0.wp.com\/platyphoto.com\/wp-content\/uploads\/2025\/12\/Polaroid-636.jpg?fit=5392%2C3595&ssl=1","contentUrl":"https:\/\/i0.wp.com\/platyphoto.com\/wp-content\/uploads\/2025\/12\/Polaroid-636.jpg?fit=5392%2C3595&ssl=1","width":5392,"height":3595,"caption":"Polaroid 636 Close Up (600)"},{"@type":"BreadcrumbList","@id":"https:\/\/platyphoto.com\/produit\/polaroid-636-close-up-600\/#breadcrumb","itemListElement":[{"@type":"ListItem","position":1,"name":"Accueil","item":"https:\/\/platyphoto.com\/"},{"@type":"ListItem","position":2,"name":"Boutique","item":"https:\/\/platyphoto.com\/boutique\/"},{"@type":"ListItem","position":3,"name":"Polaroid 636 Close Up (600)"}]},{"@type":"WebSite","@id":"https:\/\/platyphoto.com\/#website","url":"https:\/\/platyphoto.com\/","name":"Platyphoto","description":"Appareils photos argentiques, objectifs et accessoires de qualit\u00e9.","publisher":{"@id":"https:\/\/platyphoto.com\/#organization"},"potentialAction":[{"@type":"SearchAction","target":{"@type":"EntryPoint","urlTemplate":"https:\/\/platyphoto.com\/?s={search_term_string}"},"query-input":{"@type":"PropertyValueSpecification","valueRequired":true,"valueName":"search_term_string"}}],"inLanguage":"en-US"},{"@type":"Organization","@id":"https:\/\/platyphoto.com\/#organization","name":"Platyphoto","alternateName":"Platyphoto","url":"https:\/\/platyphoto.com\/","logo":{"@type":"ImageObject","inLanguage":"en-US","@id":"https:\/\/platyphoto.com\/#\/schema\/logo\/image\/","url":"https:\/\/i0.wp.com\/platyphoto.com\/wp-content\/uploads\/2020\/11\/cropped-header.jpg?fit=1500%2C282&ssl=1","contentUrl":"https:\/\/i0.wp.com\/platyphoto.com\/wp-content\/uploads\/2020\/11\/cropped-header.jpg?fit=1500%2C282&ssl=1","width":1500,"height":282,"caption":"Platyphoto"},"image":{"@id":"https:\/\/platyphoto.com\/#\/schema\/logo\/image\/"},"sameAs":["https:\/\/www.instagram.com\/platyphoto\/"]}]}},"jetpack_publicize_connections":[],"jetpack_likes_enabled":false,"jetpack_sharing_enabled":true,"_links":{"self":[{"href":"https:\/\/platyphoto.com\/en\/wp-json\/wp\/v2\/product\/18751","targetHints":{"allow":["GET"]}}],"collection":[{"href":"https:\/\/platyphoto.com\/en\/wp-json\/wp\/v2\/product"}],"about":[{"href":"https:\/\/platyphoto.com\/en\/wp-json\/wp\/v2\/types\/product"}],"wp:featuredmedia":[{"embeddable":true,"href":"https:\/\/platyphoto.com\/en\/wp-json\/wp\/v2\/media\/18756"}],"wp:attachment":[{"href":"https:\/\/platyphoto.com\/en\/wp-json\/wp\/v2\/media?parent=18751"}],"wp:term":[{"taxonomy":"product_brand","embeddable":true,"href":"https:\/\/platyphoto.com\/en\/wp-json\/wp\/v2\/product_brand?post=18751"},{"taxonomy":"product_cat","embeddable":true,"href":"https:\/\/platyphoto.com\/en\/wp-json\/wp\/v2\/product_cat?post=18751"},{"taxonomy":"product_tag","embeddable":true,"href":"https:\/\/platyphoto.com\/en\/wp-json\/wp\/v2\/product_tag?post=18751"}],"curies":[{"name":"wp","href":"https:\/\/api.w.org\/{rel}","templated":true}]}}