{"id":18789,"date":"2025-12-02T08:41:35","date_gmt":"2025-12-02T07:41:35","guid":{"rendered":"https:\/\/platyphoto.com\/?post_type=product&#038;p=18789"},"modified":"2025-12-08T12:50:47","modified_gmt":"2025-12-08T11:50:47","slug":"revise-cla-pentax-me-super-50mm-f1-7-3","status":"publish","type":"product","link":"https:\/\/platyphoto.com\/en\/product\/revise-cla-pentax-me-super-50mm-f1-7-3\/","title":{"rendered":"REVISE CLA- Pentax ME Super + 50mm F:1.7"},"content":{"rendered":"<p><strong>Marque<\/strong> : Pentax<\/p>\n<p><strong>Mod\u00e8le<\/strong> : ME Super<\/p>\n<p><strong>Objectif<\/strong> : 50mm 1.7<\/p>\n<p><strong>Ann\u00e9e de production<\/strong> : A partir de 1976<\/p>\n<p><strong>Cellule<\/strong> : Oui<\/p>\n<p><strong>Format<\/strong> : 24x36mm<\/p>\n<p><strong>Film<\/strong> : 35mm<\/p>\n<p><strong>Indice de raret\u00e9<\/strong>: Courant<\/p>\n<p><strong>Piles :2<\/strong>x LR44<strong><br \/>\n<\/strong><\/p>\n<p>Cet appareil est le reflex argentique 35mm le plus compact, c&rsquo;est un tr\u00e8s bon compagnon de travail et de voyage, j&rsquo;utilise un mod\u00e8le identique, c&rsquo;est un plaisir. Il propose une vitesse maximum \u00e0 1\/2000e.<\/p>\n<p>Haut de gamme de la s\u00e9rie Pentax M, le ME Super propose un mode manuel accompagn\u00e9 d&rsquo;un mode priorit\u00e9 diaphragme assist\u00e9 d&rsquo;une cellule TTL, un mode flash \u00e0 1\/125e et une pose B sont \u00e9galement pr\u00e9sents. Iso max 1600, d\u00e9poli \u00e9quip\u00e9 d&rsquo;un stigmom\u00e8tre afin de faciliter la mise au point.<\/p>\n<p>Viseur clair et agr\u00e9able, parfait pour d\u00e9buter en argentique.<\/p>\n<p><strong>Appareil r\u00e9vis\u00e9<\/strong> :<\/p>\n<p>-Mousses internes et externe chang\u00e9es<\/p>\n<p>-divers \u00e9l\u00e9ments internes lubrifi\u00e9s et nettoy\u00e9s<\/p>\n<p>-pads d&rsquo;amortissement internes chang\u00e9s<\/p>\n<p>cellule et vitesses contr\u00f4l\u00e9es<\/p>\n<p>Vendu avec son objectif 50mm F:1.7 de tr\u00e8s bonne qualit\u00e9.<\/p>\n<p><strong>Concernant l\u2019\u00e9tat :<\/strong><\/p>\n<p>Exterieur : 8\/10, traces d\u2019usages voir photos<\/p>\n<p>Optique : 9\/10, pr\u00e9sence de quelques micro poussi\u00e8res, sans incidence sur la qualit\u00e9 des images.<\/p>\n<p>M\u00e9canique : 10\/10, appareil r\u00e9vis\u00e9, 100% fonctionnel.<\/p>\n<p>Garanti 1 an.<\/p>\n<p>Appareil utilisant des objectifs en monture Pentax K, <strong>vendu sans piles.<\/strong><\/p>\n<p>&nbsp;<\/p>","protected":false},"excerpt":{"rendered":"<p>Marque : Pentax Mod\u00e8le : ME Super Objectif : 50mm 1.7 Ann\u00e9e de production : A partir de 1976 Cellule : Oui Format : 24x36mm Film : 35mm Indice de raret\u00e9: Courant Piles :2x LR44 Cet appareil est le reflex argentique 35mm le plus compact, c&rsquo;est un tr\u00e8s bon compagnon de travail et de voyage, [&hellip;]<\/p>\n","protected":false},"featured_media":18793,"template":"","meta":{"_coblocks_attr":"","_coblocks_dimensions":"","_coblocks_responsive_height":"","_coblocks_accordion_ie_support":"","_crdt_document":"","jetpack_post_was_ever_published":false,"jetpack_publicize_message":"","jetpack_publicize_feature_enabled":true,"jetpack_social_post_already_shared":true,"jetpack_social_options":{"image_generator_settings":{"template":"highway","default_image_id":0,"font":"","enabled":false},"version":2},"_wpas_customize_per_network":false},"product_brand":[],"product_cat":[6353,6349,6354],"product_tag":[],"class_list":{"0":"post-18789","1":"product","2":"type-product","3":"status-publish","4":"has-post-thumbnail","6":"product_cat-24x36","7":"product_cat-appareils","8":"product_cat-reflex","10":"first","11":"outofstock","12":"shipping-taxable","13":"purchasable","14":"product-type-simple"},"yoast_head":"<!-- This site is optimized with the Yoast SEO plugin v27.3 - https:\/\/yoast.com\/product\/yoast-seo-wordpress\/ -->\n<title>REVISE CLA- Pentax ME Super + 50mm F:1.7 - Platyphoto<\/title>\n<meta name=\"description\" content=\"Haut de gamme de la s\u00e9rie Pentax M, le ME Super propose un mode manuel accompagn\u00e9 d&#039;un mode priorit\u00e9 diaphragme assist\u00e9 d&#039;une cellule TTL, un mode flash \u00e0 1\/125e et une pose B sont \u00e9galement pr\u00e9sents. Iso max 1600, d\u00e9poli \u00e9quip\u00e9 d&#039;un stigmom\u00e8tre afin de faciliter la mise au point.\" \/>\n<meta name=\"robots\" content=\"index, follow, max-snippet:-1, max-image-preview:large, max-video-preview:-1\" \/>\n<link rel=\"canonical\" href=\"https:\/\/platyphoto.com\/en\/product\/revise-cla-pentax-me-super-50mm-f1-7-3\/\" \/>\n<meta property=\"og:locale\" content=\"en_US\" \/>\n<meta property=\"og:type\" content=\"article\" \/>\n<meta property=\"og:title\" content=\"REVISE CLA- Pentax ME Super + 50mm F:1.7 - Platyphoto\" \/>\n<meta property=\"og:description\" content=\"Haut de gamme de la s\u00e9rie Pentax M, le ME Super propose un mode manuel accompagn\u00e9 d&#039;un mode priorit\u00e9 diaphragme assist\u00e9 d&#039;une cellule TTL, un mode flash \u00e0 1\/125e et une pose B sont \u00e9galement pr\u00e9sents. Iso max 1600, d\u00e9poli \u00e9quip\u00e9 d&#039;un stigmom\u00e8tre afin de faciliter la mise au point.\" \/>\n<meta property=\"og:url\" content=\"https:\/\/platyphoto.com\/en\/product\/revise-cla-pentax-me-super-50mm-f1-7-3\/\" \/>\n<meta property=\"og:site_name\" content=\"Platyphoto\" \/>\n<meta property=\"article:modified_time\" content=\"2025-12-08T11:50:47+00:00\" \/>\n<meta property=\"og:image\" content=\"https:\/\/platyphoto.com\/wp-content\/uploads\/2025\/12\/Pentax-ME-Super-50mm-1024x683.jpg\" \/>\n\t<meta property=\"og:image:width\" content=\"1024\" \/>\n\t<meta property=\"og:image:height\" content=\"683\" \/>\n\t<meta property=\"og:image:type\" content=\"image\/jpeg\" \/>\n<meta name=\"twitter:card\" content=\"summary_large_image\" \/>\n<meta name=\"twitter:label1\" content=\"Est. reading time\" \/>\n\t<meta name=\"twitter:data1\" content=\"2 minutes\" \/>\n<script type=\"application\/ld+json\" class=\"yoast-schema-graph\">{\"@context\":\"https:\\\/\\\/schema.org\",\"@graph\":[{\"@type\":\"WebPage\",\"@id\":\"https:\\\/\\\/platyphoto.com\\\/produit\\\/revise-cla-pentax-me-super-50mm-f1-7-3\\\/\",\"url\":\"https:\\\/\\\/platyphoto.com\\\/produit\\\/revise-cla-pentax-me-super-50mm-f1-7-3\\\/\",\"name\":\"REVISE CLA- Pentax ME Super + 50mm F:1.7 - Platyphoto\",\"isPartOf\":{\"@id\":\"https:\\\/\\\/platyphoto.com\\\/#website\"},\"primaryImageOfPage\":{\"@id\":\"https:\\\/\\\/platyphoto.com\\\/produit\\\/revise-cla-pentax-me-super-50mm-f1-7-3\\\/#primaryimage\"},\"image\":{\"@id\":\"https:\\\/\\\/platyphoto.com\\\/produit\\\/revise-cla-pentax-me-super-50mm-f1-7-3\\\/#primaryimage\"},\"thumbnailUrl\":\"https:\\\/\\\/i0.wp.com\\\/platyphoto.com\\\/wp-content\\\/uploads\\\/2025\\\/12\\\/Pentax-ME-Super-50mm.jpg?fit=4278%2C2852&ssl=1\",\"datePublished\":\"2025-12-02T07:41:35+00:00\",\"dateModified\":\"2025-12-08T11:50:47+00:00\",\"description\":\"Haut de gamme de la s\u00e9rie Pentax M, le ME Super propose un mode manuel accompagn\u00e9 d'un mode priorit\u00e9 diaphragme assist\u00e9 d'une cellule TTL, un mode flash \u00e0 1\\\/125e et une pose B sont \u00e9galement pr\u00e9sents. Iso max 1600, d\u00e9poli \u00e9quip\u00e9 d'un stigmom\u00e8tre afin de faciliter la mise au point.\",\"breadcrumb\":{\"@id\":\"https:\\\/\\\/platyphoto.com\\\/produit\\\/revise-cla-pentax-me-super-50mm-f1-7-3\\\/#breadcrumb\"},\"inLanguage\":\"en-US\",\"potentialAction\":[{\"@type\":\"ReadAction\",\"target\":[\"https:\\\/\\\/platyphoto.com\\\/produit\\\/revise-cla-pentax-me-super-50mm-f1-7-3\\\/\"]}]},{\"@type\":\"ImageObject\",\"inLanguage\":\"en-US\",\"@id\":\"https:\\\/\\\/platyphoto.com\\\/produit\\\/revise-cla-pentax-me-super-50mm-f1-7-3\\\/#primaryimage\",\"url\":\"https:\\\/\\\/i0.wp.com\\\/platyphoto.com\\\/wp-content\\\/uploads\\\/2025\\\/12\\\/Pentax-ME-Super-50mm.jpg?fit=4278%2C2852&ssl=1\",\"contentUrl\":\"https:\\\/\\\/i0.wp.com\\\/platyphoto.com\\\/wp-content\\\/uploads\\\/2025\\\/12\\\/Pentax-ME-Super-50mm.jpg?fit=4278%2C2852&ssl=1\",\"width\":4278,\"height\":2852,\"caption\":\"REVISE CLA- Pentax ME Super + 50mm F:1.7\"},{\"@type\":\"BreadcrumbList\",\"@id\":\"https:\\\/\\\/platyphoto.com\\\/produit\\\/revise-cla-pentax-me-super-50mm-f1-7-3\\\/#breadcrumb\",\"itemListElement\":[{\"@type\":\"ListItem\",\"position\":1,\"name\":\"Accueil\",\"item\":\"https:\\\/\\\/platyphoto.com\\\/\"},{\"@type\":\"ListItem\",\"position\":2,\"name\":\"Boutique\",\"item\":\"https:\\\/\\\/platyphoto.com\\\/boutique\\\/\"},{\"@type\":\"ListItem\",\"position\":3,\"name\":\"REVISE CLA- Pentax ME Super + 50mm F:1.7\"}]},{\"@type\":\"WebSite\",\"@id\":\"https:\\\/\\\/platyphoto.com\\\/#website\",\"url\":\"https:\\\/\\\/platyphoto.com\\\/\",\"name\":\"Platyphoto\",\"description\":\"Appareils photos argentiques, objectifs et accessoires de qualit\u00e9.\",\"publisher\":{\"@id\":\"https:\\\/\\\/platyphoto.com\\\/#organization\"},\"potentialAction\":[{\"@type\":\"SearchAction\",\"target\":{\"@type\":\"EntryPoint\",\"urlTemplate\":\"https:\\\/\\\/platyphoto.com\\\/?s={search_term_string}\"},\"query-input\":{\"@type\":\"PropertyValueSpecification\",\"valueRequired\":true,\"valueName\":\"search_term_string\"}}],\"inLanguage\":\"en-US\"},{\"@type\":\"Organization\",\"@id\":\"https:\\\/\\\/platyphoto.com\\\/#organization\",\"name\":\"Platyphoto\",\"alternateName\":\"Platyphoto\",\"url\":\"https:\\\/\\\/platyphoto.com\\\/\",\"logo\":{\"@type\":\"ImageObject\",\"inLanguage\":\"en-US\",\"@id\":\"https:\\\/\\\/platyphoto.com\\\/#\\\/schema\\\/logo\\\/image\\\/\",\"url\":\"https:\\\/\\\/i0.wp.com\\\/platyphoto.com\\\/wp-content\\\/uploads\\\/2020\\\/11\\\/cropped-header.jpg?fit=1500%2C282&ssl=1\",\"contentUrl\":\"https:\\\/\\\/i0.wp.com\\\/platyphoto.com\\\/wp-content\\\/uploads\\\/2020\\\/11\\\/cropped-header.jpg?fit=1500%2C282&ssl=1\",\"width\":1500,\"height\":282,\"caption\":\"Platyphoto\"},\"image\":{\"@id\":\"https:\\\/\\\/platyphoto.com\\\/#\\\/schema\\\/logo\\\/image\\\/\"},\"sameAs\":[\"https:\\\/\\\/www.instagram.com\\\/platyphoto\\\/\"]}]}<\/script>\n<!-- \/ Yoast SEO plugin. -->","yoast_head_json":{"title":"REVISE CLA- Pentax ME Super + 50mm F:1.7 - Platyphoto","description":"Haut de gamme de la s\u00e9rie Pentax M, le ME Super propose un mode manuel accompagn\u00e9 d'un mode priorit\u00e9 diaphragme assist\u00e9 d'une cellule TTL, un mode flash \u00e0 1\/125e et une pose B sont \u00e9galement pr\u00e9sents. Iso max 1600, d\u00e9poli \u00e9quip\u00e9 d'un stigmom\u00e8tre afin de faciliter la mise au point.","robots":{"index":"index","follow":"follow","max-snippet":"max-snippet:-1","max-image-preview":"max-image-preview:large","max-video-preview":"max-video-preview:-1"},"canonical":"https:\/\/platyphoto.com\/en\/product\/revise-cla-pentax-me-super-50mm-f1-7-3\/","og_locale":"en_US","og_type":"article","og_title":"REVISE CLA- Pentax ME Super + 50mm F:1.7 - Platyphoto","og_description":"Haut de gamme de la s\u00e9rie Pentax M, le ME Super propose un mode manuel accompagn\u00e9 d'un mode priorit\u00e9 diaphragme assist\u00e9 d'une cellule TTL, un mode flash \u00e0 1\/125e et une pose B sont \u00e9galement pr\u00e9sents. Iso max 1600, d\u00e9poli \u00e9quip\u00e9 d'un stigmom\u00e8tre afin de faciliter la mise au point.","og_url":"https:\/\/platyphoto.com\/en\/product\/revise-cla-pentax-me-super-50mm-f1-7-3\/","og_site_name":"Platyphoto","article_modified_time":"2025-12-08T11:50:47+00:00","og_image":[{"width":1024,"height":683,"url":"https:\/\/platyphoto.com\/wp-content\/uploads\/2025\/12\/Pentax-ME-Super-50mm-1024x683.jpg","type":"image\/jpeg"}],"twitter_card":"summary_large_image","twitter_misc":{"Est. reading time":"2 minutes"},"schema":{"@context":"https:\/\/schema.org","@graph":[{"@type":"WebPage","@id":"https:\/\/platyphoto.com\/produit\/revise-cla-pentax-me-super-50mm-f1-7-3\/","url":"https:\/\/platyphoto.com\/produit\/revise-cla-pentax-me-super-50mm-f1-7-3\/","name":"REVISE CLA- Pentax ME Super + 50mm F:1.7 - Platyphoto","isPartOf":{"@id":"https:\/\/platyphoto.com\/#website"},"primaryImageOfPage":{"@id":"https:\/\/platyphoto.com\/produit\/revise-cla-pentax-me-super-50mm-f1-7-3\/#primaryimage"},"image":{"@id":"https:\/\/platyphoto.com\/produit\/revise-cla-pentax-me-super-50mm-f1-7-3\/#primaryimage"},"thumbnailUrl":"https:\/\/i0.wp.com\/platyphoto.com\/wp-content\/uploads\/2025\/12\/Pentax-ME-Super-50mm.jpg?fit=4278%2C2852&ssl=1","datePublished":"2025-12-02T07:41:35+00:00","dateModified":"2025-12-08T11:50:47+00:00","description":"Haut de gamme de la s\u00e9rie Pentax M, le ME Super propose un mode manuel accompagn\u00e9 d'un mode priorit\u00e9 diaphragme assist\u00e9 d'une cellule TTL, un mode flash \u00e0 1\/125e et une pose B sont \u00e9galement pr\u00e9sents. Iso max 1600, d\u00e9poli \u00e9quip\u00e9 d'un stigmom\u00e8tre afin de faciliter la mise au point.","breadcrumb":{"@id":"https:\/\/platyphoto.com\/produit\/revise-cla-pentax-me-super-50mm-f1-7-3\/#breadcrumb"},"inLanguage":"en-US","potentialAction":[{"@type":"ReadAction","target":["https:\/\/platyphoto.com\/produit\/revise-cla-pentax-me-super-50mm-f1-7-3\/"]}]},{"@type":"ImageObject","inLanguage":"en-US","@id":"https:\/\/platyphoto.com\/produit\/revise-cla-pentax-me-super-50mm-f1-7-3\/#primaryimage","url":"https:\/\/i0.wp.com\/platyphoto.com\/wp-content\/uploads\/2025\/12\/Pentax-ME-Super-50mm.jpg?fit=4278%2C2852&ssl=1","contentUrl":"https:\/\/i0.wp.com\/platyphoto.com\/wp-content\/uploads\/2025\/12\/Pentax-ME-Super-50mm.jpg?fit=4278%2C2852&ssl=1","width":4278,"height":2852,"caption":"REVISE CLA- Pentax ME Super + 50mm F:1.7"},{"@type":"BreadcrumbList","@id":"https:\/\/platyphoto.com\/produit\/revise-cla-pentax-me-super-50mm-f1-7-3\/#breadcrumb","itemListElement":[{"@type":"ListItem","position":1,"name":"Accueil","item":"https:\/\/platyphoto.com\/"},{"@type":"ListItem","position":2,"name":"Boutique","item":"https:\/\/platyphoto.com\/boutique\/"},{"@type":"ListItem","position":3,"name":"REVISE CLA- Pentax ME Super + 50mm F:1.7"}]},{"@type":"WebSite","@id":"https:\/\/platyphoto.com\/#website","url":"https:\/\/platyphoto.com\/","name":"Platyphoto","description":"Appareils photos argentiques, objectifs et accessoires de qualit\u00e9.","publisher":{"@id":"https:\/\/platyphoto.com\/#organization"},"potentialAction":[{"@type":"SearchAction","target":{"@type":"EntryPoint","urlTemplate":"https:\/\/platyphoto.com\/?s={search_term_string}"},"query-input":{"@type":"PropertyValueSpecification","valueRequired":true,"valueName":"search_term_string"}}],"inLanguage":"en-US"},{"@type":"Organization","@id":"https:\/\/platyphoto.com\/#organization","name":"Platyphoto","alternateName":"Platyphoto","url":"https:\/\/platyphoto.com\/","logo":{"@type":"ImageObject","inLanguage":"en-US","@id":"https:\/\/platyphoto.com\/#\/schema\/logo\/image\/","url":"https:\/\/i0.wp.com\/platyphoto.com\/wp-content\/uploads\/2020\/11\/cropped-header.jpg?fit=1500%2C282&ssl=1","contentUrl":"https:\/\/i0.wp.com\/platyphoto.com\/wp-content\/uploads\/2020\/11\/cropped-header.jpg?fit=1500%2C282&ssl=1","width":1500,"height":282,"caption":"Platyphoto"},"image":{"@id":"https:\/\/platyphoto.com\/#\/schema\/logo\/image\/"},"sameAs":["https:\/\/www.instagram.com\/platyphoto\/"]}]}},"jetpack_publicize_connections":[],"jetpack_likes_enabled":false,"jetpack_sharing_enabled":true,"_links":{"self":[{"href":"https:\/\/platyphoto.com\/en\/wp-json\/wp\/v2\/product\/18789","targetHints":{"allow":["GET"]}}],"collection":[{"href":"https:\/\/platyphoto.com\/en\/wp-json\/wp\/v2\/product"}],"about":[{"href":"https:\/\/platyphoto.com\/en\/wp-json\/wp\/v2\/types\/product"}],"wp:featuredmedia":[{"embeddable":true,"href":"https:\/\/platyphoto.com\/en\/wp-json\/wp\/v2\/media\/18793"}],"wp:attachment":[{"href":"https:\/\/platyphoto.com\/en\/wp-json\/wp\/v2\/media?parent=18789"}],"wp:term":[{"taxonomy":"product_brand","embeddable":true,"href":"https:\/\/platyphoto.com\/en\/wp-json\/wp\/v2\/product_brand?post=18789"},{"taxonomy":"product_cat","embeddable":true,"href":"https:\/\/platyphoto.com\/en\/wp-json\/wp\/v2\/product_cat?post=18789"},{"taxonomy":"product_tag","embeddable":true,"href":"https:\/\/platyphoto.com\/en\/wp-json\/wp\/v2\/product_tag?post=18789"}],"curies":[{"name":"wp","href":"https:\/\/api.w.org\/{rel}","templated":true}]}}