{"id":19087,"date":"2026-01-14T12:00:11","date_gmt":"2026-01-14T11:00:11","guid":{"rendered":"https:\/\/platyphoto.com\/?post_type=product&#038;p=19087"},"modified":"2026-01-21T10:52:15","modified_gmt":"2026-01-21T09:52:15","slug":"olympus-om-zuiko-100mm-f2-8","status":"publish","type":"product","link":"https:\/\/platyphoto.com\/en\/product\/olympus-om-zuiko-100mm-f2-8\/","title":{"rendered":"Olympus OM Zuiko 100mm F:2.8"},"content":{"rendered":"<p><strong>Marque<\/strong> : Olympus<\/p>\n<p><strong>Mod\u00e8le<\/strong> : Zuiko 100mm F:2.8<\/p>\n<p><strong>Monture :<\/strong> OM<\/p>\n<p>T\u00e9l\u00e9objectif de qualit\u00e9, parfait pour les portraits ce Zuiko 100mm F:2.8 est une optique appr\u00e9ci\u00e9e pour son rapport taille \/ performance.<\/p>\n<p>Vendu avec bouchon.<\/p>\n<p><strong>Concernant l\u2019\u00e9tat :<\/strong><\/p>\n<p>Exterieur : 7\/10, traces d\u2019usages, usages sur le filetage du filtre, voir photos.<\/p>\n<p>Optique : 7\/10, pr\u00e9sence de quelques micro poussi\u00e8res, l\u00e9g\u00e8re traces d&rsquo;usage sur un bord de la lentille avant, voir photos.<\/p>\n<p>M\u00e9canique : 9\/10, fonctionnel<\/p>","protected":false},"excerpt":{"rendered":"<p>Marque : Olympus Mod\u00e8le : Zuiko 100mm F:2.8 Monture : OM T\u00e9l\u00e9objectif de qualit\u00e9, parfait pour les portraits ce Zuiko 100mm F:2.8 est une optique appr\u00e9ci\u00e9e pour son rapport taille \/ performance. Vendu avec bouchon. Concernant l\u2019\u00e9tat : Exterieur : 7\/10, traces d\u2019usages, usages sur le filetage du filtre, voir photos. Optique : 7\/10, pr\u00e9sence [&hellip;]<\/p>\n","protected":false},"featured_media":19094,"template":"","meta":{"_coblocks_attr":"","_coblocks_dimensions":"","_coblocks_responsive_height":"","_coblocks_accordion_ie_support":"","_crdt_document":"","jetpack_post_was_ever_published":false,"jetpack_publicize_message":"","jetpack_publicize_feature_enabled":true,"jetpack_social_post_already_shared":true,"jetpack_social_options":{"image_generator_settings":{"template":"highway","default_image_id":0,"font":"","enabled":false},"version":2},"_wpas_customize_per_network":false},"product_brand":[],"product_cat":[6366,6411],"product_tag":[],"class_list":{"0":"post-19087","1":"product","2":"type-product","3":"status-publish","4":"has-post-thumbnail","6":"product_cat-objectifs","7":"product_cat-olympus-om","9":"first","10":"outofstock","11":"shipping-taxable","12":"purchasable","13":"product-type-simple"},"yoast_head":"<!-- This site is optimized with the Yoast SEO plugin v27.3 - https:\/\/yoast.com\/product\/yoast-seo-wordpress\/ -->\n<title>Olympus OM Zuiko 100mm F:2.8 - Platyphoto<\/title>\n<meta name=\"description\" content=\"T\u00e9l\u00e9objectif de qualit\u00e9, parfait pour les portraits ce Zuiko 100mm F:2.8 est une optique appr\u00e9ci\u00e9e pour son rapport taille \/ performance.\" \/>\n<meta name=\"robots\" content=\"index, follow, max-snippet:-1, max-image-preview:large, max-video-preview:-1\" \/>\n<link rel=\"canonical\" href=\"https:\/\/platyphoto.com\/en\/product\/olympus-om-zuiko-100mm-f2-8\/\" \/>\n<meta property=\"og:locale\" content=\"en_US\" \/>\n<meta property=\"og:type\" content=\"article\" \/>\n<meta property=\"og:title\" content=\"Olympus OM Zuiko 100mm F:2.8 - Platyphoto\" \/>\n<meta property=\"og:description\" content=\"T\u00e9l\u00e9objectif de qualit\u00e9, parfait pour les portraits ce Zuiko 100mm F:2.8 est une optique appr\u00e9ci\u00e9e pour son rapport taille \/ performance.\" \/>\n<meta property=\"og:url\" content=\"https:\/\/platyphoto.com\/en\/product\/olympus-om-zuiko-100mm-f2-8\/\" \/>\n<meta property=\"og:site_name\" content=\"Platyphoto\" \/>\n<meta property=\"article:modified_time\" content=\"2026-01-21T09:52:15+00:00\" \/>\n<meta property=\"og:image\" content=\"https:\/\/platyphoto.com\/wp-content\/uploads\/2026\/01\/Zuiko-100mm-2.8-1024x683.jpg\" \/>\n\t<meta property=\"og:image:width\" content=\"1024\" \/>\n\t<meta property=\"og:image:height\" content=\"683\" \/>\n\t<meta property=\"og:image:type\" content=\"image\/jpeg\" \/>\n<meta name=\"twitter:card\" content=\"summary_large_image\" \/>\n<meta name=\"twitter:label1\" content=\"Est. reading time\" \/>\n\t<meta name=\"twitter:data1\" content=\"1 minute\" \/>\n<script type=\"application\/ld+json\" class=\"yoast-schema-graph\">{\"@context\":\"https:\\\/\\\/schema.org\",\"@graph\":[{\"@type\":\"WebPage\",\"@id\":\"https:\\\/\\\/platyphoto.com\\\/produit\\\/olympus-om-zuiko-100mm-f2-8\\\/\",\"url\":\"https:\\\/\\\/platyphoto.com\\\/produit\\\/olympus-om-zuiko-100mm-f2-8\\\/\",\"name\":\"Olympus OM Zuiko 100mm F:2.8 - Platyphoto\",\"isPartOf\":{\"@id\":\"https:\\\/\\\/platyphoto.com\\\/#website\"},\"primaryImageOfPage\":{\"@id\":\"https:\\\/\\\/platyphoto.com\\\/produit\\\/olympus-om-zuiko-100mm-f2-8\\\/#primaryimage\"},\"image\":{\"@id\":\"https:\\\/\\\/platyphoto.com\\\/produit\\\/olympus-om-zuiko-100mm-f2-8\\\/#primaryimage\"},\"thumbnailUrl\":\"https:\\\/\\\/i0.wp.com\\\/platyphoto.com\\\/wp-content\\\/uploads\\\/2026\\\/01\\\/Zuiko-100mm-2.8.jpg?fit=5095%2C3397&ssl=1\",\"datePublished\":\"2026-01-14T11:00:11+00:00\",\"dateModified\":\"2026-01-21T09:52:15+00:00\",\"description\":\"T\u00e9l\u00e9objectif de qualit\u00e9, parfait pour les portraits ce Zuiko 100mm F:2.8 est une optique appr\u00e9ci\u00e9e pour son rapport taille \\\/ performance.\",\"breadcrumb\":{\"@id\":\"https:\\\/\\\/platyphoto.com\\\/produit\\\/olympus-om-zuiko-100mm-f2-8\\\/#breadcrumb\"},\"inLanguage\":\"en-US\",\"potentialAction\":[{\"@type\":\"ReadAction\",\"target\":[\"https:\\\/\\\/platyphoto.com\\\/produit\\\/olympus-om-zuiko-100mm-f2-8\\\/\"]}]},{\"@type\":\"ImageObject\",\"inLanguage\":\"en-US\",\"@id\":\"https:\\\/\\\/platyphoto.com\\\/produit\\\/olympus-om-zuiko-100mm-f2-8\\\/#primaryimage\",\"url\":\"https:\\\/\\\/i0.wp.com\\\/platyphoto.com\\\/wp-content\\\/uploads\\\/2026\\\/01\\\/Zuiko-100mm-2.8.jpg?fit=5095%2C3397&ssl=1\",\"contentUrl\":\"https:\\\/\\\/i0.wp.com\\\/platyphoto.com\\\/wp-content\\\/uploads\\\/2026\\\/01\\\/Zuiko-100mm-2.8.jpg?fit=5095%2C3397&ssl=1\",\"width\":5095,\"height\":3397,\"caption\":\"Olympus OM Zuiko 100mm F:2.8\"},{\"@type\":\"BreadcrumbList\",\"@id\":\"https:\\\/\\\/platyphoto.com\\\/produit\\\/olympus-om-zuiko-100mm-f2-8\\\/#breadcrumb\",\"itemListElement\":[{\"@type\":\"ListItem\",\"position\":1,\"name\":\"Accueil\",\"item\":\"https:\\\/\\\/platyphoto.com\\\/\"},{\"@type\":\"ListItem\",\"position\":2,\"name\":\"Boutique\",\"item\":\"https:\\\/\\\/platyphoto.com\\\/boutique\\\/\"},{\"@type\":\"ListItem\",\"position\":3,\"name\":\"Olympus OM Zuiko 100mm F:2.8\"}]},{\"@type\":\"WebSite\",\"@id\":\"https:\\\/\\\/platyphoto.com\\\/#website\",\"url\":\"https:\\\/\\\/platyphoto.com\\\/\",\"name\":\"Platyphoto\",\"description\":\"Appareils photos argentiques, objectifs et accessoires de qualit\u00e9.\",\"publisher\":{\"@id\":\"https:\\\/\\\/platyphoto.com\\\/#organization\"},\"potentialAction\":[{\"@type\":\"SearchAction\",\"target\":{\"@type\":\"EntryPoint\",\"urlTemplate\":\"https:\\\/\\\/platyphoto.com\\\/?s={search_term_string}\"},\"query-input\":{\"@type\":\"PropertyValueSpecification\",\"valueRequired\":true,\"valueName\":\"search_term_string\"}}],\"inLanguage\":\"en-US\"},{\"@type\":\"Organization\",\"@id\":\"https:\\\/\\\/platyphoto.com\\\/#organization\",\"name\":\"Platyphoto\",\"alternateName\":\"Platyphoto\",\"url\":\"https:\\\/\\\/platyphoto.com\\\/\",\"logo\":{\"@type\":\"ImageObject\",\"inLanguage\":\"en-US\",\"@id\":\"https:\\\/\\\/platyphoto.com\\\/#\\\/schema\\\/logo\\\/image\\\/\",\"url\":\"https:\\\/\\\/i0.wp.com\\\/platyphoto.com\\\/wp-content\\\/uploads\\\/2020\\\/11\\\/cropped-header.jpg?fit=1500%2C282&ssl=1\",\"contentUrl\":\"https:\\\/\\\/i0.wp.com\\\/platyphoto.com\\\/wp-content\\\/uploads\\\/2020\\\/11\\\/cropped-header.jpg?fit=1500%2C282&ssl=1\",\"width\":1500,\"height\":282,\"caption\":\"Platyphoto\"},\"image\":{\"@id\":\"https:\\\/\\\/platyphoto.com\\\/#\\\/schema\\\/logo\\\/image\\\/\"},\"sameAs\":[\"https:\\\/\\\/www.instagram.com\\\/platyphoto\\\/\"]}]}<\/script>\n<!-- \/ Yoast SEO plugin. -->","yoast_head_json":{"title":"Olympus OM Zuiko 100mm F:2.8 - Platyphoto","description":"T\u00e9l\u00e9objectif de qualit\u00e9, parfait pour les portraits ce Zuiko 100mm F:2.8 est une optique appr\u00e9ci\u00e9e pour son rapport taille \/ performance.","robots":{"index":"index","follow":"follow","max-snippet":"max-snippet:-1","max-image-preview":"max-image-preview:large","max-video-preview":"max-video-preview:-1"},"canonical":"https:\/\/platyphoto.com\/en\/product\/olympus-om-zuiko-100mm-f2-8\/","og_locale":"en_US","og_type":"article","og_title":"Olympus OM Zuiko 100mm F:2.8 - Platyphoto","og_description":"T\u00e9l\u00e9objectif de qualit\u00e9, parfait pour les portraits ce Zuiko 100mm F:2.8 est une optique appr\u00e9ci\u00e9e pour son rapport taille \/ performance.","og_url":"https:\/\/platyphoto.com\/en\/product\/olympus-om-zuiko-100mm-f2-8\/","og_site_name":"Platyphoto","article_modified_time":"2026-01-21T09:52:15+00:00","og_image":[{"width":1024,"height":683,"url":"https:\/\/platyphoto.com\/wp-content\/uploads\/2026\/01\/Zuiko-100mm-2.8-1024x683.jpg","type":"image\/jpeg"}],"twitter_card":"summary_large_image","twitter_misc":{"Est. reading time":"1 minute"},"schema":{"@context":"https:\/\/schema.org","@graph":[{"@type":"WebPage","@id":"https:\/\/platyphoto.com\/produit\/olympus-om-zuiko-100mm-f2-8\/","url":"https:\/\/platyphoto.com\/produit\/olympus-om-zuiko-100mm-f2-8\/","name":"Olympus OM Zuiko 100mm F:2.8 - Platyphoto","isPartOf":{"@id":"https:\/\/platyphoto.com\/#website"},"primaryImageOfPage":{"@id":"https:\/\/platyphoto.com\/produit\/olympus-om-zuiko-100mm-f2-8\/#primaryimage"},"image":{"@id":"https:\/\/platyphoto.com\/produit\/olympus-om-zuiko-100mm-f2-8\/#primaryimage"},"thumbnailUrl":"https:\/\/i0.wp.com\/platyphoto.com\/wp-content\/uploads\/2026\/01\/Zuiko-100mm-2.8.jpg?fit=5095%2C3397&ssl=1","datePublished":"2026-01-14T11:00:11+00:00","dateModified":"2026-01-21T09:52:15+00:00","description":"T\u00e9l\u00e9objectif de qualit\u00e9, parfait pour les portraits ce Zuiko 100mm F:2.8 est une optique appr\u00e9ci\u00e9e pour son rapport taille \/ performance.","breadcrumb":{"@id":"https:\/\/platyphoto.com\/produit\/olympus-om-zuiko-100mm-f2-8\/#breadcrumb"},"inLanguage":"en-US","potentialAction":[{"@type":"ReadAction","target":["https:\/\/platyphoto.com\/produit\/olympus-om-zuiko-100mm-f2-8\/"]}]},{"@type":"ImageObject","inLanguage":"en-US","@id":"https:\/\/platyphoto.com\/produit\/olympus-om-zuiko-100mm-f2-8\/#primaryimage","url":"https:\/\/i0.wp.com\/platyphoto.com\/wp-content\/uploads\/2026\/01\/Zuiko-100mm-2.8.jpg?fit=5095%2C3397&ssl=1","contentUrl":"https:\/\/i0.wp.com\/platyphoto.com\/wp-content\/uploads\/2026\/01\/Zuiko-100mm-2.8.jpg?fit=5095%2C3397&ssl=1","width":5095,"height":3397,"caption":"Olympus OM Zuiko 100mm F:2.8"},{"@type":"BreadcrumbList","@id":"https:\/\/platyphoto.com\/produit\/olympus-om-zuiko-100mm-f2-8\/#breadcrumb","itemListElement":[{"@type":"ListItem","position":1,"name":"Accueil","item":"https:\/\/platyphoto.com\/"},{"@type":"ListItem","position":2,"name":"Boutique","item":"https:\/\/platyphoto.com\/boutique\/"},{"@type":"ListItem","position":3,"name":"Olympus OM Zuiko 100mm F:2.8"}]},{"@type":"WebSite","@id":"https:\/\/platyphoto.com\/#website","url":"https:\/\/platyphoto.com\/","name":"Platyphoto","description":"Appareils photos argentiques, objectifs et accessoires de qualit\u00e9.","publisher":{"@id":"https:\/\/platyphoto.com\/#organization"},"potentialAction":[{"@type":"SearchAction","target":{"@type":"EntryPoint","urlTemplate":"https:\/\/platyphoto.com\/?s={search_term_string}"},"query-input":{"@type":"PropertyValueSpecification","valueRequired":true,"valueName":"search_term_string"}}],"inLanguage":"en-US"},{"@type":"Organization","@id":"https:\/\/platyphoto.com\/#organization","name":"Platyphoto","alternateName":"Platyphoto","url":"https:\/\/platyphoto.com\/","logo":{"@type":"ImageObject","inLanguage":"en-US","@id":"https:\/\/platyphoto.com\/#\/schema\/logo\/image\/","url":"https:\/\/i0.wp.com\/platyphoto.com\/wp-content\/uploads\/2020\/11\/cropped-header.jpg?fit=1500%2C282&ssl=1","contentUrl":"https:\/\/i0.wp.com\/platyphoto.com\/wp-content\/uploads\/2020\/11\/cropped-header.jpg?fit=1500%2C282&ssl=1","width":1500,"height":282,"caption":"Platyphoto"},"image":{"@id":"https:\/\/platyphoto.com\/#\/schema\/logo\/image\/"},"sameAs":["https:\/\/www.instagram.com\/platyphoto\/"]}]}},"jetpack_publicize_connections":[],"jetpack_likes_enabled":false,"jetpack_sharing_enabled":true,"_links":{"self":[{"href":"https:\/\/platyphoto.com\/en\/wp-json\/wp\/v2\/product\/19087","targetHints":{"allow":["GET"]}}],"collection":[{"href":"https:\/\/platyphoto.com\/en\/wp-json\/wp\/v2\/product"}],"about":[{"href":"https:\/\/platyphoto.com\/en\/wp-json\/wp\/v2\/types\/product"}],"wp:featuredmedia":[{"embeddable":true,"href":"https:\/\/platyphoto.com\/en\/wp-json\/wp\/v2\/media\/19094"}],"wp:attachment":[{"href":"https:\/\/platyphoto.com\/en\/wp-json\/wp\/v2\/media?parent=19087"}],"wp:term":[{"taxonomy":"product_brand","embeddable":true,"href":"https:\/\/platyphoto.com\/en\/wp-json\/wp\/v2\/product_brand?post=19087"},{"taxonomy":"product_cat","embeddable":true,"href":"https:\/\/platyphoto.com\/en\/wp-json\/wp\/v2\/product_cat?post=19087"},{"taxonomy":"product_tag","embeddable":true,"href":"https:\/\/platyphoto.com\/en\/wp-json\/wp\/v2\/product_tag?post=19087"}],"curies":[{"name":"wp","href":"https:\/\/api.w.org\/{rel}","templated":true}]}}