{"id":19203,"date":"2026-01-14T12:00:00","date_gmt":"2026-01-14T11:00:00","guid":{"rendered":"https:\/\/platyphoto.com\/?post_type=product&#038;p=19203"},"modified":"2026-01-16T14:39:48","modified_gmt":"2026-01-16T13:39:48","slug":"kodak-vest-pocket-autographic-4","status":"publish","type":"product","link":"https:\/\/platyphoto.com\/en\/product\/kodak-vest-pocket-autographic-4\/","title":{"rendered":"Kodak Vest Pocket Autographic"},"content":{"rendered":"<p><strong>Marque<\/strong> : Kodak<\/p>\n<p><strong>Mod\u00e8le<\/strong> : Vest Pocket Autographic<\/p>\n<p><strong>Ann\u00e9e de production<\/strong> : A partir de 1915<\/p>\n<p><strong>Cellule<\/strong> : Non<\/p>\n<p><strong>Indice de raret\u00e9<\/strong>: Peu courant<\/p>\n<p>Appareil Kodak Vest Pocket Autographic, apr\u00e8s le succ\u00e8s du Vest Pocket, beaucoup utilis\u00e9 pendant la 1ere guerre mondiale du fait de sa petite taille, il se glissait facilement dans les poches, sort le mod\u00e8le autographique. Est pr\u00e9sent d\u00e9sormais au dos de l&rsquo;appareil une petite trappe avec un stylet m\u00e9tallique, celui-ci permet d&rsquo;\u00e9crire au dos quelques mots en bas de la pellicule qui se r\u00e9v\u00e8leront au moment du d\u00e9veloppement.<\/p>\n<p>Obturateur ok soufflet en \u00e9tat correcte, \u00e9tanch\u00e9it\u00e9 non garantie. Appareil en bel \u00e9tat.<\/p>\n<p>Stylet pr\u00e9sent, vendu avec housse, notice et boite (manque la partie haute).<\/p>\n<p>&nbsp;<\/p>","protected":false},"excerpt":{"rendered":"<p>Marque : Kodak Mod\u00e8le : Vest Pocket Autographic Ann\u00e9e de production : A partir de 1915 Cellule : Non Indice de raret\u00e9: Peu courant Appareil Kodak Vest Pocket Autographic, apr\u00e8s le succ\u00e8s du Vest Pocket, beaucoup utilis\u00e9 pendant la 1ere guerre mondiale du fait de sa petite taille, il se glissait facilement dans les poches, [&hellip;]<\/p>\n","protected":false},"featured_media":19207,"template":"","meta":{"_coblocks_attr":"","_coblocks_dimensions":"","_coblocks_responsive_height":"","_coblocks_accordion_ie_support":"","_crdt_document":"","jetpack_post_was_ever_published":false,"jetpack_publicize_message":"","jetpack_publicize_feature_enabled":true,"jetpack_social_post_already_shared":true,"jetpack_social_options":{"image_generator_settings":{"template":"highway","default_image_id":0,"font":"","enabled":false},"version":2},"_wpas_customize_per_network":false},"product_brand":[],"product_cat":[6349,6361,6363],"product_tag":[],"class_list":{"0":"post-19203","1":"product","2":"type-product","3":"status-publish","4":"has-post-thumbnail","6":"product_cat-appareils","7":"product_cat-collection-deco","8":"product_cat-foldings-collection-deco","10":"first","11":"outofstock","12":"shipping-taxable","13":"purchasable","14":"product-type-simple"},"yoast_head":"<!-- This site is optimized with the Yoast SEO plugin v27.3 - https:\/\/yoast.com\/product\/yoast-seo-wordpress\/ -->\n<title>Kodak Vest Pocket Autographic - Platyphoto<\/title>\n<meta name=\"description\" content=\"Appareil Kodak Vest Pocket Autographic, apr\u00e8s le succ\u00e8s du Vest Pocket, beaucoup utilis\u00e9 pendant la 1ere guerre mondiale du fait de sa petite taille, il se glissait facilement dans les poches, sort le mod\u00e8le autographique.\" \/>\n<meta name=\"robots\" content=\"index, follow, max-snippet:-1, max-image-preview:large, max-video-preview:-1\" \/>\n<link rel=\"canonical\" href=\"https:\/\/platyphoto.com\/en\/product\/kodak-vest-pocket-autographic-4\/\" \/>\n<meta property=\"og:locale\" content=\"en_US\" \/>\n<meta property=\"og:type\" content=\"article\" \/>\n<meta property=\"og:title\" content=\"Kodak Vest Pocket Autographic - Platyphoto\" \/>\n<meta property=\"og:description\" content=\"Appareil Kodak Vest Pocket Autographic, apr\u00e8s le succ\u00e8s du Vest Pocket, beaucoup utilis\u00e9 pendant la 1ere guerre mondiale du fait de sa petite taille, il se glissait facilement dans les poches, sort le mod\u00e8le autographique.\" \/>\n<meta property=\"og:url\" content=\"https:\/\/platyphoto.com\/en\/product\/kodak-vest-pocket-autographic-4\/\" \/>\n<meta property=\"og:site_name\" content=\"Platyphoto\" \/>\n<meta property=\"article:modified_time\" content=\"2026-01-16T13:39:48+00:00\" \/>\n<meta property=\"og:image\" content=\"https:\/\/platyphoto.com\/wp-content\/uploads\/2026\/01\/Kodak-Vest-Pocket-boite-1024x683.jpg\" \/>\n\t<meta property=\"og:image:width\" content=\"1024\" \/>\n\t<meta property=\"og:image:height\" content=\"683\" \/>\n\t<meta property=\"og:image:type\" content=\"image\/jpeg\" \/>\n<meta name=\"twitter:card\" content=\"summary_large_image\" \/>\n<meta name=\"twitter:label1\" content=\"Est. reading time\" \/>\n\t<meta name=\"twitter:data1\" content=\"1 minute\" \/>\n<script type=\"application\/ld+json\" class=\"yoast-schema-graph\">{\"@context\":\"https:\\\/\\\/schema.org\",\"@graph\":[{\"@type\":\"WebPage\",\"@id\":\"https:\\\/\\\/platyphoto.com\\\/produit\\\/kodak-vest-pocket-autographic-4\\\/\",\"url\":\"https:\\\/\\\/platyphoto.com\\\/produit\\\/kodak-vest-pocket-autographic-4\\\/\",\"name\":\"Kodak Vest Pocket Autographic - Platyphoto\",\"isPartOf\":{\"@id\":\"https:\\\/\\\/platyphoto.com\\\/#website\"},\"primaryImageOfPage\":{\"@id\":\"https:\\\/\\\/platyphoto.com\\\/produit\\\/kodak-vest-pocket-autographic-4\\\/#primaryimage\"},\"image\":{\"@id\":\"https:\\\/\\\/platyphoto.com\\\/produit\\\/kodak-vest-pocket-autographic-4\\\/#primaryimage\"},\"thumbnailUrl\":\"https:\\\/\\\/i0.wp.com\\\/platyphoto.com\\\/wp-content\\\/uploads\\\/2026\\\/01\\\/Kodak-Vest-Pocket-boite.jpg?fit=5626%2C3751&ssl=1\",\"datePublished\":\"2026-01-14T11:00:00+00:00\",\"dateModified\":\"2026-01-16T13:39:48+00:00\",\"description\":\"Appareil Kodak Vest Pocket Autographic, apr\u00e8s le succ\u00e8s du Vest Pocket, beaucoup utilis\u00e9 pendant la 1ere guerre mondiale du fait de sa petite taille, il se glissait facilement dans les poches, sort le mod\u00e8le autographique.\",\"breadcrumb\":{\"@id\":\"https:\\\/\\\/platyphoto.com\\\/produit\\\/kodak-vest-pocket-autographic-4\\\/#breadcrumb\"},\"inLanguage\":\"en-US\",\"potentialAction\":[{\"@type\":\"ReadAction\",\"target\":[\"https:\\\/\\\/platyphoto.com\\\/produit\\\/kodak-vest-pocket-autographic-4\\\/\"]}]},{\"@type\":\"ImageObject\",\"inLanguage\":\"en-US\",\"@id\":\"https:\\\/\\\/platyphoto.com\\\/produit\\\/kodak-vest-pocket-autographic-4\\\/#primaryimage\",\"url\":\"https:\\\/\\\/i0.wp.com\\\/platyphoto.com\\\/wp-content\\\/uploads\\\/2026\\\/01\\\/Kodak-Vest-Pocket-boite.jpg?fit=5626%2C3751&ssl=1\",\"contentUrl\":\"https:\\\/\\\/i0.wp.com\\\/platyphoto.com\\\/wp-content\\\/uploads\\\/2026\\\/01\\\/Kodak-Vest-Pocket-boite.jpg?fit=5626%2C3751&ssl=1\",\"width\":5626,\"height\":3751,\"caption\":\"Kodak Vest Pocket Autographic\"},{\"@type\":\"BreadcrumbList\",\"@id\":\"https:\\\/\\\/platyphoto.com\\\/produit\\\/kodak-vest-pocket-autographic-4\\\/#breadcrumb\",\"itemListElement\":[{\"@type\":\"ListItem\",\"position\":1,\"name\":\"Accueil\",\"item\":\"https:\\\/\\\/platyphoto.com\\\/\"},{\"@type\":\"ListItem\",\"position\":2,\"name\":\"Boutique\",\"item\":\"https:\\\/\\\/platyphoto.com\\\/boutique\\\/\"},{\"@type\":\"ListItem\",\"position\":3,\"name\":\"Kodak Vest Pocket Autographic\"}]},{\"@type\":\"WebSite\",\"@id\":\"https:\\\/\\\/platyphoto.com\\\/#website\",\"url\":\"https:\\\/\\\/platyphoto.com\\\/\",\"name\":\"Platyphoto\",\"description\":\"Appareils photos argentiques, objectifs et accessoires de qualit\u00e9.\",\"publisher\":{\"@id\":\"https:\\\/\\\/platyphoto.com\\\/#organization\"},\"potentialAction\":[{\"@type\":\"SearchAction\",\"target\":{\"@type\":\"EntryPoint\",\"urlTemplate\":\"https:\\\/\\\/platyphoto.com\\\/?s={search_term_string}\"},\"query-input\":{\"@type\":\"PropertyValueSpecification\",\"valueRequired\":true,\"valueName\":\"search_term_string\"}}],\"inLanguage\":\"en-US\"},{\"@type\":\"Organization\",\"@id\":\"https:\\\/\\\/platyphoto.com\\\/#organization\",\"name\":\"Platyphoto\",\"alternateName\":\"Platyphoto\",\"url\":\"https:\\\/\\\/platyphoto.com\\\/\",\"logo\":{\"@type\":\"ImageObject\",\"inLanguage\":\"en-US\",\"@id\":\"https:\\\/\\\/platyphoto.com\\\/#\\\/schema\\\/logo\\\/image\\\/\",\"url\":\"https:\\\/\\\/i0.wp.com\\\/platyphoto.com\\\/wp-content\\\/uploads\\\/2020\\\/11\\\/cropped-header.jpg?fit=1500%2C282&ssl=1\",\"contentUrl\":\"https:\\\/\\\/i0.wp.com\\\/platyphoto.com\\\/wp-content\\\/uploads\\\/2020\\\/11\\\/cropped-header.jpg?fit=1500%2C282&ssl=1\",\"width\":1500,\"height\":282,\"caption\":\"Platyphoto\"},\"image\":{\"@id\":\"https:\\\/\\\/platyphoto.com\\\/#\\\/schema\\\/logo\\\/image\\\/\"},\"sameAs\":[\"https:\\\/\\\/www.instagram.com\\\/platyphoto\\\/\"]}]}<\/script>\n<!-- \/ Yoast SEO plugin. -->","yoast_head_json":{"title":"Kodak Vest Pocket Autographic - Platyphoto","description":"Appareil Kodak Vest Pocket Autographic, apr\u00e8s le succ\u00e8s du Vest Pocket, beaucoup utilis\u00e9 pendant la 1ere guerre mondiale du fait de sa petite taille, il se glissait facilement dans les poches, sort le mod\u00e8le autographique.","robots":{"index":"index","follow":"follow","max-snippet":"max-snippet:-1","max-image-preview":"max-image-preview:large","max-video-preview":"max-video-preview:-1"},"canonical":"https:\/\/platyphoto.com\/en\/product\/kodak-vest-pocket-autographic-4\/","og_locale":"en_US","og_type":"article","og_title":"Kodak Vest Pocket Autographic - Platyphoto","og_description":"Appareil Kodak Vest Pocket Autographic, apr\u00e8s le succ\u00e8s du Vest Pocket, beaucoup utilis\u00e9 pendant la 1ere guerre mondiale du fait de sa petite taille, il se glissait facilement dans les poches, sort le mod\u00e8le autographique.","og_url":"https:\/\/platyphoto.com\/en\/product\/kodak-vest-pocket-autographic-4\/","og_site_name":"Platyphoto","article_modified_time":"2026-01-16T13:39:48+00:00","og_image":[{"width":1024,"height":683,"url":"https:\/\/platyphoto.com\/wp-content\/uploads\/2026\/01\/Kodak-Vest-Pocket-boite-1024x683.jpg","type":"image\/jpeg"}],"twitter_card":"summary_large_image","twitter_misc":{"Est. reading time":"1 minute"},"schema":{"@context":"https:\/\/schema.org","@graph":[{"@type":"WebPage","@id":"https:\/\/platyphoto.com\/produit\/kodak-vest-pocket-autographic-4\/","url":"https:\/\/platyphoto.com\/produit\/kodak-vest-pocket-autographic-4\/","name":"Kodak Vest Pocket Autographic - Platyphoto","isPartOf":{"@id":"https:\/\/platyphoto.com\/#website"},"primaryImageOfPage":{"@id":"https:\/\/platyphoto.com\/produit\/kodak-vest-pocket-autographic-4\/#primaryimage"},"image":{"@id":"https:\/\/platyphoto.com\/produit\/kodak-vest-pocket-autographic-4\/#primaryimage"},"thumbnailUrl":"https:\/\/i0.wp.com\/platyphoto.com\/wp-content\/uploads\/2026\/01\/Kodak-Vest-Pocket-boite.jpg?fit=5626%2C3751&ssl=1","datePublished":"2026-01-14T11:00:00+00:00","dateModified":"2026-01-16T13:39:48+00:00","description":"Appareil Kodak Vest Pocket Autographic, apr\u00e8s le succ\u00e8s du Vest Pocket, beaucoup utilis\u00e9 pendant la 1ere guerre mondiale du fait de sa petite taille, il se glissait facilement dans les poches, sort le mod\u00e8le autographique.","breadcrumb":{"@id":"https:\/\/platyphoto.com\/produit\/kodak-vest-pocket-autographic-4\/#breadcrumb"},"inLanguage":"en-US","potentialAction":[{"@type":"ReadAction","target":["https:\/\/platyphoto.com\/produit\/kodak-vest-pocket-autographic-4\/"]}]},{"@type":"ImageObject","inLanguage":"en-US","@id":"https:\/\/platyphoto.com\/produit\/kodak-vest-pocket-autographic-4\/#primaryimage","url":"https:\/\/i0.wp.com\/platyphoto.com\/wp-content\/uploads\/2026\/01\/Kodak-Vest-Pocket-boite.jpg?fit=5626%2C3751&ssl=1","contentUrl":"https:\/\/i0.wp.com\/platyphoto.com\/wp-content\/uploads\/2026\/01\/Kodak-Vest-Pocket-boite.jpg?fit=5626%2C3751&ssl=1","width":5626,"height":3751,"caption":"Kodak Vest Pocket Autographic"},{"@type":"BreadcrumbList","@id":"https:\/\/platyphoto.com\/produit\/kodak-vest-pocket-autographic-4\/#breadcrumb","itemListElement":[{"@type":"ListItem","position":1,"name":"Accueil","item":"https:\/\/platyphoto.com\/"},{"@type":"ListItem","position":2,"name":"Boutique","item":"https:\/\/platyphoto.com\/boutique\/"},{"@type":"ListItem","position":3,"name":"Kodak Vest Pocket Autographic"}]},{"@type":"WebSite","@id":"https:\/\/platyphoto.com\/#website","url":"https:\/\/platyphoto.com\/","name":"Platyphoto","description":"Appareils photos argentiques, objectifs et accessoires de qualit\u00e9.","publisher":{"@id":"https:\/\/platyphoto.com\/#organization"},"potentialAction":[{"@type":"SearchAction","target":{"@type":"EntryPoint","urlTemplate":"https:\/\/platyphoto.com\/?s={search_term_string}"},"query-input":{"@type":"PropertyValueSpecification","valueRequired":true,"valueName":"search_term_string"}}],"inLanguage":"en-US"},{"@type":"Organization","@id":"https:\/\/platyphoto.com\/#organization","name":"Platyphoto","alternateName":"Platyphoto","url":"https:\/\/platyphoto.com\/","logo":{"@type":"ImageObject","inLanguage":"en-US","@id":"https:\/\/platyphoto.com\/#\/schema\/logo\/image\/","url":"https:\/\/i0.wp.com\/platyphoto.com\/wp-content\/uploads\/2020\/11\/cropped-header.jpg?fit=1500%2C282&ssl=1","contentUrl":"https:\/\/i0.wp.com\/platyphoto.com\/wp-content\/uploads\/2020\/11\/cropped-header.jpg?fit=1500%2C282&ssl=1","width":1500,"height":282,"caption":"Platyphoto"},"image":{"@id":"https:\/\/platyphoto.com\/#\/schema\/logo\/image\/"},"sameAs":["https:\/\/www.instagram.com\/platyphoto\/"]}]}},"jetpack_publicize_connections":[],"jetpack_likes_enabled":false,"jetpack_sharing_enabled":true,"_links":{"self":[{"href":"https:\/\/platyphoto.com\/en\/wp-json\/wp\/v2\/product\/19203","targetHints":{"allow":["GET"]}}],"collection":[{"href":"https:\/\/platyphoto.com\/en\/wp-json\/wp\/v2\/product"}],"about":[{"href":"https:\/\/platyphoto.com\/en\/wp-json\/wp\/v2\/types\/product"}],"wp:featuredmedia":[{"embeddable":true,"href":"https:\/\/platyphoto.com\/en\/wp-json\/wp\/v2\/media\/19207"}],"wp:attachment":[{"href":"https:\/\/platyphoto.com\/en\/wp-json\/wp\/v2\/media?parent=19203"}],"wp:term":[{"taxonomy":"product_brand","embeddable":true,"href":"https:\/\/platyphoto.com\/en\/wp-json\/wp\/v2\/product_brand?post=19203"},{"taxonomy":"product_cat","embeddable":true,"href":"https:\/\/platyphoto.com\/en\/wp-json\/wp\/v2\/product_cat?post=19203"},{"taxonomy":"product_tag","embeddable":true,"href":"https:\/\/platyphoto.com\/en\/wp-json\/wp\/v2\/product_tag?post=19203"}],"curies":[{"name":"wp","href":"https:\/\/api.w.org\/{rel}","templated":true}]}}