{"id":1943,"date":"2021-03-08T09:55:48","date_gmt":"2021-03-08T08:55:48","guid":{"rendered":"https:\/\/platyphoto.com\/?post_type=product&#038;p=1943"},"modified":"2023-05-16T09:26:41","modified_gmt":"2023-05-16T07:26:41","slug":"foto-saga-12-appareils-de-legende","status":"publish","type":"product","link":"https:\/\/platyphoto.com\/en\/product\/foto-saga-12-appareils-de-legende\/","title":{"rendered":"Foto Saga &#8211; 12 appareils de l\u00e9gende"},"content":{"rendered":"<p><strong>Titre : <\/strong>Foto Saga &#8211; 12 appareils de l\u00e9gende<\/p>\n<p><strong>Nombres de pages : <\/strong>14<\/p>\n<p><strong>Ann\u00e9e de publication : <\/strong>1990<\/p>\n<p>Petit hors s\u00e9rie de Foto Saga nous pr\u00e9sentant ici 12 appareils de l\u00e9gende dont le Sem Studio, Leica M3, Eljy Lumi\u00e8re, Nikon F ect&#8230;<\/p>\n<p>Bon \u00e9tat malgr\u00e9 quelques traces d&rsquo;usages.<\/p>","protected":false},"excerpt":{"rendered":"<p>Titre : Foto Saga &#8211; 12 appareils de l\u00e9gende Nombres de pages : 14 Ann\u00e9e de publication : 1990 Petit hors s\u00e9rie de Foto Saga nous pr\u00e9sentant ici 12 appareils de l\u00e9gende dont le Sem Studio, Leica M3, Eljy Lumi\u00e8re, Nikon F ect&#8230; Bon \u00e9tat malgr\u00e9 quelques traces d&rsquo;usages.<\/p>","protected":false},"featured_media":1947,"template":"","meta":{"_coblocks_attr":"","_coblocks_dimensions":"","_coblocks_responsive_height":"","_coblocks_accordion_ie_support":"","_crdt_document":"","jetpack_post_was_ever_published":false,"jetpack_publicize_message":"","jetpack_publicize_feature_enabled":true,"jetpack_social_post_already_shared":true,"jetpack_social_options":{"image_generator_settings":{"template":"highway","default_image_id":0,"font":"","enabled":false},"version":2},"_wpas_customize_per_network":false},"product_brand":[],"product_cat":[6399],"product_tag":[],"class_list":{"0":"post-1943","1":"product","2":"type-product","3":"status-publish","4":"has-post-thumbnail","6":"product_cat-bibliotheque","8":"first","9":"outofstock","10":"shipping-taxable","11":"purchasable","12":"product-type-simple"},"yoast_head":"<!-- This site is optimized with the Yoast SEO plugin v27.3 - https:\/\/yoast.com\/product\/yoast-seo-wordpress\/ -->\n<title>Foto Saga - 12 appareils de l\u00e9gende - Platyphoto<\/title>\n<meta name=\"robots\" content=\"index, follow, max-snippet:-1, max-image-preview:large, max-video-preview:-1\" \/>\n<link rel=\"canonical\" href=\"https:\/\/platyphoto.com\/en\/product\/foto-saga-12-appareils-de-legende\/\" \/>\n<meta property=\"og:locale\" content=\"en_US\" \/>\n<meta property=\"og:type\" content=\"article\" \/>\n<meta property=\"og:title\" content=\"Foto Saga - 12 appareils de l\u00e9gende - Platyphoto\" \/>\n<meta property=\"og:description\" content=\"Titre : Foto Saga &#8211; 12 appareils de l\u00e9gende Nombres de pages : 14 Ann\u00e9e de publication : 1990 Petit hors s\u00e9rie de Foto Saga nous pr\u00e9sentant ici 12 appareils de l\u00e9gende dont le Sem Studio, Leica M3, Eljy Lumi\u00e8re, Nikon F ect&#8230; Bon \u00e9tat malgr\u00e9 quelques traces d&rsquo;usages.\" \/>\n<meta property=\"og:url\" content=\"https:\/\/platyphoto.com\/en\/product\/foto-saga-12-appareils-de-legende\/\" \/>\n<meta property=\"og:site_name\" content=\"Platyphoto\" \/>\n<meta property=\"article:modified_time\" content=\"2023-05-16T07:26:41+00:00\" \/>\n<meta property=\"og:image\" content=\"https:\/\/i0.wp.com\/platyphoto.com\/wp-content\/uploads\/2021\/03\/Foto-saga-12-appareils-de-le\u0301gende.jpg?fit=3722%2C2472&ssl=1\" \/>\n\t<meta property=\"og:image:width\" content=\"3722\" \/>\n\t<meta property=\"og:image:height\" content=\"2472\" \/>\n\t<meta property=\"og:image:type\" content=\"image\/jpeg\" \/>\n<meta name=\"twitter:card\" content=\"summary_large_image\" \/>\n<script type=\"application\/ld+json\" class=\"yoast-schema-graph\">{\"@context\":\"https:\\\/\\\/schema.org\",\"@graph\":[{\"@type\":\"WebPage\",\"@id\":\"https:\\\/\\\/platyphoto.com\\\/produit\\\/foto-saga-12-appareils-de-legende\\\/\",\"url\":\"https:\\\/\\\/platyphoto.com\\\/produit\\\/foto-saga-12-appareils-de-legende\\\/\",\"name\":\"Foto Saga - 12 appareils de l\u00e9gende - Platyphoto\",\"isPartOf\":{\"@id\":\"https:\\\/\\\/platyphoto.com\\\/#website\"},\"primaryImageOfPage\":{\"@id\":\"https:\\\/\\\/platyphoto.com\\\/produit\\\/foto-saga-12-appareils-de-legende\\\/#primaryimage\"},\"image\":{\"@id\":\"https:\\\/\\\/platyphoto.com\\\/produit\\\/foto-saga-12-appareils-de-legende\\\/#primaryimage\"},\"thumbnailUrl\":\"https:\\\/\\\/i0.wp.com\\\/platyphoto.com\\\/wp-content\\\/uploads\\\/2021\\\/03\\\/Foto-saga-12-appareils-de-le%CC%81gende.jpg?fit=3722%2C2472&ssl=1\",\"datePublished\":\"2021-03-08T08:55:48+00:00\",\"dateModified\":\"2023-05-16T07:26:41+00:00\",\"breadcrumb\":{\"@id\":\"https:\\\/\\\/platyphoto.com\\\/produit\\\/foto-saga-12-appareils-de-legende\\\/#breadcrumb\"},\"inLanguage\":\"en-US\",\"potentialAction\":[{\"@type\":\"ReadAction\",\"target\":[\"https:\\\/\\\/platyphoto.com\\\/produit\\\/foto-saga-12-appareils-de-legende\\\/\"]}]},{\"@type\":\"ImageObject\",\"inLanguage\":\"en-US\",\"@id\":\"https:\\\/\\\/platyphoto.com\\\/produit\\\/foto-saga-12-appareils-de-legende\\\/#primaryimage\",\"url\":\"https:\\\/\\\/i0.wp.com\\\/platyphoto.com\\\/wp-content\\\/uploads\\\/2021\\\/03\\\/Foto-saga-12-appareils-de-le%CC%81gende.jpg?fit=3722%2C2472&ssl=1\",\"contentUrl\":\"https:\\\/\\\/i0.wp.com\\\/platyphoto.com\\\/wp-content\\\/uploads\\\/2021\\\/03\\\/Foto-saga-12-appareils-de-le%CC%81gende.jpg?fit=3722%2C2472&ssl=1\",\"width\":3722,\"height\":2472,\"caption\":\"Foto Saga - 12 appareils de l\u00e9gende\"},{\"@type\":\"BreadcrumbList\",\"@id\":\"https:\\\/\\\/platyphoto.com\\\/produit\\\/foto-saga-12-appareils-de-legende\\\/#breadcrumb\",\"itemListElement\":[{\"@type\":\"ListItem\",\"position\":1,\"name\":\"Accueil\",\"item\":\"https:\\\/\\\/platyphoto.com\\\/\"},{\"@type\":\"ListItem\",\"position\":2,\"name\":\"Boutique\",\"item\":\"https:\\\/\\\/platyphoto.com\\\/boutique\\\/\"},{\"@type\":\"ListItem\",\"position\":3,\"name\":\"Foto Saga &#8211; 12 appareils de l\u00e9gende\"}]},{\"@type\":\"WebSite\",\"@id\":\"https:\\\/\\\/platyphoto.com\\\/#website\",\"url\":\"https:\\\/\\\/platyphoto.com\\\/\",\"name\":\"Platyphoto\",\"description\":\"Appareils photos argentiques, objectifs et accessoires de qualit\u00e9.\",\"publisher\":{\"@id\":\"https:\\\/\\\/platyphoto.com\\\/#organization\"},\"potentialAction\":[{\"@type\":\"SearchAction\",\"target\":{\"@type\":\"EntryPoint\",\"urlTemplate\":\"https:\\\/\\\/platyphoto.com\\\/?s={search_term_string}\"},\"query-input\":{\"@type\":\"PropertyValueSpecification\",\"valueRequired\":true,\"valueName\":\"search_term_string\"}}],\"inLanguage\":\"en-US\"},{\"@type\":\"Organization\",\"@id\":\"https:\\\/\\\/platyphoto.com\\\/#organization\",\"name\":\"Platyphoto\",\"alternateName\":\"Platyphoto\",\"url\":\"https:\\\/\\\/platyphoto.com\\\/\",\"logo\":{\"@type\":\"ImageObject\",\"inLanguage\":\"en-US\",\"@id\":\"https:\\\/\\\/platyphoto.com\\\/#\\\/schema\\\/logo\\\/image\\\/\",\"url\":\"https:\\\/\\\/i0.wp.com\\\/platyphoto.com\\\/wp-content\\\/uploads\\\/2020\\\/11\\\/cropped-header.jpg?fit=1500%2C282&ssl=1\",\"contentUrl\":\"https:\\\/\\\/i0.wp.com\\\/platyphoto.com\\\/wp-content\\\/uploads\\\/2020\\\/11\\\/cropped-header.jpg?fit=1500%2C282&ssl=1\",\"width\":1500,\"height\":282,\"caption\":\"Platyphoto\"},\"image\":{\"@id\":\"https:\\\/\\\/platyphoto.com\\\/#\\\/schema\\\/logo\\\/image\\\/\"},\"sameAs\":[\"https:\\\/\\\/www.instagram.com\\\/platyphoto\\\/\"]}]}<\/script>\n<!-- \/ Yoast SEO plugin. -->","yoast_head_json":{"title":"Foto Saga - 12 appareils de l\u00e9gende - Platyphoto","robots":{"index":"index","follow":"follow","max-snippet":"max-snippet:-1","max-image-preview":"max-image-preview:large","max-video-preview":"max-video-preview:-1"},"canonical":"https:\/\/platyphoto.com\/en\/product\/foto-saga-12-appareils-de-legende\/","og_locale":"en_US","og_type":"article","og_title":"Foto Saga - 12 appareils de l\u00e9gende - Platyphoto","og_description":"Titre : Foto Saga &#8211; 12 appareils de l\u00e9gende Nombres de pages : 14 Ann\u00e9e de publication : 1990 Petit hors s\u00e9rie de Foto Saga nous pr\u00e9sentant ici 12 appareils de l\u00e9gende dont le Sem Studio, Leica M3, Eljy Lumi\u00e8re, Nikon F ect&#8230; Bon \u00e9tat malgr\u00e9 quelques traces d&rsquo;usages.","og_url":"https:\/\/platyphoto.com\/en\/product\/foto-saga-12-appareils-de-legende\/","og_site_name":"Platyphoto","article_modified_time":"2023-05-16T07:26:41+00:00","og_image":[{"width":3722,"height":2472,"url":"https:\/\/i0.wp.com\/platyphoto.com\/wp-content\/uploads\/2021\/03\/Foto-saga-12-appareils-de-le\u0301gende.jpg?fit=3722%2C2472&ssl=1","type":"image\/jpeg"}],"twitter_card":"summary_large_image","schema":{"@context":"https:\/\/schema.org","@graph":[{"@type":"WebPage","@id":"https:\/\/platyphoto.com\/produit\/foto-saga-12-appareils-de-legende\/","url":"https:\/\/platyphoto.com\/produit\/foto-saga-12-appareils-de-legende\/","name":"Foto Saga - 12 appareils de l\u00e9gende - Platyphoto","isPartOf":{"@id":"https:\/\/platyphoto.com\/#website"},"primaryImageOfPage":{"@id":"https:\/\/platyphoto.com\/produit\/foto-saga-12-appareils-de-legende\/#primaryimage"},"image":{"@id":"https:\/\/platyphoto.com\/produit\/foto-saga-12-appareils-de-legende\/#primaryimage"},"thumbnailUrl":"https:\/\/i0.wp.com\/platyphoto.com\/wp-content\/uploads\/2021\/03\/Foto-saga-12-appareils-de-le%CC%81gende.jpg?fit=3722%2C2472&ssl=1","datePublished":"2021-03-08T08:55:48+00:00","dateModified":"2023-05-16T07:26:41+00:00","breadcrumb":{"@id":"https:\/\/platyphoto.com\/produit\/foto-saga-12-appareils-de-legende\/#breadcrumb"},"inLanguage":"en-US","potentialAction":[{"@type":"ReadAction","target":["https:\/\/platyphoto.com\/produit\/foto-saga-12-appareils-de-legende\/"]}]},{"@type":"ImageObject","inLanguage":"en-US","@id":"https:\/\/platyphoto.com\/produit\/foto-saga-12-appareils-de-legende\/#primaryimage","url":"https:\/\/i0.wp.com\/platyphoto.com\/wp-content\/uploads\/2021\/03\/Foto-saga-12-appareils-de-le%CC%81gende.jpg?fit=3722%2C2472&ssl=1","contentUrl":"https:\/\/i0.wp.com\/platyphoto.com\/wp-content\/uploads\/2021\/03\/Foto-saga-12-appareils-de-le%CC%81gende.jpg?fit=3722%2C2472&ssl=1","width":3722,"height":2472,"caption":"Foto Saga - 12 appareils de l\u00e9gende"},{"@type":"BreadcrumbList","@id":"https:\/\/platyphoto.com\/produit\/foto-saga-12-appareils-de-legende\/#breadcrumb","itemListElement":[{"@type":"ListItem","position":1,"name":"Accueil","item":"https:\/\/platyphoto.com\/"},{"@type":"ListItem","position":2,"name":"Boutique","item":"https:\/\/platyphoto.com\/boutique\/"},{"@type":"ListItem","position":3,"name":"Foto Saga &#8211; 12 appareils de l\u00e9gende"}]},{"@type":"WebSite","@id":"https:\/\/platyphoto.com\/#website","url":"https:\/\/platyphoto.com\/","name":"Platyphoto","description":"Appareils photos argentiques, objectifs et accessoires de qualit\u00e9.","publisher":{"@id":"https:\/\/platyphoto.com\/#organization"},"potentialAction":[{"@type":"SearchAction","target":{"@type":"EntryPoint","urlTemplate":"https:\/\/platyphoto.com\/?s={search_term_string}"},"query-input":{"@type":"PropertyValueSpecification","valueRequired":true,"valueName":"search_term_string"}}],"inLanguage":"en-US"},{"@type":"Organization","@id":"https:\/\/platyphoto.com\/#organization","name":"Platyphoto","alternateName":"Platyphoto","url":"https:\/\/platyphoto.com\/","logo":{"@type":"ImageObject","inLanguage":"en-US","@id":"https:\/\/platyphoto.com\/#\/schema\/logo\/image\/","url":"https:\/\/i0.wp.com\/platyphoto.com\/wp-content\/uploads\/2020\/11\/cropped-header.jpg?fit=1500%2C282&ssl=1","contentUrl":"https:\/\/i0.wp.com\/platyphoto.com\/wp-content\/uploads\/2020\/11\/cropped-header.jpg?fit=1500%2C282&ssl=1","width":1500,"height":282,"caption":"Platyphoto"},"image":{"@id":"https:\/\/platyphoto.com\/#\/schema\/logo\/image\/"},"sameAs":["https:\/\/www.instagram.com\/platyphoto\/"]}]}},"jetpack_publicize_connections":[],"jetpack_likes_enabled":true,"jetpack_sharing_enabled":true,"_links":{"self":[{"href":"https:\/\/platyphoto.com\/en\/wp-json\/wp\/v2\/product\/1943","targetHints":{"allow":["GET"]}}],"collection":[{"href":"https:\/\/platyphoto.com\/en\/wp-json\/wp\/v2\/product"}],"about":[{"href":"https:\/\/platyphoto.com\/en\/wp-json\/wp\/v2\/types\/product"}],"wp:featuredmedia":[{"embeddable":true,"href":"https:\/\/platyphoto.com\/en\/wp-json\/wp\/v2\/media\/1947"}],"wp:attachment":[{"href":"https:\/\/platyphoto.com\/en\/wp-json\/wp\/v2\/media?parent=1943"}],"wp:term":[{"taxonomy":"product_brand","embeddable":true,"href":"https:\/\/platyphoto.com\/en\/wp-json\/wp\/v2\/product_brand?post=1943"},{"taxonomy":"product_cat","embeddable":true,"href":"https:\/\/platyphoto.com\/en\/wp-json\/wp\/v2\/product_cat?post=1943"},{"taxonomy":"product_tag","embeddable":true,"href":"https:\/\/platyphoto.com\/en\/wp-json\/wp\/v2\/product_tag?post=1943"}],"curies":[{"name":"wp","href":"https:\/\/api.w.org\/{rel}","templated":true}]}}