{"id":19777,"date":"2026-03-03T09:10:22","date_gmt":"2026-03-03T08:10:22","guid":{"rendered":"https:\/\/platyphoto.com\/?post_type=product&#038;p=19777"},"modified":"2026-03-03T09:24:27","modified_gmt":"2026-03-03T08:24:27","slug":"bronica-etr-zenzanon-150mm-f4","status":"publish","type":"product","link":"https:\/\/platyphoto.com\/en\/product\/bronica-etr-zenzanon-150mm-f4\/","title":{"rendered":"Bronica ETR Zenzanon 150mm F:4"},"content":{"rendered":"<p><strong>Marque<\/strong> : Bronica<\/p>\n<p><strong>Mod\u00e8le<\/strong> : Zenzanon 150mm F:4<\/p>\n<p><strong>Monture :<\/strong> ETR<\/p>\n<p>L\u00e9ger t\u00e9l\u00e9objectif en monture Bronica ETR, ce Zenzanon 150mm F:4 est un \u00e9quivalent 90mm en 24&#215;36. Bel \u00e9tat g\u00e9n\u00e9ral, m\u00e9canique fonctionnelle. Obturateur et diaphragme ok.<\/p>\n<p>Pr\u00e9sence de micro poussi\u00e8res sans incidence sur la qualit\u00e9 des images.<\/p>\n<p>Vendu avec bouchons<\/p>\n<p><strong>Concernant l\u2019\u00e9tat :<\/strong><\/p>\n<p>Exterieur : 9\/10, bel \u00e9tat g\u00e9n\u00e9ral, quelques traces d&rsquo;usages<\/p>\n<p>Optique : 8\/10, pr\u00e9sence de micro poussi\u00e8res<\/p>\n<p>M\u00e9canique : 9\/10, fonctionnel<\/p>\n<p>&nbsp;<\/p>","protected":false},"excerpt":{"rendered":"<p>Marque : Bronica Mod\u00e8le : Zenzanon 150mm F:4 Monture : ETR L\u00e9ger t\u00e9l\u00e9objectif en monture Bronica ETR, ce Zenzanon 150mm F:4 est un \u00e9quivalent 90mm en 24&#215;36. Bel \u00e9tat g\u00e9n\u00e9ral, m\u00e9canique fonctionnelle. Obturateur et diaphragme ok. Pr\u00e9sence de micro poussi\u00e8res sans incidence sur la qualit\u00e9 des images. Vendu avec bouchons Concernant l\u2019\u00e9tat : Exterieur : [&hellip;]<\/p>\n","protected":false},"featured_media":19780,"template":"","meta":{"_coblocks_attr":"","_coblocks_dimensions":"","_coblocks_responsive_height":"","_coblocks_accordion_ie_support":"","_crdt_document":"","jetpack_publicize_message":"","jetpack_publicize_feature_enabled":true,"jetpack_social_post_already_shared":true,"jetpack_social_options":{"image_generator_settings":{"template":"highway","default_image_id":0,"font":"","enabled":false},"version":2},"_wpas_customize_per_network":false},"product_brand":[],"product_cat":[6777,6366],"product_tag":[],"class_list":{"0":"post-19777","1":"product","2":"type-product","3":"status-publish","4":"has-post-thumbnail","6":"product_cat-bronica","7":"product_cat-objectifs","9":"first","10":"instock","11":"shipping-taxable","12":"purchasable","13":"product-type-simple"},"yoast_head":"<!-- This site is optimized with the Yoast SEO plugin v27.4 - https:\/\/yoast.com\/product\/yoast-seo-wordpress\/ -->\n<title>Bronica ETR Zenzanon 150mm F:4 - Platyphoto<\/title>\n<meta name=\"description\" content=\"L\u00e9ger t\u00e9l\u00e9objectif en monture Bronica ETR, ce Zenzanon 150mm F:4 est un \u00e9quivalent 90mm en 24x36. Bel \u00e9tat g\u00e9n\u00e9ral, m\u00e9canique fonctionnelle.\" \/>\n<meta name=\"robots\" content=\"index, follow, max-snippet:-1, max-image-preview:large, max-video-preview:-1\" \/>\n<link rel=\"canonical\" href=\"https:\/\/platyphoto.com\/en\/product\/bronica-etr-zenzanon-150mm-f4\/\" \/>\n<meta property=\"og:locale\" content=\"en_US\" \/>\n<meta property=\"og:type\" content=\"article\" \/>\n<meta property=\"og:title\" content=\"Bronica ETR Zenzanon 150mm F:4 - Platyphoto\" \/>\n<meta property=\"og:description\" content=\"L\u00e9ger t\u00e9l\u00e9objectif en monture Bronica ETR, ce Zenzanon 150mm F:4 est un \u00e9quivalent 90mm en 24x36. Bel \u00e9tat g\u00e9n\u00e9ral, m\u00e9canique fonctionnelle.\" \/>\n<meta property=\"og:url\" content=\"https:\/\/platyphoto.com\/en\/product\/bronica-etr-zenzanon-150mm-f4\/\" \/>\n<meta property=\"og:site_name\" content=\"Platyphoto\" \/>\n<meta property=\"article:modified_time\" content=\"2026-03-03T08:24:27+00:00\" \/>\n<meta property=\"og:image\" content=\"https:\/\/platyphoto.com\/wp-content\/uploads\/2026\/03\/Zenzanon-150mm-F4-1024x683.jpg\" \/>\n\t<meta property=\"og:image:width\" content=\"1024\" \/>\n\t<meta property=\"og:image:height\" content=\"683\" \/>\n\t<meta property=\"og:image:type\" content=\"image\/jpeg\" \/>\n<meta name=\"twitter:card\" content=\"summary_large_image\" \/>\n<meta name=\"twitter:label1\" content=\"Est. reading time\" \/>\n\t<meta name=\"twitter:data1\" content=\"1 minute\" \/>\n<script type=\"application\/ld+json\" class=\"yoast-schema-graph\">{\"@context\":\"https:\\\/\\\/schema.org\",\"@graph\":[{\"@type\":\"WebPage\",\"@id\":\"https:\\\/\\\/platyphoto.com\\\/produit\\\/bronica-etr-zenzanon-150mm-f4\\\/\",\"url\":\"https:\\\/\\\/platyphoto.com\\\/produit\\\/bronica-etr-zenzanon-150mm-f4\\\/\",\"name\":\"Bronica ETR Zenzanon 150mm F:4 - Platyphoto\",\"isPartOf\":{\"@id\":\"https:\\\/\\\/platyphoto.com\\\/#website\"},\"primaryImageOfPage\":{\"@id\":\"https:\\\/\\\/platyphoto.com\\\/produit\\\/bronica-etr-zenzanon-150mm-f4\\\/#primaryimage\"},\"image\":{\"@id\":\"https:\\\/\\\/platyphoto.com\\\/produit\\\/bronica-etr-zenzanon-150mm-f4\\\/#primaryimage\"},\"thumbnailUrl\":\"https:\\\/\\\/i0.wp.com\\\/platyphoto.com\\\/wp-content\\\/uploads\\\/2026\\\/03\\\/Zenzanon-150mm-F4.jpg?fit=4626%2C3084&ssl=1\",\"datePublished\":\"2026-03-03T08:10:22+00:00\",\"dateModified\":\"2026-03-03T08:24:27+00:00\",\"description\":\"L\u00e9ger t\u00e9l\u00e9objectif en monture Bronica ETR, ce Zenzanon 150mm F:4 est un \u00e9quivalent 90mm en 24x36. Bel \u00e9tat g\u00e9n\u00e9ral, m\u00e9canique fonctionnelle.\",\"breadcrumb\":{\"@id\":\"https:\\\/\\\/platyphoto.com\\\/produit\\\/bronica-etr-zenzanon-150mm-f4\\\/#breadcrumb\"},\"inLanguage\":\"en-US\",\"potentialAction\":[{\"@type\":\"ReadAction\",\"target\":[\"https:\\\/\\\/platyphoto.com\\\/produit\\\/bronica-etr-zenzanon-150mm-f4\\\/\"]}]},{\"@type\":\"ImageObject\",\"inLanguage\":\"en-US\",\"@id\":\"https:\\\/\\\/platyphoto.com\\\/produit\\\/bronica-etr-zenzanon-150mm-f4\\\/#primaryimage\",\"url\":\"https:\\\/\\\/i0.wp.com\\\/platyphoto.com\\\/wp-content\\\/uploads\\\/2026\\\/03\\\/Zenzanon-150mm-F4.jpg?fit=4626%2C3084&ssl=1\",\"contentUrl\":\"https:\\\/\\\/i0.wp.com\\\/platyphoto.com\\\/wp-content\\\/uploads\\\/2026\\\/03\\\/Zenzanon-150mm-F4.jpg?fit=4626%2C3084&ssl=1\",\"width\":4626,\"height\":3084,\"caption\":\"Bronica ETR Zenzanon 150mm F:4\"},{\"@type\":\"BreadcrumbList\",\"@id\":\"https:\\\/\\\/platyphoto.com\\\/produit\\\/bronica-etr-zenzanon-150mm-f4\\\/#breadcrumb\",\"itemListElement\":[{\"@type\":\"ListItem\",\"position\":1,\"name\":\"Accueil\",\"item\":\"https:\\\/\\\/platyphoto.com\\\/\"},{\"@type\":\"ListItem\",\"position\":2,\"name\":\"Boutique\",\"item\":\"https:\\\/\\\/platyphoto.com\\\/boutique\\\/\"},{\"@type\":\"ListItem\",\"position\":3,\"name\":\"Bronica ETR Zenzanon 150mm F:4\"}]},{\"@type\":\"WebSite\",\"@id\":\"https:\\\/\\\/platyphoto.com\\\/#website\",\"url\":\"https:\\\/\\\/platyphoto.com\\\/\",\"name\":\"Platyphoto\",\"description\":\"Appareils photos argentiques, objectifs et accessoires de qualit\u00e9.\",\"publisher\":{\"@id\":\"https:\\\/\\\/platyphoto.com\\\/#organization\"},\"potentialAction\":[{\"@type\":\"SearchAction\",\"target\":{\"@type\":\"EntryPoint\",\"urlTemplate\":\"https:\\\/\\\/platyphoto.com\\\/?s={search_term_string}\"},\"query-input\":{\"@type\":\"PropertyValueSpecification\",\"valueRequired\":true,\"valueName\":\"search_term_string\"}}],\"inLanguage\":\"en-US\"},{\"@type\":\"Organization\",\"@id\":\"https:\\\/\\\/platyphoto.com\\\/#organization\",\"name\":\"Platyphoto\",\"alternateName\":\"Platyphoto\",\"url\":\"https:\\\/\\\/platyphoto.com\\\/\",\"logo\":{\"@type\":\"ImageObject\",\"inLanguage\":\"en-US\",\"@id\":\"https:\\\/\\\/platyphoto.com\\\/#\\\/schema\\\/logo\\\/image\\\/\",\"url\":\"https:\\\/\\\/i0.wp.com\\\/platyphoto.com\\\/wp-content\\\/uploads\\\/2020\\\/11\\\/cropped-header.jpg?fit=1500%2C282&ssl=1\",\"contentUrl\":\"https:\\\/\\\/i0.wp.com\\\/platyphoto.com\\\/wp-content\\\/uploads\\\/2020\\\/11\\\/cropped-header.jpg?fit=1500%2C282&ssl=1\",\"width\":1500,\"height\":282,\"caption\":\"Platyphoto\"},\"image\":{\"@id\":\"https:\\\/\\\/platyphoto.com\\\/#\\\/schema\\\/logo\\\/image\\\/\"},\"sameAs\":[\"https:\\\/\\\/www.instagram.com\\\/platyphoto\\\/\"]}]}<\/script>\n<!-- \/ Yoast SEO plugin. -->","yoast_head_json":{"title":"Bronica ETR Zenzanon 150mm F:4 - Platyphoto","description":"L\u00e9ger t\u00e9l\u00e9objectif en monture Bronica ETR, ce Zenzanon 150mm F:4 est un \u00e9quivalent 90mm en 24x36. Bel \u00e9tat g\u00e9n\u00e9ral, m\u00e9canique fonctionnelle.","robots":{"index":"index","follow":"follow","max-snippet":"max-snippet:-1","max-image-preview":"max-image-preview:large","max-video-preview":"max-video-preview:-1"},"canonical":"https:\/\/platyphoto.com\/en\/product\/bronica-etr-zenzanon-150mm-f4\/","og_locale":"en_US","og_type":"article","og_title":"Bronica ETR Zenzanon 150mm F:4 - Platyphoto","og_description":"L\u00e9ger t\u00e9l\u00e9objectif en monture Bronica ETR, ce Zenzanon 150mm F:4 est un \u00e9quivalent 90mm en 24x36. Bel \u00e9tat g\u00e9n\u00e9ral, m\u00e9canique fonctionnelle.","og_url":"https:\/\/platyphoto.com\/en\/product\/bronica-etr-zenzanon-150mm-f4\/","og_site_name":"Platyphoto","article_modified_time":"2026-03-03T08:24:27+00:00","og_image":[{"width":1024,"height":683,"url":"https:\/\/platyphoto.com\/wp-content\/uploads\/2026\/03\/Zenzanon-150mm-F4-1024x683.jpg","type":"image\/jpeg"}],"twitter_card":"summary_large_image","twitter_misc":{"Est. reading time":"1 minute"},"schema":{"@context":"https:\/\/schema.org","@graph":[{"@type":"WebPage","@id":"https:\/\/platyphoto.com\/produit\/bronica-etr-zenzanon-150mm-f4\/","url":"https:\/\/platyphoto.com\/produit\/bronica-etr-zenzanon-150mm-f4\/","name":"Bronica ETR Zenzanon 150mm F:4 - Platyphoto","isPartOf":{"@id":"https:\/\/platyphoto.com\/#website"},"primaryImageOfPage":{"@id":"https:\/\/platyphoto.com\/produit\/bronica-etr-zenzanon-150mm-f4\/#primaryimage"},"image":{"@id":"https:\/\/platyphoto.com\/produit\/bronica-etr-zenzanon-150mm-f4\/#primaryimage"},"thumbnailUrl":"https:\/\/i0.wp.com\/platyphoto.com\/wp-content\/uploads\/2026\/03\/Zenzanon-150mm-F4.jpg?fit=4626%2C3084&ssl=1","datePublished":"2026-03-03T08:10:22+00:00","dateModified":"2026-03-03T08:24:27+00:00","description":"L\u00e9ger t\u00e9l\u00e9objectif en monture Bronica ETR, ce Zenzanon 150mm F:4 est un \u00e9quivalent 90mm en 24x36. Bel \u00e9tat g\u00e9n\u00e9ral, m\u00e9canique fonctionnelle.","breadcrumb":{"@id":"https:\/\/platyphoto.com\/produit\/bronica-etr-zenzanon-150mm-f4\/#breadcrumb"},"inLanguage":"en-US","potentialAction":[{"@type":"ReadAction","target":["https:\/\/platyphoto.com\/produit\/bronica-etr-zenzanon-150mm-f4\/"]}]},{"@type":"ImageObject","inLanguage":"en-US","@id":"https:\/\/platyphoto.com\/produit\/bronica-etr-zenzanon-150mm-f4\/#primaryimage","url":"https:\/\/i0.wp.com\/platyphoto.com\/wp-content\/uploads\/2026\/03\/Zenzanon-150mm-F4.jpg?fit=4626%2C3084&ssl=1","contentUrl":"https:\/\/i0.wp.com\/platyphoto.com\/wp-content\/uploads\/2026\/03\/Zenzanon-150mm-F4.jpg?fit=4626%2C3084&ssl=1","width":4626,"height":3084,"caption":"Bronica ETR Zenzanon 150mm F:4"},{"@type":"BreadcrumbList","@id":"https:\/\/platyphoto.com\/produit\/bronica-etr-zenzanon-150mm-f4\/#breadcrumb","itemListElement":[{"@type":"ListItem","position":1,"name":"Accueil","item":"https:\/\/platyphoto.com\/"},{"@type":"ListItem","position":2,"name":"Boutique","item":"https:\/\/platyphoto.com\/boutique\/"},{"@type":"ListItem","position":3,"name":"Bronica ETR Zenzanon 150mm F:4"}]},{"@type":"WebSite","@id":"https:\/\/platyphoto.com\/#website","url":"https:\/\/platyphoto.com\/","name":"Platyphoto","description":"Appareils photos argentiques, objectifs et accessoires de qualit\u00e9.","publisher":{"@id":"https:\/\/platyphoto.com\/#organization"},"potentialAction":[{"@type":"SearchAction","target":{"@type":"EntryPoint","urlTemplate":"https:\/\/platyphoto.com\/?s={search_term_string}"},"query-input":{"@type":"PropertyValueSpecification","valueRequired":true,"valueName":"search_term_string"}}],"inLanguage":"en-US"},{"@type":"Organization","@id":"https:\/\/platyphoto.com\/#organization","name":"Platyphoto","alternateName":"Platyphoto","url":"https:\/\/platyphoto.com\/","logo":{"@type":"ImageObject","inLanguage":"en-US","@id":"https:\/\/platyphoto.com\/#\/schema\/logo\/image\/","url":"https:\/\/i0.wp.com\/platyphoto.com\/wp-content\/uploads\/2020\/11\/cropped-header.jpg?fit=1500%2C282&ssl=1","contentUrl":"https:\/\/i0.wp.com\/platyphoto.com\/wp-content\/uploads\/2020\/11\/cropped-header.jpg?fit=1500%2C282&ssl=1","width":1500,"height":282,"caption":"Platyphoto"},"image":{"@id":"https:\/\/platyphoto.com\/#\/schema\/logo\/image\/"},"sameAs":["https:\/\/www.instagram.com\/platyphoto\/"]}]}},"jetpack_publicize_connections":[],"jetpack_likes_enabled":false,"jetpack_sharing_enabled":true,"_links":{"self":[{"href":"https:\/\/platyphoto.com\/en\/wp-json\/wp\/v2\/product\/19777","targetHints":{"allow":["GET"]}}],"collection":[{"href":"https:\/\/platyphoto.com\/en\/wp-json\/wp\/v2\/product"}],"about":[{"href":"https:\/\/platyphoto.com\/en\/wp-json\/wp\/v2\/types\/product"}],"wp:featuredmedia":[{"embeddable":true,"href":"https:\/\/platyphoto.com\/en\/wp-json\/wp\/v2\/media\/19780"}],"wp:attachment":[{"href":"https:\/\/platyphoto.com\/en\/wp-json\/wp\/v2\/media?parent=19777"}],"wp:term":[{"taxonomy":"product_brand","embeddable":true,"href":"https:\/\/platyphoto.com\/en\/wp-json\/wp\/v2\/product_brand?post=19777"},{"taxonomy":"product_cat","embeddable":true,"href":"https:\/\/platyphoto.com\/en\/wp-json\/wp\/v2\/product_cat?post=19777"},{"taxonomy":"product_tag","embeddable":true,"href":"https:\/\/platyphoto.com\/en\/wp-json\/wp\/v2\/product_tag?post=19777"}],"curies":[{"name":"wp","href":"https:\/\/api.w.org\/{rel}","templated":true}]}}