{"id":20209,"date":"2026-03-29T10:28:13","date_gmt":"2026-03-29T08:28:13","guid":{"rendered":"https:\/\/platyphoto.com\/?post_type=product&#038;p=20209"},"modified":"2026-04-12T12:56:41","modified_gmt":"2026-04-12T10:56:41","slug":"m42-helios-44-2-58mm-f2-valdai","status":"publish","type":"product","link":"https:\/\/platyphoto.com\/en\/product\/m42-helios-44-2-58mm-f2-valdai\/","title":{"rendered":"M42 Helios 44-2 58mm F:2 Valdai"},"content":{"rendered":"<p>Marque : Helios<\/p>\n<p>Mod\u00e8le : 44-2 58mm F:2 1978 usine valdai<\/p>\n<p>Monture : M42<\/p>\n<p>Un classique ! Helios 44-2 valdai de 1978, appr\u00e9ci\u00e9 pour son caract\u00e8re, cet exemplaire est en bel \u00e9tat, quelques micro poussi\u00e8res entre les lentilles, rien de bien m\u00e9chant. Lames de diaphragme propres.<\/p>\n<p>Vendu avec bouchons.<\/p>\n<p>Concernant l\u2019\u00e9tat :<\/p>\n<p>Exterieur : 8\/10, l\u00e9g\u00e8res traces d\u2019usages<\/p>\n<p>Optique : 8\/10, pr\u00e9sence de quelques micro poussi\u00e8res, sans incidence sur la qualit\u00e9 des images, tr\u00e8s l\u00e9g\u00e8res et peu nombreuses micro rayures sur la lentille frontale<\/p>\n<p>M\u00e9canique : 8\/10, 100% fonctionnel, mise au point ok, tr\u00e8s l\u00e9ger frottements par endroits, diaphragme ok.<\/p>\n<p>Garanti 3 mois.<\/p>","protected":false},"excerpt":{"rendered":"<p>Marque : Helios Mod\u00e8le : 44-2 58mm F:2 1978 usine valdai Monture : M42 Un classique ! Helios 44-2 valdai de 1978, appr\u00e9ci\u00e9 pour son caract\u00e8re, cet exemplaire est en bel \u00e9tat, quelques micro poussi\u00e8res entre les lentilles, rien de bien m\u00e9chant. Lames de diaphragme propres. Vendu avec bouchons. Concernant l\u2019\u00e9tat : Exterieur : 8\/10, [&hellip;]<\/p>\n","protected":false},"featured_media":20213,"template":"","meta":{"_coblocks_attr":"","_coblocks_dimensions":"","_coblocks_responsive_height":"","_coblocks_accordion_ie_support":"","_crdt_document":"","jetpack_publicize_message":"","jetpack_publicize_feature_enabled":true,"jetpack_social_post_already_shared":true,"jetpack_social_options":{"image_generator_settings":{"template":"highway","default_image_id":0,"font":"","enabled":false},"version":2},"_wpas_customize_per_network":false},"product_brand":[],"product_cat":[6367,6366],"product_tag":[],"class_list":{"0":"post-20209","1":"product","2":"type-product","3":"status-publish","4":"has-post-thumbnail","6":"product_cat-m42","7":"product_cat-objectifs","9":"first","10":"outofstock","11":"shipping-taxable","12":"purchasable","13":"product-type-simple"},"yoast_head":"<!-- This site is optimized with the Yoast SEO plugin v27.4 - https:\/\/yoast.com\/product\/yoast-seo-wordpress\/ -->\n<title>M42 Helios 44-2 58mm F:2 Valdai - Platyphoto<\/title>\n<meta name=\"description\" content=\"Un classique ! Helios 44-2 valdai de 1978, appr\u00e9ci\u00e9 pour son caract\u00e8re, cet exemplaire est en bel \u00e9tat, quelques micro poussi\u00e8res entre les lentilles, rien de bien m\u00e9chant. Lames de diaphragme propres.\" \/>\n<meta name=\"robots\" content=\"index, follow, max-snippet:-1, max-image-preview:large, max-video-preview:-1\" \/>\n<link rel=\"canonical\" href=\"https:\/\/platyphoto.com\/en\/product\/m42-helios-44-2-58mm-f2-valdai\/\" \/>\n<meta property=\"og:locale\" content=\"en_US\" \/>\n<meta property=\"og:type\" content=\"article\" \/>\n<meta property=\"og:title\" content=\"M42 Helios 44-2 58mm F:2 Valdai - Platyphoto\" \/>\n<meta property=\"og:description\" content=\"Un classique ! Helios 44-2 valdai de 1978, appr\u00e9ci\u00e9 pour son caract\u00e8re, cet exemplaire est en bel \u00e9tat, quelques micro poussi\u00e8res entre les lentilles, rien de bien m\u00e9chant. Lames de diaphragme propres.\" \/>\n<meta property=\"og:url\" content=\"https:\/\/platyphoto.com\/en\/product\/m42-helios-44-2-58mm-f2-valdai\/\" \/>\n<meta property=\"og:site_name\" content=\"Platyphoto\" \/>\n<meta property=\"article:modified_time\" content=\"2026-04-12T10:56:41+00:00\" \/>\n<meta property=\"og:image\" content=\"https:\/\/platyphoto.com\/wp-content\/uploads\/2026\/03\/Helios-44-2-78-1024x683.jpg\" \/>\n\t<meta property=\"og:image:width\" content=\"1024\" \/>\n\t<meta property=\"og:image:height\" content=\"683\" \/>\n\t<meta property=\"og:image:type\" content=\"image\/jpeg\" \/>\n<meta name=\"twitter:card\" content=\"summary_large_image\" \/>\n<meta name=\"twitter:label1\" content=\"Est. reading time\" \/>\n\t<meta name=\"twitter:data1\" content=\"1 minute\" \/>\n<script type=\"application\/ld+json\" class=\"yoast-schema-graph\">{\"@context\":\"https:\\\/\\\/schema.org\",\"@graph\":[{\"@type\":\"WebPage\",\"@id\":\"https:\\\/\\\/platyphoto.com\\\/produit\\\/m42-helios-44-2-58mm-f2-valdai\\\/\",\"url\":\"https:\\\/\\\/platyphoto.com\\\/produit\\\/m42-helios-44-2-58mm-f2-valdai\\\/\",\"name\":\"M42 Helios 44-2 58mm F:2 Valdai - Platyphoto\",\"isPartOf\":{\"@id\":\"https:\\\/\\\/platyphoto.com\\\/#website\"},\"primaryImageOfPage\":{\"@id\":\"https:\\\/\\\/platyphoto.com\\\/produit\\\/m42-helios-44-2-58mm-f2-valdai\\\/#primaryimage\"},\"image\":{\"@id\":\"https:\\\/\\\/platyphoto.com\\\/produit\\\/m42-helios-44-2-58mm-f2-valdai\\\/#primaryimage\"},\"thumbnailUrl\":\"https:\\\/\\\/i0.wp.com\\\/platyphoto.com\\\/wp-content\\\/uploads\\\/2026\\\/03\\\/Helios-44-2-78.jpg?fit=6000%2C4000&ssl=1\",\"datePublished\":\"2026-03-29T08:28:13+00:00\",\"dateModified\":\"2026-04-12T10:56:41+00:00\",\"description\":\"Un classique ! Helios 44-2 valdai de 1978, appr\u00e9ci\u00e9 pour son caract\u00e8re, cet exemplaire est en bel \u00e9tat, quelques micro poussi\u00e8res entre les lentilles, rien de bien m\u00e9chant. Lames de diaphragme propres.\",\"breadcrumb\":{\"@id\":\"https:\\\/\\\/platyphoto.com\\\/produit\\\/m42-helios-44-2-58mm-f2-valdai\\\/#breadcrumb\"},\"inLanguage\":\"en-US\",\"potentialAction\":[{\"@type\":\"ReadAction\",\"target\":[\"https:\\\/\\\/platyphoto.com\\\/produit\\\/m42-helios-44-2-58mm-f2-valdai\\\/\"]}]},{\"@type\":\"ImageObject\",\"inLanguage\":\"en-US\",\"@id\":\"https:\\\/\\\/platyphoto.com\\\/produit\\\/m42-helios-44-2-58mm-f2-valdai\\\/#primaryimage\",\"url\":\"https:\\\/\\\/i0.wp.com\\\/platyphoto.com\\\/wp-content\\\/uploads\\\/2026\\\/03\\\/Helios-44-2-78.jpg?fit=6000%2C4000&ssl=1\",\"contentUrl\":\"https:\\\/\\\/i0.wp.com\\\/platyphoto.com\\\/wp-content\\\/uploads\\\/2026\\\/03\\\/Helios-44-2-78.jpg?fit=6000%2C4000&ssl=1\",\"width\":6000,\"height\":4000,\"caption\":\"M42 Helios 44-2 58mm F:2 Valdai\"},{\"@type\":\"BreadcrumbList\",\"@id\":\"https:\\\/\\\/platyphoto.com\\\/produit\\\/m42-helios-44-2-58mm-f2-valdai\\\/#breadcrumb\",\"itemListElement\":[{\"@type\":\"ListItem\",\"position\":1,\"name\":\"Accueil\",\"item\":\"https:\\\/\\\/platyphoto.com\\\/\"},{\"@type\":\"ListItem\",\"position\":2,\"name\":\"Boutique\",\"item\":\"https:\\\/\\\/platyphoto.com\\\/boutique\\\/\"},{\"@type\":\"ListItem\",\"position\":3,\"name\":\"M42 Helios 44-2 58mm F:2 Valdai\"}]},{\"@type\":\"WebSite\",\"@id\":\"https:\\\/\\\/platyphoto.com\\\/#website\",\"url\":\"https:\\\/\\\/platyphoto.com\\\/\",\"name\":\"Platyphoto\",\"description\":\"Appareils photos argentiques, objectifs et accessoires de qualit\u00e9.\",\"publisher\":{\"@id\":\"https:\\\/\\\/platyphoto.com\\\/#organization\"},\"potentialAction\":[{\"@type\":\"SearchAction\",\"target\":{\"@type\":\"EntryPoint\",\"urlTemplate\":\"https:\\\/\\\/platyphoto.com\\\/?s={search_term_string}\"},\"query-input\":{\"@type\":\"PropertyValueSpecification\",\"valueRequired\":true,\"valueName\":\"search_term_string\"}}],\"inLanguage\":\"en-US\"},{\"@type\":\"Organization\",\"@id\":\"https:\\\/\\\/platyphoto.com\\\/#organization\",\"name\":\"Platyphoto\",\"alternateName\":\"Platyphoto\",\"url\":\"https:\\\/\\\/platyphoto.com\\\/\",\"logo\":{\"@type\":\"ImageObject\",\"inLanguage\":\"en-US\",\"@id\":\"https:\\\/\\\/platyphoto.com\\\/#\\\/schema\\\/logo\\\/image\\\/\",\"url\":\"https:\\\/\\\/i0.wp.com\\\/platyphoto.com\\\/wp-content\\\/uploads\\\/2020\\\/11\\\/cropped-header.jpg?fit=1500%2C282&ssl=1\",\"contentUrl\":\"https:\\\/\\\/i0.wp.com\\\/platyphoto.com\\\/wp-content\\\/uploads\\\/2020\\\/11\\\/cropped-header.jpg?fit=1500%2C282&ssl=1\",\"width\":1500,\"height\":282,\"caption\":\"Platyphoto\"},\"image\":{\"@id\":\"https:\\\/\\\/platyphoto.com\\\/#\\\/schema\\\/logo\\\/image\\\/\"},\"sameAs\":[\"https:\\\/\\\/www.instagram.com\\\/platyphoto\\\/\"]}]}<\/script>\n<!-- \/ Yoast SEO plugin. -->","yoast_head_json":{"title":"M42 Helios 44-2 58mm F:2 Valdai - Platyphoto","description":"Un classique ! Helios 44-2 valdai de 1978, appr\u00e9ci\u00e9 pour son caract\u00e8re, cet exemplaire est en bel \u00e9tat, quelques micro poussi\u00e8res entre les lentilles, rien de bien m\u00e9chant. Lames de diaphragme propres.","robots":{"index":"index","follow":"follow","max-snippet":"max-snippet:-1","max-image-preview":"max-image-preview:large","max-video-preview":"max-video-preview:-1"},"canonical":"https:\/\/platyphoto.com\/en\/product\/m42-helios-44-2-58mm-f2-valdai\/","og_locale":"en_US","og_type":"article","og_title":"M42 Helios 44-2 58mm F:2 Valdai - Platyphoto","og_description":"Un classique ! Helios 44-2 valdai de 1978, appr\u00e9ci\u00e9 pour son caract\u00e8re, cet exemplaire est en bel \u00e9tat, quelques micro poussi\u00e8res entre les lentilles, rien de bien m\u00e9chant. Lames de diaphragme propres.","og_url":"https:\/\/platyphoto.com\/en\/product\/m42-helios-44-2-58mm-f2-valdai\/","og_site_name":"Platyphoto","article_modified_time":"2026-04-12T10:56:41+00:00","og_image":[{"width":1024,"height":683,"url":"https:\/\/platyphoto.com\/wp-content\/uploads\/2026\/03\/Helios-44-2-78-1024x683.jpg","type":"image\/jpeg"}],"twitter_card":"summary_large_image","twitter_misc":{"Est. reading time":"1 minute"},"schema":{"@context":"https:\/\/schema.org","@graph":[{"@type":"WebPage","@id":"https:\/\/platyphoto.com\/produit\/m42-helios-44-2-58mm-f2-valdai\/","url":"https:\/\/platyphoto.com\/produit\/m42-helios-44-2-58mm-f2-valdai\/","name":"M42 Helios 44-2 58mm F:2 Valdai - Platyphoto","isPartOf":{"@id":"https:\/\/platyphoto.com\/#website"},"primaryImageOfPage":{"@id":"https:\/\/platyphoto.com\/produit\/m42-helios-44-2-58mm-f2-valdai\/#primaryimage"},"image":{"@id":"https:\/\/platyphoto.com\/produit\/m42-helios-44-2-58mm-f2-valdai\/#primaryimage"},"thumbnailUrl":"https:\/\/i0.wp.com\/platyphoto.com\/wp-content\/uploads\/2026\/03\/Helios-44-2-78.jpg?fit=6000%2C4000&ssl=1","datePublished":"2026-03-29T08:28:13+00:00","dateModified":"2026-04-12T10:56:41+00:00","description":"Un classique ! Helios 44-2 valdai de 1978, appr\u00e9ci\u00e9 pour son caract\u00e8re, cet exemplaire est en bel \u00e9tat, quelques micro poussi\u00e8res entre les lentilles, rien de bien m\u00e9chant. Lames de diaphragme propres.","breadcrumb":{"@id":"https:\/\/platyphoto.com\/produit\/m42-helios-44-2-58mm-f2-valdai\/#breadcrumb"},"inLanguage":"en-US","potentialAction":[{"@type":"ReadAction","target":["https:\/\/platyphoto.com\/produit\/m42-helios-44-2-58mm-f2-valdai\/"]}]},{"@type":"ImageObject","inLanguage":"en-US","@id":"https:\/\/platyphoto.com\/produit\/m42-helios-44-2-58mm-f2-valdai\/#primaryimage","url":"https:\/\/i0.wp.com\/platyphoto.com\/wp-content\/uploads\/2026\/03\/Helios-44-2-78.jpg?fit=6000%2C4000&ssl=1","contentUrl":"https:\/\/i0.wp.com\/platyphoto.com\/wp-content\/uploads\/2026\/03\/Helios-44-2-78.jpg?fit=6000%2C4000&ssl=1","width":6000,"height":4000,"caption":"M42 Helios 44-2 58mm F:2 Valdai"},{"@type":"BreadcrumbList","@id":"https:\/\/platyphoto.com\/produit\/m42-helios-44-2-58mm-f2-valdai\/#breadcrumb","itemListElement":[{"@type":"ListItem","position":1,"name":"Accueil","item":"https:\/\/platyphoto.com\/"},{"@type":"ListItem","position":2,"name":"Boutique","item":"https:\/\/platyphoto.com\/boutique\/"},{"@type":"ListItem","position":3,"name":"M42 Helios 44-2 58mm F:2 Valdai"}]},{"@type":"WebSite","@id":"https:\/\/platyphoto.com\/#website","url":"https:\/\/platyphoto.com\/","name":"Platyphoto","description":"Appareils photos argentiques, objectifs et accessoires de qualit\u00e9.","publisher":{"@id":"https:\/\/platyphoto.com\/#organization"},"potentialAction":[{"@type":"SearchAction","target":{"@type":"EntryPoint","urlTemplate":"https:\/\/platyphoto.com\/?s={search_term_string}"},"query-input":{"@type":"PropertyValueSpecification","valueRequired":true,"valueName":"search_term_string"}}],"inLanguage":"en-US"},{"@type":"Organization","@id":"https:\/\/platyphoto.com\/#organization","name":"Platyphoto","alternateName":"Platyphoto","url":"https:\/\/platyphoto.com\/","logo":{"@type":"ImageObject","inLanguage":"en-US","@id":"https:\/\/platyphoto.com\/#\/schema\/logo\/image\/","url":"https:\/\/i0.wp.com\/platyphoto.com\/wp-content\/uploads\/2020\/11\/cropped-header.jpg?fit=1500%2C282&ssl=1","contentUrl":"https:\/\/i0.wp.com\/platyphoto.com\/wp-content\/uploads\/2020\/11\/cropped-header.jpg?fit=1500%2C282&ssl=1","width":1500,"height":282,"caption":"Platyphoto"},"image":{"@id":"https:\/\/platyphoto.com\/#\/schema\/logo\/image\/"},"sameAs":["https:\/\/www.instagram.com\/platyphoto\/"]}]}},"jetpack_publicize_connections":[],"jetpack_likes_enabled":false,"jetpack_sharing_enabled":true,"_links":{"self":[{"href":"https:\/\/platyphoto.com\/en\/wp-json\/wp\/v2\/product\/20209","targetHints":{"allow":["GET"]}}],"collection":[{"href":"https:\/\/platyphoto.com\/en\/wp-json\/wp\/v2\/product"}],"about":[{"href":"https:\/\/platyphoto.com\/en\/wp-json\/wp\/v2\/types\/product"}],"wp:featuredmedia":[{"embeddable":true,"href":"https:\/\/platyphoto.com\/en\/wp-json\/wp\/v2\/media\/20213"}],"wp:attachment":[{"href":"https:\/\/platyphoto.com\/en\/wp-json\/wp\/v2\/media?parent=20209"}],"wp:term":[{"taxonomy":"product_brand","embeddable":true,"href":"https:\/\/platyphoto.com\/en\/wp-json\/wp\/v2\/product_brand?post=20209"},{"taxonomy":"product_cat","embeddable":true,"href":"https:\/\/platyphoto.com\/en\/wp-json\/wp\/v2\/product_cat?post=20209"},{"taxonomy":"product_tag","embeddable":true,"href":"https:\/\/platyphoto.com\/en\/wp-json\/wp\/v2\/product_tag?post=20209"}],"curies":[{"name":"wp","href":"https:\/\/api.w.org\/{rel}","templated":true}]}}