{"id":20394,"date":"2026-04-19T13:36:43","date_gmt":"2026-04-19T11:36:43","guid":{"rendered":"https:\/\/platyphoto.com\/?post_type=product&#038;p=20394"},"modified":"2026-04-19T14:56:24","modified_gmt":"2026-04-19T12:56:24","slug":"rolleiflex-3-5b-tessar-75mm-f3-5","status":"publish","type":"product","link":"https:\/\/platyphoto.com\/en\/product\/rolleiflex-3-5b-tessar-75mm-f3-5\/","title":{"rendered":"Rolleiflex 3.5b Tessar 75mm F:3.5"},"content":{"rendered":"<p><strong>Marque<\/strong> : Rolleiflex 3.5b<\/p>\n<p><strong>Objectif :<\/strong>Tessar 75mm F:3.5<\/p>\n<p><strong>Ann\u00e9e de production<\/strong> : 1954<\/p>\n<p><strong>Pays de fabrication<\/strong> : Allemagne<\/p>\n<p><strong>Format : <\/strong>6&#215;6 sur film 120<\/p>\n<p><strong>Indice de raret\u00e9 <\/strong>: Peu courant<\/p>\n<div>Appareil de haute qualit\u00e9 et tr\u00e8s d\u00e9sir\u00e9 ! Un mod\u00e8le dont la r\u00e9putation n&rsquo;est plus \u00e0 faire, les Rolleiflex ont toujours \u00e9t\u00e9s des appareils tr\u00e8s appr\u00e9ci\u00e9s gr\u00e2ce \u00e0 leur qualit\u00e9 optique et de construction. Ce 3.5b ne d\u00e9roge pas \u00e0 la r\u00e8gle, son viseur clair et agr\u00e9able ainsi que sa mise au point fluide en font un appareil tr\u00e8s sympathique \u00e0 utiliser.<\/div>\n<div><\/div>\n<div>Bel \u00e9tat g\u00e9n\u00e9ral, l\u00e9g\u00e8res traces d&rsquo;usages voir photos. Obturateur r\u00e9vis\u00e9, quelques micro poussi\u00e8res sans incidence sur la qualit\u00e9 des images. A noter un l\u00e9ger impact sur le viseur d\u00e9pliant, rendant la loupe de mise au point l\u00e9g\u00e8rement difficile \u00e0 sortir, une fois le coup de main maitris\u00e9 cela ne pose plus de probl\u00e8mes.<\/div>\n<div>Gainage de la face avant et de la face gauche non d&rsquo;origine.<\/div>\n<div><\/div>\n<div>100% fonctionnel, vendu avec cache objectif.<\/div>","protected":false},"excerpt":{"rendered":"<p>Marque : Rolleiflex 3.5b Objectif :Tessar 75mm F:3.5 Ann\u00e9e de production : 1954 Pays de fabrication : Allemagne Format : 6&#215;6 sur film 120 Indice de raret\u00e9 : Peu courant Appareil de haute qualit\u00e9 et tr\u00e8s d\u00e9sir\u00e9 ! Un mod\u00e8le dont la r\u00e9putation n&rsquo;est plus \u00e0 faire, les Rolleiflex ont toujours \u00e9t\u00e9s des appareils tr\u00e8s [&hellip;]<\/p>\n","protected":false},"featured_media":20404,"template":"","meta":{"_coblocks_attr":"","_coblocks_dimensions":"","_coblocks_responsive_height":"","_coblocks_accordion_ie_support":"","_crdt_document":"","jetpack_publicize_message":"","jetpack_publicize_feature_enabled":true,"jetpack_social_post_already_shared":true,"jetpack_social_options":{"image_generator_settings":{"template":"highway","default_image_id":0,"font":"","enabled":false},"version":2},"_wpas_customize_per_network":false},"product_brand":[],"product_cat":[6349,6358,6360],"product_tag":[],"class_list":{"0":"post-20394","1":"product","2":"type-product","3":"status-publish","4":"has-post-thumbnail","6":"product_cat-appareils","7":"product_cat-moyen-formats","8":"product_cat-tlr","10":"first","11":"outofstock","12":"shipping-taxable","13":"purchasable","14":"product-type-simple"},"yoast_head":"<!-- This site is optimized with the Yoast SEO plugin v27.4 - https:\/\/yoast.com\/product\/yoast-seo-wordpress\/ -->\n<title>Rolleiflex 3.5b Tessar 75mm F:3.5 - Platyphoto<\/title>\n<meta name=\"description\" content=\"Appareil de haute qualit\u00e9 et tr\u00e8s d\u00e9sir\u00e9 ! Mamiya C330 professional, un classique reconnu, TLR \u00e0 objectif interchangeable, ici \u00e9quip\u00e9 de son classique 80mm F:2.8. Tr\u00e8s modulable avec divers viseurs et prismes, belle gamme d&#039;optiques ect..\" \/>\n<meta name=\"robots\" content=\"index, follow, max-snippet:-1, max-image-preview:large, max-video-preview:-1\" \/>\n<link rel=\"canonical\" href=\"https:\/\/platyphoto.com\/en\/product\/rolleiflex-3-5b-tessar-75mm-f3-5\/\" \/>\n<meta property=\"og:locale\" content=\"en_US\" \/>\n<meta property=\"og:type\" content=\"article\" \/>\n<meta property=\"og:title\" content=\"Rolleiflex 3.5b Tessar 75mm F:3.5 - Platyphoto\" \/>\n<meta property=\"og:description\" content=\"Appareil de haute qualit\u00e9 et tr\u00e8s d\u00e9sir\u00e9 ! Mamiya C330 professional, un classique reconnu, TLR \u00e0 objectif interchangeable, ici \u00e9quip\u00e9 de son classique 80mm F:2.8. Tr\u00e8s modulable avec divers viseurs et prismes, belle gamme d&#039;optiques ect..\" \/>\n<meta property=\"og:url\" content=\"https:\/\/platyphoto.com\/en\/product\/rolleiflex-3-5b-tessar-75mm-f3-5\/\" \/>\n<meta property=\"og:site_name\" content=\"Platyphoto\" \/>\n<meta property=\"article:modified_time\" content=\"2026-04-19T12:56:24+00:00\" \/>\n<meta property=\"og:image\" content=\"https:\/\/platyphoto.com\/wp-content\/uploads\/2026\/04\/Rolleiflex-3.5b-1-1024x683.jpg\" \/>\n\t<meta property=\"og:image:width\" content=\"1024\" \/>\n\t<meta property=\"og:image:height\" content=\"683\" \/>\n\t<meta property=\"og:image:type\" content=\"image\/jpeg\" \/>\n<meta name=\"twitter:card\" content=\"summary_large_image\" \/>\n<meta name=\"twitter:label1\" content=\"Est. reading time\" \/>\n\t<meta name=\"twitter:data1\" content=\"2 minutes\" \/>\n<script type=\"application\/ld+json\" class=\"yoast-schema-graph\">{\"@context\":\"https:\\\/\\\/schema.org\",\"@graph\":[{\"@type\":\"WebPage\",\"@id\":\"https:\\\/\\\/platyphoto.com\\\/produit\\\/rolleiflex-3-5b-tessar-75mm-f3-5\\\/\",\"url\":\"https:\\\/\\\/platyphoto.com\\\/produit\\\/rolleiflex-3-5b-tessar-75mm-f3-5\\\/\",\"name\":\"Rolleiflex 3.5b Tessar 75mm F:3.5 - Platyphoto\",\"isPartOf\":{\"@id\":\"https:\\\/\\\/platyphoto.com\\\/#website\"},\"primaryImageOfPage\":{\"@id\":\"https:\\\/\\\/platyphoto.com\\\/produit\\\/rolleiflex-3-5b-tessar-75mm-f3-5\\\/#primaryimage\"},\"image\":{\"@id\":\"https:\\\/\\\/platyphoto.com\\\/produit\\\/rolleiflex-3-5b-tessar-75mm-f3-5\\\/#primaryimage\"},\"thumbnailUrl\":\"https:\\\/\\\/i0.wp.com\\\/platyphoto.com\\\/wp-content\\\/uploads\\\/2026\\\/04\\\/Rolleiflex-3.5b-1.jpg?fit=5803%2C3869&ssl=1\",\"datePublished\":\"2026-04-19T11:36:43+00:00\",\"dateModified\":\"2026-04-19T12:56:24+00:00\",\"description\":\"Appareil de haute qualit\u00e9 et tr\u00e8s d\u00e9sir\u00e9 ! Mamiya C330 professional, un classique reconnu, TLR \u00e0 objectif interchangeable, ici \u00e9quip\u00e9 de son classique 80mm F:2.8. Tr\u00e8s modulable avec divers viseurs et prismes, belle gamme d'optiques ect..\",\"breadcrumb\":{\"@id\":\"https:\\\/\\\/platyphoto.com\\\/produit\\\/rolleiflex-3-5b-tessar-75mm-f3-5\\\/#breadcrumb\"},\"inLanguage\":\"en-US\",\"potentialAction\":[{\"@type\":\"ReadAction\",\"target\":[\"https:\\\/\\\/platyphoto.com\\\/produit\\\/rolleiflex-3-5b-tessar-75mm-f3-5\\\/\"]}]},{\"@type\":\"ImageObject\",\"inLanguage\":\"en-US\",\"@id\":\"https:\\\/\\\/platyphoto.com\\\/produit\\\/rolleiflex-3-5b-tessar-75mm-f3-5\\\/#primaryimage\",\"url\":\"https:\\\/\\\/i0.wp.com\\\/platyphoto.com\\\/wp-content\\\/uploads\\\/2026\\\/04\\\/Rolleiflex-3.5b-1.jpg?fit=5803%2C3869&ssl=1\",\"contentUrl\":\"https:\\\/\\\/i0.wp.com\\\/platyphoto.com\\\/wp-content\\\/uploads\\\/2026\\\/04\\\/Rolleiflex-3.5b-1.jpg?fit=5803%2C3869&ssl=1\",\"width\":5803,\"height\":3869,\"caption\":\"Rolleiflex 3.5b Tessar 75mm F:3.5\"},{\"@type\":\"BreadcrumbList\",\"@id\":\"https:\\\/\\\/platyphoto.com\\\/produit\\\/rolleiflex-3-5b-tessar-75mm-f3-5\\\/#breadcrumb\",\"itemListElement\":[{\"@type\":\"ListItem\",\"position\":1,\"name\":\"Accueil\",\"item\":\"https:\\\/\\\/platyphoto.com\\\/\"},{\"@type\":\"ListItem\",\"position\":2,\"name\":\"Boutique\",\"item\":\"https:\\\/\\\/platyphoto.com\\\/boutique\\\/\"},{\"@type\":\"ListItem\",\"position\":3,\"name\":\"Rolleiflex 3.5b Tessar 75mm F:3.5\"}]},{\"@type\":\"WebSite\",\"@id\":\"https:\\\/\\\/platyphoto.com\\\/#website\",\"url\":\"https:\\\/\\\/platyphoto.com\\\/\",\"name\":\"Platyphoto\",\"description\":\"Appareils photos argentiques, objectifs et accessoires de qualit\u00e9.\",\"publisher\":{\"@id\":\"https:\\\/\\\/platyphoto.com\\\/#organization\"},\"potentialAction\":[{\"@type\":\"SearchAction\",\"target\":{\"@type\":\"EntryPoint\",\"urlTemplate\":\"https:\\\/\\\/platyphoto.com\\\/?s={search_term_string}\"},\"query-input\":{\"@type\":\"PropertyValueSpecification\",\"valueRequired\":true,\"valueName\":\"search_term_string\"}}],\"inLanguage\":\"en-US\"},{\"@type\":\"Organization\",\"@id\":\"https:\\\/\\\/platyphoto.com\\\/#organization\",\"name\":\"Platyphoto\",\"alternateName\":\"Platyphoto\",\"url\":\"https:\\\/\\\/platyphoto.com\\\/\",\"logo\":{\"@type\":\"ImageObject\",\"inLanguage\":\"en-US\",\"@id\":\"https:\\\/\\\/platyphoto.com\\\/#\\\/schema\\\/logo\\\/image\\\/\",\"url\":\"https:\\\/\\\/i0.wp.com\\\/platyphoto.com\\\/wp-content\\\/uploads\\\/2020\\\/11\\\/cropped-header.jpg?fit=1500%2C282&ssl=1\",\"contentUrl\":\"https:\\\/\\\/i0.wp.com\\\/platyphoto.com\\\/wp-content\\\/uploads\\\/2020\\\/11\\\/cropped-header.jpg?fit=1500%2C282&ssl=1\",\"width\":1500,\"height\":282,\"caption\":\"Platyphoto\"},\"image\":{\"@id\":\"https:\\\/\\\/platyphoto.com\\\/#\\\/schema\\\/logo\\\/image\\\/\"},\"sameAs\":[\"https:\\\/\\\/www.instagram.com\\\/platyphoto\\\/\"]}]}<\/script>\n<!-- \/ Yoast SEO plugin. -->","yoast_head_json":{"title":"Rolleiflex 3.5b Tessar 75mm F:3.5 - Platyphoto","description":"Appareil de haute qualit\u00e9 et tr\u00e8s d\u00e9sir\u00e9 ! Mamiya C330 professional, un classique reconnu, TLR \u00e0 objectif interchangeable, ici \u00e9quip\u00e9 de son classique 80mm F:2.8. Tr\u00e8s modulable avec divers viseurs et prismes, belle gamme d'optiques ect..","robots":{"index":"index","follow":"follow","max-snippet":"max-snippet:-1","max-image-preview":"max-image-preview:large","max-video-preview":"max-video-preview:-1"},"canonical":"https:\/\/platyphoto.com\/en\/product\/rolleiflex-3-5b-tessar-75mm-f3-5\/","og_locale":"en_US","og_type":"article","og_title":"Rolleiflex 3.5b Tessar 75mm F:3.5 - Platyphoto","og_description":"Appareil de haute qualit\u00e9 et tr\u00e8s d\u00e9sir\u00e9 ! Mamiya C330 professional, un classique reconnu, TLR \u00e0 objectif interchangeable, ici \u00e9quip\u00e9 de son classique 80mm F:2.8. Tr\u00e8s modulable avec divers viseurs et prismes, belle gamme d'optiques ect..","og_url":"https:\/\/platyphoto.com\/en\/product\/rolleiflex-3-5b-tessar-75mm-f3-5\/","og_site_name":"Platyphoto","article_modified_time":"2026-04-19T12:56:24+00:00","og_image":[{"width":1024,"height":683,"url":"https:\/\/platyphoto.com\/wp-content\/uploads\/2026\/04\/Rolleiflex-3.5b-1-1024x683.jpg","type":"image\/jpeg"}],"twitter_card":"summary_large_image","twitter_misc":{"Est. reading time":"2 minutes"},"schema":{"@context":"https:\/\/schema.org","@graph":[{"@type":"WebPage","@id":"https:\/\/platyphoto.com\/produit\/rolleiflex-3-5b-tessar-75mm-f3-5\/","url":"https:\/\/platyphoto.com\/produit\/rolleiflex-3-5b-tessar-75mm-f3-5\/","name":"Rolleiflex 3.5b Tessar 75mm F:3.5 - Platyphoto","isPartOf":{"@id":"https:\/\/platyphoto.com\/#website"},"primaryImageOfPage":{"@id":"https:\/\/platyphoto.com\/produit\/rolleiflex-3-5b-tessar-75mm-f3-5\/#primaryimage"},"image":{"@id":"https:\/\/platyphoto.com\/produit\/rolleiflex-3-5b-tessar-75mm-f3-5\/#primaryimage"},"thumbnailUrl":"https:\/\/i0.wp.com\/platyphoto.com\/wp-content\/uploads\/2026\/04\/Rolleiflex-3.5b-1.jpg?fit=5803%2C3869&ssl=1","datePublished":"2026-04-19T11:36:43+00:00","dateModified":"2026-04-19T12:56:24+00:00","description":"Appareil de haute qualit\u00e9 et tr\u00e8s d\u00e9sir\u00e9 ! Mamiya C330 professional, un classique reconnu, TLR \u00e0 objectif interchangeable, ici \u00e9quip\u00e9 de son classique 80mm F:2.8. Tr\u00e8s modulable avec divers viseurs et prismes, belle gamme d'optiques ect..","breadcrumb":{"@id":"https:\/\/platyphoto.com\/produit\/rolleiflex-3-5b-tessar-75mm-f3-5\/#breadcrumb"},"inLanguage":"en-US","potentialAction":[{"@type":"ReadAction","target":["https:\/\/platyphoto.com\/produit\/rolleiflex-3-5b-tessar-75mm-f3-5\/"]}]},{"@type":"ImageObject","inLanguage":"en-US","@id":"https:\/\/platyphoto.com\/produit\/rolleiflex-3-5b-tessar-75mm-f3-5\/#primaryimage","url":"https:\/\/i0.wp.com\/platyphoto.com\/wp-content\/uploads\/2026\/04\/Rolleiflex-3.5b-1.jpg?fit=5803%2C3869&ssl=1","contentUrl":"https:\/\/i0.wp.com\/platyphoto.com\/wp-content\/uploads\/2026\/04\/Rolleiflex-3.5b-1.jpg?fit=5803%2C3869&ssl=1","width":5803,"height":3869,"caption":"Rolleiflex 3.5b Tessar 75mm F:3.5"},{"@type":"BreadcrumbList","@id":"https:\/\/platyphoto.com\/produit\/rolleiflex-3-5b-tessar-75mm-f3-5\/#breadcrumb","itemListElement":[{"@type":"ListItem","position":1,"name":"Accueil","item":"https:\/\/platyphoto.com\/"},{"@type":"ListItem","position":2,"name":"Boutique","item":"https:\/\/platyphoto.com\/boutique\/"},{"@type":"ListItem","position":3,"name":"Rolleiflex 3.5b Tessar 75mm F:3.5"}]},{"@type":"WebSite","@id":"https:\/\/platyphoto.com\/#website","url":"https:\/\/platyphoto.com\/","name":"Platyphoto","description":"Appareils photos argentiques, objectifs et accessoires de qualit\u00e9.","publisher":{"@id":"https:\/\/platyphoto.com\/#organization"},"potentialAction":[{"@type":"SearchAction","target":{"@type":"EntryPoint","urlTemplate":"https:\/\/platyphoto.com\/?s={search_term_string}"},"query-input":{"@type":"PropertyValueSpecification","valueRequired":true,"valueName":"search_term_string"}}],"inLanguage":"en-US"},{"@type":"Organization","@id":"https:\/\/platyphoto.com\/#organization","name":"Platyphoto","alternateName":"Platyphoto","url":"https:\/\/platyphoto.com\/","logo":{"@type":"ImageObject","inLanguage":"en-US","@id":"https:\/\/platyphoto.com\/#\/schema\/logo\/image\/","url":"https:\/\/i0.wp.com\/platyphoto.com\/wp-content\/uploads\/2020\/11\/cropped-header.jpg?fit=1500%2C282&ssl=1","contentUrl":"https:\/\/i0.wp.com\/platyphoto.com\/wp-content\/uploads\/2020\/11\/cropped-header.jpg?fit=1500%2C282&ssl=1","width":1500,"height":282,"caption":"Platyphoto"},"image":{"@id":"https:\/\/platyphoto.com\/#\/schema\/logo\/image\/"},"sameAs":["https:\/\/www.instagram.com\/platyphoto\/"]}]}},"jetpack_publicize_connections":[],"jetpack_likes_enabled":false,"jetpack_sharing_enabled":true,"_links":{"self":[{"href":"https:\/\/platyphoto.com\/en\/wp-json\/wp\/v2\/product\/20394","targetHints":{"allow":["GET"]}}],"collection":[{"href":"https:\/\/platyphoto.com\/en\/wp-json\/wp\/v2\/product"}],"about":[{"href":"https:\/\/platyphoto.com\/en\/wp-json\/wp\/v2\/types\/product"}],"wp:featuredmedia":[{"embeddable":true,"href":"https:\/\/platyphoto.com\/en\/wp-json\/wp\/v2\/media\/20404"}],"wp:attachment":[{"href":"https:\/\/platyphoto.com\/en\/wp-json\/wp\/v2\/media?parent=20394"}],"wp:term":[{"taxonomy":"product_brand","embeddable":true,"href":"https:\/\/platyphoto.com\/en\/wp-json\/wp\/v2\/product_brand?post=20394"},{"taxonomy":"product_cat","embeddable":true,"href":"https:\/\/platyphoto.com\/en\/wp-json\/wp\/v2\/product_cat?post=20394"},{"taxonomy":"product_tag","embeddable":true,"href":"https:\/\/platyphoto.com\/en\/wp-json\/wp\/v2\/product_tag?post=20394"}],"curies":[{"name":"wp","href":"https:\/\/api.w.org\/{rel}","templated":true}]}}