{"id":20624,"date":"2026-05-03T17:02:50","date_gmt":"2026-05-03T15:02:50","guid":{"rendered":"https:\/\/platyphoto.com\/?post_type=product&#038;p=20624"},"modified":"2026-05-03T17:09:35","modified_gmt":"2026-05-03T15:09:35","slug":"yashica-t3-carl-zeiss-tessar-35mm-f2-8","status":"publish","type":"product","link":"https:\/\/platyphoto.com\/en\/product\/yashica-t3-carl-zeiss-tessar-35mm-f2-8\/","title":{"rendered":"Yashica T3 Carl Zeiss Tessar 35mm F:2.8"},"content":{"rendered":"<p><strong>Marque<\/strong> : Yashica<\/p>\n<p><strong>Mod\u00e8le<\/strong> : T3<\/p>\n<p><strong>Objectif<\/strong> : Tessar 35mm F:2.8<\/p>\n<p><strong>Format<\/strong> : 24x36mm<\/p>\n<p><strong>Film<\/strong> : 35mm<\/p>\n<p><strong>Indice de raret\u00e9<\/strong>: Peu courant<\/p>\n<p><strong>Piles : <\/strong>1x 2CR5 (non fournie)<\/p>\n<p>Un grand classique ! Tr\u00e8s appr\u00e9ci\u00e9 et recherch\u00e9, ce Yashica T3 poss\u00e8de une optique dont la r\u00e9putation n&rsquo;est plus \u00e0 faire, tr\u00e8s r\u00e9actif \u00e0 l&rsquo;utilisation, il est \u00e9quip\u00e9 d&rsquo;un \u00ab\u00a0super scope\u00a0\u00bb, petit viseur d&rsquo;angle sur le capot afin d&rsquo;utiliser l&rsquo;appareil en vis\u00e9e poitrine, comme un TLR.<\/p>\n<p>Ici un exemplaire avec pas mal de traces d&rsquo;usages, mais 100% fonctionnel. Le capot piles est moins vigoureux \u00e0 la fermeture qu&rsquo;\u00e0 l&rsquo;origine mais reste totalement utilisable en l&rsquo;\u00e9tat.<\/p>\n<p>&nbsp;<\/p>","protected":false},"excerpt":{"rendered":"<p>Marque : Yashica Mod\u00e8le : T3 Objectif : Tessar 35mm F:2.8 Format : 24x36mm Film : 35mm Indice de raret\u00e9: Peu courant Piles : 1x 2CR5 (non fournie) Un grand classique ! Tr\u00e8s appr\u00e9ci\u00e9 et recherch\u00e9, ce Yashica T3 poss\u00e8de une optique dont la r\u00e9putation n&rsquo;est plus \u00e0 faire, tr\u00e8s r\u00e9actif \u00e0 l&rsquo;utilisation, il est [&hellip;]<\/p>\n","protected":false},"featured_media":20631,"template":"","meta":{"_coblocks_attr":"","_coblocks_dimensions":"","_coblocks_responsive_height":"","_coblocks_accordion_ie_support":"","_crdt_document":"","jetpack_publicize_message":"","jetpack_publicize_feature_enabled":true,"jetpack_social_post_already_shared":true,"jetpack_social_options":{"image_generator_settings":{"template":"highway","default_image_id":0,"font":"","enabled":false},"version":2},"_wpas_customize_per_network":false},"product_brand":[],"product_cat":[6353,6349,6356],"product_tag":[],"class_list":{"0":"post-20624","1":"product","2":"type-product","3":"status-publish","4":"has-post-thumbnail","6":"product_cat-24x36","7":"product_cat-appareils","8":"product_cat-point-shoot","10":"first","11":"instock","12":"shipping-taxable","13":"purchasable","14":"product-type-simple"},"yoast_head":"<!-- This site is optimized with the Yoast SEO plugin v27.6 - https:\/\/yoast.com\/product\/yoast-seo-wordpress\/ -->\n<title>Yashica T3 Carl Zeiss Tessar 35mm F:2.8 - Platyphoto<\/title>\n<meta name=\"description\" content=\"Malgr\u00e9 son physique clairement d\u00e9savantageux, ce Ricoh RZ-105 date est un appareil plein de ressources ! Il propose un zoom tr\u00e8s polyvalent de 38-105mm avec un mode grand angle \u00e0 28mm.\" \/>\n<meta name=\"robots\" content=\"index, follow, max-snippet:-1, max-image-preview:large, max-video-preview:-1\" \/>\n<link rel=\"canonical\" href=\"https:\/\/platyphoto.com\/en\/product\/yashica-t3-carl-zeiss-tessar-35mm-f2-8\/\" \/>\n<meta property=\"og:locale\" content=\"en_US\" \/>\n<meta property=\"og:type\" content=\"article\" \/>\n<meta property=\"og:title\" content=\"Yashica T3 Carl Zeiss Tessar 35mm F:2.8 - Platyphoto\" \/>\n<meta property=\"og:description\" content=\"Malgr\u00e9 son physique clairement d\u00e9savantageux, ce Ricoh RZ-105 date est un appareil plein de ressources ! Il propose un zoom tr\u00e8s polyvalent de 38-105mm avec un mode grand angle \u00e0 28mm.\" \/>\n<meta property=\"og:url\" content=\"https:\/\/platyphoto.com\/en\/product\/yashica-t3-carl-zeiss-tessar-35mm-f2-8\/\" \/>\n<meta property=\"og:site_name\" content=\"Platyphoto\" \/>\n<meta property=\"article:modified_time\" content=\"2026-05-03T15:09:35+00:00\" \/>\n<meta property=\"og:image\" content=\"https:\/\/platyphoto.com\/wp-content\/uploads\/2026\/05\/Yashica-T3-1024x683.jpg\" \/>\n\t<meta property=\"og:image:width\" content=\"1024\" \/>\n\t<meta property=\"og:image:height\" content=\"683\" \/>\n\t<meta property=\"og:image:type\" content=\"image\/jpeg\" \/>\n<meta name=\"twitter:card\" content=\"summary_large_image\" \/>\n<meta name=\"twitter:label1\" content=\"Est. reading time\" \/>\n\t<meta name=\"twitter:data1\" content=\"1 minute\" \/>\n<script type=\"application\/ld+json\" class=\"yoast-schema-graph\">{\"@context\":\"https:\\\/\\\/schema.org\",\"@graph\":[{\"@type\":\"WebPage\",\"@id\":\"https:\\\/\\\/platyphoto.com\\\/produit\\\/yashica-t3-carl-zeiss-tessar-35mm-f2-8\\\/\",\"url\":\"https:\\\/\\\/platyphoto.com\\\/produit\\\/yashica-t3-carl-zeiss-tessar-35mm-f2-8\\\/\",\"name\":\"Yashica T3 Carl Zeiss Tessar 35mm F:2.8 - Platyphoto\",\"isPartOf\":{\"@id\":\"https:\\\/\\\/platyphoto.com\\\/#website\"},\"primaryImageOfPage\":{\"@id\":\"https:\\\/\\\/platyphoto.com\\\/produit\\\/yashica-t3-carl-zeiss-tessar-35mm-f2-8\\\/#primaryimage\"},\"image\":{\"@id\":\"https:\\\/\\\/platyphoto.com\\\/produit\\\/yashica-t3-carl-zeiss-tessar-35mm-f2-8\\\/#primaryimage\"},\"thumbnailUrl\":\"https:\\\/\\\/i0.wp.com\\\/platyphoto.com\\\/wp-content\\\/uploads\\\/2026\\\/05\\\/Yashica-T3.jpg?fit=6000%2C4000&ssl=1\",\"datePublished\":\"2026-05-03T15:02:50+00:00\",\"dateModified\":\"2026-05-03T15:09:35+00:00\",\"description\":\"Malgr\u00e9 son physique clairement d\u00e9savantageux, ce Ricoh RZ-105 date est un appareil plein de ressources ! Il propose un zoom tr\u00e8s polyvalent de 38-105mm avec un mode grand angle \u00e0 28mm.\",\"breadcrumb\":{\"@id\":\"https:\\\/\\\/platyphoto.com\\\/produit\\\/yashica-t3-carl-zeiss-tessar-35mm-f2-8\\\/#breadcrumb\"},\"inLanguage\":\"en-US\",\"potentialAction\":[{\"@type\":\"ReadAction\",\"target\":[\"https:\\\/\\\/platyphoto.com\\\/produit\\\/yashica-t3-carl-zeiss-tessar-35mm-f2-8\\\/\"]}]},{\"@type\":\"ImageObject\",\"inLanguage\":\"en-US\",\"@id\":\"https:\\\/\\\/platyphoto.com\\\/produit\\\/yashica-t3-carl-zeiss-tessar-35mm-f2-8\\\/#primaryimage\",\"url\":\"https:\\\/\\\/i0.wp.com\\\/platyphoto.com\\\/wp-content\\\/uploads\\\/2026\\\/05\\\/Yashica-T3.jpg?fit=6000%2C4000&ssl=1\",\"contentUrl\":\"https:\\\/\\\/i0.wp.com\\\/platyphoto.com\\\/wp-content\\\/uploads\\\/2026\\\/05\\\/Yashica-T3.jpg?fit=6000%2C4000&ssl=1\",\"width\":6000,\"height\":4000,\"caption\":\"Yashica T3 Carl Zeiss Tessar 35mm F:2.8\"},{\"@type\":\"BreadcrumbList\",\"@id\":\"https:\\\/\\\/platyphoto.com\\\/produit\\\/yashica-t3-carl-zeiss-tessar-35mm-f2-8\\\/#breadcrumb\",\"itemListElement\":[{\"@type\":\"ListItem\",\"position\":1,\"name\":\"Accueil\",\"item\":\"https:\\\/\\\/platyphoto.com\\\/\"},{\"@type\":\"ListItem\",\"position\":2,\"name\":\"Boutique\",\"item\":\"https:\\\/\\\/platyphoto.com\\\/boutique\\\/\"},{\"@type\":\"ListItem\",\"position\":3,\"name\":\"Yashica T3 Carl Zeiss Tessar 35mm F:2.8\"}]},{\"@type\":\"WebSite\",\"@id\":\"https:\\\/\\\/platyphoto.com\\\/#website\",\"url\":\"https:\\\/\\\/platyphoto.com\\\/\",\"name\":\"Platyphoto\",\"description\":\"Appareils photos argentiques, objectifs et accessoires de qualit\u00e9.\",\"publisher\":{\"@id\":\"https:\\\/\\\/platyphoto.com\\\/#organization\"},\"potentialAction\":[{\"@type\":\"SearchAction\",\"target\":{\"@type\":\"EntryPoint\",\"urlTemplate\":\"https:\\\/\\\/platyphoto.com\\\/?s={search_term_string}\"},\"query-input\":{\"@type\":\"PropertyValueSpecification\",\"valueRequired\":true,\"valueName\":\"search_term_string\"}}],\"inLanguage\":\"en-US\"},{\"@type\":\"Organization\",\"@id\":\"https:\\\/\\\/platyphoto.com\\\/#organization\",\"name\":\"Platyphoto\",\"alternateName\":\"Platyphoto\",\"url\":\"https:\\\/\\\/platyphoto.com\\\/\",\"logo\":{\"@type\":\"ImageObject\",\"inLanguage\":\"en-US\",\"@id\":\"https:\\\/\\\/platyphoto.com\\\/#\\\/schema\\\/logo\\\/image\\\/\",\"url\":\"https:\\\/\\\/i0.wp.com\\\/platyphoto.com\\\/wp-content\\\/uploads\\\/2020\\\/11\\\/cropped-header.jpg?fit=1500%2C282&ssl=1\",\"contentUrl\":\"https:\\\/\\\/i0.wp.com\\\/platyphoto.com\\\/wp-content\\\/uploads\\\/2020\\\/11\\\/cropped-header.jpg?fit=1500%2C282&ssl=1\",\"width\":1500,\"height\":282,\"caption\":\"Platyphoto\"},\"image\":{\"@id\":\"https:\\\/\\\/platyphoto.com\\\/#\\\/schema\\\/logo\\\/image\\\/\"},\"sameAs\":[\"https:\\\/\\\/www.instagram.com\\\/platyphoto\\\/\"]}]}<\/script>\n<!-- \/ Yoast SEO plugin. -->","yoast_head_json":{"title":"Yashica T3 Carl Zeiss Tessar 35mm F:2.8 - Platyphoto","description":"Malgr\u00e9 son physique clairement d\u00e9savantageux, ce Ricoh RZ-105 date est un appareil plein de ressources ! Il propose un zoom tr\u00e8s polyvalent de 38-105mm avec un mode grand angle \u00e0 28mm.","robots":{"index":"index","follow":"follow","max-snippet":"max-snippet:-1","max-image-preview":"max-image-preview:large","max-video-preview":"max-video-preview:-1"},"canonical":"https:\/\/platyphoto.com\/en\/product\/yashica-t3-carl-zeiss-tessar-35mm-f2-8\/","og_locale":"en_US","og_type":"article","og_title":"Yashica T3 Carl Zeiss Tessar 35mm F:2.8 - Platyphoto","og_description":"Malgr\u00e9 son physique clairement d\u00e9savantageux, ce Ricoh RZ-105 date est un appareil plein de ressources ! Il propose un zoom tr\u00e8s polyvalent de 38-105mm avec un mode grand angle \u00e0 28mm.","og_url":"https:\/\/platyphoto.com\/en\/product\/yashica-t3-carl-zeiss-tessar-35mm-f2-8\/","og_site_name":"Platyphoto","article_modified_time":"2026-05-03T15:09:35+00:00","og_image":[{"width":1024,"height":683,"url":"https:\/\/platyphoto.com\/wp-content\/uploads\/2026\/05\/Yashica-T3-1024x683.jpg","type":"image\/jpeg"}],"twitter_card":"summary_large_image","twitter_misc":{"Est. reading time":"1 minute"},"schema":{"@context":"https:\/\/schema.org","@graph":[{"@type":"WebPage","@id":"https:\/\/platyphoto.com\/produit\/yashica-t3-carl-zeiss-tessar-35mm-f2-8\/","url":"https:\/\/platyphoto.com\/produit\/yashica-t3-carl-zeiss-tessar-35mm-f2-8\/","name":"Yashica T3 Carl Zeiss Tessar 35mm F:2.8 - Platyphoto","isPartOf":{"@id":"https:\/\/platyphoto.com\/#website"},"primaryImageOfPage":{"@id":"https:\/\/platyphoto.com\/produit\/yashica-t3-carl-zeiss-tessar-35mm-f2-8\/#primaryimage"},"image":{"@id":"https:\/\/platyphoto.com\/produit\/yashica-t3-carl-zeiss-tessar-35mm-f2-8\/#primaryimage"},"thumbnailUrl":"https:\/\/i0.wp.com\/platyphoto.com\/wp-content\/uploads\/2026\/05\/Yashica-T3.jpg?fit=6000%2C4000&ssl=1","datePublished":"2026-05-03T15:02:50+00:00","dateModified":"2026-05-03T15:09:35+00:00","description":"Malgr\u00e9 son physique clairement d\u00e9savantageux, ce Ricoh RZ-105 date est un appareil plein de ressources ! Il propose un zoom tr\u00e8s polyvalent de 38-105mm avec un mode grand angle \u00e0 28mm.","breadcrumb":{"@id":"https:\/\/platyphoto.com\/produit\/yashica-t3-carl-zeiss-tessar-35mm-f2-8\/#breadcrumb"},"inLanguage":"en-US","potentialAction":[{"@type":"ReadAction","target":["https:\/\/platyphoto.com\/produit\/yashica-t3-carl-zeiss-tessar-35mm-f2-8\/"]}]},{"@type":"ImageObject","inLanguage":"en-US","@id":"https:\/\/platyphoto.com\/produit\/yashica-t3-carl-zeiss-tessar-35mm-f2-8\/#primaryimage","url":"https:\/\/i0.wp.com\/platyphoto.com\/wp-content\/uploads\/2026\/05\/Yashica-T3.jpg?fit=6000%2C4000&ssl=1","contentUrl":"https:\/\/i0.wp.com\/platyphoto.com\/wp-content\/uploads\/2026\/05\/Yashica-T3.jpg?fit=6000%2C4000&ssl=1","width":6000,"height":4000,"caption":"Yashica T3 Carl Zeiss Tessar 35mm F:2.8"},{"@type":"BreadcrumbList","@id":"https:\/\/platyphoto.com\/produit\/yashica-t3-carl-zeiss-tessar-35mm-f2-8\/#breadcrumb","itemListElement":[{"@type":"ListItem","position":1,"name":"Accueil","item":"https:\/\/platyphoto.com\/"},{"@type":"ListItem","position":2,"name":"Boutique","item":"https:\/\/platyphoto.com\/boutique\/"},{"@type":"ListItem","position":3,"name":"Yashica T3 Carl Zeiss Tessar 35mm F:2.8"}]},{"@type":"WebSite","@id":"https:\/\/platyphoto.com\/#website","url":"https:\/\/platyphoto.com\/","name":"Platyphoto","description":"Appareils photos argentiques, objectifs et accessoires de qualit\u00e9.","publisher":{"@id":"https:\/\/platyphoto.com\/#organization"},"potentialAction":[{"@type":"SearchAction","target":{"@type":"EntryPoint","urlTemplate":"https:\/\/platyphoto.com\/?s={search_term_string}"},"query-input":{"@type":"PropertyValueSpecification","valueRequired":true,"valueName":"search_term_string"}}],"inLanguage":"en-US"},{"@type":"Organization","@id":"https:\/\/platyphoto.com\/#organization","name":"Platyphoto","alternateName":"Platyphoto","url":"https:\/\/platyphoto.com\/","logo":{"@type":"ImageObject","inLanguage":"en-US","@id":"https:\/\/platyphoto.com\/#\/schema\/logo\/image\/","url":"https:\/\/i0.wp.com\/platyphoto.com\/wp-content\/uploads\/2020\/11\/cropped-header.jpg?fit=1500%2C282&ssl=1","contentUrl":"https:\/\/i0.wp.com\/platyphoto.com\/wp-content\/uploads\/2020\/11\/cropped-header.jpg?fit=1500%2C282&ssl=1","width":1500,"height":282,"caption":"Platyphoto"},"image":{"@id":"https:\/\/platyphoto.com\/#\/schema\/logo\/image\/"},"sameAs":["https:\/\/www.instagram.com\/platyphoto\/"]}]}},"jetpack_publicize_connections":[],"jetpack_likes_enabled":false,"jetpack_sharing_enabled":true,"_links":{"self":[{"href":"https:\/\/platyphoto.com\/en\/wp-json\/wp\/v2\/product\/20624","targetHints":{"allow":["GET"]}}],"collection":[{"href":"https:\/\/platyphoto.com\/en\/wp-json\/wp\/v2\/product"}],"about":[{"href":"https:\/\/platyphoto.com\/en\/wp-json\/wp\/v2\/types\/product"}],"wp:featuredmedia":[{"embeddable":true,"href":"https:\/\/platyphoto.com\/en\/wp-json\/wp\/v2\/media\/20631"}],"wp:attachment":[{"href":"https:\/\/platyphoto.com\/en\/wp-json\/wp\/v2\/media?parent=20624"}],"wp:term":[{"taxonomy":"product_brand","embeddable":true,"href":"https:\/\/platyphoto.com\/en\/wp-json\/wp\/v2\/product_brand?post=20624"},{"taxonomy":"product_cat","embeddable":true,"href":"https:\/\/platyphoto.com\/en\/wp-json\/wp\/v2\/product_cat?post=20624"},{"taxonomy":"product_tag","embeddable":true,"href":"https:\/\/platyphoto.com\/en\/wp-json\/wp\/v2\/product_tag?post=20624"}],"curies":[{"name":"wp","href":"https:\/\/api.w.org\/{rel}","templated":true}]}}