{"id":4508,"date":"2022-02-06T13:59:38","date_gmt":"2022-02-06T12:59:38","guid":{"rendered":"https:\/\/platyphoto.com\/?post_type=product&#038;p=4508"},"modified":"2025-06-20T07:17:27","modified_gmt":"2025-06-20T05:17:27","slug":"panasonic-dvc-sweet-series-60-90min-ay-dvm60dn5","status":"publish","type":"product","link":"https:\/\/platyphoto.com\/en\/product\/panasonic-dvc-sweet-series-60-90min-ay-dvm60dn5\/","title":{"rendered":"Panasonic DVC Sweet Series 60\/90min AY-DVM60DN5"},"content":{"rendered":"<p>Marque : Panasonic<\/p>\n<p>R\u00e9f\u00e9rence : AY-DVM60DN5<\/p>\n<p>Format : Mini DV<\/p>\n<p>Dur\u00e9e : SP : 60 minutes \/ LP : 90 minutes<\/p>\n<p>Lot de 5 cassettes Mini DV, neuves sous blister.<\/p>\n<p>S\u00e9rie Sweet s\u00e9ries avec 5 cassettes de couleurs diff\u00e9rentes.<\/p>","protected":false},"excerpt":{"rendered":"<p>Marque : Panasonic R\u00e9f\u00e9rence : AY-DVM60DN5 Format : Mini DV Dur\u00e9e : SP : 60 minutes \/ LP : 90 minutes Lot de 5 cassettes Mini DV, neuves sous blister. S\u00e9rie Sweet s\u00e9ries avec 5 cassettes de couleurs diff\u00e9rentes.<\/p>","protected":false},"featured_media":4511,"template":"","meta":{"_coblocks_attr":"","_coblocks_dimensions":"","_coblocks_responsive_height":"","_coblocks_accordion_ie_support":"","_crdt_document":"","jetpack_post_was_ever_published":false,"jetpack_publicize_message":"","jetpack_publicize_feature_enabled":true,"jetpack_social_post_already_shared":true,"jetpack_social_options":{"image_generator_settings":{"template":"highway","default_image_id":0,"font":"","enabled":false},"version":2},"_wpas_customize_per_network":false},"product_brand":[],"product_cat":[6550],"product_tag":[],"class_list":{"0":"post-4508","1":"product","2":"type-product","3":"status-publish","4":"has-post-thumbnail","6":"product_cat-hall-of-fame-2","8":"first","9":"outofstock","10":"shipping-taxable","11":"purchasable","12":"product-type-simple"},"yoast_head":"<!-- This site is optimized with the Yoast SEO plugin v27.3 - https:\/\/yoast.com\/product\/yoast-seo-wordpress\/ -->\n<title>Panasonic DVC Sweet Series 60\/90min AY-DVM60DN5 - Platyphoto<\/title>\n<meta name=\"robots\" content=\"index, follow, max-snippet:-1, max-image-preview:large, max-video-preview:-1\" \/>\n<link rel=\"canonical\" href=\"https:\/\/platyphoto.com\/en\/product\/panasonic-dvc-sweet-series-60-90min-ay-dvm60dn5\/\" \/>\n<meta property=\"og:locale\" content=\"en_US\" \/>\n<meta property=\"og:type\" content=\"article\" \/>\n<meta property=\"og:title\" content=\"Panasonic DVC Sweet Series 60\/90min AY-DVM60DN5 - Platyphoto\" \/>\n<meta property=\"og:description\" content=\"Marque : Panasonic R\u00e9f\u00e9rence : AY-DVM60DN5 Format : Mini DV Dur\u00e9e : SP : 60 minutes \/ LP : 90 minutes Lot de 5 cassettes Mini DV, neuves sous blister. S\u00e9rie Sweet s\u00e9ries avec 5 cassettes de couleurs diff\u00e9rentes.\" \/>\n<meta property=\"og:url\" content=\"https:\/\/platyphoto.com\/en\/product\/panasonic-dvc-sweet-series-60-90min-ay-dvm60dn5\/\" \/>\n<meta property=\"og:site_name\" content=\"Platyphoto\" \/>\n<meta property=\"article:modified_time\" content=\"2025-06-20T05:17:27+00:00\" \/>\n<meta property=\"og:image\" content=\"https:\/\/platyphoto.com\/wp-content\/uploads\/2022\/02\/Panasonic-Sweet-Series-5.jpg\" \/>\n\t<meta property=\"og:image:width\" content=\"2864\" \/>\n\t<meta property=\"og:image:height\" content=\"1902\" \/>\n\t<meta property=\"og:image:type\" content=\"image\/jpeg\" \/>\n<meta name=\"twitter:card\" content=\"summary_large_image\" \/>\n<script type=\"application\/ld+json\" class=\"yoast-schema-graph\">{\"@context\":\"https:\\\/\\\/schema.org\",\"@graph\":[{\"@type\":\"WebPage\",\"@id\":\"https:\\\/\\\/platyphoto.com\\\/produit\\\/panasonic-dvc-sweet-series-60-90min-ay-dvm60dn5\\\/\",\"url\":\"https:\\\/\\\/platyphoto.com\\\/produit\\\/panasonic-dvc-sweet-series-60-90min-ay-dvm60dn5\\\/\",\"name\":\"Panasonic DVC Sweet Series 60\\\/90min AY-DVM60DN5 - Platyphoto\",\"isPartOf\":{\"@id\":\"https:\\\/\\\/platyphoto.com\\\/#website\"},\"primaryImageOfPage\":{\"@id\":\"https:\\\/\\\/platyphoto.com\\\/produit\\\/panasonic-dvc-sweet-series-60-90min-ay-dvm60dn5\\\/#primaryimage\"},\"image\":{\"@id\":\"https:\\\/\\\/platyphoto.com\\\/produit\\\/panasonic-dvc-sweet-series-60-90min-ay-dvm60dn5\\\/#primaryimage\"},\"thumbnailUrl\":\"https:\\\/\\\/i0.wp.com\\\/platyphoto.com\\\/wp-content\\\/uploads\\\/2022\\\/02\\\/Panasonic-Sweet-Series-5.jpg?fit=2864%2C1902&ssl=1\",\"datePublished\":\"2022-02-06T12:59:38+00:00\",\"dateModified\":\"2025-06-20T05:17:27+00:00\",\"breadcrumb\":{\"@id\":\"https:\\\/\\\/platyphoto.com\\\/produit\\\/panasonic-dvc-sweet-series-60-90min-ay-dvm60dn5\\\/#breadcrumb\"},\"inLanguage\":\"en-US\",\"potentialAction\":[{\"@type\":\"ReadAction\",\"target\":[\"https:\\\/\\\/platyphoto.com\\\/produit\\\/panasonic-dvc-sweet-series-60-90min-ay-dvm60dn5\\\/\"]}]},{\"@type\":\"ImageObject\",\"inLanguage\":\"en-US\",\"@id\":\"https:\\\/\\\/platyphoto.com\\\/produit\\\/panasonic-dvc-sweet-series-60-90min-ay-dvm60dn5\\\/#primaryimage\",\"url\":\"https:\\\/\\\/i0.wp.com\\\/platyphoto.com\\\/wp-content\\\/uploads\\\/2022\\\/02\\\/Panasonic-Sweet-Series-5.jpg?fit=2864%2C1902&ssl=1\",\"contentUrl\":\"https:\\\/\\\/i0.wp.com\\\/platyphoto.com\\\/wp-content\\\/uploads\\\/2022\\\/02\\\/Panasonic-Sweet-Series-5.jpg?fit=2864%2C1902&ssl=1\",\"width\":2864,\"height\":1902,\"caption\":\"Panasonic DVC Sweet Series 60\\\/90min AY-DVM60DN5\"},{\"@type\":\"BreadcrumbList\",\"@id\":\"https:\\\/\\\/platyphoto.com\\\/produit\\\/panasonic-dvc-sweet-series-60-90min-ay-dvm60dn5\\\/#breadcrumb\",\"itemListElement\":[{\"@type\":\"ListItem\",\"position\":1,\"name\":\"Accueil\",\"item\":\"https:\\\/\\\/platyphoto.com\\\/\"},{\"@type\":\"ListItem\",\"position\":2,\"name\":\"Boutique\",\"item\":\"https:\\\/\\\/platyphoto.com\\\/boutique\\\/\"},{\"@type\":\"ListItem\",\"position\":3,\"name\":\"Panasonic DVC Sweet Series 60\\\/90min AY-DVM60DN5\"}]},{\"@type\":\"WebSite\",\"@id\":\"https:\\\/\\\/platyphoto.com\\\/#website\",\"url\":\"https:\\\/\\\/platyphoto.com\\\/\",\"name\":\"Platyphoto\",\"description\":\"Appareils photos argentiques, objectifs et accessoires de qualit\u00e9.\",\"publisher\":{\"@id\":\"https:\\\/\\\/platyphoto.com\\\/#organization\"},\"potentialAction\":[{\"@type\":\"SearchAction\",\"target\":{\"@type\":\"EntryPoint\",\"urlTemplate\":\"https:\\\/\\\/platyphoto.com\\\/?s={search_term_string}\"},\"query-input\":{\"@type\":\"PropertyValueSpecification\",\"valueRequired\":true,\"valueName\":\"search_term_string\"}}],\"inLanguage\":\"en-US\"},{\"@type\":\"Organization\",\"@id\":\"https:\\\/\\\/platyphoto.com\\\/#organization\",\"name\":\"Platyphoto\",\"alternateName\":\"Platyphoto\",\"url\":\"https:\\\/\\\/platyphoto.com\\\/\",\"logo\":{\"@type\":\"ImageObject\",\"inLanguage\":\"en-US\",\"@id\":\"https:\\\/\\\/platyphoto.com\\\/#\\\/schema\\\/logo\\\/image\\\/\",\"url\":\"https:\\\/\\\/i0.wp.com\\\/platyphoto.com\\\/wp-content\\\/uploads\\\/2020\\\/11\\\/cropped-header.jpg?fit=1500%2C282&ssl=1\",\"contentUrl\":\"https:\\\/\\\/i0.wp.com\\\/platyphoto.com\\\/wp-content\\\/uploads\\\/2020\\\/11\\\/cropped-header.jpg?fit=1500%2C282&ssl=1\",\"width\":1500,\"height\":282,\"caption\":\"Platyphoto\"},\"image\":{\"@id\":\"https:\\\/\\\/platyphoto.com\\\/#\\\/schema\\\/logo\\\/image\\\/\"},\"sameAs\":[\"https:\\\/\\\/www.instagram.com\\\/platyphoto\\\/\"]}]}<\/script>\n<!-- \/ Yoast SEO plugin. -->","yoast_head_json":{"title":"Panasonic DVC Sweet Series 60\/90min AY-DVM60DN5 - Platyphoto","robots":{"index":"index","follow":"follow","max-snippet":"max-snippet:-1","max-image-preview":"max-image-preview:large","max-video-preview":"max-video-preview:-1"},"canonical":"https:\/\/platyphoto.com\/en\/product\/panasonic-dvc-sweet-series-60-90min-ay-dvm60dn5\/","og_locale":"en_US","og_type":"article","og_title":"Panasonic DVC Sweet Series 60\/90min AY-DVM60DN5 - Platyphoto","og_description":"Marque : Panasonic R\u00e9f\u00e9rence : AY-DVM60DN5 Format : Mini DV Dur\u00e9e : SP : 60 minutes \/ LP : 90 minutes Lot de 5 cassettes Mini DV, neuves sous blister. S\u00e9rie Sweet s\u00e9ries avec 5 cassettes de couleurs diff\u00e9rentes.","og_url":"https:\/\/platyphoto.com\/en\/product\/panasonic-dvc-sweet-series-60-90min-ay-dvm60dn5\/","og_site_name":"Platyphoto","article_modified_time":"2025-06-20T05:17:27+00:00","og_image":[{"width":2864,"height":1902,"url":"https:\/\/platyphoto.com\/wp-content\/uploads\/2022\/02\/Panasonic-Sweet-Series-5.jpg","type":"image\/jpeg"}],"twitter_card":"summary_large_image","schema":{"@context":"https:\/\/schema.org","@graph":[{"@type":"WebPage","@id":"https:\/\/platyphoto.com\/produit\/panasonic-dvc-sweet-series-60-90min-ay-dvm60dn5\/","url":"https:\/\/platyphoto.com\/produit\/panasonic-dvc-sweet-series-60-90min-ay-dvm60dn5\/","name":"Panasonic DVC Sweet Series 60\/90min AY-DVM60DN5 - Platyphoto","isPartOf":{"@id":"https:\/\/platyphoto.com\/#website"},"primaryImageOfPage":{"@id":"https:\/\/platyphoto.com\/produit\/panasonic-dvc-sweet-series-60-90min-ay-dvm60dn5\/#primaryimage"},"image":{"@id":"https:\/\/platyphoto.com\/produit\/panasonic-dvc-sweet-series-60-90min-ay-dvm60dn5\/#primaryimage"},"thumbnailUrl":"https:\/\/i0.wp.com\/platyphoto.com\/wp-content\/uploads\/2022\/02\/Panasonic-Sweet-Series-5.jpg?fit=2864%2C1902&ssl=1","datePublished":"2022-02-06T12:59:38+00:00","dateModified":"2025-06-20T05:17:27+00:00","breadcrumb":{"@id":"https:\/\/platyphoto.com\/produit\/panasonic-dvc-sweet-series-60-90min-ay-dvm60dn5\/#breadcrumb"},"inLanguage":"en-US","potentialAction":[{"@type":"ReadAction","target":["https:\/\/platyphoto.com\/produit\/panasonic-dvc-sweet-series-60-90min-ay-dvm60dn5\/"]}]},{"@type":"ImageObject","inLanguage":"en-US","@id":"https:\/\/platyphoto.com\/produit\/panasonic-dvc-sweet-series-60-90min-ay-dvm60dn5\/#primaryimage","url":"https:\/\/i0.wp.com\/platyphoto.com\/wp-content\/uploads\/2022\/02\/Panasonic-Sweet-Series-5.jpg?fit=2864%2C1902&ssl=1","contentUrl":"https:\/\/i0.wp.com\/platyphoto.com\/wp-content\/uploads\/2022\/02\/Panasonic-Sweet-Series-5.jpg?fit=2864%2C1902&ssl=1","width":2864,"height":1902,"caption":"Panasonic DVC Sweet Series 60\/90min AY-DVM60DN5"},{"@type":"BreadcrumbList","@id":"https:\/\/platyphoto.com\/produit\/panasonic-dvc-sweet-series-60-90min-ay-dvm60dn5\/#breadcrumb","itemListElement":[{"@type":"ListItem","position":1,"name":"Accueil","item":"https:\/\/platyphoto.com\/"},{"@type":"ListItem","position":2,"name":"Boutique","item":"https:\/\/platyphoto.com\/boutique\/"},{"@type":"ListItem","position":3,"name":"Panasonic DVC Sweet Series 60\/90min AY-DVM60DN5"}]},{"@type":"WebSite","@id":"https:\/\/platyphoto.com\/#website","url":"https:\/\/platyphoto.com\/","name":"Platyphoto","description":"Appareils photos argentiques, objectifs et accessoires de qualit\u00e9.","publisher":{"@id":"https:\/\/platyphoto.com\/#organization"},"potentialAction":[{"@type":"SearchAction","target":{"@type":"EntryPoint","urlTemplate":"https:\/\/platyphoto.com\/?s={search_term_string}"},"query-input":{"@type":"PropertyValueSpecification","valueRequired":true,"valueName":"search_term_string"}}],"inLanguage":"en-US"},{"@type":"Organization","@id":"https:\/\/platyphoto.com\/#organization","name":"Platyphoto","alternateName":"Platyphoto","url":"https:\/\/platyphoto.com\/","logo":{"@type":"ImageObject","inLanguage":"en-US","@id":"https:\/\/platyphoto.com\/#\/schema\/logo\/image\/","url":"https:\/\/i0.wp.com\/platyphoto.com\/wp-content\/uploads\/2020\/11\/cropped-header.jpg?fit=1500%2C282&ssl=1","contentUrl":"https:\/\/i0.wp.com\/platyphoto.com\/wp-content\/uploads\/2020\/11\/cropped-header.jpg?fit=1500%2C282&ssl=1","width":1500,"height":282,"caption":"Platyphoto"},"image":{"@id":"https:\/\/platyphoto.com\/#\/schema\/logo\/image\/"},"sameAs":["https:\/\/www.instagram.com\/platyphoto\/"]}]}},"jetpack_publicize_connections":[],"jetpack_likes_enabled":false,"jetpack_sharing_enabled":true,"_links":{"self":[{"href":"https:\/\/platyphoto.com\/en\/wp-json\/wp\/v2\/product\/4508","targetHints":{"allow":["GET"]}}],"collection":[{"href":"https:\/\/platyphoto.com\/en\/wp-json\/wp\/v2\/product"}],"about":[{"href":"https:\/\/platyphoto.com\/en\/wp-json\/wp\/v2\/types\/product"}],"wp:featuredmedia":[{"embeddable":true,"href":"https:\/\/platyphoto.com\/en\/wp-json\/wp\/v2\/media\/4511"}],"wp:attachment":[{"href":"https:\/\/platyphoto.com\/en\/wp-json\/wp\/v2\/media?parent=4508"}],"wp:term":[{"taxonomy":"product_brand","embeddable":true,"href":"https:\/\/platyphoto.com\/en\/wp-json\/wp\/v2\/product_brand?post=4508"},{"taxonomy":"product_cat","embeddable":true,"href":"https:\/\/platyphoto.com\/en\/wp-json\/wp\/v2\/product_cat?post=4508"},{"taxonomy":"product_tag","embeddable":true,"href":"https:\/\/platyphoto.com\/en\/wp-json\/wp\/v2\/product_tag?post=4508"}],"curies":[{"name":"wp","href":"https:\/\/api.w.org\/{rel}","templated":true}]}}