{"id":5890,"date":"2022-09-15T10:32:46","date_gmt":"2022-09-15T08:32:46","guid":{"rendered":"https:\/\/platyphoto.com\/?post_type=product&#038;p=5890"},"modified":"2023-06-19T14:31:24","modified_gmt":"2023-06-19T12:31:24","slug":"canon-canonet-28-40mm-f2-8-creme-revise","status":"publish","type":"product","link":"https:\/\/platyphoto.com\/en\/product\/canon-canonet-28-40mm-f2-8-creme-revise\/","title":{"rendered":"Canon Canonet 28 40mm F:2.8 cr\u00e8me REVISE"},"content":{"rendered":"<p><strong>Boitier<\/strong> : Canon Canonet 28<\/p>\n<p><strong>Objectif (fixe)<\/strong> : 40mm F:2.8<\/p>\n<p><strong>Ann\u00e9e de production<\/strong> : A partir de 1971<\/p>\n<p><strong>Cellule<\/strong> : Oui<\/p>\n<p><strong>Batteries<\/strong> : 1 x type PX625<\/p>\n<p><strong>Indice de raret\u00e9 :<\/strong> Courant<\/p>\n<p>Un classique dans le domaine, un Best-Seller chez Platyphoto ! Et pour cause ! Ce petit t\u00e9l\u00e9m\u00e9trique \u00e0 tout de l\u2019appareil parfait pour ne pas se prendre la t\u00eate et shooter des images de qualit\u00e9s.<\/p>\n<p>Il fonctionne en full auto, l\u2019appareil vous dit dans le viseur quelle vitesse il choisit. Un mode flash est pr\u00e9sent o\u00f9 vous pourrez choisir la valeur du diaphragme, la vitesse sera alors bloqu\u00e9e \u00e0 1\/30e (vitesse synchro flash), attention, ce n&rsquo;est pas un mode manuel !<\/p>\n<p>Impossible de passer \u00e0 c\u00f4t\u00e9, le gainage de cet appareil \u00e0 \u00e9t\u00e9 refait, l\u2019ancien n\u2019a pas r\u00e9sist\u00e9 \u00e0 la r\u00e9vision de l\u2019appareil.<\/p>\n<p>100% fonctionnel, mise au point fluide, diaphragme, cellule et vitesses ok. Viseur clair et agr\u00e9able, t\u00e9l\u00e9m\u00e8tre bien cal\u00e9 et pr\u00e9cis. L\u00e9g\u00e8res traces d\u2019usages.<\/p>\n<p>Iso max 400.<\/p>\n<p>Mousses neuves. Vendu sans pile.<\/p>","protected":false},"excerpt":{"rendered":"<p>Boitier : Canon Canonet 28 Objectif (fixe) : 40mm F:2.8 Ann\u00e9e de production : A partir de 1971 Cellule : Oui Piles : 1 x type PX625 Indice de raret\u00e9 : Courant Un classique dans le domaine, un Best-Seller chez Platyphoto ! Et pour cause ! Ce petit t\u00e9l\u00e9m\u00e9trique \u00e0 tout de l\u2019appareil parfait pour [&hellip;]<\/p>\n","protected":false},"featured_media":5894,"template":"","meta":{"_coblocks_attr":"","_coblocks_dimensions":"","_coblocks_responsive_height":"","_coblocks_accordion_ie_support":"","_crdt_document":"","jetpack_post_was_ever_published":false,"jetpack_publicize_message":"","jetpack_publicize_feature_enabled":true,"jetpack_social_post_already_shared":true,"jetpack_social_options":{"image_generator_settings":{"template":"highway","default_image_id":0,"font":"","enabled":false},"version":2},"_wpas_customize_per_network":false},"product_brand":[],"product_cat":[6550],"product_tag":[],"class_list":{"0":"post-5890","1":"product","2":"type-product","3":"status-publish","4":"has-post-thumbnail","6":"product_cat-hall-of-fame-2","8":"first","9":"outofstock","10":"shipping-taxable","11":"purchasable","12":"product-type-simple"},"yoast_head":"<!-- This site is optimized with the Yoast SEO plugin v27.3 - https:\/\/yoast.com\/product\/yoast-seo-wordpress\/ -->\n<title>Canon Canonet 28 40mm F:2.8 cr\u00e8me REVISE - Platyphoto<\/title>\n<meta name=\"robots\" content=\"index, follow, max-snippet:-1, max-image-preview:large, max-video-preview:-1\" \/>\n<link rel=\"canonical\" href=\"https:\/\/platyphoto.com\/en\/product\/canon-canonet-28-40mm-f2-8-creme-revise\/\" \/>\n<meta property=\"og:locale\" content=\"en_US\" \/>\n<meta property=\"og:type\" content=\"article\" \/>\n<meta property=\"og:title\" content=\"Canon Canonet 28 40mm F:2.8 cr\u00e8me REVISE - Platyphoto\" \/>\n<meta property=\"og:description\" content=\"Boitier : Canon Canonet 28 Objectif (fixe) : 40mm F:2.8 Ann\u00e9e de production : A partir de 1971 Cellule : Oui Piles : 1 x type PX625 Indice de raret\u00e9 : Courant Un classique dans le domaine, un Best-Seller chez Platyphoto ! Et pour cause ! Ce petit t\u00e9l\u00e9m\u00e9trique \u00e0 tout de l\u2019appareil parfait pour [&hellip;]\" \/>\n<meta property=\"og:url\" content=\"https:\/\/platyphoto.com\/en\/product\/canon-canonet-28-40mm-f2-8-creme-revise\/\" \/>\n<meta property=\"og:site_name\" content=\"Platyphoto\" \/>\n<meta property=\"article:modified_time\" content=\"2023-06-19T12:31:24+00:00\" \/>\n<meta property=\"og:image\" content=\"https:\/\/platyphoto.com\/wp-content\/uploads\/2022\/09\/Canonet-28-creme-2-1024x680.jpg\" \/>\n\t<meta property=\"og:image:width\" content=\"1024\" \/>\n\t<meta property=\"og:image:height\" content=\"680\" \/>\n\t<meta property=\"og:image:type\" content=\"image\/jpeg\" \/>\n<meta name=\"twitter:card\" content=\"summary_large_image\" \/>\n<meta name=\"twitter:label1\" content=\"Est. reading time\" \/>\n\t<meta name=\"twitter:data1\" content=\"1 minute\" \/>\n<script type=\"application\/ld+json\" class=\"yoast-schema-graph\">{\"@context\":\"https:\\\/\\\/schema.org\",\"@graph\":[{\"@type\":\"WebPage\",\"@id\":\"https:\\\/\\\/platyphoto.com\\\/produit\\\/canon-canonet-28-40mm-f2-8-creme-revise\\\/\",\"url\":\"https:\\\/\\\/platyphoto.com\\\/produit\\\/canon-canonet-28-40mm-f2-8-creme-revise\\\/\",\"name\":\"Canon Canonet 28 40mm F:2.8 cr\u00e8me REVISE - Platyphoto\",\"isPartOf\":{\"@id\":\"https:\\\/\\\/platyphoto.com\\\/#website\"},\"primaryImageOfPage\":{\"@id\":\"https:\\\/\\\/platyphoto.com\\\/produit\\\/canon-canonet-28-40mm-f2-8-creme-revise\\\/#primaryimage\"},\"image\":{\"@id\":\"https:\\\/\\\/platyphoto.com\\\/produit\\\/canon-canonet-28-40mm-f2-8-creme-revise\\\/#primaryimage\"},\"thumbnailUrl\":\"https:\\\/\\\/i0.wp.com\\\/platyphoto.com\\\/wp-content\\\/uploads\\\/2022\\\/09\\\/Canonet-28-creme-2.jpg?fit=2552%2C1695&ssl=1\",\"datePublished\":\"2022-09-15T08:32:46+00:00\",\"dateModified\":\"2023-06-19T12:31:24+00:00\",\"breadcrumb\":{\"@id\":\"https:\\\/\\\/platyphoto.com\\\/produit\\\/canon-canonet-28-40mm-f2-8-creme-revise\\\/#breadcrumb\"},\"inLanguage\":\"en-US\",\"potentialAction\":[{\"@type\":\"ReadAction\",\"target\":[\"https:\\\/\\\/platyphoto.com\\\/produit\\\/canon-canonet-28-40mm-f2-8-creme-revise\\\/\"]}]},{\"@type\":\"ImageObject\",\"inLanguage\":\"en-US\",\"@id\":\"https:\\\/\\\/platyphoto.com\\\/produit\\\/canon-canonet-28-40mm-f2-8-creme-revise\\\/#primaryimage\",\"url\":\"https:\\\/\\\/i0.wp.com\\\/platyphoto.com\\\/wp-content\\\/uploads\\\/2022\\\/09\\\/Canonet-28-creme-2.jpg?fit=2552%2C1695&ssl=1\",\"contentUrl\":\"https:\\\/\\\/i0.wp.com\\\/platyphoto.com\\\/wp-content\\\/uploads\\\/2022\\\/09\\\/Canonet-28-creme-2.jpg?fit=2552%2C1695&ssl=1\",\"width\":2552,\"height\":1695,\"caption\":\"Canon Canonet 28 40mm F:2.8 cr\u00e8me REVISE\"},{\"@type\":\"BreadcrumbList\",\"@id\":\"https:\\\/\\\/platyphoto.com\\\/produit\\\/canon-canonet-28-40mm-f2-8-creme-revise\\\/#breadcrumb\",\"itemListElement\":[{\"@type\":\"ListItem\",\"position\":1,\"name\":\"Accueil\",\"item\":\"https:\\\/\\\/platyphoto.com\\\/\"},{\"@type\":\"ListItem\",\"position\":2,\"name\":\"Boutique\",\"item\":\"https:\\\/\\\/platyphoto.com\\\/boutique\\\/\"},{\"@type\":\"ListItem\",\"position\":3,\"name\":\"Canon Canonet 28 40mm F:2.8 cr\u00e8me REVISE\"}]},{\"@type\":\"WebSite\",\"@id\":\"https:\\\/\\\/platyphoto.com\\\/#website\",\"url\":\"https:\\\/\\\/platyphoto.com\\\/\",\"name\":\"Platyphoto\",\"description\":\"Appareils photos argentiques, objectifs et accessoires de qualit\u00e9.\",\"publisher\":{\"@id\":\"https:\\\/\\\/platyphoto.com\\\/#organization\"},\"potentialAction\":[{\"@type\":\"SearchAction\",\"target\":{\"@type\":\"EntryPoint\",\"urlTemplate\":\"https:\\\/\\\/platyphoto.com\\\/?s={search_term_string}\"},\"query-input\":{\"@type\":\"PropertyValueSpecification\",\"valueRequired\":true,\"valueName\":\"search_term_string\"}}],\"inLanguage\":\"en-US\"},{\"@type\":\"Organization\",\"@id\":\"https:\\\/\\\/platyphoto.com\\\/#organization\",\"name\":\"Platyphoto\",\"alternateName\":\"Platyphoto\",\"url\":\"https:\\\/\\\/platyphoto.com\\\/\",\"logo\":{\"@type\":\"ImageObject\",\"inLanguage\":\"en-US\",\"@id\":\"https:\\\/\\\/platyphoto.com\\\/#\\\/schema\\\/logo\\\/image\\\/\",\"url\":\"https:\\\/\\\/i0.wp.com\\\/platyphoto.com\\\/wp-content\\\/uploads\\\/2020\\\/11\\\/cropped-header.jpg?fit=1500%2C282&ssl=1\",\"contentUrl\":\"https:\\\/\\\/i0.wp.com\\\/platyphoto.com\\\/wp-content\\\/uploads\\\/2020\\\/11\\\/cropped-header.jpg?fit=1500%2C282&ssl=1\",\"width\":1500,\"height\":282,\"caption\":\"Platyphoto\"},\"image\":{\"@id\":\"https:\\\/\\\/platyphoto.com\\\/#\\\/schema\\\/logo\\\/image\\\/\"},\"sameAs\":[\"https:\\\/\\\/www.instagram.com\\\/platyphoto\\\/\"]}]}<\/script>\n<!-- \/ Yoast SEO plugin. -->","yoast_head_json":{"title":"Canon Canonet 28 40mm F:2.8 cr\u00e8me REVISE - Platyphoto","robots":{"index":"index","follow":"follow","max-snippet":"max-snippet:-1","max-image-preview":"max-image-preview:large","max-video-preview":"max-video-preview:-1"},"canonical":"https:\/\/platyphoto.com\/en\/product\/canon-canonet-28-40mm-f2-8-creme-revise\/","og_locale":"en_US","og_type":"article","og_title":"Canon Canonet 28 40mm F:2.8 cr\u00e8me REVISE - Platyphoto","og_description":"Boitier : Canon Canonet 28 Objectif (fixe) : 40mm F:2.8 Ann\u00e9e de production : A partir de 1971 Cellule : Oui Piles : 1 x type PX625 Indice de raret\u00e9 : Courant Un classique dans le domaine, un Best-Seller chez Platyphoto ! Et pour cause ! Ce petit t\u00e9l\u00e9m\u00e9trique \u00e0 tout de l\u2019appareil parfait pour [&hellip;]","og_url":"https:\/\/platyphoto.com\/en\/product\/canon-canonet-28-40mm-f2-8-creme-revise\/","og_site_name":"Platyphoto","article_modified_time":"2023-06-19T12:31:24+00:00","og_image":[{"width":1024,"height":680,"url":"https:\/\/platyphoto.com\/wp-content\/uploads\/2022\/09\/Canonet-28-creme-2-1024x680.jpg","type":"image\/jpeg"}],"twitter_card":"summary_large_image","twitter_misc":{"Est. reading time":"1 minute"},"schema":{"@context":"https:\/\/schema.org","@graph":[{"@type":"WebPage","@id":"https:\/\/platyphoto.com\/produit\/canon-canonet-28-40mm-f2-8-creme-revise\/","url":"https:\/\/platyphoto.com\/produit\/canon-canonet-28-40mm-f2-8-creme-revise\/","name":"Canon Canonet 28 40mm F:2.8 cr\u00e8me REVISE - Platyphoto","isPartOf":{"@id":"https:\/\/platyphoto.com\/#website"},"primaryImageOfPage":{"@id":"https:\/\/platyphoto.com\/produit\/canon-canonet-28-40mm-f2-8-creme-revise\/#primaryimage"},"image":{"@id":"https:\/\/platyphoto.com\/produit\/canon-canonet-28-40mm-f2-8-creme-revise\/#primaryimage"},"thumbnailUrl":"https:\/\/i0.wp.com\/platyphoto.com\/wp-content\/uploads\/2022\/09\/Canonet-28-creme-2.jpg?fit=2552%2C1695&ssl=1","datePublished":"2022-09-15T08:32:46+00:00","dateModified":"2023-06-19T12:31:24+00:00","breadcrumb":{"@id":"https:\/\/platyphoto.com\/produit\/canon-canonet-28-40mm-f2-8-creme-revise\/#breadcrumb"},"inLanguage":"en-US","potentialAction":[{"@type":"ReadAction","target":["https:\/\/platyphoto.com\/produit\/canon-canonet-28-40mm-f2-8-creme-revise\/"]}]},{"@type":"ImageObject","inLanguage":"en-US","@id":"https:\/\/platyphoto.com\/produit\/canon-canonet-28-40mm-f2-8-creme-revise\/#primaryimage","url":"https:\/\/i0.wp.com\/platyphoto.com\/wp-content\/uploads\/2022\/09\/Canonet-28-creme-2.jpg?fit=2552%2C1695&ssl=1","contentUrl":"https:\/\/i0.wp.com\/platyphoto.com\/wp-content\/uploads\/2022\/09\/Canonet-28-creme-2.jpg?fit=2552%2C1695&ssl=1","width":2552,"height":1695,"caption":"Canon Canonet 28 40mm F:2.8 cr\u00e8me REVISE"},{"@type":"BreadcrumbList","@id":"https:\/\/platyphoto.com\/produit\/canon-canonet-28-40mm-f2-8-creme-revise\/#breadcrumb","itemListElement":[{"@type":"ListItem","position":1,"name":"Accueil","item":"https:\/\/platyphoto.com\/"},{"@type":"ListItem","position":2,"name":"Boutique","item":"https:\/\/platyphoto.com\/boutique\/"},{"@type":"ListItem","position":3,"name":"Canon Canonet 28 40mm F:2.8 cr\u00e8me REVISE"}]},{"@type":"WebSite","@id":"https:\/\/platyphoto.com\/#website","url":"https:\/\/platyphoto.com\/","name":"Platyphoto","description":"Appareils photos argentiques, objectifs et accessoires de qualit\u00e9.","publisher":{"@id":"https:\/\/platyphoto.com\/#organization"},"potentialAction":[{"@type":"SearchAction","target":{"@type":"EntryPoint","urlTemplate":"https:\/\/platyphoto.com\/?s={search_term_string}"},"query-input":{"@type":"PropertyValueSpecification","valueRequired":true,"valueName":"search_term_string"}}],"inLanguage":"en-US"},{"@type":"Organization","@id":"https:\/\/platyphoto.com\/#organization","name":"Platyphoto","alternateName":"Platyphoto","url":"https:\/\/platyphoto.com\/","logo":{"@type":"ImageObject","inLanguage":"en-US","@id":"https:\/\/platyphoto.com\/#\/schema\/logo\/image\/","url":"https:\/\/i0.wp.com\/platyphoto.com\/wp-content\/uploads\/2020\/11\/cropped-header.jpg?fit=1500%2C282&ssl=1","contentUrl":"https:\/\/i0.wp.com\/platyphoto.com\/wp-content\/uploads\/2020\/11\/cropped-header.jpg?fit=1500%2C282&ssl=1","width":1500,"height":282,"caption":"Platyphoto"},"image":{"@id":"https:\/\/platyphoto.com\/#\/schema\/logo\/image\/"},"sameAs":["https:\/\/www.instagram.com\/platyphoto\/"]}]}},"jetpack_publicize_connections":[],"jetpack_likes_enabled":false,"jetpack_sharing_enabled":true,"_links":{"self":[{"href":"https:\/\/platyphoto.com\/en\/wp-json\/wp\/v2\/product\/5890","targetHints":{"allow":["GET"]}}],"collection":[{"href":"https:\/\/platyphoto.com\/en\/wp-json\/wp\/v2\/product"}],"about":[{"href":"https:\/\/platyphoto.com\/en\/wp-json\/wp\/v2\/types\/product"}],"wp:featuredmedia":[{"embeddable":true,"href":"https:\/\/platyphoto.com\/en\/wp-json\/wp\/v2\/media\/5894"}],"wp:attachment":[{"href":"https:\/\/platyphoto.com\/en\/wp-json\/wp\/v2\/media?parent=5890"}],"wp:term":[{"taxonomy":"product_brand","embeddable":true,"href":"https:\/\/platyphoto.com\/en\/wp-json\/wp\/v2\/product_brand?post=5890"},{"taxonomy":"product_cat","embeddable":true,"href":"https:\/\/platyphoto.com\/en\/wp-json\/wp\/v2\/product_cat?post=5890"},{"taxonomy":"product_tag","embeddable":true,"href":"https:\/\/platyphoto.com\/en\/wp-json\/wp\/v2\/product_tag?post=5890"}],"curies":[{"name":"wp","href":"https:\/\/api.w.org\/{rel}","templated":true}]}}