{"id":6022,"date":"2022-09-27T21:47:30","date_gmt":"2022-09-27T19:47:30","guid":{"rendered":"https:\/\/platyphoto.com\/?post_type=product&#038;p=6022"},"modified":"2025-11-16T22:03:38","modified_gmt":"2025-11-16T21:03:38","slug":"boyer-paris-beryl-180mm-f6-8-agrandissement","status":"publish","type":"product","link":"https:\/\/platyphoto.com\/en\/product\/boyer-paris-beryl-180mm-f6-8-agrandissement\/","title":{"rendered":"Boyer Paris Beryl 180mm F:6.8 (agrandissement)"},"content":{"rendered":"<p><strong>Marque<\/strong> : Boyer Paris<\/p>\n<p><strong>Mod\u00e8le<\/strong> : Beryl 180mm F:6.8<\/p>\n<p><strong>Monture : <\/strong>39mm<\/p>\n<p>Objectif pour agrandisseur en monture diam\u00e8tre 39mm.<\/p>\n<p>Bel \u00e9tat g\u00e9n\u00e9ral, quelques micro poussi\u00e8res sans incidence sur le fonctionnement de l&rsquo;objectif. Diaphragme ok.<\/p>","protected":false},"excerpt":{"rendered":"<p>Marque : Boyer Paris Mod\u00e8le : Beryl 180mm F:6.8 Monture : 39mm Objectif pour agrandisseur en monture diam\u00e8tre 39mm. Bel \u00e9tat g\u00e9n\u00e9ral, quelques micro poussi\u00e8res sans incidence sur le fonctionnement de l&rsquo;objectif. Diaphragme ok.<\/p>","protected":false},"featured_media":6029,"template":"","meta":{"_coblocks_attr":"","_coblocks_dimensions":"","_coblocks_responsive_height":"","_coblocks_accordion_ie_support":"","_crdt_document":"","jetpack_post_was_ever_published":false,"jetpack_publicize_message":"","jetpack_publicize_feature_enabled":true,"jetpack_social_post_already_shared":true,"jetpack_social_options":{"image_generator_settings":{"template":"highway","default_image_id":0,"font":"","enabled":false},"version":2},"_wpas_customize_per_network":false},"product_brand":[],"product_cat":[6400,6366],"product_tag":[],"class_list":{"0":"post-6022","1":"product","2":"type-product","3":"status-publish","4":"has-post-thumbnail","6":"product_cat-agrandisseur","7":"product_cat-objectifs","9":"first","10":"outofstock","11":"shipping-taxable","12":"purchasable","13":"product-type-simple"},"yoast_head":"<!-- This site is optimized with the Yoast SEO plugin v27.3 - https:\/\/yoast.com\/product\/yoast-seo-wordpress\/ -->\n<title>Boyer Paris Beryl 180mm F:6.8 (agrandissement) - Platyphoto<\/title>\n<meta name=\"robots\" content=\"index, follow, max-snippet:-1, max-image-preview:large, max-video-preview:-1\" \/>\n<link rel=\"canonical\" href=\"https:\/\/platyphoto.com\/en\/product\/boyer-paris-beryl-180mm-f6-8-agrandissement\/\" \/>\n<meta property=\"og:locale\" content=\"en_US\" \/>\n<meta property=\"og:type\" content=\"article\" \/>\n<meta property=\"og:title\" content=\"Boyer Paris Beryl 180mm F:6.8 (agrandissement) - Platyphoto\" \/>\n<meta property=\"og:description\" content=\"Marque : Boyer Paris Mod\u00e8le : Beryl 180mm F:6.8 Monture : 39mm Objectif pour agrandisseur en monture diam\u00e8tre 39mm. Bel \u00e9tat g\u00e9n\u00e9ral, quelques micro poussi\u00e8res sans incidence sur le fonctionnement de l&rsquo;objectif. Diaphragme ok.\" \/>\n<meta property=\"og:url\" content=\"https:\/\/platyphoto.com\/en\/product\/boyer-paris-beryl-180mm-f6-8-agrandissement\/\" \/>\n<meta property=\"og:site_name\" content=\"Platyphoto\" \/>\n<meta property=\"article:modified_time\" content=\"2025-11-16T21:03:38+00:00\" \/>\n<meta property=\"og:image\" content=\"https:\/\/i0.wp.com\/platyphoto.com\/wp-content\/uploads\/2022\/09\/Boyer-Beryl-180mm-6.8.jpg?fit=1689%2C1122&ssl=1\" \/>\n\t<meta property=\"og:image:width\" content=\"1689\" \/>\n\t<meta property=\"og:image:height\" content=\"1122\" \/>\n\t<meta property=\"og:image:type\" content=\"image\/jpeg\" \/>\n<meta name=\"twitter:card\" content=\"summary_large_image\" \/>\n<script type=\"application\/ld+json\" class=\"yoast-schema-graph\">{\"@context\":\"https:\\\/\\\/schema.org\",\"@graph\":[{\"@type\":\"WebPage\",\"@id\":\"https:\\\/\\\/platyphoto.com\\\/produit\\\/boyer-paris-beryl-180mm-f6-8-agrandissement\\\/\",\"url\":\"https:\\\/\\\/platyphoto.com\\\/produit\\\/boyer-paris-beryl-180mm-f6-8-agrandissement\\\/\",\"name\":\"Boyer Paris Beryl 180mm F:6.8 (agrandissement) - Platyphoto\",\"isPartOf\":{\"@id\":\"https:\\\/\\\/platyphoto.com\\\/#website\"},\"primaryImageOfPage\":{\"@id\":\"https:\\\/\\\/platyphoto.com\\\/produit\\\/boyer-paris-beryl-180mm-f6-8-agrandissement\\\/#primaryimage\"},\"image\":{\"@id\":\"https:\\\/\\\/platyphoto.com\\\/produit\\\/boyer-paris-beryl-180mm-f6-8-agrandissement\\\/#primaryimage\"},\"thumbnailUrl\":\"https:\\\/\\\/i0.wp.com\\\/platyphoto.com\\\/wp-content\\\/uploads\\\/2022\\\/09\\\/Boyer-Beryl-180mm-6.8.jpg?fit=1689%2C1122&ssl=1\",\"datePublished\":\"2022-09-27T19:47:30+00:00\",\"dateModified\":\"2025-11-16T21:03:38+00:00\",\"breadcrumb\":{\"@id\":\"https:\\\/\\\/platyphoto.com\\\/produit\\\/boyer-paris-beryl-180mm-f6-8-agrandissement\\\/#breadcrumb\"},\"inLanguage\":\"en-US\",\"potentialAction\":[{\"@type\":\"ReadAction\",\"target\":[\"https:\\\/\\\/platyphoto.com\\\/produit\\\/boyer-paris-beryl-180mm-f6-8-agrandissement\\\/\"]}]},{\"@type\":\"ImageObject\",\"inLanguage\":\"en-US\",\"@id\":\"https:\\\/\\\/platyphoto.com\\\/produit\\\/boyer-paris-beryl-180mm-f6-8-agrandissement\\\/#primaryimage\",\"url\":\"https:\\\/\\\/i0.wp.com\\\/platyphoto.com\\\/wp-content\\\/uploads\\\/2022\\\/09\\\/Boyer-Beryl-180mm-6.8.jpg?fit=1689%2C1122&ssl=1\",\"contentUrl\":\"https:\\\/\\\/i0.wp.com\\\/platyphoto.com\\\/wp-content\\\/uploads\\\/2022\\\/09\\\/Boyer-Beryl-180mm-6.8.jpg?fit=1689%2C1122&ssl=1\",\"width\":1689,\"height\":1122,\"caption\":\"Boyer Paris Beryl 180mm F:6.8 (agrandissement)\"},{\"@type\":\"BreadcrumbList\",\"@id\":\"https:\\\/\\\/platyphoto.com\\\/produit\\\/boyer-paris-beryl-180mm-f6-8-agrandissement\\\/#breadcrumb\",\"itemListElement\":[{\"@type\":\"ListItem\",\"position\":1,\"name\":\"Accueil\",\"item\":\"https:\\\/\\\/platyphoto.com\\\/\"},{\"@type\":\"ListItem\",\"position\":2,\"name\":\"Boutique\",\"item\":\"https:\\\/\\\/platyphoto.com\\\/boutique\\\/\"},{\"@type\":\"ListItem\",\"position\":3,\"name\":\"Boyer Paris Beryl 180mm F:6.8 (agrandissement)\"}]},{\"@type\":\"WebSite\",\"@id\":\"https:\\\/\\\/platyphoto.com\\\/#website\",\"url\":\"https:\\\/\\\/platyphoto.com\\\/\",\"name\":\"Platyphoto\",\"description\":\"Appareils photos argentiques, objectifs et accessoires de qualit\u00e9.\",\"publisher\":{\"@id\":\"https:\\\/\\\/platyphoto.com\\\/#organization\"},\"potentialAction\":[{\"@type\":\"SearchAction\",\"target\":{\"@type\":\"EntryPoint\",\"urlTemplate\":\"https:\\\/\\\/platyphoto.com\\\/?s={search_term_string}\"},\"query-input\":{\"@type\":\"PropertyValueSpecification\",\"valueRequired\":true,\"valueName\":\"search_term_string\"}}],\"inLanguage\":\"en-US\"},{\"@type\":\"Organization\",\"@id\":\"https:\\\/\\\/platyphoto.com\\\/#organization\",\"name\":\"Platyphoto\",\"alternateName\":\"Platyphoto\",\"url\":\"https:\\\/\\\/platyphoto.com\\\/\",\"logo\":{\"@type\":\"ImageObject\",\"inLanguage\":\"en-US\",\"@id\":\"https:\\\/\\\/platyphoto.com\\\/#\\\/schema\\\/logo\\\/image\\\/\",\"url\":\"https:\\\/\\\/i0.wp.com\\\/platyphoto.com\\\/wp-content\\\/uploads\\\/2020\\\/11\\\/cropped-header.jpg?fit=1500%2C282&ssl=1\",\"contentUrl\":\"https:\\\/\\\/i0.wp.com\\\/platyphoto.com\\\/wp-content\\\/uploads\\\/2020\\\/11\\\/cropped-header.jpg?fit=1500%2C282&ssl=1\",\"width\":1500,\"height\":282,\"caption\":\"Platyphoto\"},\"image\":{\"@id\":\"https:\\\/\\\/platyphoto.com\\\/#\\\/schema\\\/logo\\\/image\\\/\"},\"sameAs\":[\"https:\\\/\\\/www.instagram.com\\\/platyphoto\\\/\"]}]}<\/script>\n<!-- \/ Yoast SEO plugin. -->","yoast_head_json":{"title":"Boyer Paris Beryl 180mm F:6.8 (agrandissement) - Platyphoto","robots":{"index":"index","follow":"follow","max-snippet":"max-snippet:-1","max-image-preview":"max-image-preview:large","max-video-preview":"max-video-preview:-1"},"canonical":"https:\/\/platyphoto.com\/en\/product\/boyer-paris-beryl-180mm-f6-8-agrandissement\/","og_locale":"en_US","og_type":"article","og_title":"Boyer Paris Beryl 180mm F:6.8 (agrandissement) - Platyphoto","og_description":"Marque : Boyer Paris Mod\u00e8le : Beryl 180mm F:6.8 Monture : 39mm Objectif pour agrandisseur en monture diam\u00e8tre 39mm. Bel \u00e9tat g\u00e9n\u00e9ral, quelques micro poussi\u00e8res sans incidence sur le fonctionnement de l&rsquo;objectif. Diaphragme ok.","og_url":"https:\/\/platyphoto.com\/en\/product\/boyer-paris-beryl-180mm-f6-8-agrandissement\/","og_site_name":"Platyphoto","article_modified_time":"2025-11-16T21:03:38+00:00","og_image":[{"width":1689,"height":1122,"url":"https:\/\/i0.wp.com\/platyphoto.com\/wp-content\/uploads\/2022\/09\/Boyer-Beryl-180mm-6.8.jpg?fit=1689%2C1122&ssl=1","type":"image\/jpeg"}],"twitter_card":"summary_large_image","schema":{"@context":"https:\/\/schema.org","@graph":[{"@type":"WebPage","@id":"https:\/\/platyphoto.com\/produit\/boyer-paris-beryl-180mm-f6-8-agrandissement\/","url":"https:\/\/platyphoto.com\/produit\/boyer-paris-beryl-180mm-f6-8-agrandissement\/","name":"Boyer Paris Beryl 180mm F:6.8 (agrandissement) - Platyphoto","isPartOf":{"@id":"https:\/\/platyphoto.com\/#website"},"primaryImageOfPage":{"@id":"https:\/\/platyphoto.com\/produit\/boyer-paris-beryl-180mm-f6-8-agrandissement\/#primaryimage"},"image":{"@id":"https:\/\/platyphoto.com\/produit\/boyer-paris-beryl-180mm-f6-8-agrandissement\/#primaryimage"},"thumbnailUrl":"https:\/\/i0.wp.com\/platyphoto.com\/wp-content\/uploads\/2022\/09\/Boyer-Beryl-180mm-6.8.jpg?fit=1689%2C1122&ssl=1","datePublished":"2022-09-27T19:47:30+00:00","dateModified":"2025-11-16T21:03:38+00:00","breadcrumb":{"@id":"https:\/\/platyphoto.com\/produit\/boyer-paris-beryl-180mm-f6-8-agrandissement\/#breadcrumb"},"inLanguage":"en-US","potentialAction":[{"@type":"ReadAction","target":["https:\/\/platyphoto.com\/produit\/boyer-paris-beryl-180mm-f6-8-agrandissement\/"]}]},{"@type":"ImageObject","inLanguage":"en-US","@id":"https:\/\/platyphoto.com\/produit\/boyer-paris-beryl-180mm-f6-8-agrandissement\/#primaryimage","url":"https:\/\/i0.wp.com\/platyphoto.com\/wp-content\/uploads\/2022\/09\/Boyer-Beryl-180mm-6.8.jpg?fit=1689%2C1122&ssl=1","contentUrl":"https:\/\/i0.wp.com\/platyphoto.com\/wp-content\/uploads\/2022\/09\/Boyer-Beryl-180mm-6.8.jpg?fit=1689%2C1122&ssl=1","width":1689,"height":1122,"caption":"Boyer Paris Beryl 180mm F:6.8 (agrandissement)"},{"@type":"BreadcrumbList","@id":"https:\/\/platyphoto.com\/produit\/boyer-paris-beryl-180mm-f6-8-agrandissement\/#breadcrumb","itemListElement":[{"@type":"ListItem","position":1,"name":"Accueil","item":"https:\/\/platyphoto.com\/"},{"@type":"ListItem","position":2,"name":"Boutique","item":"https:\/\/platyphoto.com\/boutique\/"},{"@type":"ListItem","position":3,"name":"Boyer Paris Beryl 180mm F:6.8 (agrandissement)"}]},{"@type":"WebSite","@id":"https:\/\/platyphoto.com\/#website","url":"https:\/\/platyphoto.com\/","name":"Platyphoto","description":"Appareils photos argentiques, objectifs et accessoires de qualit\u00e9.","publisher":{"@id":"https:\/\/platyphoto.com\/#organization"},"potentialAction":[{"@type":"SearchAction","target":{"@type":"EntryPoint","urlTemplate":"https:\/\/platyphoto.com\/?s={search_term_string}"},"query-input":{"@type":"PropertyValueSpecification","valueRequired":true,"valueName":"search_term_string"}}],"inLanguage":"en-US"},{"@type":"Organization","@id":"https:\/\/platyphoto.com\/#organization","name":"Platyphoto","alternateName":"Platyphoto","url":"https:\/\/platyphoto.com\/","logo":{"@type":"ImageObject","inLanguage":"en-US","@id":"https:\/\/platyphoto.com\/#\/schema\/logo\/image\/","url":"https:\/\/i0.wp.com\/platyphoto.com\/wp-content\/uploads\/2020\/11\/cropped-header.jpg?fit=1500%2C282&ssl=1","contentUrl":"https:\/\/i0.wp.com\/platyphoto.com\/wp-content\/uploads\/2020\/11\/cropped-header.jpg?fit=1500%2C282&ssl=1","width":1500,"height":282,"caption":"Platyphoto"},"image":{"@id":"https:\/\/platyphoto.com\/#\/schema\/logo\/image\/"},"sameAs":["https:\/\/www.instagram.com\/platyphoto\/"]}]}},"jetpack_publicize_connections":[],"jetpack_likes_enabled":false,"jetpack_sharing_enabled":true,"_links":{"self":[{"href":"https:\/\/platyphoto.com\/en\/wp-json\/wp\/v2\/product\/6022","targetHints":{"allow":["GET"]}}],"collection":[{"href":"https:\/\/platyphoto.com\/en\/wp-json\/wp\/v2\/product"}],"about":[{"href":"https:\/\/platyphoto.com\/en\/wp-json\/wp\/v2\/types\/product"}],"wp:featuredmedia":[{"embeddable":true,"href":"https:\/\/platyphoto.com\/en\/wp-json\/wp\/v2\/media\/6029"}],"wp:attachment":[{"href":"https:\/\/platyphoto.com\/en\/wp-json\/wp\/v2\/media?parent=6022"}],"wp:term":[{"taxonomy":"product_brand","embeddable":true,"href":"https:\/\/platyphoto.com\/en\/wp-json\/wp\/v2\/product_brand?post=6022"},{"taxonomy":"product_cat","embeddable":true,"href":"https:\/\/platyphoto.com\/en\/wp-json\/wp\/v2\/product_cat?post=6022"},{"taxonomy":"product_tag","embeddable":true,"href":"https:\/\/platyphoto.com\/en\/wp-json\/wp\/v2\/product_tag?post=6022"}],"curies":[{"name":"wp","href":"https:\/\/api.w.org\/{rel}","templated":true}]}}