{"id":6217,"date":"2022-10-07T13:39:00","date_gmt":"2022-10-07T11:39:00","guid":{"rendered":"https:\/\/platyphoto.com\/?post_type=product&#038;p=6217"},"modified":"2023-06-19T14:31:04","modified_gmt":"2023-06-19T12:31:04","slug":"krugener-taschenbuch-camera-rare-1890-book-camera","status":"publish","type":"product","link":"https:\/\/platyphoto.com\/en\/product\/krugener-taschenbuch-camera-rare-1890-book-camera\/","title":{"rendered":"Kr\u00fcgener Taschenbuch camera RARE 1890 (Book Camera)"},"content":{"rendered":"<div><span class=\"gvxzyvdx aeinzg81 t7p7dqev gh25dzvf tb6i94ri gupuyl1y i2onq4tn b6ax4al1 gem102v4 ncib64c9 mrvwc6qr sx8pxkcf f597kf1v cpcgwwas m2nijcs8 hxfwr5lz k1z55t6l oog5qr5w tes86rjd pbevjfx6\" dir=\"auto\">Exeptionnel et rare livre appareil photo : Taschenbuch camera de Kr\u00fcgener, fabrication entre 1886 et 1890.<br \/>\n<\/span><\/div>\n<div><span class=\"gvxzyvdx aeinzg81 t7p7dqev gh25dzvf tb6i94ri gupuyl1y i2onq4tn b6ax4al1 gem102v4 ncib64c9 mrvwc6qr sx8pxkcf f597kf1v cpcgwwas m2nijcs8 hxfwr5lz k1z55t6l oog5qr5w tes86rjd pbevjfx6\" dir=\"auto\">Version allemande. Etat tr\u00e8s moyen malheureusement, il manque quelques \u00e9l\u00e9ments, l\u2019appareil n&rsquo;est pas fonctionnel. Quelques chassis sont pr\u00e9sents.<\/span><\/div>\n<div><span class=\"gvxzyvdx aeinzg81 t7p7dqev gh25dzvf tb6i94ri gupuyl1y i2onq4tn b6ax4al1 gem102v4 ncib64c9 mrvwc6qr sx8pxkcf f597kf1v cpcgwwas m2nijcs8 hxfwr5lz k1z55t6l oog5qr5w tes86rjd pbevjfx6\" dir=\"auto\">Envoi avec assurance.<\/span><\/div>","protected":false},"excerpt":{"rendered":"<p>Exeptionnel et rare livre appareil photo : Taschenbuch camera de Kr\u00fcgener, fabrication entre 1886 et 1890. Version allemande. Etat tr\u00e8s moyen malheureusement, il manque quelques \u00e9l\u00e9ments, l\u2019appareil n&rsquo;est pas fonctionnel. Quelques chassis sont pr\u00e9sents. Envoi avec assurance.<\/p>","protected":false},"featured_media":6224,"template":"","meta":{"_coblocks_attr":"","_coblocks_dimensions":"","_coblocks_responsive_height":"","_coblocks_accordion_ie_support":"","_crdt_document":"","jetpack_post_was_ever_published":false,"jetpack_publicize_message":"","jetpack_publicize_feature_enabled":true,"jetpack_social_post_already_shared":true,"jetpack_social_options":{"image_generator_settings":{"template":"highway","default_image_id":0,"font":"","enabled":false},"version":2},"_wpas_customize_per_network":false},"product_brand":[],"product_cat":[6550],"product_tag":[],"class_list":{"0":"post-6217","1":"product","2":"type-product","3":"status-publish","4":"has-post-thumbnail","6":"product_cat-hall-of-fame-2","8":"first","9":"outofstock","10":"shipping-taxable","11":"purchasable","12":"product-type-simple"},"yoast_head":"<!-- This site is optimized with the Yoast SEO plugin v27.3 - https:\/\/yoast.com\/product\/yoast-seo-wordpress\/ -->\n<title>Kr\u00fcgener Taschenbuch camera RARE 1890 (Book Camera) - Platyphoto<\/title>\n<meta name=\"robots\" content=\"index, follow, max-snippet:-1, max-image-preview:large, max-video-preview:-1\" \/>\n<link rel=\"canonical\" href=\"https:\/\/platyphoto.com\/en\/product\/krugener-taschenbuch-camera-rare-1890-book-camera\/\" \/>\n<meta property=\"og:locale\" content=\"en_US\" \/>\n<meta property=\"og:type\" content=\"article\" \/>\n<meta property=\"og:title\" content=\"Kr\u00fcgener Taschenbuch camera RARE 1890 (Book Camera) - Platyphoto\" \/>\n<meta property=\"og:description\" content=\"Exeptionnel et rare livre appareil photo : Taschenbuch camera de Kr\u00fcgener, fabrication entre 1886 et 1890. Version allemande. Etat tr\u00e8s moyen malheureusement, il manque quelques \u00e9l\u00e9ments, l\u2019appareil n&rsquo;est pas fonctionnel. Quelques chassis sont pr\u00e9sents. Envoi avec assurance.\" \/>\n<meta property=\"og:url\" content=\"https:\/\/platyphoto.com\/en\/product\/krugener-taschenbuch-camera-rare-1890-book-camera\/\" \/>\n<meta property=\"og:site_name\" content=\"Platyphoto\" \/>\n<meta property=\"article:modified_time\" content=\"2023-06-19T12:31:04+00:00\" \/>\n<meta property=\"og:image\" content=\"https:\/\/platyphoto.com\/wp-content\/uploads\/2022\/10\/Kru\u0308gener-Taschenbuch-camera-7.jpg\" \/>\n\t<meta property=\"og:image:width\" content=\"3288\" \/>\n\t<meta property=\"og:image:height\" content=\"2184\" \/>\n\t<meta property=\"og:image:type\" content=\"image\/jpeg\" \/>\n<meta name=\"twitter:card\" content=\"summary_large_image\" \/>\n<script type=\"application\/ld+json\" class=\"yoast-schema-graph\">{\"@context\":\"https:\\\/\\\/schema.org\",\"@graph\":[{\"@type\":\"WebPage\",\"@id\":\"https:\\\/\\\/platyphoto.com\\\/produit\\\/krugener-taschenbuch-camera-rare-1890-book-camera\\\/\",\"url\":\"https:\\\/\\\/platyphoto.com\\\/produit\\\/krugener-taschenbuch-camera-rare-1890-book-camera\\\/\",\"name\":\"Kr\u00fcgener Taschenbuch camera RARE 1890 (Book Camera) - Platyphoto\",\"isPartOf\":{\"@id\":\"https:\\\/\\\/platyphoto.com\\\/#website\"},\"primaryImageOfPage\":{\"@id\":\"https:\\\/\\\/platyphoto.com\\\/produit\\\/krugener-taschenbuch-camera-rare-1890-book-camera\\\/#primaryimage\"},\"image\":{\"@id\":\"https:\\\/\\\/platyphoto.com\\\/produit\\\/krugener-taschenbuch-camera-rare-1890-book-camera\\\/#primaryimage\"},\"thumbnailUrl\":\"https:\\\/\\\/i0.wp.com\\\/platyphoto.com\\\/wp-content\\\/uploads\\\/2022\\\/10\\\/Kru%CC%88gener-Taschenbuch-camera-7.jpg?fit=3288%2C2184&ssl=1\",\"datePublished\":\"2022-10-07T11:39:00+00:00\",\"dateModified\":\"2023-06-19T12:31:04+00:00\",\"breadcrumb\":{\"@id\":\"https:\\\/\\\/platyphoto.com\\\/produit\\\/krugener-taschenbuch-camera-rare-1890-book-camera\\\/#breadcrumb\"},\"inLanguage\":\"en-US\",\"potentialAction\":[{\"@type\":\"ReadAction\",\"target\":[\"https:\\\/\\\/platyphoto.com\\\/produit\\\/krugener-taschenbuch-camera-rare-1890-book-camera\\\/\"]}]},{\"@type\":\"ImageObject\",\"inLanguage\":\"en-US\",\"@id\":\"https:\\\/\\\/platyphoto.com\\\/produit\\\/krugener-taschenbuch-camera-rare-1890-book-camera\\\/#primaryimage\",\"url\":\"https:\\\/\\\/i0.wp.com\\\/platyphoto.com\\\/wp-content\\\/uploads\\\/2022\\\/10\\\/Kru%CC%88gener-Taschenbuch-camera-7.jpg?fit=3288%2C2184&ssl=1\",\"contentUrl\":\"https:\\\/\\\/i0.wp.com\\\/platyphoto.com\\\/wp-content\\\/uploads\\\/2022\\\/10\\\/Kru%CC%88gener-Taschenbuch-camera-7.jpg?fit=3288%2C2184&ssl=1\",\"width\":3288,\"height\":2184,\"caption\":\"Kr\u00fcgener Taschenbuch camera RARE 1890 (Book Camera)\"},{\"@type\":\"BreadcrumbList\",\"@id\":\"https:\\\/\\\/platyphoto.com\\\/produit\\\/krugener-taschenbuch-camera-rare-1890-book-camera\\\/#breadcrumb\",\"itemListElement\":[{\"@type\":\"ListItem\",\"position\":1,\"name\":\"Accueil\",\"item\":\"https:\\\/\\\/platyphoto.com\\\/\"},{\"@type\":\"ListItem\",\"position\":2,\"name\":\"Boutique\",\"item\":\"https:\\\/\\\/platyphoto.com\\\/boutique\\\/\"},{\"@type\":\"ListItem\",\"position\":3,\"name\":\"Kr\u00fcgener Taschenbuch camera RARE 1890 (Book Camera)\"}]},{\"@type\":\"WebSite\",\"@id\":\"https:\\\/\\\/platyphoto.com\\\/#website\",\"url\":\"https:\\\/\\\/platyphoto.com\\\/\",\"name\":\"Platyphoto\",\"description\":\"Appareils photos argentiques, objectifs et accessoires de qualit\u00e9.\",\"publisher\":{\"@id\":\"https:\\\/\\\/platyphoto.com\\\/#organization\"},\"potentialAction\":[{\"@type\":\"SearchAction\",\"target\":{\"@type\":\"EntryPoint\",\"urlTemplate\":\"https:\\\/\\\/platyphoto.com\\\/?s={search_term_string}\"},\"query-input\":{\"@type\":\"PropertyValueSpecification\",\"valueRequired\":true,\"valueName\":\"search_term_string\"}}],\"inLanguage\":\"en-US\"},{\"@type\":\"Organization\",\"@id\":\"https:\\\/\\\/platyphoto.com\\\/#organization\",\"name\":\"Platyphoto\",\"alternateName\":\"Platyphoto\",\"url\":\"https:\\\/\\\/platyphoto.com\\\/\",\"logo\":{\"@type\":\"ImageObject\",\"inLanguage\":\"en-US\",\"@id\":\"https:\\\/\\\/platyphoto.com\\\/#\\\/schema\\\/logo\\\/image\\\/\",\"url\":\"https:\\\/\\\/i0.wp.com\\\/platyphoto.com\\\/wp-content\\\/uploads\\\/2020\\\/11\\\/cropped-header.jpg?fit=1500%2C282&ssl=1\",\"contentUrl\":\"https:\\\/\\\/i0.wp.com\\\/platyphoto.com\\\/wp-content\\\/uploads\\\/2020\\\/11\\\/cropped-header.jpg?fit=1500%2C282&ssl=1\",\"width\":1500,\"height\":282,\"caption\":\"Platyphoto\"},\"image\":{\"@id\":\"https:\\\/\\\/platyphoto.com\\\/#\\\/schema\\\/logo\\\/image\\\/\"},\"sameAs\":[\"https:\\\/\\\/www.instagram.com\\\/platyphoto\\\/\"]}]}<\/script>\n<!-- \/ Yoast SEO plugin. -->","yoast_head_json":{"title":"Kr\u00fcgener Taschenbuch camera RARE 1890 (Book Camera) - Platyphoto","robots":{"index":"index","follow":"follow","max-snippet":"max-snippet:-1","max-image-preview":"max-image-preview:large","max-video-preview":"max-video-preview:-1"},"canonical":"https:\/\/platyphoto.com\/en\/product\/krugener-taschenbuch-camera-rare-1890-book-camera\/","og_locale":"en_US","og_type":"article","og_title":"Kr\u00fcgener Taschenbuch camera RARE 1890 (Book Camera) - Platyphoto","og_description":"Exeptionnel et rare livre appareil photo : Taschenbuch camera de Kr\u00fcgener, fabrication entre 1886 et 1890. Version allemande. Etat tr\u00e8s moyen malheureusement, il manque quelques \u00e9l\u00e9ments, l\u2019appareil n&rsquo;est pas fonctionnel. Quelques chassis sont pr\u00e9sents. Envoi avec assurance.","og_url":"https:\/\/platyphoto.com\/en\/product\/krugener-taschenbuch-camera-rare-1890-book-camera\/","og_site_name":"Platyphoto","article_modified_time":"2023-06-19T12:31:04+00:00","og_image":[{"width":3288,"height":2184,"url":"https:\/\/platyphoto.com\/wp-content\/uploads\/2022\/10\/Kru\u0308gener-Taschenbuch-camera-7.jpg","type":"image\/jpeg"}],"twitter_card":"summary_large_image","schema":{"@context":"https:\/\/schema.org","@graph":[{"@type":"WebPage","@id":"https:\/\/platyphoto.com\/produit\/krugener-taschenbuch-camera-rare-1890-book-camera\/","url":"https:\/\/platyphoto.com\/produit\/krugener-taschenbuch-camera-rare-1890-book-camera\/","name":"Kr\u00fcgener Taschenbuch camera RARE 1890 (Book Camera) - Platyphoto","isPartOf":{"@id":"https:\/\/platyphoto.com\/#website"},"primaryImageOfPage":{"@id":"https:\/\/platyphoto.com\/produit\/krugener-taschenbuch-camera-rare-1890-book-camera\/#primaryimage"},"image":{"@id":"https:\/\/platyphoto.com\/produit\/krugener-taschenbuch-camera-rare-1890-book-camera\/#primaryimage"},"thumbnailUrl":"https:\/\/i0.wp.com\/platyphoto.com\/wp-content\/uploads\/2022\/10\/Kru%CC%88gener-Taschenbuch-camera-7.jpg?fit=3288%2C2184&ssl=1","datePublished":"2022-10-07T11:39:00+00:00","dateModified":"2023-06-19T12:31:04+00:00","breadcrumb":{"@id":"https:\/\/platyphoto.com\/produit\/krugener-taschenbuch-camera-rare-1890-book-camera\/#breadcrumb"},"inLanguage":"en-US","potentialAction":[{"@type":"ReadAction","target":["https:\/\/platyphoto.com\/produit\/krugener-taschenbuch-camera-rare-1890-book-camera\/"]}]},{"@type":"ImageObject","inLanguage":"en-US","@id":"https:\/\/platyphoto.com\/produit\/krugener-taschenbuch-camera-rare-1890-book-camera\/#primaryimage","url":"https:\/\/i0.wp.com\/platyphoto.com\/wp-content\/uploads\/2022\/10\/Kru%CC%88gener-Taschenbuch-camera-7.jpg?fit=3288%2C2184&ssl=1","contentUrl":"https:\/\/i0.wp.com\/platyphoto.com\/wp-content\/uploads\/2022\/10\/Kru%CC%88gener-Taschenbuch-camera-7.jpg?fit=3288%2C2184&ssl=1","width":3288,"height":2184,"caption":"Kr\u00fcgener Taschenbuch camera RARE 1890 (Book Camera)"},{"@type":"BreadcrumbList","@id":"https:\/\/platyphoto.com\/produit\/krugener-taschenbuch-camera-rare-1890-book-camera\/#breadcrumb","itemListElement":[{"@type":"ListItem","position":1,"name":"Accueil","item":"https:\/\/platyphoto.com\/"},{"@type":"ListItem","position":2,"name":"Boutique","item":"https:\/\/platyphoto.com\/boutique\/"},{"@type":"ListItem","position":3,"name":"Kr\u00fcgener Taschenbuch camera RARE 1890 (Book Camera)"}]},{"@type":"WebSite","@id":"https:\/\/platyphoto.com\/#website","url":"https:\/\/platyphoto.com\/","name":"Platyphoto","description":"Appareils photos argentiques, objectifs et accessoires de qualit\u00e9.","publisher":{"@id":"https:\/\/platyphoto.com\/#organization"},"potentialAction":[{"@type":"SearchAction","target":{"@type":"EntryPoint","urlTemplate":"https:\/\/platyphoto.com\/?s={search_term_string}"},"query-input":{"@type":"PropertyValueSpecification","valueRequired":true,"valueName":"search_term_string"}}],"inLanguage":"en-US"},{"@type":"Organization","@id":"https:\/\/platyphoto.com\/#organization","name":"Platyphoto","alternateName":"Platyphoto","url":"https:\/\/platyphoto.com\/","logo":{"@type":"ImageObject","inLanguage":"en-US","@id":"https:\/\/platyphoto.com\/#\/schema\/logo\/image\/","url":"https:\/\/i0.wp.com\/platyphoto.com\/wp-content\/uploads\/2020\/11\/cropped-header.jpg?fit=1500%2C282&ssl=1","contentUrl":"https:\/\/i0.wp.com\/platyphoto.com\/wp-content\/uploads\/2020\/11\/cropped-header.jpg?fit=1500%2C282&ssl=1","width":1500,"height":282,"caption":"Platyphoto"},"image":{"@id":"https:\/\/platyphoto.com\/#\/schema\/logo\/image\/"},"sameAs":["https:\/\/www.instagram.com\/platyphoto\/"]}]}},"jetpack_publicize_connections":[],"jetpack_likes_enabled":false,"jetpack_sharing_enabled":true,"_links":{"self":[{"href":"https:\/\/platyphoto.com\/en\/wp-json\/wp\/v2\/product\/6217","targetHints":{"allow":["GET"]}}],"collection":[{"href":"https:\/\/platyphoto.com\/en\/wp-json\/wp\/v2\/product"}],"about":[{"href":"https:\/\/platyphoto.com\/en\/wp-json\/wp\/v2\/types\/product"}],"wp:featuredmedia":[{"embeddable":true,"href":"https:\/\/platyphoto.com\/en\/wp-json\/wp\/v2\/media\/6224"}],"wp:attachment":[{"href":"https:\/\/platyphoto.com\/en\/wp-json\/wp\/v2\/media?parent=6217"}],"wp:term":[{"taxonomy":"product_brand","embeddable":true,"href":"https:\/\/platyphoto.com\/en\/wp-json\/wp\/v2\/product_brand?post=6217"},{"taxonomy":"product_cat","embeddable":true,"href":"https:\/\/platyphoto.com\/en\/wp-json\/wp\/v2\/product_cat?post=6217"},{"taxonomy":"product_tag","embeddable":true,"href":"https:\/\/platyphoto.com\/en\/wp-json\/wp\/v2\/product_tag?post=6217"}],"curies":[{"name":"wp","href":"https:\/\/api.w.org\/{rel}","templated":true}]}}