{"id":6851,"date":"2023-01-16T14:30:16","date_gmt":"2023-01-16T13:30:16","guid":{"rendered":"https:\/\/platyphoto.com\/?post_type=product&#038;p=6851"},"modified":"2023-12-10T18:42:53","modified_gmt":"2023-12-10T17:42:53","slug":"nikon-micro-nikkor-p-auto-55mm-f-3-5-notice-en-anglais-pdf","status":"publish","type":"product","link":"https:\/\/platyphoto.com\/en\/product\/nikon-micro-nikkor-p-auto-55mm-f-3-5-notice-en-anglais-pdf\/","title":{"rendered":"Nikon Micro-Nikkor-P Auto 55mm F-3.5 notice en anglais (PDF)"},"content":{"rendered":"<p>Notice mode d&#8217;emploi de Nikon Micro-Nikkor-P Auto 55mm F-3.5<\/p>\n<p>Langue : Anglais<\/p>\n<p>Nombre de pages : 23<\/p>\n<p>Vous pourrez t\u00e9l\u00e9charger le fichier apr\u00e8s paiement.<\/p>\n<p>Scan de haute qualit\u00e9.<\/p>","protected":false},"excerpt":{"rendered":"<p>Notice mode d&#8217;emploi de Nikon Micro-Nikkor-P Auto 55mm F-3.5 Langue : Anglais Nombre de pages : 23 Vous pourrez t\u00e9l\u00e9charger le fichier apr\u00e8s paiement. Scan de haute qualit\u00e9.<\/p>","protected":false},"featured_media":6854,"template":"","meta":{"_coblocks_attr":"","_coblocks_dimensions":"","_coblocks_responsive_height":"","_coblocks_accordion_ie_support":"","_crdt_document":"","jetpack_publicize_message":"","jetpack_publicize_feature_enabled":true,"jetpack_social_post_already_shared":true,"jetpack_social_options":{"image_generator_settings":{"template":"highway","default_image_id":0,"font":"","enabled":false},"version":2},"_wpas_customize_per_network":false},"product_brand":[],"product_cat":[6376,6532],"product_tag":[],"class_list":{"0":"post-6851","1":"product","2":"type-product","3":"status-publish","4":"has-post-thumbnail","6":"product_cat-accessoires-fr","7":"product_cat-notices","9":"first","10":"instock","11":"downloadable","12":"virtual","13":"purchasable","14":"product-type-simple"},"yoast_head":"<!-- This site is optimized with the Yoast SEO plugin v27.4 - https:\/\/yoast.com\/product\/yoast-seo-wordpress\/ -->\n<title>Nikon Micro-Nikkor-P Auto 55mm F-3.5 notice en anglais (PDF) - Platyphoto<\/title>\n<meta name=\"robots\" content=\"index, follow, max-snippet:-1, max-image-preview:large, max-video-preview:-1\" \/>\n<link rel=\"canonical\" href=\"https:\/\/platyphoto.com\/en\/product\/nikon-micro-nikkor-p-auto-55mm-f-3-5-notice-en-anglais-pdf\/\" \/>\n<meta property=\"og:locale\" content=\"en_US\" \/>\n<meta property=\"og:type\" content=\"article\" \/>\n<meta property=\"og:title\" content=\"Nikon Micro-Nikkor-P Auto 55mm F-3.5 notice en anglais (PDF) - Platyphoto\" \/>\n<meta property=\"og:description\" content=\"Notice mode d&#8217;emploi de Nikon Micro-Nikkor-P Auto 55mm F-3.5 Langue : Anglais Nombre de pages : 23 Vous pourrez t\u00e9l\u00e9charger le fichier apr\u00e8s paiement. Scan de haute qualit\u00e9.\" \/>\n<meta property=\"og:url\" content=\"https:\/\/platyphoto.com\/en\/product\/nikon-micro-nikkor-p-auto-55mm-f-3-5-notice-en-anglais-pdf\/\" \/>\n<meta property=\"og:site_name\" content=\"Platyphoto\" \/>\n<meta property=\"article:modified_time\" content=\"2023-12-10T17:42:53+00:00\" \/>\n<meta property=\"og:image\" content=\"https:\/\/platyphoto.com\/wp-content\/uploads\/2023\/01\/Nikon-Micro-Nikkor-P-Auto-55mm-F-3.5-1.1-rotated.jpeg\" \/>\n\t<meta property=\"og:image:width\" content=\"2366\" \/>\n\t<meta property=\"og:image:height\" content=\"1720\" \/>\n\t<meta property=\"og:image:type\" content=\"image\/jpeg\" \/>\n<meta name=\"twitter:card\" content=\"summary_large_image\" \/>\n<meta name=\"twitter:label1\" content=\"Est. reading time\" \/>\n\t<meta name=\"twitter:data1\" content=\"1 minute\" \/>\n<script type=\"application\/ld+json\" class=\"yoast-schema-graph\">{\"@context\":\"https:\\\/\\\/schema.org\",\"@graph\":[{\"@type\":\"WebPage\",\"@id\":\"https:\\\/\\\/platyphoto.com\\\/produit\\\/nikon-micro-nikkor-p-auto-55mm-f-3-5-notice-en-anglais-pdf\\\/\",\"url\":\"https:\\\/\\\/platyphoto.com\\\/produit\\\/nikon-micro-nikkor-p-auto-55mm-f-3-5-notice-en-anglais-pdf\\\/\",\"name\":\"Nikon Micro-Nikkor-P Auto 55mm F-3.5 notice en anglais (PDF) - Platyphoto\",\"isPartOf\":{\"@id\":\"https:\\\/\\\/platyphoto.com\\\/#website\"},\"primaryImageOfPage\":{\"@id\":\"https:\\\/\\\/platyphoto.com\\\/produit\\\/nikon-micro-nikkor-p-auto-55mm-f-3-5-notice-en-anglais-pdf\\\/#primaryimage\"},\"image\":{\"@id\":\"https:\\\/\\\/platyphoto.com\\\/produit\\\/nikon-micro-nikkor-p-auto-55mm-f-3-5-notice-en-anglais-pdf\\\/#primaryimage\"},\"thumbnailUrl\":\"https:\\\/\\\/i0.wp.com\\\/platyphoto.com\\\/wp-content\\\/uploads\\\/2023\\\/01\\\/Nikon-Micro-Nikkor-P-Auto-55mm-F-3.5-1.1-rotated.jpeg?fit=2366%2C1720&ssl=1\",\"datePublished\":\"2023-01-16T13:30:16+00:00\",\"dateModified\":\"2023-12-10T17:42:53+00:00\",\"breadcrumb\":{\"@id\":\"https:\\\/\\\/platyphoto.com\\\/produit\\\/nikon-micro-nikkor-p-auto-55mm-f-3-5-notice-en-anglais-pdf\\\/#breadcrumb\"},\"inLanguage\":\"en-US\",\"potentialAction\":[{\"@type\":\"ReadAction\",\"target\":[\"https:\\\/\\\/platyphoto.com\\\/produit\\\/nikon-micro-nikkor-p-auto-55mm-f-3-5-notice-en-anglais-pdf\\\/\"]}]},{\"@type\":\"ImageObject\",\"inLanguage\":\"en-US\",\"@id\":\"https:\\\/\\\/platyphoto.com\\\/produit\\\/nikon-micro-nikkor-p-auto-55mm-f-3-5-notice-en-anglais-pdf\\\/#primaryimage\",\"url\":\"https:\\\/\\\/i0.wp.com\\\/platyphoto.com\\\/wp-content\\\/uploads\\\/2023\\\/01\\\/Nikon-Micro-Nikkor-P-Auto-55mm-F-3.5-1.1-rotated.jpeg?fit=2366%2C1720&ssl=1\",\"contentUrl\":\"https:\\\/\\\/i0.wp.com\\\/platyphoto.com\\\/wp-content\\\/uploads\\\/2023\\\/01\\\/Nikon-Micro-Nikkor-P-Auto-55mm-F-3.5-1.1-rotated.jpeg?fit=2366%2C1720&ssl=1\",\"width\":2366,\"height\":1720,\"caption\":\"Nikon Micro-Nikkor-P Auto 55mm F-3.5\"},{\"@type\":\"BreadcrumbList\",\"@id\":\"https:\\\/\\\/platyphoto.com\\\/produit\\\/nikon-micro-nikkor-p-auto-55mm-f-3-5-notice-en-anglais-pdf\\\/#breadcrumb\",\"itemListElement\":[{\"@type\":\"ListItem\",\"position\":1,\"name\":\"Accueil\",\"item\":\"https:\\\/\\\/platyphoto.com\\\/\"},{\"@type\":\"ListItem\",\"position\":2,\"name\":\"Boutique\",\"item\":\"https:\\\/\\\/platyphoto.com\\\/boutique\\\/\"},{\"@type\":\"ListItem\",\"position\":3,\"name\":\"Nikon Micro-Nikkor-P Auto 55mm F-3.5 notice en anglais (PDF)\"}]},{\"@type\":\"WebSite\",\"@id\":\"https:\\\/\\\/platyphoto.com\\\/#website\",\"url\":\"https:\\\/\\\/platyphoto.com\\\/\",\"name\":\"Platyphoto\",\"description\":\"Appareils photos argentiques, objectifs et accessoires de qualit\u00e9.\",\"publisher\":{\"@id\":\"https:\\\/\\\/platyphoto.com\\\/#organization\"},\"potentialAction\":[{\"@type\":\"SearchAction\",\"target\":{\"@type\":\"EntryPoint\",\"urlTemplate\":\"https:\\\/\\\/platyphoto.com\\\/?s={search_term_string}\"},\"query-input\":{\"@type\":\"PropertyValueSpecification\",\"valueRequired\":true,\"valueName\":\"search_term_string\"}}],\"inLanguage\":\"en-US\"},{\"@type\":\"Organization\",\"@id\":\"https:\\\/\\\/platyphoto.com\\\/#organization\",\"name\":\"Platyphoto\",\"alternateName\":\"Platyphoto\",\"url\":\"https:\\\/\\\/platyphoto.com\\\/\",\"logo\":{\"@type\":\"ImageObject\",\"inLanguage\":\"en-US\",\"@id\":\"https:\\\/\\\/platyphoto.com\\\/#\\\/schema\\\/logo\\\/image\\\/\",\"url\":\"https:\\\/\\\/i0.wp.com\\\/platyphoto.com\\\/wp-content\\\/uploads\\\/2020\\\/11\\\/cropped-header.jpg?fit=1500%2C282&ssl=1\",\"contentUrl\":\"https:\\\/\\\/i0.wp.com\\\/platyphoto.com\\\/wp-content\\\/uploads\\\/2020\\\/11\\\/cropped-header.jpg?fit=1500%2C282&ssl=1\",\"width\":1500,\"height\":282,\"caption\":\"Platyphoto\"},\"image\":{\"@id\":\"https:\\\/\\\/platyphoto.com\\\/#\\\/schema\\\/logo\\\/image\\\/\"},\"sameAs\":[\"https:\\\/\\\/www.instagram.com\\\/platyphoto\\\/\"]}]}<\/script>\n<!-- \/ Yoast SEO plugin. -->","yoast_head_json":{"title":"Nikon Micro-Nikkor-P Auto 55mm F-3.5 notice en anglais (PDF) - Platyphoto","robots":{"index":"index","follow":"follow","max-snippet":"max-snippet:-1","max-image-preview":"max-image-preview:large","max-video-preview":"max-video-preview:-1"},"canonical":"https:\/\/platyphoto.com\/en\/product\/nikon-micro-nikkor-p-auto-55mm-f-3-5-notice-en-anglais-pdf\/","og_locale":"en_US","og_type":"article","og_title":"Nikon Micro-Nikkor-P Auto 55mm F-3.5 notice en anglais (PDF) - Platyphoto","og_description":"Notice mode d&#8217;emploi de Nikon Micro-Nikkor-P Auto 55mm F-3.5 Langue : Anglais Nombre de pages : 23 Vous pourrez t\u00e9l\u00e9charger le fichier apr\u00e8s paiement. Scan de haute qualit\u00e9.","og_url":"https:\/\/platyphoto.com\/en\/product\/nikon-micro-nikkor-p-auto-55mm-f-3-5-notice-en-anglais-pdf\/","og_site_name":"Platyphoto","article_modified_time":"2023-12-10T17:42:53+00:00","og_image":[{"width":2366,"height":1720,"url":"https:\/\/platyphoto.com\/wp-content\/uploads\/2023\/01\/Nikon-Micro-Nikkor-P-Auto-55mm-F-3.5-1.1-rotated.jpeg","type":"image\/jpeg"}],"twitter_card":"summary_large_image","twitter_misc":{"Est. reading time":"1 minute"},"schema":{"@context":"https:\/\/schema.org","@graph":[{"@type":"WebPage","@id":"https:\/\/platyphoto.com\/produit\/nikon-micro-nikkor-p-auto-55mm-f-3-5-notice-en-anglais-pdf\/","url":"https:\/\/platyphoto.com\/produit\/nikon-micro-nikkor-p-auto-55mm-f-3-5-notice-en-anglais-pdf\/","name":"Nikon Micro-Nikkor-P Auto 55mm F-3.5 notice en anglais (PDF) - Platyphoto","isPartOf":{"@id":"https:\/\/platyphoto.com\/#website"},"primaryImageOfPage":{"@id":"https:\/\/platyphoto.com\/produit\/nikon-micro-nikkor-p-auto-55mm-f-3-5-notice-en-anglais-pdf\/#primaryimage"},"image":{"@id":"https:\/\/platyphoto.com\/produit\/nikon-micro-nikkor-p-auto-55mm-f-3-5-notice-en-anglais-pdf\/#primaryimage"},"thumbnailUrl":"https:\/\/i0.wp.com\/platyphoto.com\/wp-content\/uploads\/2023\/01\/Nikon-Micro-Nikkor-P-Auto-55mm-F-3.5-1.1-rotated.jpeg?fit=2366%2C1720&ssl=1","datePublished":"2023-01-16T13:30:16+00:00","dateModified":"2023-12-10T17:42:53+00:00","breadcrumb":{"@id":"https:\/\/platyphoto.com\/produit\/nikon-micro-nikkor-p-auto-55mm-f-3-5-notice-en-anglais-pdf\/#breadcrumb"},"inLanguage":"en-US","potentialAction":[{"@type":"ReadAction","target":["https:\/\/platyphoto.com\/produit\/nikon-micro-nikkor-p-auto-55mm-f-3-5-notice-en-anglais-pdf\/"]}]},{"@type":"ImageObject","inLanguage":"en-US","@id":"https:\/\/platyphoto.com\/produit\/nikon-micro-nikkor-p-auto-55mm-f-3-5-notice-en-anglais-pdf\/#primaryimage","url":"https:\/\/i0.wp.com\/platyphoto.com\/wp-content\/uploads\/2023\/01\/Nikon-Micro-Nikkor-P-Auto-55mm-F-3.5-1.1-rotated.jpeg?fit=2366%2C1720&ssl=1","contentUrl":"https:\/\/i0.wp.com\/platyphoto.com\/wp-content\/uploads\/2023\/01\/Nikon-Micro-Nikkor-P-Auto-55mm-F-3.5-1.1-rotated.jpeg?fit=2366%2C1720&ssl=1","width":2366,"height":1720,"caption":"Nikon Micro-Nikkor-P Auto 55mm F-3.5"},{"@type":"BreadcrumbList","@id":"https:\/\/platyphoto.com\/produit\/nikon-micro-nikkor-p-auto-55mm-f-3-5-notice-en-anglais-pdf\/#breadcrumb","itemListElement":[{"@type":"ListItem","position":1,"name":"Accueil","item":"https:\/\/platyphoto.com\/"},{"@type":"ListItem","position":2,"name":"Boutique","item":"https:\/\/platyphoto.com\/boutique\/"},{"@type":"ListItem","position":3,"name":"Nikon Micro-Nikkor-P Auto 55mm F-3.5 notice en anglais (PDF)"}]},{"@type":"WebSite","@id":"https:\/\/platyphoto.com\/#website","url":"https:\/\/platyphoto.com\/","name":"Platyphoto","description":"Appareils photos argentiques, objectifs et accessoires de qualit\u00e9.","publisher":{"@id":"https:\/\/platyphoto.com\/#organization"},"potentialAction":[{"@type":"SearchAction","target":{"@type":"EntryPoint","urlTemplate":"https:\/\/platyphoto.com\/?s={search_term_string}"},"query-input":{"@type":"PropertyValueSpecification","valueRequired":true,"valueName":"search_term_string"}}],"inLanguage":"en-US"},{"@type":"Organization","@id":"https:\/\/platyphoto.com\/#organization","name":"Platyphoto","alternateName":"Platyphoto","url":"https:\/\/platyphoto.com\/","logo":{"@type":"ImageObject","inLanguage":"en-US","@id":"https:\/\/platyphoto.com\/#\/schema\/logo\/image\/","url":"https:\/\/i0.wp.com\/platyphoto.com\/wp-content\/uploads\/2020\/11\/cropped-header.jpg?fit=1500%2C282&ssl=1","contentUrl":"https:\/\/i0.wp.com\/platyphoto.com\/wp-content\/uploads\/2020\/11\/cropped-header.jpg?fit=1500%2C282&ssl=1","width":1500,"height":282,"caption":"Platyphoto"},"image":{"@id":"https:\/\/platyphoto.com\/#\/schema\/logo\/image\/"},"sameAs":["https:\/\/www.instagram.com\/platyphoto\/"]}]}},"jetpack_publicize_connections":[],"jetpack_likes_enabled":false,"jetpack_sharing_enabled":true,"_links":{"self":[{"href":"https:\/\/platyphoto.com\/en\/wp-json\/wp\/v2\/product\/6851","targetHints":{"allow":["GET"]}}],"collection":[{"href":"https:\/\/platyphoto.com\/en\/wp-json\/wp\/v2\/product"}],"about":[{"href":"https:\/\/platyphoto.com\/en\/wp-json\/wp\/v2\/types\/product"}],"wp:featuredmedia":[{"embeddable":true,"href":"https:\/\/platyphoto.com\/en\/wp-json\/wp\/v2\/media\/6854"}],"wp:attachment":[{"href":"https:\/\/platyphoto.com\/en\/wp-json\/wp\/v2\/media?parent=6851"}],"wp:term":[{"taxonomy":"product_brand","embeddable":true,"href":"https:\/\/platyphoto.com\/en\/wp-json\/wp\/v2\/product_brand?post=6851"},{"taxonomy":"product_cat","embeddable":true,"href":"https:\/\/platyphoto.com\/en\/wp-json\/wp\/v2\/product_cat?post=6851"},{"taxonomy":"product_tag","embeddable":true,"href":"https:\/\/platyphoto.com\/en\/wp-json\/wp\/v2\/product_tag?post=6851"}],"curies":[{"name":"wp","href":"https:\/\/api.w.org\/{rel}","templated":true}]}}