{"id":7874,"date":"2023-05-18T17:44:53","date_gmt":"2023-05-18T15:44:53","guid":{"rendered":"https:\/\/platyphoto.com\/?post_type=product&#038;p=7874"},"modified":"2023-10-14T02:29:32","modified_gmt":"2023-10-14T00:29:32","slug":"minolta-xg-m-50mm-f1-7","status":"publish","type":"product","link":"https:\/\/platyphoto.com\/en\/product\/minolta-xg-m-50mm-f1-7\/","title":{"rendered":"Minolta XG-M + 50mm F:1.7"},"content":{"rendered":"<p><strong>Marque<\/strong> : Minolta<\/p>\n<p><strong>Mod\u00e8le<\/strong> : XG-M<\/p>\n<p><strong>Objectif<\/strong> : Minolta Rokkor-PF 50mm F:1.7<\/p>\n<p><strong>Ann\u00e9e de production<\/strong> : A partir de 1981<\/p>\n<p><strong>Cellule<\/strong> : Oui<\/p>\n<p><strong>Format<\/strong> : 24x36mm<\/p>\n<p><strong>Film<\/strong> : 35mm<\/p>\n<p><strong>Indice de raret\u00e9<\/strong>: Peu courant<\/p>\n<p><strong>Piles :<\/strong>2x LR44<strong><br \/>\n<\/strong><\/p>\n<p>Reflex de qualit\u00e9, le XG-M est le moyen de gamme de la s\u00e9rie X \u00e0 l&rsquo;\u00e9poque, il propose un mode priorit\u00e9 diaphragme ainsi qu&rsquo;un mode manuel.<\/p>\n<p>\u00c9quip\u00e9 d&rsquo;un objectif (interchangeable) 50mm F:1.7 lumineux et agr\u00e9able \u00e0 utiliser. Tr\u00e8s bon rapport qualit\u00e9 prix et un des viseur les plus lumineux et agr\u00e9able \u00e0 utiliser du march\u00e9. Mise au point enti\u00e8rement nettoy\u00e9e et graiss\u00e9e, diaphragme d\u00e9gomm\u00e9. Pr\u00e9sente d&rsquo;une tr\u00e8s l\u00e9g\u00e8re bu\u00e9e, sans incidence sur la qualit\u00e9 des images.<\/p>\n<p>100% fonctionnel, mousses neuves, vendu sans piles.<\/p>\n<p>&nbsp;<\/p>","protected":false},"excerpt":{"rendered":"<p>Marque : Minolta Mod\u00e8le : XG-M Objectif : Minolta Rokkor-PF 50mm F:1.7 Ann\u00e9e de production : A partir de 1981 Cellule : Oui Format : 24x36mm Film : 35mm Indice de raret\u00e9: Peu courant Piles :2x LR44 Reflex de qualit\u00e9, le XG-M est le moyen de gamme de la s\u00e9rie X \u00e0 l&rsquo;\u00e9poque, il propose [&hellip;]<\/p>\n","protected":false},"featured_media":7878,"template":"","meta":{"_coblocks_attr":"","_coblocks_dimensions":"","_coblocks_responsive_height":"","_coblocks_accordion_ie_support":"","_crdt_document":"","jetpack_post_was_ever_published":false,"jetpack_publicize_message":"","jetpack_publicize_feature_enabled":true,"jetpack_social_post_already_shared":true,"jetpack_social_options":{"image_generator_settings":{"template":"highway","default_image_id":0,"font":"","enabled":false},"version":2},"_wpas_customize_per_network":false},"product_brand":[],"product_cat":[6550],"product_tag":[],"class_list":{"0":"post-7874","1":"product","2":"type-product","3":"status-publish","4":"has-post-thumbnail","6":"product_cat-hall-of-fame-2","8":"first","9":"outofstock","10":"shipping-taxable","11":"purchasable","12":"product-type-simple"},"yoast_head":"<!-- This site is optimized with the Yoast SEO plugin v27.3 - https:\/\/yoast.com\/product\/yoast-seo-wordpress\/ -->\n<title>Minolta XG-M + 50mm F:1.7 - Platyphoto<\/title>\n<meta name=\"description\" content=\"Reflex de qualit\u00e9, le XG-M est le moyen de gamme de la s\u00e9rie X \u00e0 l&#039;\u00e9poque, il propose un mode priorit\u00e9 diaphragme ainsi qu&#039;un mode manuel.\" \/>\n<meta name=\"robots\" content=\"index, follow, max-snippet:-1, max-image-preview:large, max-video-preview:-1\" \/>\n<link rel=\"canonical\" href=\"https:\/\/platyphoto.com\/en\/product\/minolta-xg-m-50mm-f1-7\/\" \/>\n<meta property=\"og:locale\" content=\"en_US\" \/>\n<meta property=\"og:type\" content=\"article\" \/>\n<meta property=\"og:title\" content=\"Minolta XG-M + 50mm F:1.7 - Platyphoto\" \/>\n<meta property=\"og:description\" content=\"Reflex de qualit\u00e9, le XG-M est le moyen de gamme de la s\u00e9rie X \u00e0 l&#039;\u00e9poque, il propose un mode priorit\u00e9 diaphragme ainsi qu&#039;un mode manuel.\" \/>\n<meta property=\"og:url\" content=\"https:\/\/platyphoto.com\/en\/product\/minolta-xg-m-50mm-f1-7\/\" \/>\n<meta property=\"og:site_name\" content=\"Platyphoto\" \/>\n<meta property=\"article:modified_time\" content=\"2023-10-14T00:29:32+00:00\" \/>\n<meta property=\"og:image\" content=\"https:\/\/platyphoto.com\/wp-content\/uploads\/2023\/05\/Minolta-XG-M-50mm-1.7.jpg\" \/>\n\t<meta property=\"og:image:width\" content=\"1777\" \/>\n\t<meta property=\"og:image:height\" content=\"1000\" \/>\n\t<meta property=\"og:image:type\" content=\"image\/jpeg\" \/>\n<meta name=\"twitter:card\" content=\"summary_large_image\" \/>\n<meta name=\"twitter:label1\" content=\"Est. reading time\" \/>\n\t<meta name=\"twitter:data1\" content=\"1 minute\" \/>\n<script type=\"application\/ld+json\" class=\"yoast-schema-graph\">{\"@context\":\"https:\\\/\\\/schema.org\",\"@graph\":[{\"@type\":\"WebPage\",\"@id\":\"https:\\\/\\\/platyphoto.com\\\/produit\\\/minolta-xg-m-50mm-f1-7\\\/\",\"url\":\"https:\\\/\\\/platyphoto.com\\\/produit\\\/minolta-xg-m-50mm-f1-7\\\/\",\"name\":\"Minolta XG-M + 50mm F:1.7 - Platyphoto\",\"isPartOf\":{\"@id\":\"https:\\\/\\\/platyphoto.com\\\/#website\"},\"primaryImageOfPage\":{\"@id\":\"https:\\\/\\\/platyphoto.com\\\/produit\\\/minolta-xg-m-50mm-f1-7\\\/#primaryimage\"},\"image\":{\"@id\":\"https:\\\/\\\/platyphoto.com\\\/produit\\\/minolta-xg-m-50mm-f1-7\\\/#primaryimage\"},\"thumbnailUrl\":\"https:\\\/\\\/i0.wp.com\\\/platyphoto.com\\\/wp-content\\\/uploads\\\/2023\\\/05\\\/Minolta-XG-M-50mm-1.7.jpg?fit=1777%2C1000&ssl=1\",\"datePublished\":\"2023-05-18T15:44:53+00:00\",\"dateModified\":\"2023-10-14T00:29:32+00:00\",\"description\":\"Reflex de qualit\u00e9, le XG-M est le moyen de gamme de la s\u00e9rie X \u00e0 l'\u00e9poque, il propose un mode priorit\u00e9 diaphragme ainsi qu'un mode manuel.\",\"breadcrumb\":{\"@id\":\"https:\\\/\\\/platyphoto.com\\\/produit\\\/minolta-xg-m-50mm-f1-7\\\/#breadcrumb\"},\"inLanguage\":\"en-US\",\"potentialAction\":[{\"@type\":\"ReadAction\",\"target\":[\"https:\\\/\\\/platyphoto.com\\\/produit\\\/minolta-xg-m-50mm-f1-7\\\/\"]}]},{\"@type\":\"ImageObject\",\"inLanguage\":\"en-US\",\"@id\":\"https:\\\/\\\/platyphoto.com\\\/produit\\\/minolta-xg-m-50mm-f1-7\\\/#primaryimage\",\"url\":\"https:\\\/\\\/i0.wp.com\\\/platyphoto.com\\\/wp-content\\\/uploads\\\/2023\\\/05\\\/Minolta-XG-M-50mm-1.7.jpg?fit=1777%2C1000&ssl=1\",\"contentUrl\":\"https:\\\/\\\/i0.wp.com\\\/platyphoto.com\\\/wp-content\\\/uploads\\\/2023\\\/05\\\/Minolta-XG-M-50mm-1.7.jpg?fit=1777%2C1000&ssl=1\",\"width\":1777,\"height\":1000,\"caption\":\"Minolta XG-M + 50mm F:1.7\"},{\"@type\":\"BreadcrumbList\",\"@id\":\"https:\\\/\\\/platyphoto.com\\\/produit\\\/minolta-xg-m-50mm-f1-7\\\/#breadcrumb\",\"itemListElement\":[{\"@type\":\"ListItem\",\"position\":1,\"name\":\"Accueil\",\"item\":\"https:\\\/\\\/platyphoto.com\\\/\"},{\"@type\":\"ListItem\",\"position\":2,\"name\":\"Boutique\",\"item\":\"https:\\\/\\\/platyphoto.com\\\/boutique\\\/\"},{\"@type\":\"ListItem\",\"position\":3,\"name\":\"Minolta XG-M + 50mm F:1.7\"}]},{\"@type\":\"WebSite\",\"@id\":\"https:\\\/\\\/platyphoto.com\\\/#website\",\"url\":\"https:\\\/\\\/platyphoto.com\\\/\",\"name\":\"Platyphoto\",\"description\":\"Appareils photos argentiques, objectifs et accessoires de qualit\u00e9.\",\"publisher\":{\"@id\":\"https:\\\/\\\/platyphoto.com\\\/#organization\"},\"potentialAction\":[{\"@type\":\"SearchAction\",\"target\":{\"@type\":\"EntryPoint\",\"urlTemplate\":\"https:\\\/\\\/platyphoto.com\\\/?s={search_term_string}\"},\"query-input\":{\"@type\":\"PropertyValueSpecification\",\"valueRequired\":true,\"valueName\":\"search_term_string\"}}],\"inLanguage\":\"en-US\"},{\"@type\":\"Organization\",\"@id\":\"https:\\\/\\\/platyphoto.com\\\/#organization\",\"name\":\"Platyphoto\",\"alternateName\":\"Platyphoto\",\"url\":\"https:\\\/\\\/platyphoto.com\\\/\",\"logo\":{\"@type\":\"ImageObject\",\"inLanguage\":\"en-US\",\"@id\":\"https:\\\/\\\/platyphoto.com\\\/#\\\/schema\\\/logo\\\/image\\\/\",\"url\":\"https:\\\/\\\/i0.wp.com\\\/platyphoto.com\\\/wp-content\\\/uploads\\\/2020\\\/11\\\/cropped-header.jpg?fit=1500%2C282&ssl=1\",\"contentUrl\":\"https:\\\/\\\/i0.wp.com\\\/platyphoto.com\\\/wp-content\\\/uploads\\\/2020\\\/11\\\/cropped-header.jpg?fit=1500%2C282&ssl=1\",\"width\":1500,\"height\":282,\"caption\":\"Platyphoto\"},\"image\":{\"@id\":\"https:\\\/\\\/platyphoto.com\\\/#\\\/schema\\\/logo\\\/image\\\/\"},\"sameAs\":[\"https:\\\/\\\/www.instagram.com\\\/platyphoto\\\/\"]}]}<\/script>\n<!-- \/ Yoast SEO plugin. -->","yoast_head_json":{"title":"Minolta XG-M + 50mm F:1.7 - Platyphoto","description":"Reflex de qualit\u00e9, le XG-M est le moyen de gamme de la s\u00e9rie X \u00e0 l'\u00e9poque, il propose un mode priorit\u00e9 diaphragme ainsi qu'un mode manuel.","robots":{"index":"index","follow":"follow","max-snippet":"max-snippet:-1","max-image-preview":"max-image-preview:large","max-video-preview":"max-video-preview:-1"},"canonical":"https:\/\/platyphoto.com\/en\/product\/minolta-xg-m-50mm-f1-7\/","og_locale":"en_US","og_type":"article","og_title":"Minolta XG-M + 50mm F:1.7 - Platyphoto","og_description":"Reflex de qualit\u00e9, le XG-M est le moyen de gamme de la s\u00e9rie X \u00e0 l'\u00e9poque, il propose un mode priorit\u00e9 diaphragme ainsi qu'un mode manuel.","og_url":"https:\/\/platyphoto.com\/en\/product\/minolta-xg-m-50mm-f1-7\/","og_site_name":"Platyphoto","article_modified_time":"2023-10-14T00:29:32+00:00","og_image":[{"width":1777,"height":1000,"url":"https:\/\/platyphoto.com\/wp-content\/uploads\/2023\/05\/Minolta-XG-M-50mm-1.7.jpg","type":"image\/jpeg"}],"twitter_card":"summary_large_image","twitter_misc":{"Est. reading time":"1 minute"},"schema":{"@context":"https:\/\/schema.org","@graph":[{"@type":"WebPage","@id":"https:\/\/platyphoto.com\/produit\/minolta-xg-m-50mm-f1-7\/","url":"https:\/\/platyphoto.com\/produit\/minolta-xg-m-50mm-f1-7\/","name":"Minolta XG-M + 50mm F:1.7 - Platyphoto","isPartOf":{"@id":"https:\/\/platyphoto.com\/#website"},"primaryImageOfPage":{"@id":"https:\/\/platyphoto.com\/produit\/minolta-xg-m-50mm-f1-7\/#primaryimage"},"image":{"@id":"https:\/\/platyphoto.com\/produit\/minolta-xg-m-50mm-f1-7\/#primaryimage"},"thumbnailUrl":"https:\/\/i0.wp.com\/platyphoto.com\/wp-content\/uploads\/2023\/05\/Minolta-XG-M-50mm-1.7.jpg?fit=1777%2C1000&ssl=1","datePublished":"2023-05-18T15:44:53+00:00","dateModified":"2023-10-14T00:29:32+00:00","description":"Reflex de qualit\u00e9, le XG-M est le moyen de gamme de la s\u00e9rie X \u00e0 l'\u00e9poque, il propose un mode priorit\u00e9 diaphragme ainsi qu'un mode manuel.","breadcrumb":{"@id":"https:\/\/platyphoto.com\/produit\/minolta-xg-m-50mm-f1-7\/#breadcrumb"},"inLanguage":"en-US","potentialAction":[{"@type":"ReadAction","target":["https:\/\/platyphoto.com\/produit\/minolta-xg-m-50mm-f1-7\/"]}]},{"@type":"ImageObject","inLanguage":"en-US","@id":"https:\/\/platyphoto.com\/produit\/minolta-xg-m-50mm-f1-7\/#primaryimage","url":"https:\/\/i0.wp.com\/platyphoto.com\/wp-content\/uploads\/2023\/05\/Minolta-XG-M-50mm-1.7.jpg?fit=1777%2C1000&ssl=1","contentUrl":"https:\/\/i0.wp.com\/platyphoto.com\/wp-content\/uploads\/2023\/05\/Minolta-XG-M-50mm-1.7.jpg?fit=1777%2C1000&ssl=1","width":1777,"height":1000,"caption":"Minolta XG-M + 50mm F:1.7"},{"@type":"BreadcrumbList","@id":"https:\/\/platyphoto.com\/produit\/minolta-xg-m-50mm-f1-7\/#breadcrumb","itemListElement":[{"@type":"ListItem","position":1,"name":"Accueil","item":"https:\/\/platyphoto.com\/"},{"@type":"ListItem","position":2,"name":"Boutique","item":"https:\/\/platyphoto.com\/boutique\/"},{"@type":"ListItem","position":3,"name":"Minolta XG-M + 50mm F:1.7"}]},{"@type":"WebSite","@id":"https:\/\/platyphoto.com\/#website","url":"https:\/\/platyphoto.com\/","name":"Platyphoto","description":"Appareils photos argentiques, objectifs et accessoires de qualit\u00e9.","publisher":{"@id":"https:\/\/platyphoto.com\/#organization"},"potentialAction":[{"@type":"SearchAction","target":{"@type":"EntryPoint","urlTemplate":"https:\/\/platyphoto.com\/?s={search_term_string}"},"query-input":{"@type":"PropertyValueSpecification","valueRequired":true,"valueName":"search_term_string"}}],"inLanguage":"en-US"},{"@type":"Organization","@id":"https:\/\/platyphoto.com\/#organization","name":"Platyphoto","alternateName":"Platyphoto","url":"https:\/\/platyphoto.com\/","logo":{"@type":"ImageObject","inLanguage":"en-US","@id":"https:\/\/platyphoto.com\/#\/schema\/logo\/image\/","url":"https:\/\/i0.wp.com\/platyphoto.com\/wp-content\/uploads\/2020\/11\/cropped-header.jpg?fit=1500%2C282&ssl=1","contentUrl":"https:\/\/i0.wp.com\/platyphoto.com\/wp-content\/uploads\/2020\/11\/cropped-header.jpg?fit=1500%2C282&ssl=1","width":1500,"height":282,"caption":"Platyphoto"},"image":{"@id":"https:\/\/platyphoto.com\/#\/schema\/logo\/image\/"},"sameAs":["https:\/\/www.instagram.com\/platyphoto\/"]}]}},"jetpack_publicize_connections":[],"jetpack_likes_enabled":false,"jetpack_sharing_enabled":true,"_links":{"self":[{"href":"https:\/\/platyphoto.com\/en\/wp-json\/wp\/v2\/product\/7874","targetHints":{"allow":["GET"]}}],"collection":[{"href":"https:\/\/platyphoto.com\/en\/wp-json\/wp\/v2\/product"}],"about":[{"href":"https:\/\/platyphoto.com\/en\/wp-json\/wp\/v2\/types\/product"}],"wp:featuredmedia":[{"embeddable":true,"href":"https:\/\/platyphoto.com\/en\/wp-json\/wp\/v2\/media\/7878"}],"wp:attachment":[{"href":"https:\/\/platyphoto.com\/en\/wp-json\/wp\/v2\/media?parent=7874"}],"wp:term":[{"taxonomy":"product_brand","embeddable":true,"href":"https:\/\/platyphoto.com\/en\/wp-json\/wp\/v2\/product_brand?post=7874"},{"taxonomy":"product_cat","embeddable":true,"href":"https:\/\/platyphoto.com\/en\/wp-json\/wp\/v2\/product_cat?post=7874"},{"taxonomy":"product_tag","embeddable":true,"href":"https:\/\/platyphoto.com\/en\/wp-json\/wp\/v2\/product_tag?post=7874"}],"curies":[{"name":"wp","href":"https:\/\/api.w.org\/{rel}","templated":true}]}}