{"id":8044,"date":"2023-06-14T00:01:35","date_gmt":"2023-06-13T22:01:35","guid":{"rendered":"https:\/\/platyphoto.com\/?post_type=product&#038;p=8044"},"modified":"2023-07-15T16:30:26","modified_gmt":"2023-07-15T14:30:26","slug":"revise-canon-canonet-28-40mm-f2-8-marron","status":"publish","type":"product","link":"https:\/\/platyphoto.com\/en\/product\/revise-canon-canonet-28-40mm-f2-8-marron\/","title":{"rendered":"REVISE &#8211; Canon Canonet 28 40mm F:2.8 marron"},"content":{"rendered":"<p>Boitier : Canon Canonet 28<\/p>\n<p>Objectif (fixe) : 40mm F:2.8<\/p>\n<p>Ann\u00e9e de production : A partir de 1971<\/p>\n<p>Cellule : Oui<\/p>\n<p>Piles : 1 x type PX625 1.5v<\/p>\n<p>Indice de raret\u00e9 : Courant<\/p>\n<p>Un classique dans le domaine, un Best-Seller chez Platyphoto ! Et pour cause ! Ce petit appareil photo argentique t\u00e9l\u00e9m\u00e9trique \u00e0 tout de l\u2019appareil parfait pour ne pas se prendre la t\u00eate et shooter des images de qualit\u00e9s.<\/p>\n<p>Il fonctionne en full auto, l\u2019appareil vous dit dans le viseur quelle vitesse il choisit. Un mode flash est pr\u00e9sent o\u00f9 vous pourrez choisir la valeur du diaphragme, la vitesse sera alors bloqu\u00e9e \u00e0 1\/30e (vitesse synchro flash), attention, ce n\u2019est pas un mode manuel !<\/p>\n<p>Appareil enti\u00e8rement r\u00e9vis\u00e9, d\u00e9mont\u00e9 \u00e0 90%, obturateur nettoy\u00e9 et lubrifi\u00e9, mousses chang\u00e9es, viseur nettoy\u00e9 et t\u00e9l\u00e9m\u00e8tre ajust\u00e9, mise au point calibr\u00e9e, vitesses test\u00e9es au shutter tester. Circuit \u00e9lectrique modifi\u00e9 pour que l&rsquo;appareil soit utilis\u00e9 avec des piles modernes 1.5v contre 1.35v de base, cellule ajust\u00e9e en cons\u00e9quence. Gainage chang\u00e9 par un neuf (l&rsquo;ancien n&rsquo;a pas r\u00e9sist\u00e9 au d\u00e9montage.) Fiabilisation du compartiment pile. Synchro flash ok. ect..<\/p>\n<p>100% fonctionnel, vendu avec 6 mois de garantie, vendu sans pile. Quelques traces d&rsquo;usages voir photos.<\/p>\n<p>Iso max 400.<\/p>\n<p>Mousses neuves. Vendu sans pile.<\/p>","protected":false},"excerpt":{"rendered":"<p>Boitier : Canon Canonet 28 Objectif (fixe) : 40mm F:2.8 Ann\u00e9e de production : A partir de 1971 Cellule : Oui Piles : 1 x type PX625 1.5v Indice de raret\u00e9 : Courant Un classique dans le domaine, un Best-Seller chez Platyphoto ! Et pour cause ! Ce petit appareil photo argentique t\u00e9l\u00e9m\u00e9trique \u00e0 tout [&hellip;]<\/p>\n","protected":false},"featured_media":8048,"template":"","meta":{"_coblocks_attr":"","_coblocks_dimensions":"","_coblocks_responsive_height":"","_coblocks_accordion_ie_support":"","_crdt_document":"","jetpack_post_was_ever_published":false,"jetpack_publicize_message":"","jetpack_publicize_feature_enabled":true,"jetpack_social_post_already_shared":true,"jetpack_social_options":{"image_generator_settings":{"template":"highway","default_image_id":0,"font":"","enabled":false},"version":2},"_wpas_customize_per_network":false},"product_brand":[],"product_cat":[6550],"product_tag":[],"class_list":{"0":"post-8044","1":"product","2":"type-product","3":"status-publish","4":"has-post-thumbnail","6":"product_cat-hall-of-fame-2","8":"first","9":"outofstock","10":"shipping-taxable","11":"purchasable","12":"product-type-simple"},"yoast_head":"<!-- This site is optimized with the Yoast SEO plugin v27.3 - https:\/\/yoast.com\/product\/yoast-seo-wordpress\/ -->\n<title>REVISE - Canon Canonet 28 40mm F:2.8 marron - Platyphoto<\/title>\n<meta name=\"description\" content=\"Un classique dans le domaine, un Best-Seller chez Platyphoto ! Et pour cause ! Ce petit appareil photo argentique t\u00e9l\u00e9m\u00e9trique \u00e0 tout de l\u2019appareil parfait pour ne pas se prendre la t\u00eate et shooter des images de qualit\u00e9s.\" \/>\n<meta name=\"robots\" content=\"index, follow, max-snippet:-1, max-image-preview:large, max-video-preview:-1\" \/>\n<link rel=\"canonical\" href=\"https:\/\/platyphoto.com\/en\/product\/revise-canon-canonet-28-40mm-f2-8-marron\/\" \/>\n<meta property=\"og:locale\" content=\"en_US\" \/>\n<meta property=\"og:type\" content=\"article\" \/>\n<meta property=\"og:title\" content=\"REVISE - Canon Canonet 28 40mm F:2.8 marron - Platyphoto\" \/>\n<meta property=\"og:description\" content=\"Un classique dans le domaine, un Best-Seller chez Platyphoto ! Et pour cause ! Ce petit appareil photo argentique t\u00e9l\u00e9m\u00e9trique \u00e0 tout de l\u2019appareil parfait pour ne pas se prendre la t\u00eate et shooter des images de qualit\u00e9s.\" \/>\n<meta property=\"og:url\" content=\"https:\/\/platyphoto.com\/en\/product\/revise-canon-canonet-28-40mm-f2-8-marron\/\" \/>\n<meta property=\"og:site_name\" content=\"Platyphoto\" \/>\n<meta property=\"article:modified_time\" content=\"2023-07-15T14:30:26+00:00\" \/>\n<meta property=\"og:image\" content=\"https:\/\/platyphoto.com\/wp-content\/uploads\/2023\/06\/Canonet-28-marron.jpg\" \/>\n\t<meta property=\"og:image:width\" content=\"1500\" \/>\n\t<meta property=\"og:image:height\" content=\"1000\" \/>\n\t<meta property=\"og:image:type\" content=\"image\/jpeg\" \/>\n<meta name=\"twitter:card\" content=\"summary_large_image\" \/>\n<meta name=\"twitter:label1\" content=\"Est. reading time\" \/>\n\t<meta name=\"twitter:data1\" content=\"2 minutes\" \/>\n<script type=\"application\/ld+json\" class=\"yoast-schema-graph\">{\"@context\":\"https:\\\/\\\/schema.org\",\"@graph\":[{\"@type\":\"WebPage\",\"@id\":\"https:\\\/\\\/platyphoto.com\\\/produit\\\/revise-canon-canonet-28-40mm-f2-8-marron\\\/\",\"url\":\"https:\\\/\\\/platyphoto.com\\\/produit\\\/revise-canon-canonet-28-40mm-f2-8-marron\\\/\",\"name\":\"REVISE - Canon Canonet 28 40mm F:2.8 marron - Platyphoto\",\"isPartOf\":{\"@id\":\"https:\\\/\\\/platyphoto.com\\\/#website\"},\"primaryImageOfPage\":{\"@id\":\"https:\\\/\\\/platyphoto.com\\\/produit\\\/revise-canon-canonet-28-40mm-f2-8-marron\\\/#primaryimage\"},\"image\":{\"@id\":\"https:\\\/\\\/platyphoto.com\\\/produit\\\/revise-canon-canonet-28-40mm-f2-8-marron\\\/#primaryimage\"},\"thumbnailUrl\":\"https:\\\/\\\/i0.wp.com\\\/platyphoto.com\\\/wp-content\\\/uploads\\\/2023\\\/06\\\/Canonet-28-marron.jpg?fit=1500%2C1000&ssl=1\",\"datePublished\":\"2023-06-13T22:01:35+00:00\",\"dateModified\":\"2023-07-15T14:30:26+00:00\",\"description\":\"Un classique dans le domaine, un Best-Seller chez Platyphoto ! Et pour cause ! Ce petit appareil photo argentique t\u00e9l\u00e9m\u00e9trique \u00e0 tout de l\u2019appareil parfait pour ne pas se prendre la t\u00eate et shooter des images de qualit\u00e9s.\",\"breadcrumb\":{\"@id\":\"https:\\\/\\\/platyphoto.com\\\/produit\\\/revise-canon-canonet-28-40mm-f2-8-marron\\\/#breadcrumb\"},\"inLanguage\":\"en-US\",\"potentialAction\":[{\"@type\":\"ReadAction\",\"target\":[\"https:\\\/\\\/platyphoto.com\\\/produit\\\/revise-canon-canonet-28-40mm-f2-8-marron\\\/\"]}]},{\"@type\":\"ImageObject\",\"inLanguage\":\"en-US\",\"@id\":\"https:\\\/\\\/platyphoto.com\\\/produit\\\/revise-canon-canonet-28-40mm-f2-8-marron\\\/#primaryimage\",\"url\":\"https:\\\/\\\/i0.wp.com\\\/platyphoto.com\\\/wp-content\\\/uploads\\\/2023\\\/06\\\/Canonet-28-marron.jpg?fit=1500%2C1000&ssl=1\",\"contentUrl\":\"https:\\\/\\\/i0.wp.com\\\/platyphoto.com\\\/wp-content\\\/uploads\\\/2023\\\/06\\\/Canonet-28-marron.jpg?fit=1500%2C1000&ssl=1\",\"width\":1500,\"height\":1000,\"caption\":\"REVISE - Canon Canonet 28 40mm F:2.8 marron\"},{\"@type\":\"BreadcrumbList\",\"@id\":\"https:\\\/\\\/platyphoto.com\\\/produit\\\/revise-canon-canonet-28-40mm-f2-8-marron\\\/#breadcrumb\",\"itemListElement\":[{\"@type\":\"ListItem\",\"position\":1,\"name\":\"Accueil\",\"item\":\"https:\\\/\\\/platyphoto.com\\\/\"},{\"@type\":\"ListItem\",\"position\":2,\"name\":\"Boutique\",\"item\":\"https:\\\/\\\/platyphoto.com\\\/boutique\\\/\"},{\"@type\":\"ListItem\",\"position\":3,\"name\":\"REVISE &#8211; Canon Canonet 28 40mm F:2.8 marron\"}]},{\"@type\":\"WebSite\",\"@id\":\"https:\\\/\\\/platyphoto.com\\\/#website\",\"url\":\"https:\\\/\\\/platyphoto.com\\\/\",\"name\":\"Platyphoto\",\"description\":\"Appareils photos argentiques, objectifs et accessoires de qualit\u00e9.\",\"publisher\":{\"@id\":\"https:\\\/\\\/platyphoto.com\\\/#organization\"},\"potentialAction\":[{\"@type\":\"SearchAction\",\"target\":{\"@type\":\"EntryPoint\",\"urlTemplate\":\"https:\\\/\\\/platyphoto.com\\\/?s={search_term_string}\"},\"query-input\":{\"@type\":\"PropertyValueSpecification\",\"valueRequired\":true,\"valueName\":\"search_term_string\"}}],\"inLanguage\":\"en-US\"},{\"@type\":\"Organization\",\"@id\":\"https:\\\/\\\/platyphoto.com\\\/#organization\",\"name\":\"Platyphoto\",\"alternateName\":\"Platyphoto\",\"url\":\"https:\\\/\\\/platyphoto.com\\\/\",\"logo\":{\"@type\":\"ImageObject\",\"inLanguage\":\"en-US\",\"@id\":\"https:\\\/\\\/platyphoto.com\\\/#\\\/schema\\\/logo\\\/image\\\/\",\"url\":\"https:\\\/\\\/i0.wp.com\\\/platyphoto.com\\\/wp-content\\\/uploads\\\/2020\\\/11\\\/cropped-header.jpg?fit=1500%2C282&ssl=1\",\"contentUrl\":\"https:\\\/\\\/i0.wp.com\\\/platyphoto.com\\\/wp-content\\\/uploads\\\/2020\\\/11\\\/cropped-header.jpg?fit=1500%2C282&ssl=1\",\"width\":1500,\"height\":282,\"caption\":\"Platyphoto\"},\"image\":{\"@id\":\"https:\\\/\\\/platyphoto.com\\\/#\\\/schema\\\/logo\\\/image\\\/\"},\"sameAs\":[\"https:\\\/\\\/www.instagram.com\\\/platyphoto\\\/\"]}]}<\/script>\n<!-- \/ Yoast SEO plugin. -->","yoast_head_json":{"title":"REVISE - Canon Canonet 28 40mm F:2.8 marron - Platyphoto","description":"Un classique dans le domaine, un Best-Seller chez Platyphoto ! Et pour cause ! Ce petit appareil photo argentique t\u00e9l\u00e9m\u00e9trique \u00e0 tout de l\u2019appareil parfait pour ne pas se prendre la t\u00eate et shooter des images de qualit\u00e9s.","robots":{"index":"index","follow":"follow","max-snippet":"max-snippet:-1","max-image-preview":"max-image-preview:large","max-video-preview":"max-video-preview:-1"},"canonical":"https:\/\/platyphoto.com\/en\/product\/revise-canon-canonet-28-40mm-f2-8-marron\/","og_locale":"en_US","og_type":"article","og_title":"REVISE - Canon Canonet 28 40mm F:2.8 marron - Platyphoto","og_description":"Un classique dans le domaine, un Best-Seller chez Platyphoto ! Et pour cause ! Ce petit appareil photo argentique t\u00e9l\u00e9m\u00e9trique \u00e0 tout de l\u2019appareil parfait pour ne pas se prendre la t\u00eate et shooter des images de qualit\u00e9s.","og_url":"https:\/\/platyphoto.com\/en\/product\/revise-canon-canonet-28-40mm-f2-8-marron\/","og_site_name":"Platyphoto","article_modified_time":"2023-07-15T14:30:26+00:00","og_image":[{"width":1500,"height":1000,"url":"https:\/\/platyphoto.com\/wp-content\/uploads\/2023\/06\/Canonet-28-marron.jpg","type":"image\/jpeg"}],"twitter_card":"summary_large_image","twitter_misc":{"Est. reading time":"2 minutes"},"schema":{"@context":"https:\/\/schema.org","@graph":[{"@type":"WebPage","@id":"https:\/\/platyphoto.com\/produit\/revise-canon-canonet-28-40mm-f2-8-marron\/","url":"https:\/\/platyphoto.com\/produit\/revise-canon-canonet-28-40mm-f2-8-marron\/","name":"REVISE - Canon Canonet 28 40mm F:2.8 marron - Platyphoto","isPartOf":{"@id":"https:\/\/platyphoto.com\/#website"},"primaryImageOfPage":{"@id":"https:\/\/platyphoto.com\/produit\/revise-canon-canonet-28-40mm-f2-8-marron\/#primaryimage"},"image":{"@id":"https:\/\/platyphoto.com\/produit\/revise-canon-canonet-28-40mm-f2-8-marron\/#primaryimage"},"thumbnailUrl":"https:\/\/i0.wp.com\/platyphoto.com\/wp-content\/uploads\/2023\/06\/Canonet-28-marron.jpg?fit=1500%2C1000&ssl=1","datePublished":"2023-06-13T22:01:35+00:00","dateModified":"2023-07-15T14:30:26+00:00","description":"Un classique dans le domaine, un Best-Seller chez Platyphoto ! Et pour cause ! Ce petit appareil photo argentique t\u00e9l\u00e9m\u00e9trique \u00e0 tout de l\u2019appareil parfait pour ne pas se prendre la t\u00eate et shooter des images de qualit\u00e9s.","breadcrumb":{"@id":"https:\/\/platyphoto.com\/produit\/revise-canon-canonet-28-40mm-f2-8-marron\/#breadcrumb"},"inLanguage":"en-US","potentialAction":[{"@type":"ReadAction","target":["https:\/\/platyphoto.com\/produit\/revise-canon-canonet-28-40mm-f2-8-marron\/"]}]},{"@type":"ImageObject","inLanguage":"en-US","@id":"https:\/\/platyphoto.com\/produit\/revise-canon-canonet-28-40mm-f2-8-marron\/#primaryimage","url":"https:\/\/i0.wp.com\/platyphoto.com\/wp-content\/uploads\/2023\/06\/Canonet-28-marron.jpg?fit=1500%2C1000&ssl=1","contentUrl":"https:\/\/i0.wp.com\/platyphoto.com\/wp-content\/uploads\/2023\/06\/Canonet-28-marron.jpg?fit=1500%2C1000&ssl=1","width":1500,"height":1000,"caption":"REVISE - Canon Canonet 28 40mm F:2.8 marron"},{"@type":"BreadcrumbList","@id":"https:\/\/platyphoto.com\/produit\/revise-canon-canonet-28-40mm-f2-8-marron\/#breadcrumb","itemListElement":[{"@type":"ListItem","position":1,"name":"Accueil","item":"https:\/\/platyphoto.com\/"},{"@type":"ListItem","position":2,"name":"Boutique","item":"https:\/\/platyphoto.com\/boutique\/"},{"@type":"ListItem","position":3,"name":"REVISE &#8211; Canon Canonet 28 40mm F:2.8 marron"}]},{"@type":"WebSite","@id":"https:\/\/platyphoto.com\/#website","url":"https:\/\/platyphoto.com\/","name":"Platyphoto","description":"Appareils photos argentiques, objectifs et accessoires de qualit\u00e9.","publisher":{"@id":"https:\/\/platyphoto.com\/#organization"},"potentialAction":[{"@type":"SearchAction","target":{"@type":"EntryPoint","urlTemplate":"https:\/\/platyphoto.com\/?s={search_term_string}"},"query-input":{"@type":"PropertyValueSpecification","valueRequired":true,"valueName":"search_term_string"}}],"inLanguage":"en-US"},{"@type":"Organization","@id":"https:\/\/platyphoto.com\/#organization","name":"Platyphoto","alternateName":"Platyphoto","url":"https:\/\/platyphoto.com\/","logo":{"@type":"ImageObject","inLanguage":"en-US","@id":"https:\/\/platyphoto.com\/#\/schema\/logo\/image\/","url":"https:\/\/i0.wp.com\/platyphoto.com\/wp-content\/uploads\/2020\/11\/cropped-header.jpg?fit=1500%2C282&ssl=1","contentUrl":"https:\/\/i0.wp.com\/platyphoto.com\/wp-content\/uploads\/2020\/11\/cropped-header.jpg?fit=1500%2C282&ssl=1","width":1500,"height":282,"caption":"Platyphoto"},"image":{"@id":"https:\/\/platyphoto.com\/#\/schema\/logo\/image\/"},"sameAs":["https:\/\/www.instagram.com\/platyphoto\/"]}]}},"jetpack_publicize_connections":[],"jetpack_likes_enabled":false,"jetpack_sharing_enabled":true,"_links":{"self":[{"href":"https:\/\/platyphoto.com\/en\/wp-json\/wp\/v2\/product\/8044","targetHints":{"allow":["GET"]}}],"collection":[{"href":"https:\/\/platyphoto.com\/en\/wp-json\/wp\/v2\/product"}],"about":[{"href":"https:\/\/platyphoto.com\/en\/wp-json\/wp\/v2\/types\/product"}],"wp:featuredmedia":[{"embeddable":true,"href":"https:\/\/platyphoto.com\/en\/wp-json\/wp\/v2\/media\/8048"}],"wp:attachment":[{"href":"https:\/\/platyphoto.com\/en\/wp-json\/wp\/v2\/media?parent=8044"}],"wp:term":[{"taxonomy":"product_brand","embeddable":true,"href":"https:\/\/platyphoto.com\/en\/wp-json\/wp\/v2\/product_brand?post=8044"},{"taxonomy":"product_cat","embeddable":true,"href":"https:\/\/platyphoto.com\/en\/wp-json\/wp\/v2\/product_cat?post=8044"},{"taxonomy":"product_tag","embeddable":true,"href":"https:\/\/platyphoto.com\/en\/wp-json\/wp\/v2\/product_tag?post=8044"}],"curies":[{"name":"wp","href":"https:\/\/api.w.org\/{rel}","templated":true}]}}