{"id":8497,"date":"2023-09-01T10:21:58","date_gmt":"2023-09-01T08:21:58","guid":{"rendered":"https:\/\/platyphoto.com\/?post_type=product&#038;p=8497"},"modified":"2023-09-30T12:20:52","modified_gmt":"2023-09-30T10:20:52","slug":"minolta-md-50mm-f1-4","status":"publish","type":"product","link":"https:\/\/platyphoto.com\/en\/product\/minolta-md-50mm-f1-4\/","title":{"rendered":"Minolta MD 50mm F:1.4"},"content":{"rendered":"<p><strong>Marque<\/strong> : Minolta<\/p>\n<p><strong>Mod\u00e8le<\/strong> : MD 50mm F:1.4<\/p>\n<p><strong>Monture :<\/strong> Minolta MD<\/p>\n<p>Objectif \u00e0 diaphragme lumineux monture Minolta MD, 100% fonctionnel, mise au point ok et diaphragme ok.<\/p>\n<p>Pr\u00e9sence de quelques micro poussi\u00e8res sans incidence sur la qualit\u00e9 des images, pr\u00e9sence de l\u00e9gers champignons sur la lentille frontale, sans incidence sur la qualit\u00e9 des images.<\/p>\n<p>vendu avec bouchons, housse et pare soleil officiel d\u00e9di\u00e9.<\/p>","protected":false},"excerpt":{"rendered":"<p>Marque : Minolta Mod\u00e8le : MD 50mm F:1.4 Monture : Minolta MD Objectif \u00e0 diaphragme lumineux monture Minolta MD, 100% fonctionnel, mise au point ok et diaphragme ok. Pr\u00e9sence de quelques micro poussi\u00e8res sans incidence sur la qualit\u00e9 des images, pr\u00e9sence de l\u00e9gers champignons sur la lentille frontale, sans incidence sur la qualit\u00e9 des images. [&hellip;]<\/p>\n","protected":false},"featured_media":8501,"template":"","meta":{"_coblocks_attr":"","_coblocks_dimensions":"","_coblocks_responsive_height":"","_coblocks_accordion_ie_support":"","_crdt_document":"","jetpack_post_was_ever_published":false,"jetpack_publicize_message":"","jetpack_publicize_feature_enabled":true,"jetpack_social_post_already_shared":true,"jetpack_social_options":{"image_generator_settings":{"template":"highway","default_image_id":0,"font":"","enabled":false},"version":2},"_wpas_customize_per_network":false},"product_brand":[],"product_cat":[6370,6366],"product_tag":[],"class_list":{"0":"post-8497","1":"product","2":"type-product","3":"status-publish","4":"has-post-thumbnail","6":"product_cat-minolta-md","7":"product_cat-objectifs","9":"first","10":"outofstock","11":"shipping-taxable","12":"purchasable","13":"product-type-simple"},"yoast_head":"<!-- This site is optimized with the Yoast SEO plugin v27.3 - https:\/\/yoast.com\/product\/yoast-seo-wordpress\/ -->\n<title>Minolta MD 50mm F:1.4 - Platyphoto<\/title>\n<meta name=\"description\" content=\"Objectif \u00e0 diaphragme lumineux monture Minolta MD, 100% fonctionnel, mise au point ok et diaphragme ok.\" \/>\n<meta name=\"robots\" content=\"index, follow, max-snippet:-1, max-image-preview:large, max-video-preview:-1\" \/>\n<link rel=\"canonical\" href=\"https:\/\/platyphoto.com\/en\/product\/minolta-md-50mm-f1-4\/\" \/>\n<meta property=\"og:locale\" content=\"en_US\" \/>\n<meta property=\"og:type\" content=\"article\" \/>\n<meta property=\"og:title\" content=\"Minolta MD 50mm F:1.4 - Platyphoto\" \/>\n<meta property=\"og:description\" content=\"Objectif \u00e0 diaphragme lumineux monture Minolta MD, 100% fonctionnel, mise au point ok et diaphragme ok.\" \/>\n<meta property=\"og:url\" content=\"https:\/\/platyphoto.com\/en\/product\/minolta-md-50mm-f1-4\/\" \/>\n<meta property=\"og:site_name\" content=\"Platyphoto\" \/>\n<meta property=\"article:modified_time\" content=\"2023-09-30T10:20:52+00:00\" \/>\n<meta property=\"og:image\" content=\"https:\/\/platyphoto.com\/wp-content\/uploads\/2023\/09\/Minolta-MD-50mm-1.4.jpg\" \/>\n\t<meta property=\"og:image:width\" content=\"1500\" \/>\n\t<meta property=\"og:image:height\" content=\"1000\" \/>\n\t<meta property=\"og:image:type\" content=\"image\/jpeg\" \/>\n<meta name=\"twitter:card\" content=\"summary_large_image\" \/>\n<meta name=\"twitter:label1\" content=\"Est. reading time\" \/>\n\t<meta name=\"twitter:data1\" content=\"1 minute\" \/>\n<script type=\"application\/ld+json\" class=\"yoast-schema-graph\">{\"@context\":\"https:\\\/\\\/schema.org\",\"@graph\":[{\"@type\":\"WebPage\",\"@id\":\"https:\\\/\\\/platyphoto.com\\\/produit\\\/minolta-md-50mm-f1-4\\\/\",\"url\":\"https:\\\/\\\/platyphoto.com\\\/produit\\\/minolta-md-50mm-f1-4\\\/\",\"name\":\"Minolta MD 50mm F:1.4 - Platyphoto\",\"isPartOf\":{\"@id\":\"https:\\\/\\\/platyphoto.com\\\/#website\"},\"primaryImageOfPage\":{\"@id\":\"https:\\\/\\\/platyphoto.com\\\/produit\\\/minolta-md-50mm-f1-4\\\/#primaryimage\"},\"image\":{\"@id\":\"https:\\\/\\\/platyphoto.com\\\/produit\\\/minolta-md-50mm-f1-4\\\/#primaryimage\"},\"thumbnailUrl\":\"https:\\\/\\\/i0.wp.com\\\/platyphoto.com\\\/wp-content\\\/uploads\\\/2023\\\/09\\\/Minolta-MD-50mm-1.4.jpg?fit=1500%2C1000&ssl=1\",\"datePublished\":\"2023-09-01T08:21:58+00:00\",\"dateModified\":\"2023-09-30T10:20:52+00:00\",\"description\":\"Objectif \u00e0 diaphragme lumineux monture Minolta MD, 100% fonctionnel, mise au point ok et diaphragme ok.\",\"breadcrumb\":{\"@id\":\"https:\\\/\\\/platyphoto.com\\\/produit\\\/minolta-md-50mm-f1-4\\\/#breadcrumb\"},\"inLanguage\":\"en-US\",\"potentialAction\":[{\"@type\":\"ReadAction\",\"target\":[\"https:\\\/\\\/platyphoto.com\\\/produit\\\/minolta-md-50mm-f1-4\\\/\"]}]},{\"@type\":\"ImageObject\",\"inLanguage\":\"en-US\",\"@id\":\"https:\\\/\\\/platyphoto.com\\\/produit\\\/minolta-md-50mm-f1-4\\\/#primaryimage\",\"url\":\"https:\\\/\\\/i0.wp.com\\\/platyphoto.com\\\/wp-content\\\/uploads\\\/2023\\\/09\\\/Minolta-MD-50mm-1.4.jpg?fit=1500%2C1000&ssl=1\",\"contentUrl\":\"https:\\\/\\\/i0.wp.com\\\/platyphoto.com\\\/wp-content\\\/uploads\\\/2023\\\/09\\\/Minolta-MD-50mm-1.4.jpg?fit=1500%2C1000&ssl=1\",\"width\":1500,\"height\":1000,\"caption\":\"Minolta MD 50mm F:1.4\"},{\"@type\":\"BreadcrumbList\",\"@id\":\"https:\\\/\\\/platyphoto.com\\\/produit\\\/minolta-md-50mm-f1-4\\\/#breadcrumb\",\"itemListElement\":[{\"@type\":\"ListItem\",\"position\":1,\"name\":\"Accueil\",\"item\":\"https:\\\/\\\/platyphoto.com\\\/\"},{\"@type\":\"ListItem\",\"position\":2,\"name\":\"Boutique\",\"item\":\"https:\\\/\\\/platyphoto.com\\\/boutique\\\/\"},{\"@type\":\"ListItem\",\"position\":3,\"name\":\"Minolta MD 50mm F:1.4\"}]},{\"@type\":\"WebSite\",\"@id\":\"https:\\\/\\\/platyphoto.com\\\/#website\",\"url\":\"https:\\\/\\\/platyphoto.com\\\/\",\"name\":\"Platyphoto\",\"description\":\"Appareils photos argentiques, objectifs et accessoires de qualit\u00e9.\",\"publisher\":{\"@id\":\"https:\\\/\\\/platyphoto.com\\\/#organization\"},\"potentialAction\":[{\"@type\":\"SearchAction\",\"target\":{\"@type\":\"EntryPoint\",\"urlTemplate\":\"https:\\\/\\\/platyphoto.com\\\/?s={search_term_string}\"},\"query-input\":{\"@type\":\"PropertyValueSpecification\",\"valueRequired\":true,\"valueName\":\"search_term_string\"}}],\"inLanguage\":\"en-US\"},{\"@type\":\"Organization\",\"@id\":\"https:\\\/\\\/platyphoto.com\\\/#organization\",\"name\":\"Platyphoto\",\"alternateName\":\"Platyphoto\",\"url\":\"https:\\\/\\\/platyphoto.com\\\/\",\"logo\":{\"@type\":\"ImageObject\",\"inLanguage\":\"en-US\",\"@id\":\"https:\\\/\\\/platyphoto.com\\\/#\\\/schema\\\/logo\\\/image\\\/\",\"url\":\"https:\\\/\\\/i0.wp.com\\\/platyphoto.com\\\/wp-content\\\/uploads\\\/2020\\\/11\\\/cropped-header.jpg?fit=1500%2C282&ssl=1\",\"contentUrl\":\"https:\\\/\\\/i0.wp.com\\\/platyphoto.com\\\/wp-content\\\/uploads\\\/2020\\\/11\\\/cropped-header.jpg?fit=1500%2C282&ssl=1\",\"width\":1500,\"height\":282,\"caption\":\"Platyphoto\"},\"image\":{\"@id\":\"https:\\\/\\\/platyphoto.com\\\/#\\\/schema\\\/logo\\\/image\\\/\"},\"sameAs\":[\"https:\\\/\\\/www.instagram.com\\\/platyphoto\\\/\"]}]}<\/script>\n<!-- \/ Yoast SEO plugin. -->","yoast_head_json":{"title":"Minolta MD 50mm F:1.4 - Platyphoto","description":"Objectif \u00e0 diaphragme lumineux monture Minolta MD, 100% fonctionnel, mise au point ok et diaphragme ok.","robots":{"index":"index","follow":"follow","max-snippet":"max-snippet:-1","max-image-preview":"max-image-preview:large","max-video-preview":"max-video-preview:-1"},"canonical":"https:\/\/platyphoto.com\/en\/product\/minolta-md-50mm-f1-4\/","og_locale":"en_US","og_type":"article","og_title":"Minolta MD 50mm F:1.4 - Platyphoto","og_description":"Objectif \u00e0 diaphragme lumineux monture Minolta MD, 100% fonctionnel, mise au point ok et diaphragme ok.","og_url":"https:\/\/platyphoto.com\/en\/product\/minolta-md-50mm-f1-4\/","og_site_name":"Platyphoto","article_modified_time":"2023-09-30T10:20:52+00:00","og_image":[{"width":1500,"height":1000,"url":"https:\/\/platyphoto.com\/wp-content\/uploads\/2023\/09\/Minolta-MD-50mm-1.4.jpg","type":"image\/jpeg"}],"twitter_card":"summary_large_image","twitter_misc":{"Est. reading time":"1 minute"},"schema":{"@context":"https:\/\/schema.org","@graph":[{"@type":"WebPage","@id":"https:\/\/platyphoto.com\/produit\/minolta-md-50mm-f1-4\/","url":"https:\/\/platyphoto.com\/produit\/minolta-md-50mm-f1-4\/","name":"Minolta MD 50mm F:1.4 - Platyphoto","isPartOf":{"@id":"https:\/\/platyphoto.com\/#website"},"primaryImageOfPage":{"@id":"https:\/\/platyphoto.com\/produit\/minolta-md-50mm-f1-4\/#primaryimage"},"image":{"@id":"https:\/\/platyphoto.com\/produit\/minolta-md-50mm-f1-4\/#primaryimage"},"thumbnailUrl":"https:\/\/i0.wp.com\/platyphoto.com\/wp-content\/uploads\/2023\/09\/Minolta-MD-50mm-1.4.jpg?fit=1500%2C1000&ssl=1","datePublished":"2023-09-01T08:21:58+00:00","dateModified":"2023-09-30T10:20:52+00:00","description":"Objectif \u00e0 diaphragme lumineux monture Minolta MD, 100% fonctionnel, mise au point ok et diaphragme ok.","breadcrumb":{"@id":"https:\/\/platyphoto.com\/produit\/minolta-md-50mm-f1-4\/#breadcrumb"},"inLanguage":"en-US","potentialAction":[{"@type":"ReadAction","target":["https:\/\/platyphoto.com\/produit\/minolta-md-50mm-f1-4\/"]}]},{"@type":"ImageObject","inLanguage":"en-US","@id":"https:\/\/platyphoto.com\/produit\/minolta-md-50mm-f1-4\/#primaryimage","url":"https:\/\/i0.wp.com\/platyphoto.com\/wp-content\/uploads\/2023\/09\/Minolta-MD-50mm-1.4.jpg?fit=1500%2C1000&ssl=1","contentUrl":"https:\/\/i0.wp.com\/platyphoto.com\/wp-content\/uploads\/2023\/09\/Minolta-MD-50mm-1.4.jpg?fit=1500%2C1000&ssl=1","width":1500,"height":1000,"caption":"Minolta MD 50mm F:1.4"},{"@type":"BreadcrumbList","@id":"https:\/\/platyphoto.com\/produit\/minolta-md-50mm-f1-4\/#breadcrumb","itemListElement":[{"@type":"ListItem","position":1,"name":"Accueil","item":"https:\/\/platyphoto.com\/"},{"@type":"ListItem","position":2,"name":"Boutique","item":"https:\/\/platyphoto.com\/boutique\/"},{"@type":"ListItem","position":3,"name":"Minolta MD 50mm F:1.4"}]},{"@type":"WebSite","@id":"https:\/\/platyphoto.com\/#website","url":"https:\/\/platyphoto.com\/","name":"Platyphoto","description":"Appareils photos argentiques, objectifs et accessoires de qualit\u00e9.","publisher":{"@id":"https:\/\/platyphoto.com\/#organization"},"potentialAction":[{"@type":"SearchAction","target":{"@type":"EntryPoint","urlTemplate":"https:\/\/platyphoto.com\/?s={search_term_string}"},"query-input":{"@type":"PropertyValueSpecification","valueRequired":true,"valueName":"search_term_string"}}],"inLanguage":"en-US"},{"@type":"Organization","@id":"https:\/\/platyphoto.com\/#organization","name":"Platyphoto","alternateName":"Platyphoto","url":"https:\/\/platyphoto.com\/","logo":{"@type":"ImageObject","inLanguage":"en-US","@id":"https:\/\/platyphoto.com\/#\/schema\/logo\/image\/","url":"https:\/\/i0.wp.com\/platyphoto.com\/wp-content\/uploads\/2020\/11\/cropped-header.jpg?fit=1500%2C282&ssl=1","contentUrl":"https:\/\/i0.wp.com\/platyphoto.com\/wp-content\/uploads\/2020\/11\/cropped-header.jpg?fit=1500%2C282&ssl=1","width":1500,"height":282,"caption":"Platyphoto"},"image":{"@id":"https:\/\/platyphoto.com\/#\/schema\/logo\/image\/"},"sameAs":["https:\/\/www.instagram.com\/platyphoto\/"]}]}},"jetpack_publicize_connections":[],"jetpack_likes_enabled":false,"jetpack_sharing_enabled":true,"_links":{"self":[{"href":"https:\/\/platyphoto.com\/en\/wp-json\/wp\/v2\/product\/8497","targetHints":{"allow":["GET"]}}],"collection":[{"href":"https:\/\/platyphoto.com\/en\/wp-json\/wp\/v2\/product"}],"about":[{"href":"https:\/\/platyphoto.com\/en\/wp-json\/wp\/v2\/types\/product"}],"wp:featuredmedia":[{"embeddable":true,"href":"https:\/\/platyphoto.com\/en\/wp-json\/wp\/v2\/media\/8501"}],"wp:attachment":[{"href":"https:\/\/platyphoto.com\/en\/wp-json\/wp\/v2\/media?parent=8497"}],"wp:term":[{"taxonomy":"product_brand","embeddable":true,"href":"https:\/\/platyphoto.com\/en\/wp-json\/wp\/v2\/product_brand?post=8497"},{"taxonomy":"product_cat","embeddable":true,"href":"https:\/\/platyphoto.com\/en\/wp-json\/wp\/v2\/product_cat?post=8497"},{"taxonomy":"product_tag","embeddable":true,"href":"https:\/\/platyphoto.com\/en\/wp-json\/wp\/v2\/product_tag?post=8497"}],"curies":[{"name":"wp","href":"https:\/\/api.w.org\/{rel}","templated":true}]}}