{"id":8668,"date":"2023-09-04T23:59:58","date_gmt":"2023-09-04T21:59:58","guid":{"rendered":"https:\/\/platyphoto.com\/?post_type=product&#038;p=8668"},"modified":"2023-12-10T18:13:30","modified_gmt":"2023-12-10T17:13:30","slug":"bell-howell-autoload-603-a-603-t-notice-en-francais-pdf","status":"publish","type":"product","link":"https:\/\/platyphoto.com\/en\/product\/bell-howell-autoload-603-a-603-t-notice-en-francais-pdf\/","title":{"rendered":"Bell &#038; Howell Autoload 603 A &#038; 603 T notice en fran\u00e7ais (PDF)"},"content":{"rendered":"<p>Notice mode d&#8217;emploi de projecteur Bell &amp; Howell Autoload 603 A &amp; 603 T en Fran\u00e7ais<\/p>\n<p>Langue : Fran\u00e7ais<\/p>\n<p>Nombre de pages : 40<\/p>\n<p>Vous pourrez t\u00e9l\u00e9charger le fichier apr\u00e8s paiement.<\/p>\n<p>Scan de haute qualit\u00e9.<\/p>","protected":false},"excerpt":{"rendered":"<p>Notice mode d&#8217;emploi de projecteur Bell &amp; Howell Autoload 603 A &amp; 603 T en Fran\u00e7ais Langue : Fran\u00e7ais Nombre de pages : 40 Vous pourrez t\u00e9l\u00e9charger le fichier apr\u00e8s paiement. Scan de haute qualit\u00e9.<\/p>","protected":false},"featured_media":8669,"template":"","meta":{"_coblocks_attr":"","_coblocks_dimensions":"","_coblocks_responsive_height":"","_coblocks_accordion_ie_support":"","_crdt_document":"","jetpack_post_was_ever_published":false,"jetpack_publicize_message":"","jetpack_publicize_feature_enabled":true,"jetpack_social_post_already_shared":true,"jetpack_social_options":{"image_generator_settings":{"template":"highway","default_image_id":0,"font":"","enabled":false},"version":2},"_wpas_customize_per_network":false},"product_brand":[],"product_cat":[6376,6532],"product_tag":[],"class_list":{"0":"post-8668","1":"product","2":"type-product","3":"status-publish","4":"has-post-thumbnail","6":"product_cat-accessoires-fr","7":"product_cat-notices","9":"first","10":"instock","11":"downloadable","12":"virtual","13":"purchasable","14":"product-type-simple"},"yoast_head":"<!-- This site is optimized with the Yoast SEO plugin v27.3 - https:\/\/yoast.com\/product\/yoast-seo-wordpress\/ -->\n<title>Bell &amp; Howell Autoload 603 A &amp; 603 T notice en fran\u00e7ais (PDF) - Platyphoto<\/title>\n<meta name=\"description\" content=\"Notice mode d&#039;emploi de projecteur Bell &amp; Howell Autoload 603 A &amp; 603 T en Fran\u00e7ais\" \/>\n<meta name=\"robots\" content=\"index, follow, max-snippet:-1, max-image-preview:large, max-video-preview:-1\" \/>\n<link rel=\"canonical\" href=\"https:\/\/platyphoto.com\/en\/product\/bell-howell-autoload-603-a-603-t-notice-en-francais-pdf\/\" \/>\n<meta property=\"og:locale\" content=\"en_US\" \/>\n<meta property=\"og:type\" content=\"article\" \/>\n<meta property=\"og:title\" content=\"Bell &amp; Howell Autoload 603 A &amp; 603 T notice en fran\u00e7ais (PDF) - Platyphoto\" \/>\n<meta property=\"og:description\" content=\"Notice mode d&#039;emploi de projecteur Bell &amp; Howell Autoload 603 A &amp; 603 T en Fran\u00e7ais\" \/>\n<meta property=\"og:url\" content=\"https:\/\/platyphoto.com\/en\/product\/bell-howell-autoload-603-a-603-t-notice-en-francais-pdf\/\" \/>\n<meta property=\"og:site_name\" content=\"Platyphoto\" \/>\n<meta property=\"article:modified_time\" content=\"2023-12-10T17:13:30+00:00\" \/>\n<meta property=\"og:image\" content=\"https:\/\/platyphoto.com\/wp-content\/uploads\/2023\/09\/Bell-Howell-Autoload-603-A01.jpg\" \/>\n\t<meta property=\"og:image:width\" content=\"1754\" \/>\n\t<meta property=\"og:image:height\" content=\"1342\" \/>\n\t<meta property=\"og:image:type\" content=\"image\/jpeg\" \/>\n<meta name=\"twitter:card\" content=\"summary_large_image\" \/>\n<meta name=\"twitter:label1\" content=\"Est. reading time\" \/>\n\t<meta name=\"twitter:data1\" content=\"1 minute\" \/>\n<script type=\"application\/ld+json\" class=\"yoast-schema-graph\">{\"@context\":\"https:\\\/\\\/schema.org\",\"@graph\":[{\"@type\":\"WebPage\",\"@id\":\"https:\\\/\\\/platyphoto.com\\\/produit\\\/bell-howell-autoload-603-a-603-t-notice-en-francais-pdf\\\/\",\"url\":\"https:\\\/\\\/platyphoto.com\\\/produit\\\/bell-howell-autoload-603-a-603-t-notice-en-francais-pdf\\\/\",\"name\":\"Bell & Howell Autoload 603 A & 603 T notice en fran\u00e7ais (PDF) - Platyphoto\",\"isPartOf\":{\"@id\":\"https:\\\/\\\/platyphoto.com\\\/#website\"},\"primaryImageOfPage\":{\"@id\":\"https:\\\/\\\/platyphoto.com\\\/produit\\\/bell-howell-autoload-603-a-603-t-notice-en-francais-pdf\\\/#primaryimage\"},\"image\":{\"@id\":\"https:\\\/\\\/platyphoto.com\\\/produit\\\/bell-howell-autoload-603-a-603-t-notice-en-francais-pdf\\\/#primaryimage\"},\"thumbnailUrl\":\"https:\\\/\\\/i0.wp.com\\\/platyphoto.com\\\/wp-content\\\/uploads\\\/2023\\\/09\\\/Bell-Howell-Autoload-603-A01.jpg?fit=1754%2C1342&ssl=1\",\"datePublished\":\"2023-09-04T21:59:58+00:00\",\"dateModified\":\"2023-12-10T17:13:30+00:00\",\"description\":\"Notice mode d'emploi de projecteur Bell & Howell Autoload 603 A & 603 T en Fran\u00e7ais\",\"breadcrumb\":{\"@id\":\"https:\\\/\\\/platyphoto.com\\\/produit\\\/bell-howell-autoload-603-a-603-t-notice-en-francais-pdf\\\/#breadcrumb\"},\"inLanguage\":\"en-US\",\"potentialAction\":[{\"@type\":\"ReadAction\",\"target\":[\"https:\\\/\\\/platyphoto.com\\\/produit\\\/bell-howell-autoload-603-a-603-t-notice-en-francais-pdf\\\/\"]}]},{\"@type\":\"ImageObject\",\"inLanguage\":\"en-US\",\"@id\":\"https:\\\/\\\/platyphoto.com\\\/produit\\\/bell-howell-autoload-603-a-603-t-notice-en-francais-pdf\\\/#primaryimage\",\"url\":\"https:\\\/\\\/i0.wp.com\\\/platyphoto.com\\\/wp-content\\\/uploads\\\/2023\\\/09\\\/Bell-Howell-Autoload-603-A01.jpg?fit=1754%2C1342&ssl=1\",\"contentUrl\":\"https:\\\/\\\/i0.wp.com\\\/platyphoto.com\\\/wp-content\\\/uploads\\\/2023\\\/09\\\/Bell-Howell-Autoload-603-A01.jpg?fit=1754%2C1342&ssl=1\",\"width\":1754,\"height\":1342,\"caption\":\"Bell & Howell Autoload 603 A & 603 T notice en fran\u00e7ais (PDF)\"},{\"@type\":\"BreadcrumbList\",\"@id\":\"https:\\\/\\\/platyphoto.com\\\/produit\\\/bell-howell-autoload-603-a-603-t-notice-en-francais-pdf\\\/#breadcrumb\",\"itemListElement\":[{\"@type\":\"ListItem\",\"position\":1,\"name\":\"Accueil\",\"item\":\"https:\\\/\\\/platyphoto.com\\\/\"},{\"@type\":\"ListItem\",\"position\":2,\"name\":\"Boutique\",\"item\":\"https:\\\/\\\/platyphoto.com\\\/boutique\\\/\"},{\"@type\":\"ListItem\",\"position\":3,\"name\":\"Bell &#038; Howell Autoload 603 A &#038; 603 T notice en fran\u00e7ais (PDF)\"}]},{\"@type\":\"WebSite\",\"@id\":\"https:\\\/\\\/platyphoto.com\\\/#website\",\"url\":\"https:\\\/\\\/platyphoto.com\\\/\",\"name\":\"Platyphoto\",\"description\":\"Appareils photos argentiques, objectifs et accessoires de qualit\u00e9.\",\"publisher\":{\"@id\":\"https:\\\/\\\/platyphoto.com\\\/#organization\"},\"potentialAction\":[{\"@type\":\"SearchAction\",\"target\":{\"@type\":\"EntryPoint\",\"urlTemplate\":\"https:\\\/\\\/platyphoto.com\\\/?s={search_term_string}\"},\"query-input\":{\"@type\":\"PropertyValueSpecification\",\"valueRequired\":true,\"valueName\":\"search_term_string\"}}],\"inLanguage\":\"en-US\"},{\"@type\":\"Organization\",\"@id\":\"https:\\\/\\\/platyphoto.com\\\/#organization\",\"name\":\"Platyphoto\",\"alternateName\":\"Platyphoto\",\"url\":\"https:\\\/\\\/platyphoto.com\\\/\",\"logo\":{\"@type\":\"ImageObject\",\"inLanguage\":\"en-US\",\"@id\":\"https:\\\/\\\/platyphoto.com\\\/#\\\/schema\\\/logo\\\/image\\\/\",\"url\":\"https:\\\/\\\/i0.wp.com\\\/platyphoto.com\\\/wp-content\\\/uploads\\\/2020\\\/11\\\/cropped-header.jpg?fit=1500%2C282&ssl=1\",\"contentUrl\":\"https:\\\/\\\/i0.wp.com\\\/platyphoto.com\\\/wp-content\\\/uploads\\\/2020\\\/11\\\/cropped-header.jpg?fit=1500%2C282&ssl=1\",\"width\":1500,\"height\":282,\"caption\":\"Platyphoto\"},\"image\":{\"@id\":\"https:\\\/\\\/platyphoto.com\\\/#\\\/schema\\\/logo\\\/image\\\/\"},\"sameAs\":[\"https:\\\/\\\/www.instagram.com\\\/platyphoto\\\/\"]}]}<\/script>\n<!-- \/ Yoast SEO plugin. -->","yoast_head_json":{"title":"Bell & Howell Autoload 603 A & 603 T notice en fran\u00e7ais (PDF) - Platyphoto","description":"Notice mode d'emploi de projecteur Bell & Howell Autoload 603 A & 603 T en Fran\u00e7ais","robots":{"index":"index","follow":"follow","max-snippet":"max-snippet:-1","max-image-preview":"max-image-preview:large","max-video-preview":"max-video-preview:-1"},"canonical":"https:\/\/platyphoto.com\/en\/product\/bell-howell-autoload-603-a-603-t-notice-en-francais-pdf\/","og_locale":"en_US","og_type":"article","og_title":"Bell & Howell Autoload 603 A & 603 T notice en fran\u00e7ais (PDF) - Platyphoto","og_description":"Notice mode d'emploi de projecteur Bell & Howell Autoload 603 A & 603 T en Fran\u00e7ais","og_url":"https:\/\/platyphoto.com\/en\/product\/bell-howell-autoload-603-a-603-t-notice-en-francais-pdf\/","og_site_name":"Platyphoto","article_modified_time":"2023-12-10T17:13:30+00:00","og_image":[{"width":1754,"height":1342,"url":"https:\/\/platyphoto.com\/wp-content\/uploads\/2023\/09\/Bell-Howell-Autoload-603-A01.jpg","type":"image\/jpeg"}],"twitter_card":"summary_large_image","twitter_misc":{"Est. reading time":"1 minute"},"schema":{"@context":"https:\/\/schema.org","@graph":[{"@type":"WebPage","@id":"https:\/\/platyphoto.com\/produit\/bell-howell-autoload-603-a-603-t-notice-en-francais-pdf\/","url":"https:\/\/platyphoto.com\/produit\/bell-howell-autoload-603-a-603-t-notice-en-francais-pdf\/","name":"Bell & Howell Autoload 603 A & 603 T notice en fran\u00e7ais (PDF) - Platyphoto","isPartOf":{"@id":"https:\/\/platyphoto.com\/#website"},"primaryImageOfPage":{"@id":"https:\/\/platyphoto.com\/produit\/bell-howell-autoload-603-a-603-t-notice-en-francais-pdf\/#primaryimage"},"image":{"@id":"https:\/\/platyphoto.com\/produit\/bell-howell-autoload-603-a-603-t-notice-en-francais-pdf\/#primaryimage"},"thumbnailUrl":"https:\/\/i0.wp.com\/platyphoto.com\/wp-content\/uploads\/2023\/09\/Bell-Howell-Autoload-603-A01.jpg?fit=1754%2C1342&ssl=1","datePublished":"2023-09-04T21:59:58+00:00","dateModified":"2023-12-10T17:13:30+00:00","description":"Notice mode d'emploi de projecteur Bell & Howell Autoload 603 A & 603 T en Fran\u00e7ais","breadcrumb":{"@id":"https:\/\/platyphoto.com\/produit\/bell-howell-autoload-603-a-603-t-notice-en-francais-pdf\/#breadcrumb"},"inLanguage":"en-US","potentialAction":[{"@type":"ReadAction","target":["https:\/\/platyphoto.com\/produit\/bell-howell-autoload-603-a-603-t-notice-en-francais-pdf\/"]}]},{"@type":"ImageObject","inLanguage":"en-US","@id":"https:\/\/platyphoto.com\/produit\/bell-howell-autoload-603-a-603-t-notice-en-francais-pdf\/#primaryimage","url":"https:\/\/i0.wp.com\/platyphoto.com\/wp-content\/uploads\/2023\/09\/Bell-Howell-Autoload-603-A01.jpg?fit=1754%2C1342&ssl=1","contentUrl":"https:\/\/i0.wp.com\/platyphoto.com\/wp-content\/uploads\/2023\/09\/Bell-Howell-Autoload-603-A01.jpg?fit=1754%2C1342&ssl=1","width":1754,"height":1342,"caption":"Bell & Howell Autoload 603 A & 603 T notice en fran\u00e7ais (PDF)"},{"@type":"BreadcrumbList","@id":"https:\/\/platyphoto.com\/produit\/bell-howell-autoload-603-a-603-t-notice-en-francais-pdf\/#breadcrumb","itemListElement":[{"@type":"ListItem","position":1,"name":"Accueil","item":"https:\/\/platyphoto.com\/"},{"@type":"ListItem","position":2,"name":"Boutique","item":"https:\/\/platyphoto.com\/boutique\/"},{"@type":"ListItem","position":3,"name":"Bell &#038; Howell Autoload 603 A &#038; 603 T notice en fran\u00e7ais (PDF)"}]},{"@type":"WebSite","@id":"https:\/\/platyphoto.com\/#website","url":"https:\/\/platyphoto.com\/","name":"Platyphoto","description":"Appareils photos argentiques, objectifs et accessoires de qualit\u00e9.","publisher":{"@id":"https:\/\/platyphoto.com\/#organization"},"potentialAction":[{"@type":"SearchAction","target":{"@type":"EntryPoint","urlTemplate":"https:\/\/platyphoto.com\/?s={search_term_string}"},"query-input":{"@type":"PropertyValueSpecification","valueRequired":true,"valueName":"search_term_string"}}],"inLanguage":"en-US"},{"@type":"Organization","@id":"https:\/\/platyphoto.com\/#organization","name":"Platyphoto","alternateName":"Platyphoto","url":"https:\/\/platyphoto.com\/","logo":{"@type":"ImageObject","inLanguage":"en-US","@id":"https:\/\/platyphoto.com\/#\/schema\/logo\/image\/","url":"https:\/\/i0.wp.com\/platyphoto.com\/wp-content\/uploads\/2020\/11\/cropped-header.jpg?fit=1500%2C282&ssl=1","contentUrl":"https:\/\/i0.wp.com\/platyphoto.com\/wp-content\/uploads\/2020\/11\/cropped-header.jpg?fit=1500%2C282&ssl=1","width":1500,"height":282,"caption":"Platyphoto"},"image":{"@id":"https:\/\/platyphoto.com\/#\/schema\/logo\/image\/"},"sameAs":["https:\/\/www.instagram.com\/platyphoto\/"]}]}},"jetpack_publicize_connections":[],"jetpack_likes_enabled":false,"jetpack_sharing_enabled":true,"_links":{"self":[{"href":"https:\/\/platyphoto.com\/en\/wp-json\/wp\/v2\/product\/8668","targetHints":{"allow":["GET"]}}],"collection":[{"href":"https:\/\/platyphoto.com\/en\/wp-json\/wp\/v2\/product"}],"about":[{"href":"https:\/\/platyphoto.com\/en\/wp-json\/wp\/v2\/types\/product"}],"wp:featuredmedia":[{"embeddable":true,"href":"https:\/\/platyphoto.com\/en\/wp-json\/wp\/v2\/media\/8669"}],"wp:attachment":[{"href":"https:\/\/platyphoto.com\/en\/wp-json\/wp\/v2\/media?parent=8668"}],"wp:term":[{"taxonomy":"product_brand","embeddable":true,"href":"https:\/\/platyphoto.com\/en\/wp-json\/wp\/v2\/product_brand?post=8668"},{"taxonomy":"product_cat","embeddable":true,"href":"https:\/\/platyphoto.com\/en\/wp-json\/wp\/v2\/product_cat?post=8668"},{"taxonomy":"product_tag","embeddable":true,"href":"https:\/\/platyphoto.com\/en\/wp-json\/wp\/v2\/product_tag?post=8668"}],"curies":[{"name":"wp","href":"https:\/\/api.w.org\/{rel}","templated":true}]}}