{"id":8807,"date":"2023-09-12T21:23:25","date_gmt":"2023-09-12T19:23:25","guid":{"rendered":"https:\/\/platyphoto.com\/?post_type=product&#038;p=8807"},"modified":"2023-10-14T16:53:27","modified_gmt":"2023-10-14T14:53:27","slug":"kenko-kuw-042-convertisseur-fish-eye","status":"publish","type":"product","link":"https:\/\/platyphoto.com\/en\/product\/kenko-kuw-042-convertisseur-fish-eye\/","title":{"rendered":"Kenko KUW-042 convertisseur Fish-eye"},"content":{"rendered":"<p>Convertisseur tr\u00e8s grand angle 0.42x de marque Kenko pour camescopes au diam\u00e8tre de 46mm.<\/p>\n<p>Bel \u00e9tat en boite.<\/p>","protected":false},"excerpt":{"rendered":"<p>Convertisseur tr\u00e8s grand angle 0.42x de marque Kenko pour camescopes au diam\u00e8tre de 46mm. Bel \u00e9tat en boite.<\/p>","protected":false},"featured_media":8808,"template":"","meta":{"_coblocks_attr":"","_coblocks_dimensions":"","_coblocks_responsive_height":"","_coblocks_accordion_ie_support":"","_crdt_document":"","jetpack_post_was_ever_published":false,"jetpack_publicize_message":"","jetpack_publicize_feature_enabled":true,"jetpack_social_post_already_shared":true,"jetpack_social_options":{"image_generator_settings":{"template":"highway","default_image_id":0,"font":"","enabled":false},"version":2},"_wpas_customize_per_network":false},"product_brand":[],"product_cat":[6600,6366],"product_tag":[],"class_list":{"0":"post-8807","1":"product","2":"type-product","3":"status-publish","4":"has-post-thumbnail","6":"product_cat-camescope","7":"product_cat-objectifs","9":"first","10":"outofstock","11":"shipping-taxable","12":"purchasable","13":"product-type-simple"},"yoast_head":"<!-- This site is optimized with the Yoast SEO plugin v27.3 - https:\/\/yoast.com\/product\/yoast-seo-wordpress\/ -->\n<title>Kenko KUW-042 convertisseur Fish-eye - Platyphoto<\/title>\n<meta name=\"description\" content=\"Convertisseur tr\u00e8s grand angle 0.42x de marque Kenko pour camescopes au diam\u00e8tre de 46mm.\" \/>\n<meta name=\"robots\" content=\"index, follow, max-snippet:-1, max-image-preview:large, max-video-preview:-1\" \/>\n<link rel=\"canonical\" href=\"https:\/\/platyphoto.com\/en\/product\/kenko-kuw-042-convertisseur-fish-eye\/\" \/>\n<meta property=\"og:locale\" content=\"en_US\" \/>\n<meta property=\"og:type\" content=\"article\" \/>\n<meta property=\"og:title\" content=\"Kenko KUW-042 convertisseur Fish-eye - Platyphoto\" \/>\n<meta property=\"og:description\" content=\"Convertisseur tr\u00e8s grand angle 0.42x de marque Kenko pour camescopes au diam\u00e8tre de 46mm.\" \/>\n<meta property=\"og:url\" content=\"https:\/\/platyphoto.com\/en\/product\/kenko-kuw-042-convertisseur-fish-eye\/\" \/>\n<meta property=\"og:site_name\" content=\"Platyphoto\" \/>\n<meta property=\"article:modified_time\" content=\"2023-10-14T14:53:27+00:00\" \/>\n<meta property=\"og:image\" content=\"https:\/\/platyphoto.com\/wp-content\/uploads\/2023\/09\/Kenko-Fisheye.jpg\" \/>\n\t<meta property=\"og:image:width\" content=\"1777\" \/>\n\t<meta property=\"og:image:height\" content=\"1000\" \/>\n\t<meta property=\"og:image:type\" content=\"image\/jpeg\" \/>\n<meta name=\"twitter:card\" content=\"summary_large_image\" \/>\n<meta name=\"twitter:label1\" content=\"Est. reading time\" \/>\n\t<meta name=\"twitter:data1\" content=\"1 minute\" \/>\n<script type=\"application\/ld+json\" class=\"yoast-schema-graph\">{\"@context\":\"https:\\\/\\\/schema.org\",\"@graph\":[{\"@type\":\"WebPage\",\"@id\":\"https:\\\/\\\/platyphoto.com\\\/produit\\\/kenko-kuw-042-convertisseur-fish-eye\\\/\",\"url\":\"https:\\\/\\\/platyphoto.com\\\/produit\\\/kenko-kuw-042-convertisseur-fish-eye\\\/\",\"name\":\"Kenko KUW-042 convertisseur Fish-eye - Platyphoto\",\"isPartOf\":{\"@id\":\"https:\\\/\\\/platyphoto.com\\\/#website\"},\"primaryImageOfPage\":{\"@id\":\"https:\\\/\\\/platyphoto.com\\\/produit\\\/kenko-kuw-042-convertisseur-fish-eye\\\/#primaryimage\"},\"image\":{\"@id\":\"https:\\\/\\\/platyphoto.com\\\/produit\\\/kenko-kuw-042-convertisseur-fish-eye\\\/#primaryimage\"},\"thumbnailUrl\":\"https:\\\/\\\/i0.wp.com\\\/platyphoto.com\\\/wp-content\\\/uploads\\\/2023\\\/09\\\/Kenko-Fisheye.jpg?fit=1777%2C1000&ssl=1\",\"datePublished\":\"2023-09-12T19:23:25+00:00\",\"dateModified\":\"2023-10-14T14:53:27+00:00\",\"description\":\"Convertisseur tr\u00e8s grand angle 0.42x de marque Kenko pour camescopes au diam\u00e8tre de 46mm.\",\"breadcrumb\":{\"@id\":\"https:\\\/\\\/platyphoto.com\\\/produit\\\/kenko-kuw-042-convertisseur-fish-eye\\\/#breadcrumb\"},\"inLanguage\":\"en-US\",\"potentialAction\":[{\"@type\":\"ReadAction\",\"target\":[\"https:\\\/\\\/platyphoto.com\\\/produit\\\/kenko-kuw-042-convertisseur-fish-eye\\\/\"]}]},{\"@type\":\"ImageObject\",\"inLanguage\":\"en-US\",\"@id\":\"https:\\\/\\\/platyphoto.com\\\/produit\\\/kenko-kuw-042-convertisseur-fish-eye\\\/#primaryimage\",\"url\":\"https:\\\/\\\/i0.wp.com\\\/platyphoto.com\\\/wp-content\\\/uploads\\\/2023\\\/09\\\/Kenko-Fisheye.jpg?fit=1777%2C1000&ssl=1\",\"contentUrl\":\"https:\\\/\\\/i0.wp.com\\\/platyphoto.com\\\/wp-content\\\/uploads\\\/2023\\\/09\\\/Kenko-Fisheye.jpg?fit=1777%2C1000&ssl=1\",\"width\":1777,\"height\":1000,\"caption\":\"Kenko KUW-042 convertisseur Fish-eye\"},{\"@type\":\"BreadcrumbList\",\"@id\":\"https:\\\/\\\/platyphoto.com\\\/produit\\\/kenko-kuw-042-convertisseur-fish-eye\\\/#breadcrumb\",\"itemListElement\":[{\"@type\":\"ListItem\",\"position\":1,\"name\":\"Accueil\",\"item\":\"https:\\\/\\\/platyphoto.com\\\/\"},{\"@type\":\"ListItem\",\"position\":2,\"name\":\"Boutique\",\"item\":\"https:\\\/\\\/platyphoto.com\\\/boutique\\\/\"},{\"@type\":\"ListItem\",\"position\":3,\"name\":\"Kenko KUW-042 convertisseur Fish-eye\"}]},{\"@type\":\"WebSite\",\"@id\":\"https:\\\/\\\/platyphoto.com\\\/#website\",\"url\":\"https:\\\/\\\/platyphoto.com\\\/\",\"name\":\"Platyphoto\",\"description\":\"Appareils photos argentiques, objectifs et accessoires de qualit\u00e9.\",\"publisher\":{\"@id\":\"https:\\\/\\\/platyphoto.com\\\/#organization\"},\"potentialAction\":[{\"@type\":\"SearchAction\",\"target\":{\"@type\":\"EntryPoint\",\"urlTemplate\":\"https:\\\/\\\/platyphoto.com\\\/?s={search_term_string}\"},\"query-input\":{\"@type\":\"PropertyValueSpecification\",\"valueRequired\":true,\"valueName\":\"search_term_string\"}}],\"inLanguage\":\"en-US\"},{\"@type\":\"Organization\",\"@id\":\"https:\\\/\\\/platyphoto.com\\\/#organization\",\"name\":\"Platyphoto\",\"alternateName\":\"Platyphoto\",\"url\":\"https:\\\/\\\/platyphoto.com\\\/\",\"logo\":{\"@type\":\"ImageObject\",\"inLanguage\":\"en-US\",\"@id\":\"https:\\\/\\\/platyphoto.com\\\/#\\\/schema\\\/logo\\\/image\\\/\",\"url\":\"https:\\\/\\\/i0.wp.com\\\/platyphoto.com\\\/wp-content\\\/uploads\\\/2020\\\/11\\\/cropped-header.jpg?fit=1500%2C282&ssl=1\",\"contentUrl\":\"https:\\\/\\\/i0.wp.com\\\/platyphoto.com\\\/wp-content\\\/uploads\\\/2020\\\/11\\\/cropped-header.jpg?fit=1500%2C282&ssl=1\",\"width\":1500,\"height\":282,\"caption\":\"Platyphoto\"},\"image\":{\"@id\":\"https:\\\/\\\/platyphoto.com\\\/#\\\/schema\\\/logo\\\/image\\\/\"},\"sameAs\":[\"https:\\\/\\\/www.instagram.com\\\/platyphoto\\\/\"]}]}<\/script>\n<!-- \/ Yoast SEO plugin. -->","yoast_head_json":{"title":"Kenko KUW-042 convertisseur Fish-eye - Platyphoto","description":"Convertisseur tr\u00e8s grand angle 0.42x de marque Kenko pour camescopes au diam\u00e8tre de 46mm.","robots":{"index":"index","follow":"follow","max-snippet":"max-snippet:-1","max-image-preview":"max-image-preview:large","max-video-preview":"max-video-preview:-1"},"canonical":"https:\/\/platyphoto.com\/en\/product\/kenko-kuw-042-convertisseur-fish-eye\/","og_locale":"en_US","og_type":"article","og_title":"Kenko KUW-042 convertisseur Fish-eye - Platyphoto","og_description":"Convertisseur tr\u00e8s grand angle 0.42x de marque Kenko pour camescopes au diam\u00e8tre de 46mm.","og_url":"https:\/\/platyphoto.com\/en\/product\/kenko-kuw-042-convertisseur-fish-eye\/","og_site_name":"Platyphoto","article_modified_time":"2023-10-14T14:53:27+00:00","og_image":[{"width":1777,"height":1000,"url":"https:\/\/platyphoto.com\/wp-content\/uploads\/2023\/09\/Kenko-Fisheye.jpg","type":"image\/jpeg"}],"twitter_card":"summary_large_image","twitter_misc":{"Est. reading time":"1 minute"},"schema":{"@context":"https:\/\/schema.org","@graph":[{"@type":"WebPage","@id":"https:\/\/platyphoto.com\/produit\/kenko-kuw-042-convertisseur-fish-eye\/","url":"https:\/\/platyphoto.com\/produit\/kenko-kuw-042-convertisseur-fish-eye\/","name":"Kenko KUW-042 convertisseur Fish-eye - Platyphoto","isPartOf":{"@id":"https:\/\/platyphoto.com\/#website"},"primaryImageOfPage":{"@id":"https:\/\/platyphoto.com\/produit\/kenko-kuw-042-convertisseur-fish-eye\/#primaryimage"},"image":{"@id":"https:\/\/platyphoto.com\/produit\/kenko-kuw-042-convertisseur-fish-eye\/#primaryimage"},"thumbnailUrl":"https:\/\/i0.wp.com\/platyphoto.com\/wp-content\/uploads\/2023\/09\/Kenko-Fisheye.jpg?fit=1777%2C1000&ssl=1","datePublished":"2023-09-12T19:23:25+00:00","dateModified":"2023-10-14T14:53:27+00:00","description":"Convertisseur tr\u00e8s grand angle 0.42x de marque Kenko pour camescopes au diam\u00e8tre de 46mm.","breadcrumb":{"@id":"https:\/\/platyphoto.com\/produit\/kenko-kuw-042-convertisseur-fish-eye\/#breadcrumb"},"inLanguage":"en-US","potentialAction":[{"@type":"ReadAction","target":["https:\/\/platyphoto.com\/produit\/kenko-kuw-042-convertisseur-fish-eye\/"]}]},{"@type":"ImageObject","inLanguage":"en-US","@id":"https:\/\/platyphoto.com\/produit\/kenko-kuw-042-convertisseur-fish-eye\/#primaryimage","url":"https:\/\/i0.wp.com\/platyphoto.com\/wp-content\/uploads\/2023\/09\/Kenko-Fisheye.jpg?fit=1777%2C1000&ssl=1","contentUrl":"https:\/\/i0.wp.com\/platyphoto.com\/wp-content\/uploads\/2023\/09\/Kenko-Fisheye.jpg?fit=1777%2C1000&ssl=1","width":1777,"height":1000,"caption":"Kenko KUW-042 convertisseur Fish-eye"},{"@type":"BreadcrumbList","@id":"https:\/\/platyphoto.com\/produit\/kenko-kuw-042-convertisseur-fish-eye\/#breadcrumb","itemListElement":[{"@type":"ListItem","position":1,"name":"Accueil","item":"https:\/\/platyphoto.com\/"},{"@type":"ListItem","position":2,"name":"Boutique","item":"https:\/\/platyphoto.com\/boutique\/"},{"@type":"ListItem","position":3,"name":"Kenko KUW-042 convertisseur Fish-eye"}]},{"@type":"WebSite","@id":"https:\/\/platyphoto.com\/#website","url":"https:\/\/platyphoto.com\/","name":"Platyphoto","description":"Appareils photos argentiques, objectifs et accessoires de qualit\u00e9.","publisher":{"@id":"https:\/\/platyphoto.com\/#organization"},"potentialAction":[{"@type":"SearchAction","target":{"@type":"EntryPoint","urlTemplate":"https:\/\/platyphoto.com\/?s={search_term_string}"},"query-input":{"@type":"PropertyValueSpecification","valueRequired":true,"valueName":"search_term_string"}}],"inLanguage":"en-US"},{"@type":"Organization","@id":"https:\/\/platyphoto.com\/#organization","name":"Platyphoto","alternateName":"Platyphoto","url":"https:\/\/platyphoto.com\/","logo":{"@type":"ImageObject","inLanguage":"en-US","@id":"https:\/\/platyphoto.com\/#\/schema\/logo\/image\/","url":"https:\/\/i0.wp.com\/platyphoto.com\/wp-content\/uploads\/2020\/11\/cropped-header.jpg?fit=1500%2C282&ssl=1","contentUrl":"https:\/\/i0.wp.com\/platyphoto.com\/wp-content\/uploads\/2020\/11\/cropped-header.jpg?fit=1500%2C282&ssl=1","width":1500,"height":282,"caption":"Platyphoto"},"image":{"@id":"https:\/\/platyphoto.com\/#\/schema\/logo\/image\/"},"sameAs":["https:\/\/www.instagram.com\/platyphoto\/"]}]}},"jetpack_publicize_connections":[],"jetpack_likes_enabled":false,"jetpack_sharing_enabled":true,"_links":{"self":[{"href":"https:\/\/platyphoto.com\/en\/wp-json\/wp\/v2\/product\/8807","targetHints":{"allow":["GET"]}}],"collection":[{"href":"https:\/\/platyphoto.com\/en\/wp-json\/wp\/v2\/product"}],"about":[{"href":"https:\/\/platyphoto.com\/en\/wp-json\/wp\/v2\/types\/product"}],"wp:featuredmedia":[{"embeddable":true,"href":"https:\/\/platyphoto.com\/en\/wp-json\/wp\/v2\/media\/8808"}],"wp:attachment":[{"href":"https:\/\/platyphoto.com\/en\/wp-json\/wp\/v2\/media?parent=8807"}],"wp:term":[{"taxonomy":"product_brand","embeddable":true,"href":"https:\/\/platyphoto.com\/en\/wp-json\/wp\/v2\/product_brand?post=8807"},{"taxonomy":"product_cat","embeddable":true,"href":"https:\/\/platyphoto.com\/en\/wp-json\/wp\/v2\/product_cat?post=8807"},{"taxonomy":"product_tag","embeddable":true,"href":"https:\/\/platyphoto.com\/en\/wp-json\/wp\/v2\/product_tag?post=8807"}],"curies":[{"name":"wp","href":"https:\/\/api.w.org\/{rel}","templated":true}]}}