{"id":9153,"date":"2023-10-01T20:33:38","date_gmt":"2023-10-01T18:33:38","guid":{"rendered":"https:\/\/platyphoto.com\/?post_type=product&#038;p=9153"},"modified":"2024-04-07T14:54:32","modified_gmt":"2024-04-07T12:54:32","slug":"kodak-brownie-flash","status":"publish","type":"product","link":"https:\/\/platyphoto.com\/en\/product\/kodak-brownie-flash\/","title":{"rendered":"Kodak Brownie Flash"},"content":{"rendered":"<p><strong>Marque<\/strong> : Kodak<\/p>\n<p><strong>Mod\u00e8le<\/strong> : Brownie Flash<\/p>\n<p><strong>Ann\u00e9e de production<\/strong> : A partir de 1955<\/p>\n<p><strong>Cellule<\/strong> : Non<\/p>\n<p><strong>Film<\/strong> : 620<\/p>\n<p><strong>Indice de raret\u00e9<\/strong>: Tr\u00e8s courant<\/p>\n<p>Un classique ! Qui se doit d&rsquo;\u00eatre pr\u00e9sent dans toute collection g\u00e9n\u00e9raliste d&rsquo;appareil photo, tr\u00e8s sympa en d\u00e9co avec son flash sur le cot\u00e9.<\/p>\n<p>Appareil fonctionnel mais utilise du film 620. Vendu en d\u00e9co ou collection, aucune garantie sur son utilisation avec film.<\/p>\n<p>&nbsp;<\/p>\n<p>&nbsp;<\/p>\n<p>&nbsp;<\/p>","protected":false},"excerpt":{"rendered":"<p>Marque : Kodak Mod\u00e8le : Brownie Flash Ann\u00e9e de production : A partir de 1955 Cellule : Non Film : 620 Indice de raret\u00e9: Tr\u00e8s courant Un classique ! Qui se doit d&rsquo;\u00eatre pr\u00e9sent dans toute collection g\u00e9n\u00e9raliste d&rsquo;appareil photo, tr\u00e8s sympa en d\u00e9co avec son flash sur le cot\u00e9. Appareil fonctionnel mais utilise du [&hellip;]<\/p>\n","protected":false},"featured_media":9158,"template":"","meta":{"_coblocks_attr":"","_coblocks_dimensions":"","_coblocks_responsive_height":"","_coblocks_accordion_ie_support":"","_crdt_document":"","jetpack_post_was_ever_published":false,"jetpack_publicize_message":"","jetpack_publicize_feature_enabled":true,"jetpack_social_post_already_shared":true,"jetpack_social_options":{"image_generator_settings":{"template":"highway","default_image_id":0,"font":"","enabled":false},"version":2},"_wpas_customize_per_network":false},"product_brand":[],"product_cat":[6349,6364,6361],"product_tag":[],"class_list":{"0":"post-9153","1":"product","2":"type-product","3":"status-publish","4":"has-post-thumbnail","6":"product_cat-appareils","7":"product_cat-box","8":"product_cat-collection-deco","10":"first","11":"outofstock","12":"shipping-taxable","13":"purchasable","14":"product-type-simple"},"yoast_head":"<!-- This site is optimized with the Yoast SEO plugin v27.3 - https:\/\/yoast.com\/product\/yoast-seo-wordpress\/ -->\n<title>Kodak Brownie Flash - Platyphoto<\/title>\n<meta name=\"description\" content=\"Un classique ! Qui se doit d&#039;\u00eatre pr\u00e9sent dans toute collection g\u00e9n\u00e9raliste d&#039;appareil photo, tr\u00e8s sympa en d\u00e9co avec son flash sur le cot\u00e9.\" \/>\n<meta name=\"robots\" content=\"index, follow, max-snippet:-1, max-image-preview:large, max-video-preview:-1\" \/>\n<link rel=\"canonical\" href=\"https:\/\/platyphoto.com\/en\/product\/kodak-brownie-flash\/\" \/>\n<meta property=\"og:locale\" content=\"en_US\" \/>\n<meta property=\"og:type\" content=\"article\" \/>\n<meta property=\"og:title\" content=\"Kodak Brownie Flash - Platyphoto\" \/>\n<meta property=\"og:description\" content=\"Un classique ! Qui se doit d&#039;\u00eatre pr\u00e9sent dans toute collection g\u00e9n\u00e9raliste d&#039;appareil photo, tr\u00e8s sympa en d\u00e9co avec son flash sur le cot\u00e9.\" \/>\n<meta property=\"og:url\" content=\"https:\/\/platyphoto.com\/en\/product\/kodak-brownie-flash\/\" \/>\n<meta property=\"og:site_name\" content=\"Platyphoto\" \/>\n<meta property=\"article:modified_time\" content=\"2024-04-07T12:54:32+00:00\" \/>\n<meta property=\"og:image\" content=\"https:\/\/platyphoto.com\/wp-content\/uploads\/2023\/10\/Kodak-Brownie-Flash.jpg\" \/>\n\t<meta property=\"og:image:width\" content=\"1777\" \/>\n\t<meta property=\"og:image:height\" content=\"1000\" \/>\n\t<meta property=\"og:image:type\" content=\"image\/jpeg\" \/>\n<meta name=\"twitter:card\" content=\"summary_large_image\" \/>\n<meta name=\"twitter:label1\" content=\"Est. reading time\" \/>\n\t<meta name=\"twitter:data1\" content=\"1 minute\" \/>\n<script type=\"application\/ld+json\" class=\"yoast-schema-graph\">{\"@context\":\"https:\\\/\\\/schema.org\",\"@graph\":[{\"@type\":\"WebPage\",\"@id\":\"https:\\\/\\\/platyphoto.com\\\/produit\\\/kodak-brownie-flash\\\/\",\"url\":\"https:\\\/\\\/platyphoto.com\\\/produit\\\/kodak-brownie-flash\\\/\",\"name\":\"Kodak Brownie Flash - Platyphoto\",\"isPartOf\":{\"@id\":\"https:\\\/\\\/platyphoto.com\\\/#website\"},\"primaryImageOfPage\":{\"@id\":\"https:\\\/\\\/platyphoto.com\\\/produit\\\/kodak-brownie-flash\\\/#primaryimage\"},\"image\":{\"@id\":\"https:\\\/\\\/platyphoto.com\\\/produit\\\/kodak-brownie-flash\\\/#primaryimage\"},\"thumbnailUrl\":\"https:\\\/\\\/i0.wp.com\\\/platyphoto.com\\\/wp-content\\\/uploads\\\/2023\\\/10\\\/Kodak-Brownie-Flash.jpg?fit=1777%2C1000&ssl=1\",\"datePublished\":\"2023-10-01T18:33:38+00:00\",\"dateModified\":\"2024-04-07T12:54:32+00:00\",\"description\":\"Un classique ! Qui se doit d'\u00eatre pr\u00e9sent dans toute collection g\u00e9n\u00e9raliste d'appareil photo, tr\u00e8s sympa en d\u00e9co avec son flash sur le cot\u00e9.\",\"breadcrumb\":{\"@id\":\"https:\\\/\\\/platyphoto.com\\\/produit\\\/kodak-brownie-flash\\\/#breadcrumb\"},\"inLanguage\":\"en-US\",\"potentialAction\":[{\"@type\":\"ReadAction\",\"target\":[\"https:\\\/\\\/platyphoto.com\\\/produit\\\/kodak-brownie-flash\\\/\"]}]},{\"@type\":\"ImageObject\",\"inLanguage\":\"en-US\",\"@id\":\"https:\\\/\\\/platyphoto.com\\\/produit\\\/kodak-brownie-flash\\\/#primaryimage\",\"url\":\"https:\\\/\\\/i0.wp.com\\\/platyphoto.com\\\/wp-content\\\/uploads\\\/2023\\\/10\\\/Kodak-Brownie-Flash.jpg?fit=1777%2C1000&ssl=1\",\"contentUrl\":\"https:\\\/\\\/i0.wp.com\\\/platyphoto.com\\\/wp-content\\\/uploads\\\/2023\\\/10\\\/Kodak-Brownie-Flash.jpg?fit=1777%2C1000&ssl=1\",\"width\":1777,\"height\":1000,\"caption\":\"Kodak Brownie Flash\"},{\"@type\":\"BreadcrumbList\",\"@id\":\"https:\\\/\\\/platyphoto.com\\\/produit\\\/kodak-brownie-flash\\\/#breadcrumb\",\"itemListElement\":[{\"@type\":\"ListItem\",\"position\":1,\"name\":\"Accueil\",\"item\":\"https:\\\/\\\/platyphoto.com\\\/\"},{\"@type\":\"ListItem\",\"position\":2,\"name\":\"Boutique\",\"item\":\"https:\\\/\\\/platyphoto.com\\\/boutique\\\/\"},{\"@type\":\"ListItem\",\"position\":3,\"name\":\"Kodak Brownie Flash\"}]},{\"@type\":\"WebSite\",\"@id\":\"https:\\\/\\\/platyphoto.com\\\/#website\",\"url\":\"https:\\\/\\\/platyphoto.com\\\/\",\"name\":\"Platyphoto\",\"description\":\"Appareils photos argentiques, objectifs et accessoires de qualit\u00e9.\",\"publisher\":{\"@id\":\"https:\\\/\\\/platyphoto.com\\\/#organization\"},\"potentialAction\":[{\"@type\":\"SearchAction\",\"target\":{\"@type\":\"EntryPoint\",\"urlTemplate\":\"https:\\\/\\\/platyphoto.com\\\/?s={search_term_string}\"},\"query-input\":{\"@type\":\"PropertyValueSpecification\",\"valueRequired\":true,\"valueName\":\"search_term_string\"}}],\"inLanguage\":\"en-US\"},{\"@type\":\"Organization\",\"@id\":\"https:\\\/\\\/platyphoto.com\\\/#organization\",\"name\":\"Platyphoto\",\"alternateName\":\"Platyphoto\",\"url\":\"https:\\\/\\\/platyphoto.com\\\/\",\"logo\":{\"@type\":\"ImageObject\",\"inLanguage\":\"en-US\",\"@id\":\"https:\\\/\\\/platyphoto.com\\\/#\\\/schema\\\/logo\\\/image\\\/\",\"url\":\"https:\\\/\\\/i0.wp.com\\\/platyphoto.com\\\/wp-content\\\/uploads\\\/2020\\\/11\\\/cropped-header.jpg?fit=1500%2C282&ssl=1\",\"contentUrl\":\"https:\\\/\\\/i0.wp.com\\\/platyphoto.com\\\/wp-content\\\/uploads\\\/2020\\\/11\\\/cropped-header.jpg?fit=1500%2C282&ssl=1\",\"width\":1500,\"height\":282,\"caption\":\"Platyphoto\"},\"image\":{\"@id\":\"https:\\\/\\\/platyphoto.com\\\/#\\\/schema\\\/logo\\\/image\\\/\"},\"sameAs\":[\"https:\\\/\\\/www.instagram.com\\\/platyphoto\\\/\"]}]}<\/script>\n<!-- \/ Yoast SEO plugin. -->","yoast_head_json":{"title":"Kodak Brownie Flash - Platyphoto","description":"Un classique ! Qui se doit d'\u00eatre pr\u00e9sent dans toute collection g\u00e9n\u00e9raliste d'appareil photo, tr\u00e8s sympa en d\u00e9co avec son flash sur le cot\u00e9.","robots":{"index":"index","follow":"follow","max-snippet":"max-snippet:-1","max-image-preview":"max-image-preview:large","max-video-preview":"max-video-preview:-1"},"canonical":"https:\/\/platyphoto.com\/en\/product\/kodak-brownie-flash\/","og_locale":"en_US","og_type":"article","og_title":"Kodak Brownie Flash - Platyphoto","og_description":"Un classique ! Qui se doit d'\u00eatre pr\u00e9sent dans toute collection g\u00e9n\u00e9raliste d'appareil photo, tr\u00e8s sympa en d\u00e9co avec son flash sur le cot\u00e9.","og_url":"https:\/\/platyphoto.com\/en\/product\/kodak-brownie-flash\/","og_site_name":"Platyphoto","article_modified_time":"2024-04-07T12:54:32+00:00","og_image":[{"width":1777,"height":1000,"url":"https:\/\/platyphoto.com\/wp-content\/uploads\/2023\/10\/Kodak-Brownie-Flash.jpg","type":"image\/jpeg"}],"twitter_card":"summary_large_image","twitter_misc":{"Est. reading time":"1 minute"},"schema":{"@context":"https:\/\/schema.org","@graph":[{"@type":"WebPage","@id":"https:\/\/platyphoto.com\/produit\/kodak-brownie-flash\/","url":"https:\/\/platyphoto.com\/produit\/kodak-brownie-flash\/","name":"Kodak Brownie Flash - Platyphoto","isPartOf":{"@id":"https:\/\/platyphoto.com\/#website"},"primaryImageOfPage":{"@id":"https:\/\/platyphoto.com\/produit\/kodak-brownie-flash\/#primaryimage"},"image":{"@id":"https:\/\/platyphoto.com\/produit\/kodak-brownie-flash\/#primaryimage"},"thumbnailUrl":"https:\/\/i0.wp.com\/platyphoto.com\/wp-content\/uploads\/2023\/10\/Kodak-Brownie-Flash.jpg?fit=1777%2C1000&ssl=1","datePublished":"2023-10-01T18:33:38+00:00","dateModified":"2024-04-07T12:54:32+00:00","description":"Un classique ! Qui se doit d'\u00eatre pr\u00e9sent dans toute collection g\u00e9n\u00e9raliste d'appareil photo, tr\u00e8s sympa en d\u00e9co avec son flash sur le cot\u00e9.","breadcrumb":{"@id":"https:\/\/platyphoto.com\/produit\/kodak-brownie-flash\/#breadcrumb"},"inLanguage":"en-US","potentialAction":[{"@type":"ReadAction","target":["https:\/\/platyphoto.com\/produit\/kodak-brownie-flash\/"]}]},{"@type":"ImageObject","inLanguage":"en-US","@id":"https:\/\/platyphoto.com\/produit\/kodak-brownie-flash\/#primaryimage","url":"https:\/\/i0.wp.com\/platyphoto.com\/wp-content\/uploads\/2023\/10\/Kodak-Brownie-Flash.jpg?fit=1777%2C1000&ssl=1","contentUrl":"https:\/\/i0.wp.com\/platyphoto.com\/wp-content\/uploads\/2023\/10\/Kodak-Brownie-Flash.jpg?fit=1777%2C1000&ssl=1","width":1777,"height":1000,"caption":"Kodak Brownie Flash"},{"@type":"BreadcrumbList","@id":"https:\/\/platyphoto.com\/produit\/kodak-brownie-flash\/#breadcrumb","itemListElement":[{"@type":"ListItem","position":1,"name":"Accueil","item":"https:\/\/platyphoto.com\/"},{"@type":"ListItem","position":2,"name":"Boutique","item":"https:\/\/platyphoto.com\/boutique\/"},{"@type":"ListItem","position":3,"name":"Kodak Brownie Flash"}]},{"@type":"WebSite","@id":"https:\/\/platyphoto.com\/#website","url":"https:\/\/platyphoto.com\/","name":"Platyphoto","description":"Appareils photos argentiques, objectifs et accessoires de qualit\u00e9.","publisher":{"@id":"https:\/\/platyphoto.com\/#organization"},"potentialAction":[{"@type":"SearchAction","target":{"@type":"EntryPoint","urlTemplate":"https:\/\/platyphoto.com\/?s={search_term_string}"},"query-input":{"@type":"PropertyValueSpecification","valueRequired":true,"valueName":"search_term_string"}}],"inLanguage":"en-US"},{"@type":"Organization","@id":"https:\/\/platyphoto.com\/#organization","name":"Platyphoto","alternateName":"Platyphoto","url":"https:\/\/platyphoto.com\/","logo":{"@type":"ImageObject","inLanguage":"en-US","@id":"https:\/\/platyphoto.com\/#\/schema\/logo\/image\/","url":"https:\/\/i0.wp.com\/platyphoto.com\/wp-content\/uploads\/2020\/11\/cropped-header.jpg?fit=1500%2C282&ssl=1","contentUrl":"https:\/\/i0.wp.com\/platyphoto.com\/wp-content\/uploads\/2020\/11\/cropped-header.jpg?fit=1500%2C282&ssl=1","width":1500,"height":282,"caption":"Platyphoto"},"image":{"@id":"https:\/\/platyphoto.com\/#\/schema\/logo\/image\/"},"sameAs":["https:\/\/www.instagram.com\/platyphoto\/"]}]}},"jetpack_publicize_connections":[],"jetpack_likes_enabled":false,"jetpack_sharing_enabled":true,"_links":{"self":[{"href":"https:\/\/platyphoto.com\/en\/wp-json\/wp\/v2\/product\/9153","targetHints":{"allow":["GET"]}}],"collection":[{"href":"https:\/\/platyphoto.com\/en\/wp-json\/wp\/v2\/product"}],"about":[{"href":"https:\/\/platyphoto.com\/en\/wp-json\/wp\/v2\/types\/product"}],"wp:featuredmedia":[{"embeddable":true,"href":"https:\/\/platyphoto.com\/en\/wp-json\/wp\/v2\/media\/9158"}],"wp:attachment":[{"href":"https:\/\/platyphoto.com\/en\/wp-json\/wp\/v2\/media?parent=9153"}],"wp:term":[{"taxonomy":"product_brand","embeddable":true,"href":"https:\/\/platyphoto.com\/en\/wp-json\/wp\/v2\/product_brand?post=9153"},{"taxonomy":"product_cat","embeddable":true,"href":"https:\/\/platyphoto.com\/en\/wp-json\/wp\/v2\/product_cat?post=9153"},{"taxonomy":"product_tag","embeddable":true,"href":"https:\/\/platyphoto.com\/en\/wp-json\/wp\/v2\/product_tag?post=9153"}],"curies":[{"name":"wp","href":"https:\/\/api.w.org\/{rel}","templated":true}]}}