{"id":9159,"date":"2023-10-01T21:08:18","date_gmt":"2023-10-01T19:08:18","guid":{"rendered":"https:\/\/platyphoto.com\/?post_type=product&#038;p=9159"},"modified":"2024-11-02T18:02:42","modified_gmt":"2024-11-02T17:02:42","slug":"canon-powershot-a710is","status":"publish","type":"product","link":"https:\/\/platyphoto.com\/en\/product\/canon-powershot-a710is\/","title":{"rendered":"Canon Powershot A710IS"},"content":{"rendered":"<p><strong>Marque<\/strong> : Canon<\/p>\n<p><strong>Mod\u00e8le<\/strong> : Powershot A710IS<\/p>\n<p><strong>Objectif<\/strong> : 5.8-34?8mm F:2.8-4.8<\/p>\n<p><strong>D\u00e9finition<\/strong> : 7.1 millions de pixels<\/p>\n<p><strong>Piles : <\/strong>2 x AA<\/p>\n<p>Appareil photo num\u00e9rique classique du d\u00e9but des ann\u00e9es 2000, divers modes de prises de vues, sc\u00e8nes, auto et vid\u00e9o. Rendu vintage assur\u00e9 avec ses 7.1 millions de pixels.<\/p>\n<p>Vendu avec carte SD 4go (2000 photos en qualit\u00e9 normale), vendu sans piles. 100% fonctionnel.<\/p>\n<p>&nbsp;<\/p>","protected":false},"excerpt":{"rendered":"<p>Marque : Canon Mod\u00e8le : Powershot A710IS Objectif : 5.8-34?8mm F:2.8-4.8 D\u00e9finition : 7.1 millions de pixels Piles : 2 x AA Appareil photo num\u00e9rique classique du d\u00e9but des ann\u00e9es 2000, divers modes de prises de vues, sc\u00e8nes, auto et vid\u00e9o. Rendu vintage assur\u00e9 avec ses 7.1 millions de pixels. Vendu avec carte SD 4go [&hellip;]<\/p>\n","protected":false},"featured_media":9161,"template":"","meta":{"_coblocks_attr":"","_coblocks_dimensions":"","_coblocks_responsive_height":"","_coblocks_accordion_ie_support":"","_crdt_document":"","jetpack_post_was_ever_published":false,"jetpack_publicize_message":"","jetpack_publicize_feature_enabled":true,"jetpack_social_post_already_shared":true,"jetpack_social_options":{"image_generator_settings":{"template":"highway","default_image_id":0,"font":"","enabled":false},"version":2},"_wpas_customize_per_network":false},"product_brand":[],"product_cat":[6550],"product_tag":[],"class_list":{"0":"post-9159","1":"product","2":"type-product","3":"status-publish","4":"has-post-thumbnail","6":"product_cat-hall-of-fame-2","8":"first","9":"outofstock","10":"shipping-taxable","11":"purchasable","12":"product-type-simple"},"yoast_head":"<!-- This site is optimized with the Yoast SEO plugin v27.3 - https:\/\/yoast.com\/product\/yoast-seo-wordpress\/ -->\n<title>Canon Powershot A710IS - Platyphoto<\/title>\n<meta name=\"description\" content=\"Appareil photo num\u00e9rique classique du d\u00e9but des ann\u00e9es 2000, divers modes de prises de vues, sc\u00e8nes, auto et vid\u00e9o. Rendu vintage assur\u00e9 avec ses 7.1 millions de pixels.\" \/>\n<meta name=\"robots\" content=\"index, follow, max-snippet:-1, max-image-preview:large, max-video-preview:-1\" \/>\n<link rel=\"canonical\" href=\"https:\/\/platyphoto.com\/en\/product\/canon-powershot-a710is\/\" \/>\n<meta property=\"og:locale\" content=\"en_US\" \/>\n<meta property=\"og:type\" content=\"article\" \/>\n<meta property=\"og:title\" content=\"Canon Powershot A710IS - Platyphoto\" \/>\n<meta property=\"og:description\" content=\"Appareil photo num\u00e9rique classique du d\u00e9but des ann\u00e9es 2000, divers modes de prises de vues, sc\u00e8nes, auto et vid\u00e9o. Rendu vintage assur\u00e9 avec ses 7.1 millions de pixels.\" \/>\n<meta property=\"og:url\" content=\"https:\/\/platyphoto.com\/en\/product\/canon-powershot-a710is\/\" \/>\n<meta property=\"og:site_name\" content=\"Platyphoto\" \/>\n<meta property=\"article:modified_time\" content=\"2024-11-02T17:02:42+00:00\" \/>\n<meta property=\"og:image\" content=\"https:\/\/platyphoto.com\/wp-content\/uploads\/2023\/10\/Canon-Powershot-A710.jpg\" \/>\n\t<meta property=\"og:image:width\" content=\"1777\" \/>\n\t<meta property=\"og:image:height\" content=\"1000\" \/>\n\t<meta property=\"og:image:type\" content=\"image\/jpeg\" \/>\n<meta name=\"twitter:card\" content=\"summary_large_image\" \/>\n<meta name=\"twitter:label1\" content=\"Est. reading time\" \/>\n\t<meta name=\"twitter:data1\" content=\"1 minute\" \/>\n<script type=\"application\/ld+json\" class=\"yoast-schema-graph\">{\"@context\":\"https:\\\/\\\/schema.org\",\"@graph\":[{\"@type\":\"WebPage\",\"@id\":\"https:\\\/\\\/platyphoto.com\\\/produit\\\/canon-powershot-a710is\\\/\",\"url\":\"https:\\\/\\\/platyphoto.com\\\/produit\\\/canon-powershot-a710is\\\/\",\"name\":\"Canon Powershot A710IS - Platyphoto\",\"isPartOf\":{\"@id\":\"https:\\\/\\\/platyphoto.com\\\/#website\"},\"primaryImageOfPage\":{\"@id\":\"https:\\\/\\\/platyphoto.com\\\/produit\\\/canon-powershot-a710is\\\/#primaryimage\"},\"image\":{\"@id\":\"https:\\\/\\\/platyphoto.com\\\/produit\\\/canon-powershot-a710is\\\/#primaryimage\"},\"thumbnailUrl\":\"https:\\\/\\\/i0.wp.com\\\/platyphoto.com\\\/wp-content\\\/uploads\\\/2023\\\/10\\\/Canon-Powershot-A710.jpg?fit=1777%2C1000&ssl=1\",\"datePublished\":\"2023-10-01T19:08:18+00:00\",\"dateModified\":\"2024-11-02T17:02:42+00:00\",\"description\":\"Appareil photo num\u00e9rique classique du d\u00e9but des ann\u00e9es 2000, divers modes de prises de vues, sc\u00e8nes, auto et vid\u00e9o. Rendu vintage assur\u00e9 avec ses 7.1 millions de pixels.\",\"breadcrumb\":{\"@id\":\"https:\\\/\\\/platyphoto.com\\\/produit\\\/canon-powershot-a710is\\\/#breadcrumb\"},\"inLanguage\":\"en-US\",\"potentialAction\":[{\"@type\":\"ReadAction\",\"target\":[\"https:\\\/\\\/platyphoto.com\\\/produit\\\/canon-powershot-a710is\\\/\"]}]},{\"@type\":\"ImageObject\",\"inLanguage\":\"en-US\",\"@id\":\"https:\\\/\\\/platyphoto.com\\\/produit\\\/canon-powershot-a710is\\\/#primaryimage\",\"url\":\"https:\\\/\\\/i0.wp.com\\\/platyphoto.com\\\/wp-content\\\/uploads\\\/2023\\\/10\\\/Canon-Powershot-A710.jpg?fit=1777%2C1000&ssl=1\",\"contentUrl\":\"https:\\\/\\\/i0.wp.com\\\/platyphoto.com\\\/wp-content\\\/uploads\\\/2023\\\/10\\\/Canon-Powershot-A710.jpg?fit=1777%2C1000&ssl=1\",\"width\":1777,\"height\":1000,\"caption\":\"Canon Powershot A710\"},{\"@type\":\"BreadcrumbList\",\"@id\":\"https:\\\/\\\/platyphoto.com\\\/produit\\\/canon-powershot-a710is\\\/#breadcrumb\",\"itemListElement\":[{\"@type\":\"ListItem\",\"position\":1,\"name\":\"Accueil\",\"item\":\"https:\\\/\\\/platyphoto.com\\\/\"},{\"@type\":\"ListItem\",\"position\":2,\"name\":\"Boutique\",\"item\":\"https:\\\/\\\/platyphoto.com\\\/boutique\\\/\"},{\"@type\":\"ListItem\",\"position\":3,\"name\":\"Canon Powershot A710IS\"}]},{\"@type\":\"WebSite\",\"@id\":\"https:\\\/\\\/platyphoto.com\\\/#website\",\"url\":\"https:\\\/\\\/platyphoto.com\\\/\",\"name\":\"Platyphoto\",\"description\":\"Appareils photos argentiques, objectifs et accessoires de qualit\u00e9.\",\"publisher\":{\"@id\":\"https:\\\/\\\/platyphoto.com\\\/#organization\"},\"potentialAction\":[{\"@type\":\"SearchAction\",\"target\":{\"@type\":\"EntryPoint\",\"urlTemplate\":\"https:\\\/\\\/platyphoto.com\\\/?s={search_term_string}\"},\"query-input\":{\"@type\":\"PropertyValueSpecification\",\"valueRequired\":true,\"valueName\":\"search_term_string\"}}],\"inLanguage\":\"en-US\"},{\"@type\":\"Organization\",\"@id\":\"https:\\\/\\\/platyphoto.com\\\/#organization\",\"name\":\"Platyphoto\",\"alternateName\":\"Platyphoto\",\"url\":\"https:\\\/\\\/platyphoto.com\\\/\",\"logo\":{\"@type\":\"ImageObject\",\"inLanguage\":\"en-US\",\"@id\":\"https:\\\/\\\/platyphoto.com\\\/#\\\/schema\\\/logo\\\/image\\\/\",\"url\":\"https:\\\/\\\/i0.wp.com\\\/platyphoto.com\\\/wp-content\\\/uploads\\\/2020\\\/11\\\/cropped-header.jpg?fit=1500%2C282&ssl=1\",\"contentUrl\":\"https:\\\/\\\/i0.wp.com\\\/platyphoto.com\\\/wp-content\\\/uploads\\\/2020\\\/11\\\/cropped-header.jpg?fit=1500%2C282&ssl=1\",\"width\":1500,\"height\":282,\"caption\":\"Platyphoto\"},\"image\":{\"@id\":\"https:\\\/\\\/platyphoto.com\\\/#\\\/schema\\\/logo\\\/image\\\/\"},\"sameAs\":[\"https:\\\/\\\/www.instagram.com\\\/platyphoto\\\/\"]}]}<\/script>\n<!-- \/ Yoast SEO plugin. -->","yoast_head_json":{"title":"Canon Powershot A710IS - Platyphoto","description":"Appareil photo num\u00e9rique classique du d\u00e9but des ann\u00e9es 2000, divers modes de prises de vues, sc\u00e8nes, auto et vid\u00e9o. Rendu vintage assur\u00e9 avec ses 7.1 millions de pixels.","robots":{"index":"index","follow":"follow","max-snippet":"max-snippet:-1","max-image-preview":"max-image-preview:large","max-video-preview":"max-video-preview:-1"},"canonical":"https:\/\/platyphoto.com\/en\/product\/canon-powershot-a710is\/","og_locale":"en_US","og_type":"article","og_title":"Canon Powershot A710IS - Platyphoto","og_description":"Appareil photo num\u00e9rique classique du d\u00e9but des ann\u00e9es 2000, divers modes de prises de vues, sc\u00e8nes, auto et vid\u00e9o. Rendu vintage assur\u00e9 avec ses 7.1 millions de pixels.","og_url":"https:\/\/platyphoto.com\/en\/product\/canon-powershot-a710is\/","og_site_name":"Platyphoto","article_modified_time":"2024-11-02T17:02:42+00:00","og_image":[{"width":1777,"height":1000,"url":"https:\/\/platyphoto.com\/wp-content\/uploads\/2023\/10\/Canon-Powershot-A710.jpg","type":"image\/jpeg"}],"twitter_card":"summary_large_image","twitter_misc":{"Est. reading time":"1 minute"},"schema":{"@context":"https:\/\/schema.org","@graph":[{"@type":"WebPage","@id":"https:\/\/platyphoto.com\/produit\/canon-powershot-a710is\/","url":"https:\/\/platyphoto.com\/produit\/canon-powershot-a710is\/","name":"Canon Powershot A710IS - Platyphoto","isPartOf":{"@id":"https:\/\/platyphoto.com\/#website"},"primaryImageOfPage":{"@id":"https:\/\/platyphoto.com\/produit\/canon-powershot-a710is\/#primaryimage"},"image":{"@id":"https:\/\/platyphoto.com\/produit\/canon-powershot-a710is\/#primaryimage"},"thumbnailUrl":"https:\/\/i0.wp.com\/platyphoto.com\/wp-content\/uploads\/2023\/10\/Canon-Powershot-A710.jpg?fit=1777%2C1000&ssl=1","datePublished":"2023-10-01T19:08:18+00:00","dateModified":"2024-11-02T17:02:42+00:00","description":"Appareil photo num\u00e9rique classique du d\u00e9but des ann\u00e9es 2000, divers modes de prises de vues, sc\u00e8nes, auto et vid\u00e9o. Rendu vintage assur\u00e9 avec ses 7.1 millions de pixels.","breadcrumb":{"@id":"https:\/\/platyphoto.com\/produit\/canon-powershot-a710is\/#breadcrumb"},"inLanguage":"en-US","potentialAction":[{"@type":"ReadAction","target":["https:\/\/platyphoto.com\/produit\/canon-powershot-a710is\/"]}]},{"@type":"ImageObject","inLanguage":"en-US","@id":"https:\/\/platyphoto.com\/produit\/canon-powershot-a710is\/#primaryimage","url":"https:\/\/i0.wp.com\/platyphoto.com\/wp-content\/uploads\/2023\/10\/Canon-Powershot-A710.jpg?fit=1777%2C1000&ssl=1","contentUrl":"https:\/\/i0.wp.com\/platyphoto.com\/wp-content\/uploads\/2023\/10\/Canon-Powershot-A710.jpg?fit=1777%2C1000&ssl=1","width":1777,"height":1000,"caption":"Canon Powershot A710"},{"@type":"BreadcrumbList","@id":"https:\/\/platyphoto.com\/produit\/canon-powershot-a710is\/#breadcrumb","itemListElement":[{"@type":"ListItem","position":1,"name":"Accueil","item":"https:\/\/platyphoto.com\/"},{"@type":"ListItem","position":2,"name":"Boutique","item":"https:\/\/platyphoto.com\/boutique\/"},{"@type":"ListItem","position":3,"name":"Canon Powershot A710IS"}]},{"@type":"WebSite","@id":"https:\/\/platyphoto.com\/#website","url":"https:\/\/platyphoto.com\/","name":"Platyphoto","description":"Appareils photos argentiques, objectifs et accessoires de qualit\u00e9.","publisher":{"@id":"https:\/\/platyphoto.com\/#organization"},"potentialAction":[{"@type":"SearchAction","target":{"@type":"EntryPoint","urlTemplate":"https:\/\/platyphoto.com\/?s={search_term_string}"},"query-input":{"@type":"PropertyValueSpecification","valueRequired":true,"valueName":"search_term_string"}}],"inLanguage":"en-US"},{"@type":"Organization","@id":"https:\/\/platyphoto.com\/#organization","name":"Platyphoto","alternateName":"Platyphoto","url":"https:\/\/platyphoto.com\/","logo":{"@type":"ImageObject","inLanguage":"en-US","@id":"https:\/\/platyphoto.com\/#\/schema\/logo\/image\/","url":"https:\/\/i0.wp.com\/platyphoto.com\/wp-content\/uploads\/2020\/11\/cropped-header.jpg?fit=1500%2C282&ssl=1","contentUrl":"https:\/\/i0.wp.com\/platyphoto.com\/wp-content\/uploads\/2020\/11\/cropped-header.jpg?fit=1500%2C282&ssl=1","width":1500,"height":282,"caption":"Platyphoto"},"image":{"@id":"https:\/\/platyphoto.com\/#\/schema\/logo\/image\/"},"sameAs":["https:\/\/www.instagram.com\/platyphoto\/"]}]}},"jetpack_publicize_connections":[],"jetpack_likes_enabled":false,"jetpack_sharing_enabled":true,"_links":{"self":[{"href":"https:\/\/platyphoto.com\/en\/wp-json\/wp\/v2\/product\/9159","targetHints":{"allow":["GET"]}}],"collection":[{"href":"https:\/\/platyphoto.com\/en\/wp-json\/wp\/v2\/product"}],"about":[{"href":"https:\/\/platyphoto.com\/en\/wp-json\/wp\/v2\/types\/product"}],"wp:featuredmedia":[{"embeddable":true,"href":"https:\/\/platyphoto.com\/en\/wp-json\/wp\/v2\/media\/9161"}],"wp:attachment":[{"href":"https:\/\/platyphoto.com\/en\/wp-json\/wp\/v2\/media?parent=9159"}],"wp:term":[{"taxonomy":"product_brand","embeddable":true,"href":"https:\/\/platyphoto.com\/en\/wp-json\/wp\/v2\/product_brand?post=9159"},{"taxonomy":"product_cat","embeddable":true,"href":"https:\/\/platyphoto.com\/en\/wp-json\/wp\/v2\/product_cat?post=9159"},{"taxonomy":"product_tag","embeddable":true,"href":"https:\/\/platyphoto.com\/en\/wp-json\/wp\/v2\/product_tag?post=9159"}],"curies":[{"name":"wp","href":"https:\/\/api.w.org\/{rel}","templated":true}]}}