{"id":9215,"date":"2023-10-05T18:12:31","date_gmt":"2023-10-05T16:12:31","guid":{"rendered":"https:\/\/platyphoto.com\/?post_type=product&#038;p=9215"},"modified":"2023-10-14T23:02:18","modified_gmt":"2023-10-14T21:02:18","slug":"canon-prima-super-155-37-155mm","status":"publish","type":"product","link":"https:\/\/platyphoto.com\/en\/product\/canon-prima-super-155-37-155mm\/","title":{"rendered":"Canon Prima Super 155 37-155mm"},"content":{"rendered":"<p><strong>Marque<\/strong> : Canon<\/p>\n<p><strong>Mod\u00e8le<\/strong> : Prima Super 155<\/p>\n<p><strong>Objectif<\/strong> : 37-155mm<\/p>\n<p><strong>Format<\/strong> : 24x36mm<\/p>\n<p><strong>Film<\/strong> : 35mm<\/p>\n<p><strong>Indice de raret\u00e9<\/strong>: Courant<\/p>\n<p><strong>Piles :<\/strong> 1 x CR123A<\/p>\n<p>Pr\u00e9sent\u00e9 par Canon comme le plus petit compact zoom de sa cat\u00e9gorie, le Prima 155 est un appareil performant \u00e9quip\u00e9 d&rsquo;un zoom 37 \/ 155.<\/p>\n<p>Il dispose de plusieurs modes de prise de vue : Gros plan, Portrait, Sujet rapide, Synchro lente.<\/p>\n<p>Il est de plus \u00e9quip\u00e9 du syst\u00e8me AIAF ( mise au point automatique \u00e0 intelligence artificielle ) permettant une mise au point rapide et pr\u00e9cise dans toutes les conditions.<\/p>\n<p>Le viseur est muni d&rsquo;un correcteur dioptrique id\u00e9al pour les porteurs de lunettes.<\/p>\n<p>&nbsp;<\/p>\n<p>100% fonctionnel, vendu avec boite. Vendu sans pile.<\/p>\n<p>&nbsp;<\/p>\n<p>&nbsp;<\/p>","protected":false},"excerpt":{"rendered":"<p>Marque : Canon Mod\u00e8le : Prima Super 155 Objectif : 37-155mm Format : 24x36mm Film : 35mm Indice de raret\u00e9: Courant Piles : 1 x CR123A Pr\u00e9sent\u00e9 par Canon comme le plus petit compact zoom de sa cat\u00e9gorie, le Prima 155 est un appareil performant \u00e9quip\u00e9 d&rsquo;un zoom 37 \/ 155. Il dispose de plusieurs [&hellip;]<\/p>\n","protected":false},"featured_media":9220,"template":"","meta":{"_coblocks_attr":"","_coblocks_dimensions":"","_coblocks_responsive_height":"","_coblocks_accordion_ie_support":"","_crdt_document":"","jetpack_post_was_ever_published":false,"jetpack_publicize_message":"","jetpack_publicize_feature_enabled":true,"jetpack_social_post_already_shared":true,"jetpack_social_options":{"image_generator_settings":{"template":"highway","default_image_id":0,"font":"","enabled":false},"version":2},"_wpas_customize_per_network":false},"product_brand":[],"product_cat":[6353,6349,6356],"product_tag":[],"class_list":{"0":"post-9215","1":"product","2":"type-product","3":"status-publish","4":"has-post-thumbnail","6":"product_cat-24x36","7":"product_cat-appareils","8":"product_cat-point-shoot","10":"first","11":"outofstock","12":"shipping-taxable","13":"purchasable","14":"product-type-simple"},"yoast_head":"<!-- This site is optimized with the Yoast SEO plugin v27.3 - https:\/\/yoast.com\/product\/yoast-seo-wordpress\/ -->\n<title>Canon Prima Super 155 37-155mm - Platyphoto<\/title>\n<meta name=\"description\" content=\"Pr\u00e9sent\u00e9 par Canon comme le plus petit compact zoom de sa cat\u00e9gorie, le Prima 155 est un appareil performant \u00e9quip\u00e9 d&#039;un zoom 37 \/ 155.Il dispose de plusieurs modes de prise de vue : Gros plan, Portrait, Sujet rapide, Synchro lente.\" \/>\n<meta name=\"robots\" content=\"index, follow, max-snippet:-1, max-image-preview:large, max-video-preview:-1\" \/>\n<link rel=\"canonical\" href=\"https:\/\/platyphoto.com\/en\/product\/canon-prima-super-155-37-155mm\/\" \/>\n<meta property=\"og:locale\" content=\"en_US\" \/>\n<meta property=\"og:type\" content=\"article\" \/>\n<meta property=\"og:title\" content=\"Canon Prima Super 155 37-155mm - Platyphoto\" \/>\n<meta property=\"og:description\" content=\"Pr\u00e9sent\u00e9 par Canon comme le plus petit compact zoom de sa cat\u00e9gorie, le Prima 155 est un appareil performant \u00e9quip\u00e9 d&#039;un zoom 37 \/ 155.Il dispose de plusieurs modes de prise de vue : Gros plan, Portrait, Sujet rapide, Synchro lente.\" \/>\n<meta property=\"og:url\" content=\"https:\/\/platyphoto.com\/en\/product\/canon-prima-super-155-37-155mm\/\" \/>\n<meta property=\"og:site_name\" content=\"Platyphoto\" \/>\n<meta property=\"article:modified_time\" content=\"2023-10-14T21:02:18+00:00\" \/>\n<meta property=\"og:image\" content=\"https:\/\/platyphoto.com\/wp-content\/uploads\/2023\/10\/Canon-Prima-Super-155.jpg\" \/>\n\t<meta property=\"og:image:width\" content=\"1777\" \/>\n\t<meta property=\"og:image:height\" content=\"1000\" \/>\n\t<meta property=\"og:image:type\" content=\"image\/jpeg\" \/>\n<meta name=\"twitter:card\" content=\"summary_large_image\" \/>\n<meta name=\"twitter:label1\" content=\"Est. reading time\" \/>\n\t<meta name=\"twitter:data1\" content=\"1 minute\" \/>\n<script type=\"application\/ld+json\" class=\"yoast-schema-graph\">{\"@context\":\"https:\\\/\\\/schema.org\",\"@graph\":[{\"@type\":\"WebPage\",\"@id\":\"https:\\\/\\\/platyphoto.com\\\/produit\\\/canon-prima-super-155-37-155mm\\\/\",\"url\":\"https:\\\/\\\/platyphoto.com\\\/produit\\\/canon-prima-super-155-37-155mm\\\/\",\"name\":\"Canon Prima Super 155 37-155mm - Platyphoto\",\"isPartOf\":{\"@id\":\"https:\\\/\\\/platyphoto.com\\\/#website\"},\"primaryImageOfPage\":{\"@id\":\"https:\\\/\\\/platyphoto.com\\\/produit\\\/canon-prima-super-155-37-155mm\\\/#primaryimage\"},\"image\":{\"@id\":\"https:\\\/\\\/platyphoto.com\\\/produit\\\/canon-prima-super-155-37-155mm\\\/#primaryimage\"},\"thumbnailUrl\":\"https:\\\/\\\/i0.wp.com\\\/platyphoto.com\\\/wp-content\\\/uploads\\\/2023\\\/10\\\/Canon-Prima-Super-155.jpg?fit=1777%2C1000&ssl=1\",\"datePublished\":\"2023-10-05T16:12:31+00:00\",\"dateModified\":\"2023-10-14T21:02:18+00:00\",\"description\":\"Pr\u00e9sent\u00e9 par Canon comme le plus petit compact zoom de sa cat\u00e9gorie, le Prima 155 est un appareil performant \u00e9quip\u00e9 d'un zoom 37 \\\/ 155.Il dispose de plusieurs modes de prise de vue : Gros plan, Portrait, Sujet rapide, Synchro lente.\",\"breadcrumb\":{\"@id\":\"https:\\\/\\\/platyphoto.com\\\/produit\\\/canon-prima-super-155-37-155mm\\\/#breadcrumb\"},\"inLanguage\":\"en-US\",\"potentialAction\":[{\"@type\":\"ReadAction\",\"target\":[\"https:\\\/\\\/platyphoto.com\\\/produit\\\/canon-prima-super-155-37-155mm\\\/\"]}]},{\"@type\":\"ImageObject\",\"inLanguage\":\"en-US\",\"@id\":\"https:\\\/\\\/platyphoto.com\\\/produit\\\/canon-prima-super-155-37-155mm\\\/#primaryimage\",\"url\":\"https:\\\/\\\/i0.wp.com\\\/platyphoto.com\\\/wp-content\\\/uploads\\\/2023\\\/10\\\/Canon-Prima-Super-155.jpg?fit=1777%2C1000&ssl=1\",\"contentUrl\":\"https:\\\/\\\/i0.wp.com\\\/platyphoto.com\\\/wp-content\\\/uploads\\\/2023\\\/10\\\/Canon-Prima-Super-155.jpg?fit=1777%2C1000&ssl=1\",\"width\":1777,\"height\":1000,\"caption\":\"Canon Prima Super 155 37-155mm\"},{\"@type\":\"BreadcrumbList\",\"@id\":\"https:\\\/\\\/platyphoto.com\\\/produit\\\/canon-prima-super-155-37-155mm\\\/#breadcrumb\",\"itemListElement\":[{\"@type\":\"ListItem\",\"position\":1,\"name\":\"Accueil\",\"item\":\"https:\\\/\\\/platyphoto.com\\\/\"},{\"@type\":\"ListItem\",\"position\":2,\"name\":\"Boutique\",\"item\":\"https:\\\/\\\/platyphoto.com\\\/boutique\\\/\"},{\"@type\":\"ListItem\",\"position\":3,\"name\":\"Canon Prima Super 155 37-155mm\"}]},{\"@type\":\"WebSite\",\"@id\":\"https:\\\/\\\/platyphoto.com\\\/#website\",\"url\":\"https:\\\/\\\/platyphoto.com\\\/\",\"name\":\"Platyphoto\",\"description\":\"Appareils photos argentiques, objectifs et accessoires de qualit\u00e9.\",\"publisher\":{\"@id\":\"https:\\\/\\\/platyphoto.com\\\/#organization\"},\"potentialAction\":[{\"@type\":\"SearchAction\",\"target\":{\"@type\":\"EntryPoint\",\"urlTemplate\":\"https:\\\/\\\/platyphoto.com\\\/?s={search_term_string}\"},\"query-input\":{\"@type\":\"PropertyValueSpecification\",\"valueRequired\":true,\"valueName\":\"search_term_string\"}}],\"inLanguage\":\"en-US\"},{\"@type\":\"Organization\",\"@id\":\"https:\\\/\\\/platyphoto.com\\\/#organization\",\"name\":\"Platyphoto\",\"alternateName\":\"Platyphoto\",\"url\":\"https:\\\/\\\/platyphoto.com\\\/\",\"logo\":{\"@type\":\"ImageObject\",\"inLanguage\":\"en-US\",\"@id\":\"https:\\\/\\\/platyphoto.com\\\/#\\\/schema\\\/logo\\\/image\\\/\",\"url\":\"https:\\\/\\\/i0.wp.com\\\/platyphoto.com\\\/wp-content\\\/uploads\\\/2020\\\/11\\\/cropped-header.jpg?fit=1500%2C282&ssl=1\",\"contentUrl\":\"https:\\\/\\\/i0.wp.com\\\/platyphoto.com\\\/wp-content\\\/uploads\\\/2020\\\/11\\\/cropped-header.jpg?fit=1500%2C282&ssl=1\",\"width\":1500,\"height\":282,\"caption\":\"Platyphoto\"},\"image\":{\"@id\":\"https:\\\/\\\/platyphoto.com\\\/#\\\/schema\\\/logo\\\/image\\\/\"},\"sameAs\":[\"https:\\\/\\\/www.instagram.com\\\/platyphoto\\\/\"]}]}<\/script>\n<!-- \/ Yoast SEO plugin. -->","yoast_head_json":{"title":"Canon Prima Super 155 37-155mm - Platyphoto","description":"Pr\u00e9sent\u00e9 par Canon comme le plus petit compact zoom de sa cat\u00e9gorie, le Prima 155 est un appareil performant \u00e9quip\u00e9 d'un zoom 37 \/ 155.Il dispose de plusieurs modes de prise de vue : Gros plan, Portrait, Sujet rapide, Synchro lente.","robots":{"index":"index","follow":"follow","max-snippet":"max-snippet:-1","max-image-preview":"max-image-preview:large","max-video-preview":"max-video-preview:-1"},"canonical":"https:\/\/platyphoto.com\/en\/product\/canon-prima-super-155-37-155mm\/","og_locale":"en_US","og_type":"article","og_title":"Canon Prima Super 155 37-155mm - Platyphoto","og_description":"Pr\u00e9sent\u00e9 par Canon comme le plus petit compact zoom de sa cat\u00e9gorie, le Prima 155 est un appareil performant \u00e9quip\u00e9 d'un zoom 37 \/ 155.Il dispose de plusieurs modes de prise de vue : Gros plan, Portrait, Sujet rapide, Synchro lente.","og_url":"https:\/\/platyphoto.com\/en\/product\/canon-prima-super-155-37-155mm\/","og_site_name":"Platyphoto","article_modified_time":"2023-10-14T21:02:18+00:00","og_image":[{"width":1777,"height":1000,"url":"https:\/\/platyphoto.com\/wp-content\/uploads\/2023\/10\/Canon-Prima-Super-155.jpg","type":"image\/jpeg"}],"twitter_card":"summary_large_image","twitter_misc":{"Est. reading time":"1 minute"},"schema":{"@context":"https:\/\/schema.org","@graph":[{"@type":"WebPage","@id":"https:\/\/platyphoto.com\/produit\/canon-prima-super-155-37-155mm\/","url":"https:\/\/platyphoto.com\/produit\/canon-prima-super-155-37-155mm\/","name":"Canon Prima Super 155 37-155mm - Platyphoto","isPartOf":{"@id":"https:\/\/platyphoto.com\/#website"},"primaryImageOfPage":{"@id":"https:\/\/platyphoto.com\/produit\/canon-prima-super-155-37-155mm\/#primaryimage"},"image":{"@id":"https:\/\/platyphoto.com\/produit\/canon-prima-super-155-37-155mm\/#primaryimage"},"thumbnailUrl":"https:\/\/i0.wp.com\/platyphoto.com\/wp-content\/uploads\/2023\/10\/Canon-Prima-Super-155.jpg?fit=1777%2C1000&ssl=1","datePublished":"2023-10-05T16:12:31+00:00","dateModified":"2023-10-14T21:02:18+00:00","description":"Pr\u00e9sent\u00e9 par Canon comme le plus petit compact zoom de sa cat\u00e9gorie, le Prima 155 est un appareil performant \u00e9quip\u00e9 d'un zoom 37 \/ 155.Il dispose de plusieurs modes de prise de vue : Gros plan, Portrait, Sujet rapide, Synchro lente.","breadcrumb":{"@id":"https:\/\/platyphoto.com\/produit\/canon-prima-super-155-37-155mm\/#breadcrumb"},"inLanguage":"en-US","potentialAction":[{"@type":"ReadAction","target":["https:\/\/platyphoto.com\/produit\/canon-prima-super-155-37-155mm\/"]}]},{"@type":"ImageObject","inLanguage":"en-US","@id":"https:\/\/platyphoto.com\/produit\/canon-prima-super-155-37-155mm\/#primaryimage","url":"https:\/\/i0.wp.com\/platyphoto.com\/wp-content\/uploads\/2023\/10\/Canon-Prima-Super-155.jpg?fit=1777%2C1000&ssl=1","contentUrl":"https:\/\/i0.wp.com\/platyphoto.com\/wp-content\/uploads\/2023\/10\/Canon-Prima-Super-155.jpg?fit=1777%2C1000&ssl=1","width":1777,"height":1000,"caption":"Canon Prima Super 155 37-155mm"},{"@type":"BreadcrumbList","@id":"https:\/\/platyphoto.com\/produit\/canon-prima-super-155-37-155mm\/#breadcrumb","itemListElement":[{"@type":"ListItem","position":1,"name":"Accueil","item":"https:\/\/platyphoto.com\/"},{"@type":"ListItem","position":2,"name":"Boutique","item":"https:\/\/platyphoto.com\/boutique\/"},{"@type":"ListItem","position":3,"name":"Canon Prima Super 155 37-155mm"}]},{"@type":"WebSite","@id":"https:\/\/platyphoto.com\/#website","url":"https:\/\/platyphoto.com\/","name":"Platyphoto","description":"Appareils photos argentiques, objectifs et accessoires de qualit\u00e9.","publisher":{"@id":"https:\/\/platyphoto.com\/#organization"},"potentialAction":[{"@type":"SearchAction","target":{"@type":"EntryPoint","urlTemplate":"https:\/\/platyphoto.com\/?s={search_term_string}"},"query-input":{"@type":"PropertyValueSpecification","valueRequired":true,"valueName":"search_term_string"}}],"inLanguage":"en-US"},{"@type":"Organization","@id":"https:\/\/platyphoto.com\/#organization","name":"Platyphoto","alternateName":"Platyphoto","url":"https:\/\/platyphoto.com\/","logo":{"@type":"ImageObject","inLanguage":"en-US","@id":"https:\/\/platyphoto.com\/#\/schema\/logo\/image\/","url":"https:\/\/i0.wp.com\/platyphoto.com\/wp-content\/uploads\/2020\/11\/cropped-header.jpg?fit=1500%2C282&ssl=1","contentUrl":"https:\/\/i0.wp.com\/platyphoto.com\/wp-content\/uploads\/2020\/11\/cropped-header.jpg?fit=1500%2C282&ssl=1","width":1500,"height":282,"caption":"Platyphoto"},"image":{"@id":"https:\/\/platyphoto.com\/#\/schema\/logo\/image\/"},"sameAs":["https:\/\/www.instagram.com\/platyphoto\/"]}]}},"jetpack_publicize_connections":[],"jetpack_likes_enabled":false,"jetpack_sharing_enabled":true,"_links":{"self":[{"href":"https:\/\/platyphoto.com\/en\/wp-json\/wp\/v2\/product\/9215","targetHints":{"allow":["GET"]}}],"collection":[{"href":"https:\/\/platyphoto.com\/en\/wp-json\/wp\/v2\/product"}],"about":[{"href":"https:\/\/platyphoto.com\/en\/wp-json\/wp\/v2\/types\/product"}],"wp:featuredmedia":[{"embeddable":true,"href":"https:\/\/platyphoto.com\/en\/wp-json\/wp\/v2\/media\/9220"}],"wp:attachment":[{"href":"https:\/\/platyphoto.com\/en\/wp-json\/wp\/v2\/media?parent=9215"}],"wp:term":[{"taxonomy":"product_brand","embeddable":true,"href":"https:\/\/platyphoto.com\/en\/wp-json\/wp\/v2\/product_brand?post=9215"},{"taxonomy":"product_cat","embeddable":true,"href":"https:\/\/platyphoto.com\/en\/wp-json\/wp\/v2\/product_cat?post=9215"},{"taxonomy":"product_tag","embeddable":true,"href":"https:\/\/platyphoto.com\/en\/wp-json\/wp\/v2\/product_tag?post=9215"}],"curies":[{"name":"wp","href":"https:\/\/api.w.org\/{rel}","templated":true}]}}