{"id":9491,"date":"2023-10-18T22:23:18","date_gmt":"2023-10-18T20:23:18","guid":{"rendered":"https:\/\/platyphoto.com\/?post_type=product&#038;p=9491"},"modified":"2023-11-06T22:09:47","modified_gmt":"2023-11-06T21:09:47","slug":"m42-pentacon-200mm-f4-15-lamelles","status":"publish","type":"product","link":"https:\/\/platyphoto.com\/en\/product\/m42-pentacon-200mm-f4-15-lamelles\/","title":{"rendered":"M42 Pentacon 200mm F:4 (15 lamelles)"},"content":{"rendered":"<p><strong>Marque<\/strong> : Pentacon<\/p>\n<p><strong>Mod\u00e8le<\/strong> : 200mm F:4<\/p>\n<p><strong>Monture :<\/strong> M42<\/p>\n<p>Un classique ! Objectif appr\u00e9ci\u00e9 pour son bokeh particulier et son diaphragme \u00e0 15 lamelles, cet exemplaire \u00e0 un peu de v\u00e9cu (1974 en m\u00eame temps. L\u00e9ger coup sur le pare soleil et bague de diaphragme l\u00e9g\u00e8rement ferme, mise au point ok cependant. Lentilles propres, quelques poussi\u00e8res sans incidence sur la qualit\u00e9 des images.<\/p>\n<p>&nbsp;<\/p>\n<p><span class=\"x193iq5w xeuugli x13faqbe x1vvkbs xlh3980 xvmahel x1n0sxbx x1lliihq x1s928wv xhkezso x1gmr53x x1cpjm7i x1fgarty x1943h6x xudqn12 x3x7a5m x6prxxf xvq8zen xo1l8bm xzsf02u\" dir=\"auto\">\u00a0<\/span><\/p>","protected":false},"excerpt":{"rendered":"<p>Marque : Pentacon Mod\u00e8le : 200mm F:4 Monture : M42 Un classique ! Objectif appr\u00e9ci\u00e9 pour son bokeh particulier et son diaphragme \u00e0 15 lamelles, cet exemplaire \u00e0 un peu de v\u00e9cu (1974 en m\u00eame temps. L\u00e9ger coup sur le pare soleil et bague de diaphragme l\u00e9g\u00e8rement ferme, mise au point ok cependant. Lentilles propres, [&hellip;]<\/p>\n","protected":false},"featured_media":9494,"template":"","meta":{"_coblocks_attr":"","_coblocks_dimensions":"","_coblocks_responsive_height":"","_coblocks_accordion_ie_support":"","_crdt_document":"","jetpack_post_was_ever_published":false,"jetpack_publicize_message":"","jetpack_publicize_feature_enabled":true,"jetpack_social_post_already_shared":true,"jetpack_social_options":{"image_generator_settings":{"template":"highway","default_image_id":0,"font":"","enabled":false},"version":2},"_wpas_customize_per_network":false},"product_brand":[],"product_cat":[6550],"product_tag":[],"class_list":{"0":"post-9491","1":"product","2":"type-product","3":"status-publish","4":"has-post-thumbnail","6":"product_cat-hall-of-fame-2","8":"first","9":"outofstock","10":"shipping-taxable","11":"purchasable","12":"product-type-simple"},"yoast_head":"<!-- This site is optimized with the Yoast SEO plugin v27.3 - https:\/\/yoast.com\/product\/yoast-seo-wordpress\/ -->\n<title>M42 Pentacon 200mm F:4 (15 lamelles) - Platyphoto<\/title>\n<meta name=\"description\" content=\"Un classique ! Objectif appr\u00e9ci\u00e9 pour son bokeh particulier et son diaphragme \u00e0 15 lamelles, M42 Pentacon 200mm F:4 (15 lamelles)\" \/>\n<meta name=\"robots\" content=\"index, follow, max-snippet:-1, max-image-preview:large, max-video-preview:-1\" \/>\n<link rel=\"canonical\" href=\"https:\/\/platyphoto.com\/en\/product\/m42-pentacon-200mm-f4-15-lamelles\/\" \/>\n<meta property=\"og:locale\" content=\"en_US\" \/>\n<meta property=\"og:type\" content=\"article\" \/>\n<meta property=\"og:title\" content=\"M42 Pentacon 200mm F:4 (15 lamelles) - Platyphoto\" \/>\n<meta property=\"og:description\" content=\"Un classique ! Objectif appr\u00e9ci\u00e9 pour son bokeh particulier et son diaphragme \u00e0 15 lamelles, M42 Pentacon 200mm F:4 (15 lamelles)\" \/>\n<meta property=\"og:url\" content=\"https:\/\/platyphoto.com\/en\/product\/m42-pentacon-200mm-f4-15-lamelles\/\" \/>\n<meta property=\"og:site_name\" content=\"Platyphoto\" \/>\n<meta property=\"article:modified_time\" content=\"2023-11-06T21:09:47+00:00\" \/>\n<meta property=\"og:image\" content=\"https:\/\/platyphoto.com\/wp-content\/uploads\/2023\/10\/Pentacon-200mm-F4-M42.jpg\" \/>\n\t<meta property=\"og:image:width\" content=\"1500\" \/>\n\t<meta property=\"og:image:height\" content=\"1000\" \/>\n\t<meta property=\"og:image:type\" content=\"image\/jpeg\" \/>\n<meta name=\"twitter:card\" content=\"summary_large_image\" \/>\n<meta name=\"twitter:label1\" content=\"Est. reading time\" \/>\n\t<meta name=\"twitter:data1\" content=\"1 minute\" \/>\n<script type=\"application\/ld+json\" class=\"yoast-schema-graph\">{\"@context\":\"https:\\\/\\\/schema.org\",\"@graph\":[{\"@type\":\"WebPage\",\"@id\":\"https:\\\/\\\/platyphoto.com\\\/produit\\\/m42-pentacon-200mm-f4-15-lamelles\\\/\",\"url\":\"https:\\\/\\\/platyphoto.com\\\/produit\\\/m42-pentacon-200mm-f4-15-lamelles\\\/\",\"name\":\"M42 Pentacon 200mm F:4 (15 lamelles) - Platyphoto\",\"isPartOf\":{\"@id\":\"https:\\\/\\\/platyphoto.com\\\/#website\"},\"primaryImageOfPage\":{\"@id\":\"https:\\\/\\\/platyphoto.com\\\/produit\\\/m42-pentacon-200mm-f4-15-lamelles\\\/#primaryimage\"},\"image\":{\"@id\":\"https:\\\/\\\/platyphoto.com\\\/produit\\\/m42-pentacon-200mm-f4-15-lamelles\\\/#primaryimage\"},\"thumbnailUrl\":\"https:\\\/\\\/i0.wp.com\\\/platyphoto.com\\\/wp-content\\\/uploads\\\/2023\\\/10\\\/Pentacon-200mm-F4-M42.jpg?fit=1500%2C1000&ssl=1\",\"datePublished\":\"2023-10-18T20:23:18+00:00\",\"dateModified\":\"2023-11-06T21:09:47+00:00\",\"description\":\"Un classique ! Objectif appr\u00e9ci\u00e9 pour son bokeh particulier et son diaphragme \u00e0 15 lamelles, M42 Pentacon 200mm F:4 (15 lamelles)\",\"breadcrumb\":{\"@id\":\"https:\\\/\\\/platyphoto.com\\\/produit\\\/m42-pentacon-200mm-f4-15-lamelles\\\/#breadcrumb\"},\"inLanguage\":\"en-US\",\"potentialAction\":[{\"@type\":\"ReadAction\",\"target\":[\"https:\\\/\\\/platyphoto.com\\\/produit\\\/m42-pentacon-200mm-f4-15-lamelles\\\/\"]}]},{\"@type\":\"ImageObject\",\"inLanguage\":\"en-US\",\"@id\":\"https:\\\/\\\/platyphoto.com\\\/produit\\\/m42-pentacon-200mm-f4-15-lamelles\\\/#primaryimage\",\"url\":\"https:\\\/\\\/i0.wp.com\\\/platyphoto.com\\\/wp-content\\\/uploads\\\/2023\\\/10\\\/Pentacon-200mm-F4-M42.jpg?fit=1500%2C1000&ssl=1\",\"contentUrl\":\"https:\\\/\\\/i0.wp.com\\\/platyphoto.com\\\/wp-content\\\/uploads\\\/2023\\\/10\\\/Pentacon-200mm-F4-M42.jpg?fit=1500%2C1000&ssl=1\",\"width\":1500,\"height\":1000,\"caption\":\"M42 Pentacon 200mm F:4 (15 lamelles)\"},{\"@type\":\"BreadcrumbList\",\"@id\":\"https:\\\/\\\/platyphoto.com\\\/produit\\\/m42-pentacon-200mm-f4-15-lamelles\\\/#breadcrumb\",\"itemListElement\":[{\"@type\":\"ListItem\",\"position\":1,\"name\":\"Accueil\",\"item\":\"https:\\\/\\\/platyphoto.com\\\/\"},{\"@type\":\"ListItem\",\"position\":2,\"name\":\"Boutique\",\"item\":\"https:\\\/\\\/platyphoto.com\\\/boutique\\\/\"},{\"@type\":\"ListItem\",\"position\":3,\"name\":\"M42 Pentacon 200mm F:4 (15 lamelles)\"}]},{\"@type\":\"WebSite\",\"@id\":\"https:\\\/\\\/platyphoto.com\\\/#website\",\"url\":\"https:\\\/\\\/platyphoto.com\\\/\",\"name\":\"Platyphoto\",\"description\":\"Appareils photos argentiques, objectifs et accessoires de qualit\u00e9.\",\"publisher\":{\"@id\":\"https:\\\/\\\/platyphoto.com\\\/#organization\"},\"potentialAction\":[{\"@type\":\"SearchAction\",\"target\":{\"@type\":\"EntryPoint\",\"urlTemplate\":\"https:\\\/\\\/platyphoto.com\\\/?s={search_term_string}\"},\"query-input\":{\"@type\":\"PropertyValueSpecification\",\"valueRequired\":true,\"valueName\":\"search_term_string\"}}],\"inLanguage\":\"en-US\"},{\"@type\":\"Organization\",\"@id\":\"https:\\\/\\\/platyphoto.com\\\/#organization\",\"name\":\"Platyphoto\",\"alternateName\":\"Platyphoto\",\"url\":\"https:\\\/\\\/platyphoto.com\\\/\",\"logo\":{\"@type\":\"ImageObject\",\"inLanguage\":\"en-US\",\"@id\":\"https:\\\/\\\/platyphoto.com\\\/#\\\/schema\\\/logo\\\/image\\\/\",\"url\":\"https:\\\/\\\/i0.wp.com\\\/platyphoto.com\\\/wp-content\\\/uploads\\\/2020\\\/11\\\/cropped-header.jpg?fit=1500%2C282&ssl=1\",\"contentUrl\":\"https:\\\/\\\/i0.wp.com\\\/platyphoto.com\\\/wp-content\\\/uploads\\\/2020\\\/11\\\/cropped-header.jpg?fit=1500%2C282&ssl=1\",\"width\":1500,\"height\":282,\"caption\":\"Platyphoto\"},\"image\":{\"@id\":\"https:\\\/\\\/platyphoto.com\\\/#\\\/schema\\\/logo\\\/image\\\/\"},\"sameAs\":[\"https:\\\/\\\/www.instagram.com\\\/platyphoto\\\/\"]}]}<\/script>\n<!-- \/ Yoast SEO plugin. -->","yoast_head_json":{"title":"M42 Pentacon 200mm F:4 (15 lamelles) - Platyphoto","description":"Un classique ! Objectif appr\u00e9ci\u00e9 pour son bokeh particulier et son diaphragme \u00e0 15 lamelles, M42 Pentacon 200mm F:4 (15 lamelles)","robots":{"index":"index","follow":"follow","max-snippet":"max-snippet:-1","max-image-preview":"max-image-preview:large","max-video-preview":"max-video-preview:-1"},"canonical":"https:\/\/platyphoto.com\/en\/product\/m42-pentacon-200mm-f4-15-lamelles\/","og_locale":"en_US","og_type":"article","og_title":"M42 Pentacon 200mm F:4 (15 lamelles) - Platyphoto","og_description":"Un classique ! Objectif appr\u00e9ci\u00e9 pour son bokeh particulier et son diaphragme \u00e0 15 lamelles, M42 Pentacon 200mm F:4 (15 lamelles)","og_url":"https:\/\/platyphoto.com\/en\/product\/m42-pentacon-200mm-f4-15-lamelles\/","og_site_name":"Platyphoto","article_modified_time":"2023-11-06T21:09:47+00:00","og_image":[{"width":1500,"height":1000,"url":"https:\/\/platyphoto.com\/wp-content\/uploads\/2023\/10\/Pentacon-200mm-F4-M42.jpg","type":"image\/jpeg"}],"twitter_card":"summary_large_image","twitter_misc":{"Est. reading time":"1 minute"},"schema":{"@context":"https:\/\/schema.org","@graph":[{"@type":"WebPage","@id":"https:\/\/platyphoto.com\/produit\/m42-pentacon-200mm-f4-15-lamelles\/","url":"https:\/\/platyphoto.com\/produit\/m42-pentacon-200mm-f4-15-lamelles\/","name":"M42 Pentacon 200mm F:4 (15 lamelles) - Platyphoto","isPartOf":{"@id":"https:\/\/platyphoto.com\/#website"},"primaryImageOfPage":{"@id":"https:\/\/platyphoto.com\/produit\/m42-pentacon-200mm-f4-15-lamelles\/#primaryimage"},"image":{"@id":"https:\/\/platyphoto.com\/produit\/m42-pentacon-200mm-f4-15-lamelles\/#primaryimage"},"thumbnailUrl":"https:\/\/i0.wp.com\/platyphoto.com\/wp-content\/uploads\/2023\/10\/Pentacon-200mm-F4-M42.jpg?fit=1500%2C1000&ssl=1","datePublished":"2023-10-18T20:23:18+00:00","dateModified":"2023-11-06T21:09:47+00:00","description":"Un classique ! Objectif appr\u00e9ci\u00e9 pour son bokeh particulier et son diaphragme \u00e0 15 lamelles, M42 Pentacon 200mm F:4 (15 lamelles)","breadcrumb":{"@id":"https:\/\/platyphoto.com\/produit\/m42-pentacon-200mm-f4-15-lamelles\/#breadcrumb"},"inLanguage":"en-US","potentialAction":[{"@type":"ReadAction","target":["https:\/\/platyphoto.com\/produit\/m42-pentacon-200mm-f4-15-lamelles\/"]}]},{"@type":"ImageObject","inLanguage":"en-US","@id":"https:\/\/platyphoto.com\/produit\/m42-pentacon-200mm-f4-15-lamelles\/#primaryimage","url":"https:\/\/i0.wp.com\/platyphoto.com\/wp-content\/uploads\/2023\/10\/Pentacon-200mm-F4-M42.jpg?fit=1500%2C1000&ssl=1","contentUrl":"https:\/\/i0.wp.com\/platyphoto.com\/wp-content\/uploads\/2023\/10\/Pentacon-200mm-F4-M42.jpg?fit=1500%2C1000&ssl=1","width":1500,"height":1000,"caption":"M42 Pentacon 200mm F:4 (15 lamelles)"},{"@type":"BreadcrumbList","@id":"https:\/\/platyphoto.com\/produit\/m42-pentacon-200mm-f4-15-lamelles\/#breadcrumb","itemListElement":[{"@type":"ListItem","position":1,"name":"Accueil","item":"https:\/\/platyphoto.com\/"},{"@type":"ListItem","position":2,"name":"Boutique","item":"https:\/\/platyphoto.com\/boutique\/"},{"@type":"ListItem","position":3,"name":"M42 Pentacon 200mm F:4 (15 lamelles)"}]},{"@type":"WebSite","@id":"https:\/\/platyphoto.com\/#website","url":"https:\/\/platyphoto.com\/","name":"Platyphoto","description":"Appareils photos argentiques, objectifs et accessoires de qualit\u00e9.","publisher":{"@id":"https:\/\/platyphoto.com\/#organization"},"potentialAction":[{"@type":"SearchAction","target":{"@type":"EntryPoint","urlTemplate":"https:\/\/platyphoto.com\/?s={search_term_string}"},"query-input":{"@type":"PropertyValueSpecification","valueRequired":true,"valueName":"search_term_string"}}],"inLanguage":"en-US"},{"@type":"Organization","@id":"https:\/\/platyphoto.com\/#organization","name":"Platyphoto","alternateName":"Platyphoto","url":"https:\/\/platyphoto.com\/","logo":{"@type":"ImageObject","inLanguage":"en-US","@id":"https:\/\/platyphoto.com\/#\/schema\/logo\/image\/","url":"https:\/\/i0.wp.com\/platyphoto.com\/wp-content\/uploads\/2020\/11\/cropped-header.jpg?fit=1500%2C282&ssl=1","contentUrl":"https:\/\/i0.wp.com\/platyphoto.com\/wp-content\/uploads\/2020\/11\/cropped-header.jpg?fit=1500%2C282&ssl=1","width":1500,"height":282,"caption":"Platyphoto"},"image":{"@id":"https:\/\/platyphoto.com\/#\/schema\/logo\/image\/"},"sameAs":["https:\/\/www.instagram.com\/platyphoto\/"]}]}},"jetpack_publicize_connections":[],"jetpack_likes_enabled":false,"jetpack_sharing_enabled":true,"_links":{"self":[{"href":"https:\/\/platyphoto.com\/en\/wp-json\/wp\/v2\/product\/9491","targetHints":{"allow":["GET"]}}],"collection":[{"href":"https:\/\/platyphoto.com\/en\/wp-json\/wp\/v2\/product"}],"about":[{"href":"https:\/\/platyphoto.com\/en\/wp-json\/wp\/v2\/types\/product"}],"wp:featuredmedia":[{"embeddable":true,"href":"https:\/\/platyphoto.com\/en\/wp-json\/wp\/v2\/media\/9494"}],"wp:attachment":[{"href":"https:\/\/platyphoto.com\/en\/wp-json\/wp\/v2\/media?parent=9491"}],"wp:term":[{"taxonomy":"product_brand","embeddable":true,"href":"https:\/\/platyphoto.com\/en\/wp-json\/wp\/v2\/product_brand?post=9491"},{"taxonomy":"product_cat","embeddable":true,"href":"https:\/\/platyphoto.com\/en\/wp-json\/wp\/v2\/product_cat?post=9491"},{"taxonomy":"product_tag","embeddable":true,"href":"https:\/\/platyphoto.com\/en\/wp-json\/wp\/v2\/product_tag?post=9491"}],"curies":[{"name":"wp","href":"https:\/\/api.w.org\/{rel}","templated":true}]}}