{"id":9805,"date":"2023-11-26T17:24:29","date_gmt":"2023-11-26T16:24:29","guid":{"rendered":"https:\/\/platyphoto.com\/?post_type=product&#038;p=9805"},"modified":"2025-04-16T16:46:42","modified_gmt":"2025-04-16T14:46:42","slug":"box-gap-3x4","status":"publish","type":"product","link":"https:\/\/platyphoto.com\/en\/product\/box-gap-3x4\/","title":{"rendered":"Box Gap 3&#215;4"},"content":{"rendered":"<p><strong>Marque<\/strong> : Gap<\/p>\n<p><strong>Mod\u00e8le<\/strong> : box<\/p>\n<p><strong>Ann\u00e9e de production<\/strong> : A partir de 1952<\/p>\n<p><strong>Cellule<\/strong> : Non<\/p>\n<p><strong>Film<\/strong> : 127<\/p>\n<p><strong>Indice de raret\u00e9<\/strong>: Peu courant<\/p>\n<p>Petite box fran\u00e7aise de marque Gap, format 2&#215;3. Bon \u00e9tat g\u00e9n\u00e9ral malgr\u00e9 quelques traces d&rsquo;usages.<\/p>\n<p>Obturateur ok, s\u00e9lection i &amp; P ok. Appareil vendu pour collection ou d\u00e9co, \u00e9tanch\u00e9it\u00e9 non garantie.<\/p>\n<p>&nbsp;<\/p>\n<p>&nbsp;<\/p>\n<p>&nbsp;<\/p>","protected":false},"excerpt":{"rendered":"<p>Marque : Gap Mod\u00e8le : box Ann\u00e9e de production : A partir de 1952 Cellule : Non Film : 127 Indice de raret\u00e9: Peu courant Petite box fran\u00e7aise de marque Gap, format 2&#215;3. Bon \u00e9tat g\u00e9n\u00e9ral malgr\u00e9 quelques traces d&rsquo;usages. Obturateur ok, s\u00e9lection i &amp; P ok. Appareil vendu pour collection ou d\u00e9co, \u00e9tanch\u00e9it\u00e9 non [&hellip;]<\/p>\n","protected":false},"featured_media":9810,"template":"","meta":{"_coblocks_attr":"","_coblocks_dimensions":"","_coblocks_responsive_height":"","_coblocks_accordion_ie_support":"","_crdt_document":"","jetpack_post_was_ever_published":false,"jetpack_publicize_message":"","jetpack_publicize_feature_enabled":true,"jetpack_social_post_already_shared":true,"jetpack_social_options":{"image_generator_settings":{"template":"highway","default_image_id":0,"font":"","enabled":false},"version":2},"_wpas_customize_per_network":false},"product_brand":[],"product_cat":[6349,6364,6361],"product_tag":[],"class_list":{"0":"post-9805","1":"product","2":"type-product","3":"status-publish","4":"has-post-thumbnail","6":"product_cat-appareils","7":"product_cat-box","8":"product_cat-collection-deco","10":"first","11":"instock","12":"shipping-taxable","13":"purchasable","14":"product-type-simple"},"yoast_head":"<!-- This site is optimized with the Yoast SEO plugin v27.3 - https:\/\/yoast.com\/product\/yoast-seo-wordpress\/ -->\n<title>Box Gap 3x4 - Platyphoto<\/title>\n<meta name=\"description\" content=\"Petite box fran\u00e7aise de marque Gap, format 2x3. Bon \u00e9tat g\u00e9n\u00e9ral malgr\u00e9 quelques traces d&#039;usages.Obturateur ok, s\u00e9lection i &amp; P ok. Appareil vendu pour collection ou d\u00e9co, \u00e9tanch\u00e9it\u00e9 non garantie.\" \/>\n<meta name=\"robots\" content=\"index, follow, max-snippet:-1, max-image-preview:large, max-video-preview:-1\" \/>\n<link rel=\"canonical\" href=\"https:\/\/platyphoto.com\/en\/product\/box-gap-3x4\/\" \/>\n<meta property=\"og:locale\" content=\"en_US\" \/>\n<meta property=\"og:type\" content=\"article\" \/>\n<meta property=\"og:title\" content=\"Box Gap 3x4 - Platyphoto\" \/>\n<meta property=\"og:description\" content=\"Petite box fran\u00e7aise de marque Gap, format 2x3. Bon \u00e9tat g\u00e9n\u00e9ral malgr\u00e9 quelques traces d&#039;usages.Obturateur ok, s\u00e9lection i &amp; P ok. Appareil vendu pour collection ou d\u00e9co, \u00e9tanch\u00e9it\u00e9 non garantie.\" \/>\n<meta property=\"og:url\" content=\"https:\/\/platyphoto.com\/en\/product\/box-gap-3x4\/\" \/>\n<meta property=\"og:site_name\" content=\"Platyphoto\" \/>\n<meta property=\"article:modified_time\" content=\"2025-04-16T14:46:42+00:00\" \/>\n<meta property=\"og:image\" content=\"https:\/\/platyphoto.com\/wp-content\/uploads\/2023\/11\/Gap-Box.jpg\" \/>\n\t<meta property=\"og:image:width\" content=\"1505\" \/>\n\t<meta property=\"og:image:height\" content=\"1000\" \/>\n\t<meta property=\"og:image:type\" content=\"image\/jpeg\" \/>\n<meta name=\"twitter:card\" content=\"summary_large_image\" \/>\n<meta name=\"twitter:label1\" content=\"Est. reading time\" \/>\n\t<meta name=\"twitter:data1\" content=\"1 minute\" \/>\n<script type=\"application\/ld+json\" class=\"yoast-schema-graph\">{\"@context\":\"https:\\\/\\\/schema.org\",\"@graph\":[{\"@type\":\"WebPage\",\"@id\":\"https:\\\/\\\/platyphoto.com\\\/produit\\\/box-gap-3x4\\\/\",\"url\":\"https:\\\/\\\/platyphoto.com\\\/produit\\\/box-gap-3x4\\\/\",\"name\":\"Box Gap 3x4 - Platyphoto\",\"isPartOf\":{\"@id\":\"https:\\\/\\\/platyphoto.com\\\/#website\"},\"primaryImageOfPage\":{\"@id\":\"https:\\\/\\\/platyphoto.com\\\/produit\\\/box-gap-3x4\\\/#primaryimage\"},\"image\":{\"@id\":\"https:\\\/\\\/platyphoto.com\\\/produit\\\/box-gap-3x4\\\/#primaryimage\"},\"thumbnailUrl\":\"https:\\\/\\\/i0.wp.com\\\/platyphoto.com\\\/wp-content\\\/uploads\\\/2023\\\/11\\\/Gap-Box.jpg?fit=1505%2C1000&ssl=1\",\"datePublished\":\"2023-11-26T16:24:29+00:00\",\"dateModified\":\"2025-04-16T14:46:42+00:00\",\"description\":\"Petite box fran\u00e7aise de marque Gap, format 2x3. Bon \u00e9tat g\u00e9n\u00e9ral malgr\u00e9 quelques traces d'usages.Obturateur ok, s\u00e9lection i & P ok. Appareil vendu pour collection ou d\u00e9co, \u00e9tanch\u00e9it\u00e9 non garantie.\",\"breadcrumb\":{\"@id\":\"https:\\\/\\\/platyphoto.com\\\/produit\\\/box-gap-3x4\\\/#breadcrumb\"},\"inLanguage\":\"en-US\",\"potentialAction\":[{\"@type\":\"ReadAction\",\"target\":[\"https:\\\/\\\/platyphoto.com\\\/produit\\\/box-gap-3x4\\\/\"]}]},{\"@type\":\"ImageObject\",\"inLanguage\":\"en-US\",\"@id\":\"https:\\\/\\\/platyphoto.com\\\/produit\\\/box-gap-3x4\\\/#primaryimage\",\"url\":\"https:\\\/\\\/i0.wp.com\\\/platyphoto.com\\\/wp-content\\\/uploads\\\/2023\\\/11\\\/Gap-Box.jpg?fit=1505%2C1000&ssl=1\",\"contentUrl\":\"https:\\\/\\\/i0.wp.com\\\/platyphoto.com\\\/wp-content\\\/uploads\\\/2023\\\/11\\\/Gap-Box.jpg?fit=1505%2C1000&ssl=1\",\"width\":1505,\"height\":1000,\"caption\":\"Box Gap 3x4\"},{\"@type\":\"BreadcrumbList\",\"@id\":\"https:\\\/\\\/platyphoto.com\\\/produit\\\/box-gap-3x4\\\/#breadcrumb\",\"itemListElement\":[{\"@type\":\"ListItem\",\"position\":1,\"name\":\"Accueil\",\"item\":\"https:\\\/\\\/platyphoto.com\\\/\"},{\"@type\":\"ListItem\",\"position\":2,\"name\":\"Boutique\",\"item\":\"https:\\\/\\\/platyphoto.com\\\/boutique\\\/\"},{\"@type\":\"ListItem\",\"position\":3,\"name\":\"Box Gap 3&#215;4\"}]},{\"@type\":\"WebSite\",\"@id\":\"https:\\\/\\\/platyphoto.com\\\/#website\",\"url\":\"https:\\\/\\\/platyphoto.com\\\/\",\"name\":\"Platyphoto\",\"description\":\"Appareils photos argentiques, objectifs et accessoires de qualit\u00e9.\",\"publisher\":{\"@id\":\"https:\\\/\\\/platyphoto.com\\\/#organization\"},\"potentialAction\":[{\"@type\":\"SearchAction\",\"target\":{\"@type\":\"EntryPoint\",\"urlTemplate\":\"https:\\\/\\\/platyphoto.com\\\/?s={search_term_string}\"},\"query-input\":{\"@type\":\"PropertyValueSpecification\",\"valueRequired\":true,\"valueName\":\"search_term_string\"}}],\"inLanguage\":\"en-US\"},{\"@type\":\"Organization\",\"@id\":\"https:\\\/\\\/platyphoto.com\\\/#organization\",\"name\":\"Platyphoto\",\"alternateName\":\"Platyphoto\",\"url\":\"https:\\\/\\\/platyphoto.com\\\/\",\"logo\":{\"@type\":\"ImageObject\",\"inLanguage\":\"en-US\",\"@id\":\"https:\\\/\\\/platyphoto.com\\\/#\\\/schema\\\/logo\\\/image\\\/\",\"url\":\"https:\\\/\\\/i0.wp.com\\\/platyphoto.com\\\/wp-content\\\/uploads\\\/2020\\\/11\\\/cropped-header.jpg?fit=1500%2C282&ssl=1\",\"contentUrl\":\"https:\\\/\\\/i0.wp.com\\\/platyphoto.com\\\/wp-content\\\/uploads\\\/2020\\\/11\\\/cropped-header.jpg?fit=1500%2C282&ssl=1\",\"width\":1500,\"height\":282,\"caption\":\"Platyphoto\"},\"image\":{\"@id\":\"https:\\\/\\\/platyphoto.com\\\/#\\\/schema\\\/logo\\\/image\\\/\"},\"sameAs\":[\"https:\\\/\\\/www.instagram.com\\\/platyphoto\\\/\"]}]}<\/script>\n<!-- \/ Yoast SEO plugin. -->","yoast_head_json":{"title":"Box Gap 3x4 - Platyphoto","description":"Petite box fran\u00e7aise de marque Gap, format 2x3. Bon \u00e9tat g\u00e9n\u00e9ral malgr\u00e9 quelques traces d'usages.Obturateur ok, s\u00e9lection i & P ok. Appareil vendu pour collection ou d\u00e9co, \u00e9tanch\u00e9it\u00e9 non garantie.","robots":{"index":"index","follow":"follow","max-snippet":"max-snippet:-1","max-image-preview":"max-image-preview:large","max-video-preview":"max-video-preview:-1"},"canonical":"https:\/\/platyphoto.com\/en\/product\/box-gap-3x4\/","og_locale":"en_US","og_type":"article","og_title":"Box Gap 3x4 - Platyphoto","og_description":"Petite box fran\u00e7aise de marque Gap, format 2x3. Bon \u00e9tat g\u00e9n\u00e9ral malgr\u00e9 quelques traces d'usages.Obturateur ok, s\u00e9lection i & P ok. Appareil vendu pour collection ou d\u00e9co, \u00e9tanch\u00e9it\u00e9 non garantie.","og_url":"https:\/\/platyphoto.com\/en\/product\/box-gap-3x4\/","og_site_name":"Platyphoto","article_modified_time":"2025-04-16T14:46:42+00:00","og_image":[{"width":1505,"height":1000,"url":"https:\/\/platyphoto.com\/wp-content\/uploads\/2023\/11\/Gap-Box.jpg","type":"image\/jpeg"}],"twitter_card":"summary_large_image","twitter_misc":{"Est. reading time":"1 minute"},"schema":{"@context":"https:\/\/schema.org","@graph":[{"@type":"WebPage","@id":"https:\/\/platyphoto.com\/produit\/box-gap-3x4\/","url":"https:\/\/platyphoto.com\/produit\/box-gap-3x4\/","name":"Box Gap 3x4 - Platyphoto","isPartOf":{"@id":"https:\/\/platyphoto.com\/#website"},"primaryImageOfPage":{"@id":"https:\/\/platyphoto.com\/produit\/box-gap-3x4\/#primaryimage"},"image":{"@id":"https:\/\/platyphoto.com\/produit\/box-gap-3x4\/#primaryimage"},"thumbnailUrl":"https:\/\/i0.wp.com\/platyphoto.com\/wp-content\/uploads\/2023\/11\/Gap-Box.jpg?fit=1505%2C1000&ssl=1","datePublished":"2023-11-26T16:24:29+00:00","dateModified":"2025-04-16T14:46:42+00:00","description":"Petite box fran\u00e7aise de marque Gap, format 2x3. Bon \u00e9tat g\u00e9n\u00e9ral malgr\u00e9 quelques traces d'usages.Obturateur ok, s\u00e9lection i & P ok. Appareil vendu pour collection ou d\u00e9co, \u00e9tanch\u00e9it\u00e9 non garantie.","breadcrumb":{"@id":"https:\/\/platyphoto.com\/produit\/box-gap-3x4\/#breadcrumb"},"inLanguage":"en-US","potentialAction":[{"@type":"ReadAction","target":["https:\/\/platyphoto.com\/produit\/box-gap-3x4\/"]}]},{"@type":"ImageObject","inLanguage":"en-US","@id":"https:\/\/platyphoto.com\/produit\/box-gap-3x4\/#primaryimage","url":"https:\/\/i0.wp.com\/platyphoto.com\/wp-content\/uploads\/2023\/11\/Gap-Box.jpg?fit=1505%2C1000&ssl=1","contentUrl":"https:\/\/i0.wp.com\/platyphoto.com\/wp-content\/uploads\/2023\/11\/Gap-Box.jpg?fit=1505%2C1000&ssl=1","width":1505,"height":1000,"caption":"Box Gap 3x4"},{"@type":"BreadcrumbList","@id":"https:\/\/platyphoto.com\/produit\/box-gap-3x4\/#breadcrumb","itemListElement":[{"@type":"ListItem","position":1,"name":"Accueil","item":"https:\/\/platyphoto.com\/"},{"@type":"ListItem","position":2,"name":"Boutique","item":"https:\/\/platyphoto.com\/boutique\/"},{"@type":"ListItem","position":3,"name":"Box Gap 3&#215;4"}]},{"@type":"WebSite","@id":"https:\/\/platyphoto.com\/#website","url":"https:\/\/platyphoto.com\/","name":"Platyphoto","description":"Appareils photos argentiques, objectifs et accessoires de qualit\u00e9.","publisher":{"@id":"https:\/\/platyphoto.com\/#organization"},"potentialAction":[{"@type":"SearchAction","target":{"@type":"EntryPoint","urlTemplate":"https:\/\/platyphoto.com\/?s={search_term_string}"},"query-input":{"@type":"PropertyValueSpecification","valueRequired":true,"valueName":"search_term_string"}}],"inLanguage":"en-US"},{"@type":"Organization","@id":"https:\/\/platyphoto.com\/#organization","name":"Platyphoto","alternateName":"Platyphoto","url":"https:\/\/platyphoto.com\/","logo":{"@type":"ImageObject","inLanguage":"en-US","@id":"https:\/\/platyphoto.com\/#\/schema\/logo\/image\/","url":"https:\/\/i0.wp.com\/platyphoto.com\/wp-content\/uploads\/2020\/11\/cropped-header.jpg?fit=1500%2C282&ssl=1","contentUrl":"https:\/\/i0.wp.com\/platyphoto.com\/wp-content\/uploads\/2020\/11\/cropped-header.jpg?fit=1500%2C282&ssl=1","width":1500,"height":282,"caption":"Platyphoto"},"image":{"@id":"https:\/\/platyphoto.com\/#\/schema\/logo\/image\/"},"sameAs":["https:\/\/www.instagram.com\/platyphoto\/"]}]}},"jetpack_publicize_connections":[],"jetpack_likes_enabled":false,"jetpack_sharing_enabled":true,"_links":{"self":[{"href":"https:\/\/platyphoto.com\/en\/wp-json\/wp\/v2\/product\/9805","targetHints":{"allow":["GET"]}}],"collection":[{"href":"https:\/\/platyphoto.com\/en\/wp-json\/wp\/v2\/product"}],"about":[{"href":"https:\/\/platyphoto.com\/en\/wp-json\/wp\/v2\/types\/product"}],"wp:featuredmedia":[{"embeddable":true,"href":"https:\/\/platyphoto.com\/en\/wp-json\/wp\/v2\/media\/9810"}],"wp:attachment":[{"href":"https:\/\/platyphoto.com\/en\/wp-json\/wp\/v2\/media?parent=9805"}],"wp:term":[{"taxonomy":"product_brand","embeddable":true,"href":"https:\/\/platyphoto.com\/en\/wp-json\/wp\/v2\/product_brand?post=9805"},{"taxonomy":"product_cat","embeddable":true,"href":"https:\/\/platyphoto.com\/en\/wp-json\/wp\/v2\/product_cat?post=9805"},{"taxonomy":"product_tag","embeddable":true,"href":"https:\/\/platyphoto.com\/en\/wp-json\/wp\/v2\/product_tag?post=9805"}],"curies":[{"name":"wp","href":"https:\/\/api.w.org\/{rel}","templated":true}]}}